{"id":84,"date":"2014-09-18T14:11:31","date_gmt":"2014-09-18T12:11:31","guid":{"rendered":"http:\/\/agora.xtec.cat\/ietorrelles\/?page_id=84"},"modified":"2024-04-03T17:38:50","modified_gmt":"2024-04-03T15:38:50","slug":"activitats-extraescolars","status":"publish","type":"page","link":"https:\/\/agora.xtec.cat\/ietorrelles\/serveis\/activitats-extraescolars\/","title":{"rendered":"Activitats extraescolars"},"content":{"rendered":"<p style=\"text-align: justify;\"><strong>Angl\u00e8s<\/strong><\/p>\n<p style=\"text-align: justify;\">Com m\u00e9s aviat comencem a aprendre angl\u00e8s, millor! Des d\u2019aquesta activitat organitzada per EZ English Torrelles procurem una immersi\u00f3 en angl\u00e8s en sessions d\u2019una hora des de l\u2019etapa d\u2019infantil a 3 anys fins a 6\u00e8, al final de la jornada escolar dels nens i nenes.<\/p>\n<p style=\"text-align: justify;\">El nostre professorat, entusiasta i experimentat, es despla\u00e7a a les aules de l\u2019Institut Escola de Torrelles per oferir un motivador conjunt de jocs, din\u00e0miques i can\u00e7ons en angl\u00e8s per tal de convertir aquesta llengua en quelcom de natural per als nens i nenes des de les edats m\u00e9s joves. A partir dels nivells de Prim\u00e0ria, a m\u00e9s, introdu\u00efm el m\u00e8tode Cambridge recolzant-nos en els seus materials per anar desenvolupant tamb\u00e9 la part de lectoescriptura de l\u2019angl\u00e8s.<\/p>\n<p style=\"text-align: justify;\">Mai no s\u2019apr\u00e8n tant com quan un no s\u2019\u00e9s conscient d\u2019estar aprenent sin\u00f3 d\u2019estar divertint-se. Aquest \u00e9s el nostre prop\u00f2sit. En aquestes sessions hi ha tamb\u00e9 espai per a les festivitats m\u00e9s assenyalades al m\u00f3n anglosax\u00f3, com Halloween, Christmas o Easter, que s\u00f3n una altra ocasi\u00f3 per utilizar l\u2019angl\u00e8s d\u2019una manera encara m\u00e9s l\u00fadica<i>. Enjoy and learn!<\/i><\/p>\n<p style=\"text-align: justify;\">A banda d\u2019aquestes sessions grupals per cursos, tamb\u00e9 oferim a la nostra escola al centre de Torrelles ensenyament individualitzat en sessions adaptades i adequades a cada infant en nivell, durada i contingut segons les necessitats.<\/p>\n<p style=\"text-align: justify;\">No dubteu a demanar-nos m\u00e9s informaci\u00f3 a <span style=\"color: #0563c1;\"><u><a href=\"mailto:torrelles@ezenglish.cat\">torrelles@ezenglish.cat<\/a><\/u><\/span> sobre totes les nostres activitats per als vostres fills i filles.<\/p>\n\r\n\t<div class=\"slideshow_container slideshow_container_style-light\" style=\"height: 300px; \" data-slideshow-id=\"2343\" data-style-name=\"style-light\" data-style-version=\"2.3.1\" >\r\n\r\n\t\t\t\t\t<div class=\"slideshow_loading_icon\"><\/div>\r\n\t\t\r\n\t\t<div class=\"slideshow_content\" style=\"display: none;\">\r\n\r\n\t\t\t<div class=\"slideshow_view\">\t<div style=\"clear: both;\"><\/div><\/div><div class=\"slideshow_view\">\t<div style=\"clear: both;\"><\/div><\/div><div class=\"slideshow_view\">\t<div style=\"clear: both;\"><\/div><\/div><div class=\"slideshow_view\">\t<div style=\"clear: both;\"><\/div><\/div><div class=\"slideshow_view\">\t<div style=\"clear: both;\"><\/div><\/div><div class=\"slideshow_view\">\t<div style=\"clear: both;\"><\/div><\/div><div class=\"slideshow_view\">\t<div style=\"clear: both;\"><\/div><\/div><div class=\"slideshow_view\">\t<div style=\"clear: both;\"><\/div><\/div><div class=\"slideshow_view\">\t<div style=\"clear: both;\"><\/div><\/div><div class=\"slideshow_view\">\t<div style=\"clear: both;\"><\/div><\/div>\r\n\t\t<\/div>\r\n\r\n\t\t<div class=\"slideshow_controlPanel slideshow_transparent\" style=\"display: none;\"><ul><li class=\"slideshow_togglePlay\" data-play-text=\"Visualitza\" data-pause-text=\"Pausa\"><\/li><\/ul><\/div>\r\n\r\n\t\t<div class=\"slideshow_button slideshow_previous slideshow_transparent\" role=\"button\" data-previous-text=\"Anterior\" style=\"display: none;\"><\/div>\r\n\t\t<div class=\"slideshow_button slideshow_next slideshow_transparent\" role=\"button\" data-next-text=\"Seg\u00fcent\" style=\"display: none;\"><\/div>\r\n\r\n\t\t<div class=\"slideshow_pagination\" style=\"display: none;\" data-go-to-text=\"V\u00e9s a la diapositiva\"><div class=\"slideshow_pagination_center\"><\/div><\/div>\r\n\r\n\t\t<!-- WordPress Slideshow Version 2.3.1 -->\r\n\r\n\t\t\t<\/div>\r\n\r\n\n<p>&nbsp;<\/p>\n<p><strong>Rob\u00f2tica<\/strong><\/p>\n<p>Sessi\u00f3 d&#8217; <strong>infantil<\/strong> (4 i 5 anys) amb el set de m\u00e0quines simples, que cont\u00e9 engranatges, palanques, politges, rodes i m\u00e9s, que ensenyen als alumnes habilitats <em>Steam<\/em>, amb els que podran impulsar la confian\u00e7a en el seu aprenentatge, construint, col\u00b7laborant i jugant.<\/p>\n\r\n\t<div class=\"slideshow_container slideshow_container_style-light\" style=\"height: 300px; \" data-slideshow-id=\"2363\" data-style-name=\"style-light\" data-style-version=\"2.3.1\" >\r\n\r\n\t\t\t\t\t<div class=\"slideshow_loading_icon\"><\/div>\r\n\t\t\r\n\t\t<div class=\"slideshow_content\" style=\"display: none;\">\r\n\r\n\t\t\t<div class=\"slideshow_view\">\t<div style=\"clear: both;\"><\/div><\/div><div class=\"slideshow_view\">\t<div style=\"clear: both;\"><\/div><\/div><div class=\"slideshow_view\">\t<div style=\"clear: both;\"><\/div><\/div><div class=\"slideshow_view\">\t<div style=\"clear: both;\"><\/div><\/div><div class=\"slideshow_view\">\t<div style=\"clear: both;\"><\/div><\/div>\r\n\t\t<\/div>\r\n\r\n\t\t<div class=\"slideshow_controlPanel slideshow_transparent\" style=\"display: none;\"><ul><li class=\"slideshow_togglePlay\" data-play-text=\"Visualitza\" data-pause-text=\"Pausa\"><\/li><\/ul><\/div>\r\n\r\n\t\t<div class=\"slideshow_button slideshow_previous slideshow_transparent\" role=\"button\" data-previous-text=\"Anterior\" style=\"display: none;\"><\/div>\r\n\t\t<div class=\"slideshow_button slideshow_next slideshow_transparent\" role=\"button\" data-next-text=\"Seg\u00fcent\" style=\"display: none;\"><\/div>\r\n\r\n\t\t<div class=\"slideshow_pagination\" style=\"display: none;\" data-go-to-text=\"V\u00e9s a la diapositiva\"><div class=\"slideshow_pagination_center\"><\/div><\/div>\r\n\r\n\t\t<!-- WordPress Slideshow Version 2.3.1 -->\r\n\r\n\t\t\t<\/div>\r\n\r\n\n<p>&nbsp;<\/p>\n<p>Sessi\u00f3 amb <strong>prim\u00e0ria<\/strong> (1r a 3r) en que tots van ser inventors i van poder fer les seves pr\u00f2pies creacions amb els sets de <em>Lego Wedo<\/em>. Hem apr\u00e9s la import\u00e0ncia del <em>Hub<\/em> per poder fer connexions i dels motors per poder donar moviment a les nostres creacions&#8221;.<\/p>\n\r\n\t<div class=\"slideshow_container slideshow_container_style-light\" style=\"height: 300px; \" data-slideshow-id=\"2369\" data-style-name=\"style-light\" data-style-version=\"2.3.1\" >\r\n\r\n\t\t\t\t\t<div class=\"slideshow_loading_icon\"><\/div>\r\n\t\t\r\n\t\t<div class=\"slideshow_content\" style=\"display: none;\">\r\n\r\n\t\t\t<div class=\"slideshow_view\">\t<div style=\"clear: both;\"><\/div><\/div><div class=\"slideshow_view\">\t<div style=\"clear: both;\"><\/div><\/div><div class=\"slideshow_view\">\t<div style=\"clear: both;\"><\/div><\/div><div class=\"slideshow_view\">\t<div style=\"clear: both;\"><\/div><\/div><div class=\"slideshow_view\">\t<div style=\"clear: both;\"><\/div><\/div>\r\n\t\t<\/div>\r\n\r\n\t\t<div class=\"slideshow_controlPanel slideshow_transparent\" style=\"display: none;\"><ul><li class=\"slideshow_togglePlay\" data-play-text=\"Visualitza\" data-pause-text=\"Pausa\"><\/li><\/ul><\/div>\r\n\r\n\t\t<div class=\"slideshow_button slideshow_previous slideshow_transparent\" role=\"button\" data-previous-text=\"Anterior\" style=\"display: none;\"><\/div>\r\n\t\t<div class=\"slideshow_button slideshow_next slideshow_transparent\" role=\"button\" data-next-text=\"Seg\u00fcent\" style=\"display: none;\"><\/div>\r\n\r\n\t\t<div class=\"slideshow_pagination\" style=\"display: none;\" data-go-to-text=\"V\u00e9s a la diapositiva\"><div class=\"slideshow_pagination_center\"><\/div><\/div>\r\n\r\n\t\t<!-- WordPress Slideshow Version 2.3.1 -->\r\n\r\n\t\t\t<\/div>\r\n\r\n\n<div dir=\"auto\"><\/div>\n","protected":false},"excerpt":{"rendered":"<p>Angl\u00e8s<br \/>\nCom m\u00e9s aviat comencem a aprendre angl\u00e8s, millor! Des d\u2019aquesta activitat organitzada per EZ English Torrelles procurem una immersi\u00f3 en angl\u00e8s en sessions d\u2019una hora des de l\u2019etapa d\u2019infantil a 3 anys fins a 6\u00e8, al final de la jornada escolar dels nens i nenes.<br \/>\nEl&hellip;  <a href=\"https:\/\/agora.xtec.cat\/ietorrelles\/serveis\/activitats-extraescolars\/\" title=\"Read Activitats extraescolars\">Llegeix m\u00e9s\u00bb<\/a><\/p>\n","protected":false},"author":1,"featured_media":0,"parent":66,"menu_order":3,"comment_status":"closed","ping_status":"closed","template":"page-templates\/side-menu.php","meta":{"_bbp_topic_count":0,"_bbp_reply_count":0,"_bbp_total_topic_count":0,"_bbp_total_reply_count":0,"_bbp_voice_count":0,"_bbp_anonymous_reply_count":0,"_bbp_topic_count_hidden":0,"_bbp_reply_count_hidden":0,"_bbp_forum_subforum_count":0,"footnotes":""},"class_list":["post-84","page","type-page","status-publish","hentry"],"post_mailing_queue_ids":[],"_links":{"self":[{"href":"https:\/\/agora.xtec.cat\/ietorrelles\/wp-json\/wp\/v2\/pages\/84","targetHints":{"allow":["GET"]}}],"collection":[{"href":"https:\/\/agora.xtec.cat\/ietorrelles\/wp-json\/wp\/v2\/pages"}],"about":[{"href":"https:\/\/agora.xtec.cat\/ietorrelles\/wp-json\/wp\/v2\/types\/page"}],"author":[{"embeddable":true,"href":"https:\/\/agora.xtec.cat\/ietorrelles\/wp-json\/wp\/v2\/users\/1"}],"replies":[{"embeddable":true,"href":"https:\/\/agora.xtec.cat\/ietorrelles\/wp-json\/wp\/v2\/comments?post=84"}],"version-history":[{"count":0,"href":"https:\/\/agora.xtec.cat\/ietorrelles\/wp-json\/wp\/v2\/pages\/84\/revisions"}],"up":[{"embeddable":true,"href":"https:\/\/agora.xtec.cat\/ietorrelles\/wp-json\/wp\/v2\/pages\/66"}],"wp:attachment":[{"href":"https:\/\/agora.xtec.cat\/ietorrelles\/wp-json\/wp\/v2\/media?parent=84"}],"curies":[{"name":"wp","href":"https:\/\/api.w.org\/{rel}","templated":true}]}}