{"id":3555,"date":"2025-09-22T11:11:34","date_gmt":"2025-09-22T09:11:34","guid":{"rendered":"https:\/\/agora.xtec.cat\/ietorrelles\/?page_id=3555"},"modified":"2025-09-22T11:11:34","modified_gmt":"2025-09-22T09:11:34","slug":"ajuntament-de-torrelles","status":"publish","type":"page","link":"https:\/\/agora.xtec.cat\/ietorrelles\/ajuntament-de-torrelles\/","title":{"rendered":"Ajuntament de Torrelles"},"content":{"rendered":"<p>Aqu\u00ed trobareu informaci\u00f3 rellevant sobre la nostra localitat, els serveis municipals, les activitats culturals i esdeveniments destacats. Exploreu els recursos disponibles per con\u00e8ixer millor la nostra comunitat i mantenir-vos al dia amb les \u00faltimes not\u00edcies i anuncis oficials.<\/p>\n<p style=\"text-align: center;\">Clicka la imatge per anar a la p\u00e0gina de l&#8217;<a href=\"https:\/\/www.torrelles.cat\/\">Ajuntament de Torrelles de Llobregat<\/a><\/p>\n<p><a href=\"https:\/\/www.torrelles.cat\/\"><img loading=\"lazy\" decoding=\"async\" class=\"wp-image-1988 aligncenter\" src=\"https:\/\/agora.xtec.cat\/ietorrelles\/wp-content\/uploads\/usu2293\/2025\/09\/tor-e1706989775110.jpg\" alt=\"\" width=\"645\" height=\"286\" \/><\/a><\/p>\n","protected":false},"excerpt":{"rendered":"<p>Aqu\u00ed trobareu informaci\u00f3 rellevant sobre la nostra localitat, els serveis municipals, les activitats culturals i esdeveniments destacats. Exploreu els recursos disponibles per con\u00e8ixer millor la nostra comunitat i mantenir-vos al dia amb les \u00faltimes not\u00edcies i anuncis oficials.<br \/>\nClicka la imatge per anar a la p\u00e0gina&hellip;  <a href=\"https:\/\/agora.xtec.cat\/ietorrelles\/ajuntament-de-torrelles\/\" title=\"Read Ajuntament de Torrelles\">Llegeix m\u00e9s\u00bb<\/a><\/p>\n","protected":false},"author":2,"featured_media":0,"parent":0,"menu_order":0,"comment_status":"closed","ping_status":"closed","template":"","meta":{"_bbp_topic_count":0,"_bbp_reply_count":0,"_bbp_total_topic_count":0,"_bbp_total_reply_count":0,"_bbp_voice_count":0,"_bbp_anonymous_reply_count":0,"_bbp_topic_count_hidden":0,"_bbp_reply_count_hidden":0,"_bbp_forum_subforum_count":0,"footnotes":""},"class_list":["post-3555","page","type-page","status-publish","hentry"],"post_mailing_queue_ids":[],"_links":{"self":[{"href":"https:\/\/agora.xtec.cat\/ietorrelles\/wp-json\/wp\/v2\/pages\/3555","targetHints":{"allow":["GET"]}}],"collection":[{"href":"https:\/\/agora.xtec.cat\/ietorrelles\/wp-json\/wp\/v2\/pages"}],"about":[{"href":"https:\/\/agora.xtec.cat\/ietorrelles\/wp-json\/wp\/v2\/types\/page"}],"author":[{"embeddable":true,"href":"https:\/\/agora.xtec.cat\/ietorrelles\/wp-json\/wp\/v2\/users\/2"}],"replies":[{"embeddable":true,"href":"https:\/\/agora.xtec.cat\/ietorrelles\/wp-json\/wp\/v2\/comments?post=3555"}],"version-history":[{"count":1,"href":"https:\/\/agora.xtec.cat\/ietorrelles\/wp-json\/wp\/v2\/pages\/3555\/revisions"}],"predecessor-version":[{"id":3558,"href":"https:\/\/agora.xtec.cat\/ietorrelles\/wp-json\/wp\/v2\/pages\/3555\/revisions\/3558"}],"wp:attachment":[{"href":"https:\/\/agora.xtec.cat\/ietorrelles\/wp-json\/wp\/v2\/media?parent=3555"}],"curies":[{"name":"wp","href":"https:\/\/api.w.org\/{rel}","templated":true}]}}