{"id":3527,"date":"2025-09-22T10:52:24","date_gmt":"2025-09-22T08:52:24","guid":{"rendered":"https:\/\/agora.xtec.cat\/ietorrelles\/?page_id=3527"},"modified":"2025-09-22T10:52:24","modified_gmt":"2025-09-22T08:52:24","slug":"normes-nofc","status":"publish","type":"page","link":"https:\/\/agora.xtec.cat\/ietorrelles\/normes-nofc\/","title":{"rendered":"Normes (NOFC)"},"content":{"rendered":"<p>A l&#8217;IE Torrelles, les nostres Normes d&#8217;Organitzaci\u00f3 i Funcionament de Centre (NOFC) s\u00f3n una guia essencial per assegurar una conviv\u00e8ncia respectuosa i una educaci\u00f3 de qualitat. Aquestes normes regulen la vida escolar i estableixen els drets i deures dels membres de la comunitat educativa.<\/p>\n<p>Aquestes normes es revisen peri\u00f2dicament per adaptar-se a les necessitats actuals.<\/p>\n<p>Per obtenir m\u00e9s informaci\u00f3 detallada sobre les NOFC, us convidem a consultar el document complet clicant sobre la imatge seg\u00fcent:<\/p>\n<p><a href=\"https:\/\/agora.xtec.cat\/ietorrelles\/wp-content\/uploads\/usu2293\/2025\/09\/NOFC-IE-Convivencia-23-24-1.pdf\"><img loading=\"lazy\" decoding=\"async\" class=\"wp-image-3075 aligncenter\" src=\"https:\/\/agora.xtec.cat\/ietorrelles\/wp-content\/uploads\/usu2293\/2025\/09\/NOFC.png\" alt=\"\" width=\"259\" height=\"259\" \/><\/a><\/p>\n","protected":false},"excerpt":{"rendered":"<p>A l&#8217;IE Torrelles, les nostres Normes d&#8217;Organitzaci\u00f3 i Funcionament de Centre (NOFC) s\u00f3n una guia essencial per assegurar una conviv\u00e8ncia respectuosa i una educaci\u00f3 de qualitat. Aquestes normes regulen la vida escolar i estableixen els drets i deures dels membres de la comunitat educativa.<br \/>\nAquestes normes&hellip;  <a href=\"https:\/\/agora.xtec.cat\/ietorrelles\/normes-nofc\/\" title=\"Read Normes (NOFC)\">Llegeix m\u00e9s\u00bb<\/a><\/p>\n","protected":false},"author":2,"featured_media":0,"parent":0,"menu_order":0,"comment_status":"closed","ping_status":"closed","template":"","meta":{"_bbp_topic_count":0,"_bbp_reply_count":0,"_bbp_total_topic_count":0,"_bbp_total_reply_count":0,"_bbp_voice_count":0,"_bbp_anonymous_reply_count":0,"_bbp_topic_count_hidden":0,"_bbp_reply_count_hidden":0,"_bbp_forum_subforum_count":0,"footnotes":""},"class_list":["post-3527","page","type-page","status-publish","hentry"],"post_mailing_queue_ids":[],"_links":{"self":[{"href":"https:\/\/agora.xtec.cat\/ietorrelles\/wp-json\/wp\/v2\/pages\/3527","targetHints":{"allow":["GET"]}}],"collection":[{"href":"https:\/\/agora.xtec.cat\/ietorrelles\/wp-json\/wp\/v2\/pages"}],"about":[{"href":"https:\/\/agora.xtec.cat\/ietorrelles\/wp-json\/wp\/v2\/types\/page"}],"author":[{"embeddable":true,"href":"https:\/\/agora.xtec.cat\/ietorrelles\/wp-json\/wp\/v2\/users\/2"}],"replies":[{"embeddable":true,"href":"https:\/\/agora.xtec.cat\/ietorrelles\/wp-json\/wp\/v2\/comments?post=3527"}],"version-history":[{"count":1,"href":"https:\/\/agora.xtec.cat\/ietorrelles\/wp-json\/wp\/v2\/pages\/3527\/revisions"}],"predecessor-version":[{"id":3531,"href":"https:\/\/agora.xtec.cat\/ietorrelles\/wp-json\/wp\/v2\/pages\/3527\/revisions\/3531"}],"wp:attachment":[{"href":"https:\/\/agora.xtec.cat\/ietorrelles\/wp-json\/wp\/v2\/media?parent=3527"}],"curies":[{"name":"wp","href":"https:\/\/api.w.org\/{rel}","templated":true}]}}