{"id":3517,"date":"2025-09-22T10:30:18","date_gmt":"2025-09-22T08:30:18","guid":{"rendered":"https:\/\/agora.xtec.cat\/ietorrelles\/?page_id=3517"},"modified":"2025-09-22T10:30:18","modified_gmt":"2025-09-22T08:30:18","slug":"documents-de-centre","status":"publish","type":"page","link":"https:\/\/agora.xtec.cat\/ietorrelles\/documents-de-centre\/","title":{"rendered":"Documents de centre"},"content":{"rendered":"<p>Benvinguts als documents oficials del nostre centre educatiu, una col\u00b7lecci\u00f3 integral que reflecteix la nostra dedicaci\u00f3 a l&#8217;excel\u00b7l\u00e8ncia acad\u00e8mica, la transpar\u00e8ncia i la participaci\u00f3 comunit\u00e0ria.<\/p>\n<p>Aquests documents serveixen com a guia i refer\u00e8ncia per als membres de la nostra comunitat educativa, oferint una visi\u00f3 clara de les pol\u00edtiques, normatives i valors que guien la nostra instituci\u00f3.<\/p>\n<p>En cadascun dels apartats que trobeu a l&#8217;esquerra, trobareu una petita explicaci\u00f3 de cada document i un enlla\u00e7 que us permetr\u00e0 visualitzar el document complet.<\/p>\n","protected":false},"excerpt":{"rendered":"<p>Benvinguts als documents oficials del nostre centre educatiu, una col\u00b7lecci\u00f3 integral que reflecteix la nostra dedicaci\u00f3 a l&#8217;excel\u00b7l\u00e8ncia acad\u00e8mica, la transpar\u00e8ncia i la participaci\u00f3 comunit\u00e0ria.<br \/>\nAquests documents serveixen com a guia i refer\u00e8ncia per als membres de la nostra comunitat educativa, oferint una visi\u00f3 clara de&hellip;  <a href=\"https:\/\/agora.xtec.cat\/ietorrelles\/documents-de-centre\/\" title=\"Read Documents de centre\">Llegeix m\u00e9s\u00bb<\/a><\/p>\n","protected":false},"author":2,"featured_media":0,"parent":0,"menu_order":0,"comment_status":"closed","ping_status":"closed","template":"","meta":{"_bbp_topic_count":0,"_bbp_reply_count":0,"_bbp_total_topic_count":0,"_bbp_total_reply_count":0,"_bbp_voice_count":0,"_bbp_anonymous_reply_count":0,"_bbp_topic_count_hidden":0,"_bbp_reply_count_hidden":0,"_bbp_forum_subforum_count":0,"footnotes":""},"class_list":["post-3517","page","type-page","status-publish","hentry"],"post_mailing_queue_ids":[],"_links":{"self":[{"href":"https:\/\/agora.xtec.cat\/ietorrelles\/wp-json\/wp\/v2\/pages\/3517","targetHints":{"allow":["GET"]}}],"collection":[{"href":"https:\/\/agora.xtec.cat\/ietorrelles\/wp-json\/wp\/v2\/pages"}],"about":[{"href":"https:\/\/agora.xtec.cat\/ietorrelles\/wp-json\/wp\/v2\/types\/page"}],"author":[{"embeddable":true,"href":"https:\/\/agora.xtec.cat\/ietorrelles\/wp-json\/wp\/v2\/users\/2"}],"replies":[{"embeddable":true,"href":"https:\/\/agora.xtec.cat\/ietorrelles\/wp-json\/wp\/v2\/comments?post=3517"}],"version-history":[{"count":1,"href":"https:\/\/agora.xtec.cat\/ietorrelles\/wp-json\/wp\/v2\/pages\/3517\/revisions"}],"predecessor-version":[{"id":3519,"href":"https:\/\/agora.xtec.cat\/ietorrelles\/wp-json\/wp\/v2\/pages\/3517\/revisions\/3519"}],"wp:attachment":[{"href":"https:\/\/agora.xtec.cat\/ietorrelles\/wp-json\/wp\/v2\/media?parent=3517"}],"curies":[{"name":"wp","href":"https:\/\/api.w.org\/{rel}","templated":true}]}}