{"id":9,"date":"2014-09-12T10:15:01","date_gmt":"2014-09-12T10:15:01","guid":{"rendered":"http:\/\/agora.xtec.cat\/ietn\/?page_id=9"},"modified":"2020-05-29T16:28:11","modified_gmt":"2020-05-29T14:28:11","slug":"info-preinscripcio-20-21","status":"publish","type":"page","link":"https:\/\/agora.xtec.cat\/ietn\/info-preinscripcio-20-21\/","title":{"rendered":"+ info Preinscripci\u00f3 20\/21"},"content":{"rendered":"<p><b>Llista de sol\u00b7licituds que han demanat el centre i l\u2019ensenyament en primera petici\u00f3 amb el barem provisional a 29\/05\/2020:<a href=\"https:\/\/drive.google.com\/file\/d\/1dumYHa1zv1UarysQiehyJlxgw6ON_Q7F\/view?usp=sharing\" target=\"_blank\" rel=\"noopener noreferrer\" data-saferedirecturl=\"https:\/\/www.google.com\/url?q=https:\/\/drive.google.com\/file\/d\/1dumYHa1zv1UarysQiehyJlxgw6ON_Q7F\/view?usp%3Dsharing&amp;source=gmail&amp;ust=1590848125369000&amp;usg=AFQjCNHaegmCeRbhUfNSVtaOCIGKAJ2PZw\">\u00a0LLISTAT BAREM PROVISIONAL<\/a><br \/>\n<\/b><\/p>\n<p><b>Per consultar la llista heu de tenir en compte que el codi de preinscripci\u00f3 es presenta amb el format PRE20-21XXXXX i els 3 darrers n\u00fameros del codi de la sol\u00b7licitud (exemple PRE20-21XXXXX323). Pel que fa al nom i cognoms, est\u00e0 format per les dues primeres inicials del nom, i les del primer i el segon cognom.<br \/>\n<\/b><\/p>\n<p>&nbsp;<\/p>\n<p><em><strong>Lista de solicitudes que han pedido centro y ense\u00f1amiento en primera opci\u00f3n con el baremo provisional a 29\/05\/2020:\u00a0 <a href=\"https:\/\/drive.google.com\/file\/d\/1dumYHa1zv1UarysQiehyJlxgw6ON_Q7F\/view?usp=sharing\" target=\"_blank\" rel=\"noopener noreferrer\" data-saferedirecturl=\"https:\/\/www.google.com\/url?q=https:\/\/drive.google.com\/file\/d\/1dumYHa1zv1UarysQiehyJlxgw6ON_Q7F\/view?usp%3Dsharing&amp;source=gmail&amp;ust=1590848125369000&amp;usg=AFQjCNHaegmCeRbhUfNSVtaOCIGKAJ2PZw\">LLISTAT BAREM PROVISIONAL<\/a><\/strong><\/em><\/p>\n<p><em><strong>Para consultar la lista ten\u00e9is que tenen en cuenta que el c\u00f3digo de preinscripci\u00f3n se presenta en el formato PRE20-21XXXXX y los 3 \u00faltimos n\u00fameros del c\u00f3digo de la solicitud ( por ejemplo PRE20-21XXXXX323). Por lo que respecta al nombre y apellidos, est\u00e1 formado por las dos primeras iniciales del nombre, y las del primer y el segundo apellido.<\/strong><\/em><\/p>\n<p>&nbsp;<\/p>\n<p>&nbsp;<\/p>\n<p>&nbsp;<\/p>\n<p>&nbsp;<\/p>\n<p style=\"padding-left: 40px; text-align: center;\"><img loading=\"lazy\" decoding=\"async\" class=\"alignnone wp-image-3634\" src=\"https:\/\/agora.xtec.cat\/ietn\/wp-content\/uploads\/usu1115\/2020\/05\/Blue-and-Black-Basketball-Playoffs-Event-Announcement-Instagram-Story-2-300x300.jpg\" alt=\"\" width=\"400\" height=\"400\" srcset=\"https:\/\/agora.xtec.cat\/ietn\/wp-content\/uploads\/usu1115\/2020\/05\/Blue-and-Black-Basketball-Playoffs-Event-Announcement-Instagram-Story-2-300x300.jpg 300w, https:\/\/agora.xtec.cat\/ietn\/wp-content\/uploads\/usu1115\/2020\/05\/Blue-and-Black-Basketball-Playoffs-Event-Announcement-Instagram-Story-2-100x100.jpg 100w, https:\/\/agora.xtec.cat\/ietn\/wp-content\/uploads\/usu1115\/2020\/05\/Blue-and-Black-Basketball-Playoffs-Event-Announcement-Instagram-Story-2-768x768.jpg 768w, https:\/\/agora.xtec.cat\/ietn\/wp-content\/uploads\/usu1115\/2020\/05\/Blue-and-Black-Basketball-Playoffs-Event-Announcement-Instagram-Story-2-1024x1024.jpg 1024w, https:\/\/agora.xtec.cat\/ietn\/wp-content\/uploads\/usu1115\/2020\/05\/Blue-and-Black-Basketball-Playoffs-Event-Announcement-Instagram-Story-2.jpg 1080w\" sizes=\"auto, (max-width: 400px) 100vw, 400px\" \/><img loading=\"lazy\" decoding=\"async\" class=\"alignnone wp-image-3763\" src=\"https:\/\/agora.xtec.cat\/ietn\/wp-content\/uploads\/usu1115\/2020\/05\/Blue-and-Black-Basketball-Playoffs-Event-Announcement-Instagram-Story-3-300x300.png\" alt=\"\" width=\"400\" height=\"400\" srcset=\"https:\/\/agora.xtec.cat\/ietn\/wp-content\/uploads\/usu1115\/2020\/05\/Blue-and-Black-Basketball-Playoffs-Event-Announcement-Instagram-Story-3-300x300.png 300w, https:\/\/agora.xtec.cat\/ietn\/wp-content\/uploads\/usu1115\/2020\/05\/Blue-and-Black-Basketball-Playoffs-Event-Announcement-Instagram-Story-3-100x100.png 100w, https:\/\/agora.xtec.cat\/ietn\/wp-content\/uploads\/usu1115\/2020\/05\/Blue-and-Black-Basketball-Playoffs-Event-Announcement-Instagram-Story-3-768x768.png 768w, https:\/\/agora.xtec.cat\/ietn\/wp-content\/uploads\/usu1115\/2020\/05\/Blue-and-Black-Basketball-Playoffs-Event-Announcement-Instagram-Story-3-1024x1024.png 1024w, https:\/\/agora.xtec.cat\/ietn\/wp-content\/uploads\/usu1115\/2020\/05\/Blue-and-Black-Basketball-Playoffs-Event-Announcement-Instagram-Story-3.png 1080w\" sizes=\"auto, (max-width: 400px) 100vw, 400px\" \/><\/p>\n<h1 style=\"text-align: center;\"><a href=\"https:\/\/agora.xtec.cat\/ietn\/portes-obertes\/\"><span style=\"color: #993300;\">+ info PORTES OBERTES VIRTUALS<\/span><\/a><\/h1>\n<h4 style=\"text-align: center;\"><span style=\"font-weight: 400;\">Aquest any, la preinscripci\u00f3 es pot presentar <\/span><b>telem\u00e0ticament o presencialment<\/b><span style=\"font-weight: 400;\">.<\/span><\/h4>\n<h4 style=\"text-align: center;\"><b>OPCI\u00d3 PRESENCIAL\u00a0<\/b><\/h4>\n<p style=\"text-align: center;\"><span style=\"font-weight: 400;\">Si no ho pots fer telem\u00e0ticament l\u2019has de fer <\/span><b>presencialment<\/b><span style=\"font-weight: 400;\">, cal demanar <\/span><b>cita pr\u00e8via<\/b><b> a partir del dia 13 de maig als tel\u00e8fons seg\u00fcents:<\/b><\/p>\n<h4 style=\"text-align: center;\"><span style=\"font-weight: 400;\">603 55 48 66 (missatge whatsApp<\/span><span style=\"font-weight: 400;\"> \/ <\/span><span style=\"font-weight: 400;\">93 354 95 81<\/span><span style=\"font-weight: 400;\"> (a partir de dimecres 13 de maig)<\/span><\/h4>\n<h4 style=\"text-align: center;\"><span style=\"font-weight: 400;\">El termini per presentar la sol\u00b7licitud presencialment amb cita pr\u00e8via \u00e9s del 19 al 22 de maig de 2020.\u00a0<\/span><\/h4>\n<h4><\/h4>\n<h4 style=\"text-align: center;\"><b>OPCI\u00d3 TELEM\u00c0TICA.\u00a0<\/b><\/h4>\n<p style=\"text-align: center;\"><b>El termini per presentar la sol\u00b7licitud telem\u00e0tica \u00e9s del 13 al 22 de maig de 2020<\/b><\/p>\n<p style=\"text-align: center;\"><b>A continuaci\u00f3 teniu l\u2019enlla\u00e7 on explica pas a pas com fer-ho: <a href=\"https:\/\/www.edubcn.cat\/ca\/alumnat_i_familia\/informacio_general_matriculacio\/preinscripcio#\/2\"><span style=\"font-weight: 400;\">PREINSCRICI\u00d3 TELEM\u00c0TICA<\/span><\/a><\/b><\/p>\n<p><img loading=\"lazy\" decoding=\"async\" class=\"aligncenter wp-image-3766\" src=\"https:\/\/agora.xtec.cat\/ietn\/wp-content\/uploads\/usu1115\/2020\/05\/Dibuix-sense-t\u00edtol-200x300.png\" alt=\"\" width=\"600\" height=\"900\" srcset=\"https:\/\/agora.xtec.cat\/ietn\/wp-content\/uploads\/usu1115\/2020\/05\/Dibuix-sense-t\u00edtol-200x300.png 200w, https:\/\/agora.xtec.cat\/ietn\/wp-content\/uploads\/usu1115\/2020\/05\/Dibuix-sense-t\u00edtol-768x1152.png 768w, https:\/\/agora.xtec.cat\/ietn\/wp-content\/uploads\/usu1115\/2020\/05\/Dibuix-sense-t\u00edtol-682x1024.png 682w, https:\/\/agora.xtec.cat\/ietn\/wp-content\/uploads\/usu1115\/2020\/05\/Dibuix-sense-t\u00edtol.png 1666w\" sizes=\"auto, (max-width: 600px) 100vw, 600px\" \/><\/p>\n<p style=\"text-align: center;\"><a href=\"https:\/\/www.edubcn.cat\/ca\/alumnat_i_familia\/informacio_general_matriculacio\/preinscripcio#\/2\"><span style=\"font-weight: 400;\">PREINSCRICI\u00d3 TELEM\u00c0TICA<\/span><\/a><\/p>\n<p style=\"text-align: center;\"><span style=\"font-weight: 400;\">\u00c9s <\/span><b>molt important enviar un email a l\u2019escola <\/b><a href=\"mailto:a8075670@xtec.cat\"><b>a8075670@xtec.cat<\/b><\/a> <span style=\"font-weight: 400;\">amb:<\/span><\/p>\n<p style=\"text-align: center;\"><span style=\"font-weight: 400;\">El <\/span><b>resguard de la sol\u00b7licitud<\/b><span style=\"font-weight: 400;\">.<\/span><\/p>\n<p style=\"text-align: center;\"><span style=\"font-weight: 400;\">La <\/span><b>documentaci\u00f3<\/b><span style=\"font-weight: 400;\"> escanejada o fotografiada:\u00a0<\/span><\/p>\n<p style=\"text-align: center;\"><span style=\"font-weight: 400;\">El <\/span><b>llibre de fam\u00edlia <\/b><span style=\"font-weight: 400;\">o <\/span><b>altres documents relatius a la filiaci\u00f3<\/b><span style=\"font-weight: 400;\">. Si l&#8217;alumne o alumna est\u00e0 en situaci\u00f3 d&#8217;acolliment, la resoluci\u00f3 d&#8217;acolliment del Departament de Treball, Afers Socials i Fam\u00edlies.<\/span><\/p>\n<p style=\"text-align: center;\"><span style=\"font-weight: 400;\">El<\/span><b> DNI<\/b><span style=\"font-weight: 400;\"> de la persona sol\u00b7licitant (pare, mare, tutor\/a o guardador\/a de fet) o, si el sol\u00b7licitant \u00e9s estranger, de la targeta de resid\u00e8ncia on consta el <\/span><b>NIE o el passaport<\/b><span style=\"font-weight: 400;\">. Si es tracta d&#8217;estrangers comunitaris, document d&#8217;identitat del pa\u00eds d&#8217;origen.<\/span><\/p>\n<p style=\"text-align: center;\"><span style=\"font-weight: 400;\">El DNI de l&#8217;alumne o alumna major de 14 anys o si t\u00e9 DNI tot i ser menor de 14 anys.<\/span><\/p>\n<p style=\"text-align: center;\"><span style=\"font-weight: 400;\">Documents <\/span><b>per al\u00b7legar punts<\/b><span style=\"font-weight: 400;\">: carnet de fam\u00edlia monoparental; carnet de fam\u00edlia monoparental; certificat renda m\u00ednima, &#8230;\u00a0<\/span><\/p>\n<p><img loading=\"lazy\" decoding=\"async\" class=\"aligncenter wp-image-3782\" src=\"https:\/\/agora.xtec.cat\/ietn\/wp-content\/uploads\/usu1115\/2020\/05\/places-vacants-293x300.png\" alt=\"\" width=\"488\" height=\"500\" srcset=\"https:\/\/agora.xtec.cat\/ietn\/wp-content\/uploads\/usu1115\/2020\/05\/places-vacants-293x300.png 293w, https:\/\/agora.xtec.cat\/ietn\/wp-content\/uploads\/usu1115\/2020\/05\/places-vacants.png 714w\" sizes=\"auto, (max-width: 488px) 100vw, 488px\" \/><\/p>\n<p style=\"text-align: center;\"><a href=\"http:\/\/mapaescolar.gencat.cat\/\">+ info CONSULTA PLACES VACANTS (CAL POSAR CODI DE CENTRE 08075670)<\/a><\/p>\n<p style=\"text-align: center;\"><a href=\"https:\/\/agora.xtec.cat\/ietn\/quotes-curs-20-21\/\">+ info quotes curs 20\/21<\/a><\/p>\n<h2 style=\"text-align: center;\"><a href=\"https:\/\/www.edubcn.cat\/ca\/alumnat_i_familia\/informacio_general_matriculacio\/preinscripcio\">+ info Consorci d&#8217;Educaci\u00f3 de Barcelona<\/a><\/h2>\n<p>&nbsp;<\/p>\n","protected":false},"excerpt":{"rendered":"<p>Llista de sol\u00b7licituds que han demanat el centre i l\u2019ensenyament en primera petici\u00f3 amb el barem provisional a 29\/05\/2020:<a href=\"https:\/\/drive.google.com\/file\/d\/1dumYHa1zv1UarysQiehyJlxgw6ON_Q7F\/view?usp=sharing\" target=\"_blank\" rel=\"noopener noreferrer\" data-saferedirecturl=\"https:\/\/www.google.com\/url?q=https:\/\/drive.google.com\/file\/d\/1dumYHa1zv1UarysQiehyJlxgw6ON_Q7F\/view?usp%3Dsharing&amp;source=gmail&amp;ust=1590848125369000&amp;usg=AFQjCNHaegmCeRbhUfNSVtaOCIGKAJ2PZw\">\u00a0LLISTAT BAREM PROVISIONAL<\/a><\/p>\n<p>Per consultar la llista heu de tenir en compte que el codi de preinscripci\u00f3 es presenta amb el format PRE20-21XXXXX&hellip;  <a href=\"https:\/\/agora.xtec.cat\/ietn\/info-preinscripcio-20-21\/\" title=\"Read + info Preinscripci\u00f3 20\/21\">Llegeix m\u00e9s\u00bb<\/a><\/p>\n","protected":false},"author":1,"featured_media":0,"parent":0,"menu_order":0,"comment_status":"closed","ping_status":"closed","template":"","meta":{"_bbp_topic_count":0,"_bbp_reply_count":0,"_bbp_total_topic_count":0,"_bbp_total_reply_count":0,"_bbp_voice_count":0,"_bbp_anonymous_reply_count":0,"_bbp_topic_count_hidden":0,"_bbp_reply_count_hidden":0,"_bbp_forum_subforum_count":0,"footnotes":""},"class_list":["post-9","page","type-page","status-publish","hentry"],"post_mailing_queue_ids":[],"_links":{"self":[{"href":"https:\/\/agora.xtec.cat\/ietn\/wp-json\/wp\/v2\/pages\/9","targetHints":{"allow":["GET"]}}],"collection":[{"href":"https:\/\/agora.xtec.cat\/ietn\/wp-json\/wp\/v2\/pages"}],"about":[{"href":"https:\/\/agora.xtec.cat\/ietn\/wp-json\/wp\/v2\/types\/page"}],"author":[{"embeddable":true,"href":"https:\/\/agora.xtec.cat\/ietn\/wp-json\/wp\/v2\/users\/1"}],"replies":[{"embeddable":true,"href":"https:\/\/agora.xtec.cat\/ietn\/wp-json\/wp\/v2\/comments?post=9"}],"version-history":[{"count":4,"href":"https:\/\/agora.xtec.cat\/ietn\/wp-json\/wp\/v2\/pages\/9\/revisions"}],"predecessor-version":[{"id":4075,"href":"https:\/\/agora.xtec.cat\/ietn\/wp-json\/wp\/v2\/pages\/9\/revisions\/4075"}],"wp:attachment":[{"href":"https:\/\/agora.xtec.cat\/ietn\/wp-json\/wp\/v2\/media?parent=9"}],"curies":[{"name":"wp","href":"https:\/\/api.w.org\/{rel}","templated":true}]}}