{"id":5538,"date":"2024-01-14T22:12:07","date_gmt":"2024-01-14T21:12:07","guid":{"rendered":"https:\/\/agora.xtec.cat\/ietn\/?page_id=5538"},"modified":"2024-02-20T07:20:49","modified_gmt":"2024-02-20T06:20:49","slug":"cultura-digital","status":"publish","type":"page","link":"https:\/\/agora.xtec.cat\/ietn\/edc\/cultura-digital\/","title":{"rendered":"Cultura Digital"},"content":{"rendered":"<p><img loading=\"lazy\" decoding=\"async\" class=\"alignnone size-full wp-image-5539\" src=\"https:\/\/agora.xtec.cat\/ietn\/wp-content\/uploads\/usu1115\/2024\/01\/ImatgeCulturaDigital.png\" alt=\"\" width=\"929\" height=\"476\" srcset=\"https:\/\/agora.xtec.cat\/ietn\/wp-content\/uploads\/usu1115\/2024\/01\/ImatgeCulturaDigital.png 929w, https:\/\/agora.xtec.cat\/ietn\/wp-content\/uploads\/usu1115\/2024\/01\/ImatgeCulturaDigital-300x154.png 300w, https:\/\/agora.xtec.cat\/ietn\/wp-content\/uploads\/usu1115\/2024\/01\/ImatgeCulturaDigital-768x394.png 768w\" sizes=\"auto, (max-width: 929px) 100vw, 929px\" \/><\/p>\n<p>El document de l\u2019EDC ser\u00e0 la refer\u00e8ncia del centre en l\u2019\u00e0mbit de tecnologies digitals. Per tant, \u00e9s important que aquest document tamb\u00e9 reculli\u00a0la gesti\u00f3 di\u00e0ria de l\u2019organitzaci\u00f3 digital del centre. Qu\u00e8 est\u00e0 fent el centre en temes digitals? Quines accions el centre ja t\u00e9 consolidades i funcionen? \u00c9s possible que el centre ja hagi desenvolupat i escrit plans, procediments, normatives, protocols, etc. L\u2019EDC ha de recopilar-ne, almenys, les refer\u00e8ncies per poder trobar-los de manera f\u00e0cil i \u00e0gil.<\/p>\n<p>El desplegament de l\u2019EDC al llarg dels cursos tamb\u00e9 generar\u00e0 m\u00e9s activitats que \u00e9s important afegir a l\u2019EDC. Per exemple, si un centre realitza la diagnosi i detecta que el professorat de nova incorporaci\u00f3 t\u00e9 dificultats en adaptar-se en temes digitals, la part estrat\u00e8gica de l\u2019EDC indicar\u00e0 un objectiu en aquest sentit. I molt probablement, una de les accions per assolir aquest objectiu ser\u00e0 la creaci\u00f3 d\u2019un pla d\u2019acollida digital de nou professorat. Quan l\u2019acci\u00f3 ja s\u2019hagi dut a terme, aquest pla d\u2019acollida digital s\u2019incorporar\u00e0 a la part de cultura digital del document de l\u2019EDC.\u00a0D\u2019aquesta manera, l\u2019EDC recollir\u00e0 tots els aspectes digitals del centre.<\/p>\n<p>En aquesta part de cultura digital de l\u2019EDC s\u2019hi poden incorporar refer\u00e8ncies a les NOFC, refer\u00e8ncies a procediments del sistema de qualitat que tingui el centre, acords de claustre o de Consell Escolar, plans espec\u00edfics dissenyats per millorar aspectes concrets, protocols a seguir per la gesti\u00f3 dels serveis, autoritzacions que les fam\u00edlies han de signar, descripcions dels serveis que s\u2019utilitzen al centre, refer\u00e8ncies al PEC per la part metodol\u00f2gica de l\u2019\u00fas de les tecnologies, etc.<\/p>\n<p>En tot cas, seria recomanable que contingu\u00e9s, almenys, els seg\u00fcents aspectes:<\/p>\n<ul>\n<li><strong>Desplegament curricular de la compet\u00e8ncia digital de l\u2019alumnat<br \/>\n<\/strong>L\u2019assoliment de la compet\u00e8ncia digital de l\u2019alumnat \u00e9s un dels objectius principals de l\u2019EDC. Aquest assoliment s\u2019ha d\u2019aconseguir de forma transversal amb la implicaci\u00f3 de totes les mat\u00e8ries o \u00e0mbits. Per aquesta ra\u00f3 cal que el centre planifiqui el seu desplegament i la seva avaluaci\u00f3 en els diferents nivells i cursos.<\/li>\n<li>\n<h4><strong>CONTINGUTS I ACTIVITATS CURRICULARS D\u2019\u00c0MBIT DIGITAL<\/strong><\/h4>\n<table class=\"aligncenter\" border=\"0\">\n<tbody>\n<tr>\n<td><strong>DISTRIBUCI\u00d3 CONTINGUTS DIGITALS PER COMUNITATS A PRIM\u00c0RIA<\/strong><\/td>\n<td><strong>ACTIVITATS \u00c0MBIT DIGITAL I LA SEVA GRADACI\u00d3 (INFANTIL I PRIM\u00c0RIA)<\/strong><\/td>\n<td><strong>ACTIVITATS \u00c0MBIT DIGITAL: COMPET\u00c8NCIES, INDICADORS I NIVELL D\u2019ASSOLIMENT (SECUND\u00c0RIA)<\/strong><\/td>\n<\/tr>\n<\/tbody>\n<\/table>\n<\/li>\n<li>\u200b<strong>Descripci\u00f3 dels serveis digitals que s\u2019ofereixen a alumnes, professorat i fam\u00edlies, i procediments de gesti\u00f3:<\/strong>\u00a0Serveis digitals propis del centre \/ Serveis digitals externs al centre \/ Procediment d\u2019alta d\u2019usuaris (alumnat, professorat i fam\u00edlia) \/ Acords d\u2019\u00fas de la plataforma EVA \/ Organitzaci\u00f3 de la documentaci\u00f3 digital del centre \/ Gesti\u00f3 de les aules inform\u00e0tiques, dels carros d\u2019ordinadors i dels ordinadors de pr\u00e9stec, etc.<\/li>\n<\/ul>\n<table class=\"aligncenter\" border=\"0\">\n<tbody>\n<tr>\n<td><strong>MOODLE: ENTORN VIRTUAL D\u2019APRENENTATGE<\/strong><\/td>\n<td><strong>CANAL DE YOUTUBE DE L\u2019IETN<\/strong><\/td>\n<td><strong>APPS I RECURSOS DIGITALS UTILITZATS AL CENTRE<\/strong><\/td>\n<td><strong>FEEDBACK DIGITAL UTILITZAT AMB L\u2019ALUMNAT<\/strong><\/td>\n<\/tr>\n<\/tbody>\n<\/table>\n<p>&nbsp;<\/p>\n<ul>\n<li>\u200b<strong>Acolliment digital dels alumnes, docents i fam\u00edlies de nova incorporaci\u00f3:<\/strong>\u00a0Planificaci\u00f3 de la incorporaci\u00f3 de nou alumnat al centre en temes digitals: usuaris, serveis que poden utilitzar, formaci\u00f3 inicial, normativa d\u2019\u00fas, etc. \/\u00a0Planificaci\u00f3 de la incorporaci\u00f3 de nous docents en temes digitals: usuaris, serveis que pot utilitzar, disponibilitat d\u2019ordinadors, formaci\u00f3 metodol\u00f2gica, etc. \/\u00a0Planificaci\u00f3 de la incorporaci\u00f3 de les fam\u00edlies en temes digitals: usuaris, serveis que pot utilitzar, formaci\u00f3 inicial, etc.<\/li>\n<\/ul>\n<p><strong>\u00a0 \u00a0 \u00a0 \u00a0 \u00a0 \u00a0 \u00a0 \u00a0 \u00a0 \u00a0 \u00a0 \u00a0 \u00a0 NOFC IE IETN: CULTURA DIGITAL<\/strong><strong>\u00a0<\/strong><\/p>\n<ul>\n<li><strong>Comunicacions amb la comunitat educativa:<\/strong>\u00a0Disseny de la comunicaci\u00f3 digital fam\u00edlies-centre (tutors, professorat, direcci\u00f3\u2026),\u00a0 alumnat-professorat i entre el mateix professorat.<\/li>\n<\/ul>\n<p>&nbsp;<\/p>\n<ul>\n<li><strong>Portals web i xarxes socials:<\/strong>\u00a0Organitzaci\u00f3 del manteniment de la informaci\u00f3 dels portals i de les xarxes socials del centre.\u200b\u200b<br \/>\n<table class=\"aligncenter\" border=\"0\">\n<tbody>\n<tr>\n<td><strong>WEB NODES DE CENTRE<\/strong><\/td>\n<td><strong>PERFIL DE TWITTER DE L\u2019IETN<\/strong><\/td>\n<td><strong>PERFIL D\u2019INSTAGRAM DE L\u2019IETN<\/strong><\/td>\n<td><strong>COMUNICACI\u00d3 DIRECTA AMB FAM\u00cdLIES<\/strong><\/td>\n<\/tr>\n<\/tbody>\n<\/table>\n<\/li>\n<\/ul>\n<ul>\n<li><strong>Acords o protocols de centre referents a l\u2019EDC:<\/strong>\u00a0Altres procediments o acords que el centre hagi definit respecte a l\u2019estrat\u00e8gia digital: \u00fas de m\u00f2bils al centre, \u00fas de l\u2019EVA, revisi\u00f3 i utilitzaci\u00f3 d\u2019aplicacions al n\u00favol, etc.\u200b<\/li>\n<li><\/li>\n<\/ul>\n<p>&nbsp;<\/p>\n<p>&nbsp;<\/p>\n","protected":false},"excerpt":{"rendered":"<p>El document de l\u2019EDC ser\u00e0 la refer\u00e8ncia del centre en l\u2019\u00e0mbit de tecnologies digitals. Per tant, \u00e9s important que aquest document tamb\u00e9 reculli\u00a0la gesti\u00f3 di\u00e0ria de l\u2019organitzaci\u00f3 digital del centre. Qu\u00e8 est\u00e0 fent el centre en temes digitals? Quines accions el centre ja t\u00e9 consolidades&hellip;  <a href=\"https:\/\/agora.xtec.cat\/ietn\/edc\/cultura-digital\/\" title=\"Read Cultura Digital\">Llegeix m\u00e9s\u00bb<\/a><\/p>\n","protected":false},"author":24,"featured_media":0,"parent":5509,"menu_order":0,"comment_status":"closed","ping_status":"closed","template":"","meta":{"_bbp_topic_count":0,"_bbp_reply_count":0,"_bbp_total_topic_count":0,"_bbp_total_reply_count":0,"_bbp_voice_count":0,"_bbp_anonymous_reply_count":0,"_bbp_topic_count_hidden":0,"_bbp_reply_count_hidden":0,"_bbp_forum_subforum_count":0,"footnotes":""},"class_list":["post-5538","page","type-page","status-publish","hentry"],"post_mailing_queue_ids":[],"_links":{"self":[{"href":"https:\/\/agora.xtec.cat\/ietn\/wp-json\/wp\/v2\/pages\/5538","targetHints":{"allow":["GET"]}}],"collection":[{"href":"https:\/\/agora.xtec.cat\/ietn\/wp-json\/wp\/v2\/pages"}],"about":[{"href":"https:\/\/agora.xtec.cat\/ietn\/wp-json\/wp\/v2\/types\/page"}],"author":[{"embeddable":true,"href":"https:\/\/agora.xtec.cat\/ietn\/wp-json\/wp\/v2\/users\/24"}],"replies":[{"embeddable":true,"href":"https:\/\/agora.xtec.cat\/ietn\/wp-json\/wp\/v2\/comments?post=5538"}],"version-history":[{"count":4,"href":"https:\/\/agora.xtec.cat\/ietn\/wp-json\/wp\/v2\/pages\/5538\/revisions"}],"predecessor-version":[{"id":5551,"href":"https:\/\/agora.xtec.cat\/ietn\/wp-json\/wp\/v2\/pages\/5538\/revisions\/5551"}],"up":[{"embeddable":true,"href":"https:\/\/agora.xtec.cat\/ietn\/wp-json\/wp\/v2\/pages\/5509"}],"wp:attachment":[{"href":"https:\/\/agora.xtec.cat\/ietn\/wp-json\/wp\/v2\/media?parent=5538"}],"curies":[{"name":"wp","href":"https:\/\/api.w.org\/{rel}","templated":true}]}}