{"id":5529,"date":"2024-01-14T21:42:09","date_gmt":"2024-01-14T20:42:09","guid":{"rendered":"https:\/\/agora.xtec.cat\/ietn\/?page_id=5529"},"modified":"2024-03-07T07:43:33","modified_gmt":"2024-03-07T06:43:33","slug":"estrategiadigital-2","status":"publish","type":"page","link":"https:\/\/agora.xtec.cat\/ietn\/edc\/estrategiadigital-2\/","title":{"rendered":"Estrategia Digital de Centre"},"content":{"rendered":"<p><img loading=\"lazy\" decoding=\"async\" class=\"alignnone size-full wp-image-5530\" src=\"https:\/\/agora.xtec.cat\/ietn\/wp-content\/uploads\/usu1115\/2024\/01\/ImatgeEstrategiadigitalCentre1.png\" alt=\"\" width=\"951\" height=\"537\" srcset=\"https:\/\/agora.xtec.cat\/ietn\/wp-content\/uploads\/usu1115\/2024\/01\/ImatgeEstrategiadigitalCentre1.png 951w, https:\/\/agora.xtec.cat\/ietn\/wp-content\/uploads\/usu1115\/2024\/01\/ImatgeEstrategiadigitalCentre1-300x169.png 300w, https:\/\/agora.xtec.cat\/ietn\/wp-content\/uploads\/usu1115\/2024\/01\/ImatgeEstrategiadigitalCentre1-768x434.png 768w\" sizes=\"auto, (max-width: 951px) 100vw, 951px\" \/><\/p>\n<p>Per dissenyar una bona EDC cal seguir unes fases determinades. Per a cada fase ens valdrem de diferents instruments que ens permetran concretar quin grau de maduresa digital necessitem que assoleixi el centre en cada \u00e0mbit (alumnat, professorat i centre) i com fer-ho. Tot i aix\u00f2, en el document EDC no caldr\u00e0 indicar tots els instruments que s\u2019han utilitzat. Nom\u00e9s haurem d\u2019incloure-hi els que s\u00f3n necessaris per entendre el disseny final de l\u2019EDC. Veiem, fase per fase, qu\u00e8 \u00e9s recomanable que inclogui el document d\u2019EDC.<\/p>\n<ul>\n<li><strong>Diagnosi:<\/strong>\u00a0tal com s\u2019indica en la\u00a0<a href=\"https:\/\/projectes.xtec.cat\/edc-suport\/?page_id=8227\">guia d\u2019elaboraci\u00f3 de la diagnosi<\/a>, hi ha moltes formes possibles per abordar aquesta diagnosi: an\u00e0lisi dels indicadors de centre, realitzaci\u00f3 d\u2019enquestes a la comunitat escolar, entrevistes, observacions, \u00fas de la r\u00fabrica del pla TAC, de l\u2019eina SELFIE, etc. Totes aquestes t\u00e8cniques ens proporcionen molta informaci\u00f3. Per\u00f2 cal destacar que a l\u2019EDC nom\u00e9s s\u2019hi han d\u2019incloure les conclusions argumentades de la diagnosi, que permetin entendre la selecci\u00f3 dels objectius.<br \/>\nAix\u00ed doncs, no \u00e9s necessari indicar els gr\u00e0fics de totes les enquestes o afegir tots els indicadors analitzats. Nom\u00e9s caldr\u00e0 indicar aquelles dades o gr\u00e0fics que permetin argumentar les conclusions de la diagnosi.\u200b<\/li>\n<li><\/li>\n<\/ul>\n<table class=\" aligncenter\" style=\"height: 79px; width: 27.8099%; border-collapse: collapse; background-color: #fcb535;\">\n<tbody>\n<tr style=\"height: 66px;\">\n<td style=\"width: 100%; text-align: center; height: 66px;\">\n<h3 style=\"text-align: center;\"><a href=\"https:\/\/docs.google.com\/spreadsheets\/d\/e\/2PACX-1vScW6WmAtEX6tYJeFqRsJFGR5bwawrAs2R2e73HTJgb5E5Bv4m27PdT9FfFHmfBKLJg3DhS4yV0vaPZ\/pubhtml\"><strong>Activitats Pla digital ieTN<\/strong><\/a><\/h3>\n<\/td>\n<\/tr>\n<\/tbody>\n<\/table>\n<p style=\"text-align: center;\">\n","protected":false},"excerpt":{"rendered":"<p>Per dissenyar una bona EDC cal seguir unes fases determinades. Per a cada fase ens valdrem de diferents instruments que ens permetran concretar quin grau de maduresa digital necessitem que assoleixi el centre en cada \u00e0mbit (alumnat, professorat i centre) i com fer-ho. Tot i&hellip;  <a href=\"https:\/\/agora.xtec.cat\/ietn\/edc\/estrategiadigital-2\/\" title=\"Read Estrategia Digital de Centre\">Llegeix m\u00e9s\u00bb<\/a><\/p>\n","protected":false},"author":24,"featured_media":0,"parent":5509,"menu_order":0,"comment_status":"closed","ping_status":"closed","template":"","meta":{"_bbp_topic_count":0,"_bbp_reply_count":0,"_bbp_total_topic_count":0,"_bbp_total_reply_count":0,"_bbp_voice_count":0,"_bbp_anonymous_reply_count":0,"_bbp_topic_count_hidden":0,"_bbp_reply_count_hidden":0,"_bbp_forum_subforum_count":0,"footnotes":""},"class_list":["post-5529","page","type-page","status-publish","hentry"],"post_mailing_queue_ids":[],"_links":{"self":[{"href":"https:\/\/agora.xtec.cat\/ietn\/wp-json\/wp\/v2\/pages\/5529","targetHints":{"allow":["GET"]}}],"collection":[{"href":"https:\/\/agora.xtec.cat\/ietn\/wp-json\/wp\/v2\/pages"}],"about":[{"href":"https:\/\/agora.xtec.cat\/ietn\/wp-json\/wp\/v2\/types\/page"}],"author":[{"embeddable":true,"href":"https:\/\/agora.xtec.cat\/ietn\/wp-json\/wp\/v2\/users\/24"}],"replies":[{"embeddable":true,"href":"https:\/\/agora.xtec.cat\/ietn\/wp-json\/wp\/v2\/comments?post=5529"}],"version-history":[{"count":6,"href":"https:\/\/agora.xtec.cat\/ietn\/wp-json\/wp\/v2\/pages\/5529\/revisions"}],"predecessor-version":[{"id":5619,"href":"https:\/\/agora.xtec.cat\/ietn\/wp-json\/wp\/v2\/pages\/5529\/revisions\/5619"}],"up":[{"embeddable":true,"href":"https:\/\/agora.xtec.cat\/ietn\/wp-json\/wp\/v2\/pages\/5509"}],"wp:attachment":[{"href":"https:\/\/agora.xtec.cat\/ietn\/wp-json\/wp\/v2\/media?parent=5529"}],"curies":[{"name":"wp","href":"https:\/\/api.w.org\/{rel}","templated":true}]}}