{"id":2647,"date":"2019-02-26T10:21:27","date_gmt":"2019-02-26T09:21:27","guid":{"rendered":"http:\/\/agora.xtec.cat\/ietn\/?page_id=2647"},"modified":"2023-04-09T19:24:28","modified_gmt":"2023-04-09T17:24:28","slug":"projecte-educatiu-2","status":"publish","type":"page","link":"https:\/\/agora.xtec.cat\/ietn\/projecte-educatiu-2\/","title":{"rendered":"Projecte educatiu"},"content":{"rendered":"<h4><strong>Trets d\u2019identitat del projecte educatiu de l\u2019ieTN<\/strong><\/h4>\n<p style=\"text-align: justify;\">\n<strong>Un centre que acull i acompanya<\/strong><br \/>\nCreiem en la necessitat de fer un bon acolliment als infants i les seves fam\u00edlies.<br \/>\nCom a centre acollidor treballarem perqu\u00e8 hi hagi un clima de di\u00e0leg, respecte i companyia.<br \/>\nL&#8217;alumnat i les seves fam\u00edlies tindran el nostre acompanyament en el proc\u00e9s d&#8217;aprenentatge i de formaci\u00f3 a trav\u00e9s de tutors de grup i tutors individuals que vetllaran per aconseguir un seguiment personalitzat de l&#8217;alumne i una relaci\u00f3 m\u00e9s estreta amb\u00a0les fam\u00edlies.<br \/>\nLa comunicaci\u00f3 amb tots els membres de l&#8217;equip docent permetr\u00e0 poder fer un seguiment individual de cada alumne i cada fam\u00edlia.<br \/>\nAprenem amb els altres i gr\u00e0cies als altres. Els companys i l&#8217;entorn ens estimulen i donen sentit al nostre aprenentatge.<br \/>\nA m\u00e9s, creiem molt enriquidor que l&#8217;alumnat participi activament en l&#8217;acompanyament d&#8217;altres alumnes, establint\u00a0tutories entre iguals.<br \/>\nTamb\u00e9 potenciarem les habilitats comunicatives i la resoluci\u00f3 alternativa dels conflictes a partir de la mediaci\u00f3 entre iguals.<br \/>\nAcollir i acompanyar \u00e9s la base per propiciar un bon ambient de conviv\u00e8ncia.<\/p>\n<p><strong>Un centre que investiga, connecta i crea<\/strong><br \/>\nL&#8217;alumne \u00e9s el protagonista de l&#8217;aprenentatge. Cal que partim del seu moment maduratiu i el seu bagatge cultural, enfortir la confian\u00e7a en ell mateix i el seu estat emocional.<br \/>\nSom centre investigador. Fomentem treballar a partir del descobriment i de donar resposta als reptes que es plantegen a l&#8217;aula i a l&#8217;entorn. Amb rigor, fomentem l&#8217;assaig-error i\u00a0<span class=\"hiddenGrammarError\" style=\"padding-bottom: 2px; background-image: url('..\/..\/..\/..\/..\/images\/squiggle.png'); background-repeat: repeat-x; background-position: left bottom; cursor: default; color: #000000; font-family: 'Open Sans', Helvetica, Arial, sans-serif; font-size: 16px; font-style: normal; font-variant-ligatures: normal; font-variant-caps: normal; font-weight: 300; letter-spacing: normal; orphans: 2; text-align: start; text-indent: 0px; text-transform: none; white-space: normal; widows: 2; word-spacing: 0px; -webkit-text-stroke-width: 0px; text-decoration-thickness: initial; text-decoration-style: initial; text-decoration-color: initial;\">l&#8217;aprendre<\/span>\u00a0fent.<br \/>\nAprenem connectant les mat\u00e8ries. Aix\u00ed, els aprenentatges s\u00f3n \u00fatils i significatius,\u00a0tal com\u00a0es presenten\u00a0<span class=\"hiddenSpellError\">en el<\/span>\u00a0dia a dia.<br \/>\nFomentem l&#8217;esfor\u00e7 i la cooperaci\u00f3 de l&#8217;alumne. S\u00f3n imprescindibles pel seu progr\u00e9s i, per tant,\u00a0cal que no perdi la motivaci\u00f3.<br \/>\nUn centre educatiu creatiu. Amb educadors i alumnes que cerquen solucions creatives a all\u00f2 que es plantegen, i on les diferents formes d&#8217;expressi\u00f3\u00a0<span class=\"hiddenGrammarError\" style=\"padding-bottom: 2px; background-image: url('..\/..\/..\/..\/..\/images\/squiggle.png'); background-repeat: repeat-x; background-position: left bottom; cursor: default; color: #000000; font-family: 'Open Sans', Helvetica, Arial, sans-serif; font-size: 16px; font-style: normal; font-variant-ligatures: normal; font-variant-caps: normal; font-weight: 300; letter-spacing: normal; orphans: 2; text-align: start; text-indent: 0px; text-transform: none; white-space: normal; widows: 2; word-spacing: 0px; -webkit-text-stroke-width: 0px; text-decoration-thickness: initial; text-decoration-style: initial; text-decoration-color: initial;\">hi<\/span>\u00a0s\u00f3n presents.<br \/>\nVolem formar alumnes cr\u00edtics i amb criteri, que estiguin preparats per conviure en una societat en constant evoluci\u00f3 tot descobrint altres realitats socials i culturals.<\/p>\n<p><strong>Un centre implicat i obert<\/strong><br \/>\nLa participaci\u00f3 i el protagonisme de l&#8217;infant, el jove, les fam\u00edlies, el barri i les entitats s\u00f3n un motor important\u00edssim per la transformaci\u00f3 cap a una comunitat m\u00e9s educadora.<br \/>\nPerqu\u00e8 a participar s&#8217;apr\u00e8n participant, l&#8217;institut escola vol:<br \/>\n\u2022 tenir una relaci\u00f3 estreta amb les entitats i les activitats del barri.<br \/>\n\u2022 fer propostes educatives pels infants\/joves\/fam\u00edlies de tot el barri.<br \/>\n\u2022 oferir un equipament amb propostes i espais oberts a tothom i fora de l&#8217;horari lectiu.<br \/>\n\u2022\u00a0<span class=\"hiddenGreenError\" style=\"padding-bottom: 2px; background-image: url('..\/..\/..\/..\/..\/images\/squiggle_green.png'); background-repeat: repeat-x; background-position: left bottom; cursor: default; color: #000000; font-family: 'Open Sans', Helvetica, Arial, sans-serif; font-size: 16px; font-style: normal; font-variant-ligatures: normal; font-variant-caps: normal; font-weight: 300; letter-spacing: normal; orphans: 2; text-align: start; text-indent: 0px; text-transform: none; white-space: normal; widows: 2; word-spacing: 0px; -webkit-text-stroke-width: 0px; text-decoration-thickness: initial; text-decoration-style: initial; text-decoration-color: initial;\">realitzar<\/span>\u00a0propostes d&#8217;aprenentatge i servei a Trinitat Nova<br \/>\nCal que fomentem un comprom\u00eds col\u00b7lectiu on els alumnes se sentin implicats i protagonistes de les propostes que desenvolupin.<\/p>\n<p><strong>Fomentant eines i habilitats transversals<\/strong><br \/>\nLes noves tecnologies s\u00f3n una eina per a l&#8217;acc\u00e9s a la informaci\u00f3 i l&#8217;aprenentatge que cal treballar de manera transversal, tot fomentant l&#8217;esperit cr\u00edtic en l&#8217;adquisici\u00f3 d&#8217;informaci\u00f3 i coneixement.<br \/>\nL&#8217;educaci\u00f3 emocional ens permet desenvolupar compet\u00e8ncies per gestionar adequadament capacitats, habilitats i actituds. Aquestes s\u00f3n necess\u00e0ries per comprendre, expressar i prendre consci\u00e8ncia de nosaltres mateixos en una societat en constant evoluci\u00f3, on s\u00f3n<br \/>\nprimordials la cultura i els valors \u00e8tics.<br \/>\n\u00c9s per aquesta ra\u00f3 que creiem primordial propiciar l&#8217;aprenentatge entre iguals que ajuda els alumnes a contextualitzar i fer els aprenentatges significatius.<br \/>\nPartim del repte i l&#8217;acci\u00f3, fem que l&#8217;infant i el jove esdevinguin protagonistes del seu aprenentatge.<br \/>\nCal superar les dificultats i proposar un esfor\u00e7 suplementari. Un alt nivell d&#8217;exig\u00e8ncia ajudar\u00e0 a cada alumne a desenvolupar al m\u00e0xim les seves capacitats.<br \/>\nCreiem fonamental potenciar la lectura sistem\u00e0tica per augmentar la compet\u00e8ncia comunicativa ling\u00fc\u00edstica.<br \/>\nLa compet\u00e8ncia lectora \u00e9s la base de molts aprenentatges i un requisit per participar amb \u00e8xit en bona part dels \u00e0mbits de la vida quotidiana.<\/p>\n<p><strong><span class=\"hiddenSpellError\" style=\"padding-bottom: 2px; background-image: url('..\/..\/..\/..\/..\/images\/squiggle_red.png'); background-repeat: repeat-x; background-position: left bottom; cursor: default; color: #000000; font-family: 'Open Sans', Helvetica, Arial, sans-serif; font-size: 16px; font-style: normal; font-variant-ligatures: normal; font-variant-caps: normal; letter-spacing: normal; orphans: 2; text-align: start; text-indent: 0px; text-transform: none; white-space: normal; widows: 2; word-spacing: 0px; -webkit-text-stroke-width: 0px; text-decoration-thickness: initial; text-decoration-style: initial; text-decoration-color: initial;\">ieTN<\/span>\u00a0un projecte educatiu global col\u00b7laboratiu i de continu\u00eftat<\/strong><br \/>\nQue atengui totes les edats formatives de 0 a 18 anys<br \/>\nQue ofereixi, tamb\u00e9, propostes educatives a infants i fam\u00edlies del barri fora de l&#8217;horari lectiu<br \/>\nOrganitzat en quatre comunitats d&#8217;alumnes que permeten agrupacions acollidores dins un gran centre ple de recursos i oportunitats.<br \/>\nAmb coher\u00e8ncia pedag\u00f2gica i continu\u00eftat<br \/>\nL&#8217;institut escola permet que pugui generar espais col\u00b7laboratius entre alumnes de diferents edats.<br \/>\nLa comunitat, la fam\u00edlia i l&#8217;escola treballem conjuntament per afavorir el desenvolupament ple de l&#8217;infant.<\/p>\n<p><strong>Propostes singulars\u00a0<span class=\"hiddenSpellError\">ieTN<\/span><\/strong><br \/>\n<strong>Projecte 0-7<\/strong> La possibilitat de desenvolupar un projecte de tota l&#8217;etapa d&#8217;educaci\u00f3 infantil esdev\u00e9 tamb\u00e9 una eina de transformaci\u00f3 comunit\u00e0ria.<br \/>\n<span class=\"hiddenGrammarError\"><strong>Audiovisuals<\/strong> Eix<\/span>\u00a0singular per empoderar els alumnes que ajuda a visualitzar una escola que es retroba amb el barri i un barri que reconeix la seva proposta educativa.<br \/>\n<strong>Biblioteca comunit\u00e0ria<\/strong> Espai de dinamitzaci\u00f3 cultural, foment de la lectura i per compartir l&#8217;acci\u00f3 educativa amb les fam\u00edlies, comunitats i\u00a0<span class=\"hiddenGrammarError\" style=\"padding-bottom: 2px; background-image: url('..\/..\/..\/..\/..\/images\/squiggle.png'); background-repeat: repeat-x; background-position: left bottom; cursor: default; color: #000000; font-family: 'Open Sans', Helvetica, Arial, sans-serif; font-size: 16px; font-style: normal; font-variant-ligatures: normal; font-variant-caps: normal; font-weight: 300; letter-spacing: normal; orphans: 2; text-align: start; text-indent: 0px; text-transform: none; white-space: normal; widows: 2; word-spacing: 0px; -webkit-text-stroke-width: 0px; text-decoration-thickness: initial; text-decoration-style: initial; text-decoration-color: initial;\">ve\u00efns.<br \/>\n<strong>Espai<\/strong><\/span><strong>\u00a0Educatiu\u00a0<span class=\"hiddenSpellError\" style=\"padding-bottom: 2px; background-image: url('..\/..\/..\/..\/..\/images\/squiggle_red.png'); background-repeat: repeat-x; background-position: left bottom; cursor: default; color: #000000; font-family: 'Open Sans', Helvetica, Arial, sans-serif; font-size: 16px; font-style: normal; font-variant-ligatures: normal; font-variant-caps: normal; letter-spacing: normal; orphans: 2; text-align: start; text-indent: 0px; text-transform: none; white-space: normal; widows: 2; word-spacing: 0px; -webkit-text-stroke-width: 0px; text-decoration-thickness: initial; text-decoration-style: initial; text-decoration-color: initial;\">TN<\/span><\/strong>\u00a0Principal proposta de visualitzaci\u00f3 d&#8217;un projecte educatiu global\u00a0en el qual\u00a0s&#8217;emmarca l&#8217;<span class=\"hiddenSpellError\" style=\"padding-bottom: 2px; background-image: url('..\/..\/..\/..\/..\/images\/squiggle_red.png'); background-repeat: repeat-x; background-position: left bottom; cursor: default; color: #000000; font-family: 'Open Sans', Helvetica, Arial, sans-serif; font-size: 16px; font-style: normal; font-variant-ligatures: normal; font-variant-caps: normal; font-weight: 300; letter-spacing: normal; orphans: 2; text-align: start; text-indent: 0px; text-transform: none; white-space: normal; widows: 2; word-spacing: 0px; -webkit-text-stroke-width: 0px; text-decoration-thickness: initial; text-decoration-style: initial; text-decoration-color: initial;\">ieTN<\/span>. Espai on infants, joves i fam\u00edlies del barri disposin de propostes educatives i on els nostres alumnes i fam\u00edlies gaudeixin d&#8217;un centre enriquit de propostes, equip professional i equipaments.<\/p>\n","protected":false},"excerpt":{"rendered":"<p>Trets d\u2019identitat del projecte educatiu de l\u2019ieTN<\/p>\n<p>Un centre que acull i acompanya<br \/>\nCreiem en la necessitat de fer un bon acolliment als infants i les seves fam\u00edlies.<br \/>\nCom a centre acollidor treballarem perqu\u00e8 hi hagi un clima de di\u00e0leg, respecte i companyia.<br \/>\nL&#8217;alumnat i les seves fam\u00edlies tindran&hellip;  <a href=\"https:\/\/agora.xtec.cat\/ietn\/projecte-educatiu-2\/\" title=\"Read Projecte educatiu\">Llegeix m\u00e9s\u00bb<\/a><\/p>\n","protected":false},"author":3,"featured_media":0,"parent":0,"menu_order":0,"comment_status":"closed","ping_status":"closed","template":"","meta":{"_bbp_topic_count":0,"_bbp_reply_count":0,"_bbp_total_topic_count":0,"_bbp_total_reply_count":0,"_bbp_voice_count":0,"_bbp_anonymous_reply_count":0,"_bbp_topic_count_hidden":0,"_bbp_reply_count_hidden":0,"_bbp_forum_subforum_count":0,"footnotes":""},"class_list":["post-2647","page","type-page","status-publish","hentry"],"post_mailing_queue_ids":[],"_links":{"self":[{"href":"https:\/\/agora.xtec.cat\/ietn\/wp-json\/wp\/v2\/pages\/2647","targetHints":{"allow":["GET"]}}],"collection":[{"href":"https:\/\/agora.xtec.cat\/ietn\/wp-json\/wp\/v2\/pages"}],"about":[{"href":"https:\/\/agora.xtec.cat\/ietn\/wp-json\/wp\/v2\/types\/page"}],"author":[{"embeddable":true,"href":"https:\/\/agora.xtec.cat\/ietn\/wp-json\/wp\/v2\/users\/3"}],"replies":[{"embeddable":true,"href":"https:\/\/agora.xtec.cat\/ietn\/wp-json\/wp\/v2\/comments?post=2647"}],"version-history":[{"count":3,"href":"https:\/\/agora.xtec.cat\/ietn\/wp-json\/wp\/v2\/pages\/2647\/revisions"}],"predecessor-version":[{"id":5392,"href":"https:\/\/agora.xtec.cat\/ietn\/wp-json\/wp\/v2\/pages\/2647\/revisions\/5392"}],"wp:attachment":[{"href":"https:\/\/agora.xtec.cat\/ietn\/wp-json\/wp\/v2\/media?parent=2647"}],"curies":[{"name":"wp","href":"https:\/\/api.w.org\/{rel}","templated":true}]}}