{"id":81,"date":"2014-09-18T10:38:05","date_gmt":"2014-09-18T10:38:05","guid":{"rendered":"http:\/\/agora.xtec.cat\/ietiler\/?page_id=81"},"modified":"2022-03-13T22:36:42","modified_gmt":"2022-03-13T21:36:42","slug":"secretaria","status":"publish","type":"page","link":"https:\/\/agora.xtec.cat\/ietiler\/secretaria\/","title":{"rendered":"Secretaria"},"content":{"rendered":"<p>En els centres d&#8217;ensenyament\u00a0 tenim a la vostra disposici\u00f3 la secretaria, encarregada de la gesti\u00f3 administrativa del centre. La pres\u00e8ncia al nostre centre \u00e9s els dimecres i els dijous, ja que compartim aquesta figura amb l&#8217;escola del Bar\u00f3 de Viver.<\/p>\n<p>La nostra administrativa \u00e9s la N\u00faria Monz\u00f3.<\/p>\n<ul>\n<li>Horari d&#8217;atenci\u00f3: dimecres i dijous de 9:00 a 17:00h<\/li>\n<li>Tr\u00e0mits<\/li>\n<li>Preinscripci\u00f3 i Matr\u00edcula<\/li>\n<li><a href=\"http:\/\/agora.xtec.cat\/ietiler\/docs\/?bpd_tag=secretaria\">Documents<\/a><\/li>\n<li>Beques i ajuts<\/li>\n<li>Proves d&#8217;acc\u00e9s als cicles formatius<\/li>\n<li>Qualsevol informaci\u00f3 per canvi de centre<\/li>\n<\/ul>\n<p>&nbsp;<\/p>\n","protected":false},"excerpt":{"rendered":"<p>En els centres d&#8217;ensenyament\u00a0 tenim a la vostra disposici\u00f3 la secretaria, encarregada de la gesti\u00f3 administrativa del centre. La pres\u00e8ncia al nostre centre \u00e9s els dimecres i els dijous, ja que compartim aquesta figura amb l&#8217;escola del Bar\u00f3 de Viver.<br \/>\nLa nostra administrativa \u00e9s la N\u00faria&hellip;  <a href=\"https:\/\/agora.xtec.cat\/ietiler\/secretaria\/\" title=\"Read Secretaria\">Llegeix m\u00e9s\u00bb<\/a><\/p>\n","protected":false},"author":1,"featured_media":0,"parent":0,"menu_order":0,"comment_status":"closed","ping_status":"closed","template":"","meta":{"_bbp_topic_count":0,"_bbp_reply_count":0,"_bbp_total_topic_count":0,"_bbp_total_reply_count":0,"_bbp_voice_count":0,"_bbp_anonymous_reply_count":0,"_bbp_topic_count_hidden":0,"_bbp_reply_count_hidden":0,"_bbp_forum_subforum_count":0,"footnotes":""},"class_list":["post-81","page","type-page","status-publish","hentry"],"post_mailing_queue_ids":[],"_links":{"self":[{"href":"https:\/\/agora.xtec.cat\/ietiler\/wp-json\/wp\/v2\/pages\/81","targetHints":{"allow":["GET"]}}],"collection":[{"href":"https:\/\/agora.xtec.cat\/ietiler\/wp-json\/wp\/v2\/pages"}],"about":[{"href":"https:\/\/agora.xtec.cat\/ietiler\/wp-json\/wp\/v2\/types\/page"}],"author":[{"embeddable":true,"href":"https:\/\/agora.xtec.cat\/ietiler\/wp-json\/wp\/v2\/users\/1"}],"replies":[{"embeddable":true,"href":"https:\/\/agora.xtec.cat\/ietiler\/wp-json\/wp\/v2\/comments?post=81"}],"version-history":[{"count":3,"href":"https:\/\/agora.xtec.cat\/ietiler\/wp-json\/wp\/v2\/pages\/81\/revisions"}],"predecessor-version":[{"id":3012,"href":"https:\/\/agora.xtec.cat\/ietiler\/wp-json\/wp\/v2\/pages\/81\/revisions\/3012"}],"wp:attachment":[{"href":"https:\/\/agora.xtec.cat\/ietiler\/wp-json\/wp\/v2\/media?parent=81"}],"curies":[{"name":"wp","href":"https:\/\/api.w.org\/{rel}","templated":true}]}}