{"id":690,"date":"2014-09-18T14:10:51","date_gmt":"2014-09-18T13:10:51","guid":{"rendered":"http:\/\/agora.xtec.cat\/ceipbernatdeboil\/?page_id=82"},"modified":"2022-03-13T22:27:58","modified_gmt":"2022-03-13T21:27:58","slug":"ciber-casal","status":"publish","type":"page","link":"https:\/\/agora.xtec.cat\/ietiler\/serveis-2\/ciber-casal\/","title":{"rendered":"Ciber Casal"},"content":{"rendered":"<p class=\"cos_de_text\">Us volem explicar que al Casal Infantil Bon Pastor hem constru\u00eft un espai on divertir-nos. Un punt de trobada on aprendre jugant, un lloc on tots els nens i nenes podem dir la nostra!!<\/p>\n<p class=\"cos_de_text\">Ens reunim a l\u2019Institut Escola El Til.ler de dilluns a divendres, de 16\u201930 a 18\u201945. Tots sabem quin \u00e9s el nostre grup. Estem els petits que anem de P4 a 2n ; i els grans de l\u2019escola de 3r a 6\u00e9.<\/p>\n<p class=\"cos_de_text\">Fem moltes activitats, un dia jocs i esport a l\u2019aire lliure, un altre ludoteca i ciberaula, i tamb\u00e9 tallers molt divertits!!<\/p>\n<p class=\"cos_de_text\">Utilitzem els seg\u00fcents espais del centre : L\u2019aula taller, l&#8217;aula de psicomotricitat, el pati i la Ciberaula.<\/p>\n<p class=\"cos_de_text\">Alguns dels nostres objectius s\u00f3n:<\/p>\n<ul class=\"cos_de_text\">\n<li>Afavorir el desenvolupament d\u2019habilitats socials I l\u2019adquisici\u00f3 de valors.<\/li>\n<li>Educar en l\u2019\u00fas adquat dels temps lliure.<\/li>\n<li>Potenciar l\u2019\u00fas de les tecnologies de la informaci\u00f3 i la comunicaci\u00f3 a partir dels recursos inform\u00e0tics.<\/li>\n<\/ul>\n<p class=\"cos_de_text\">El calendari \u00e9s el mateix que l\u2019escolar. Tamb\u00e9 oferim casal de Setmana Santa, Nadal i Estiu.<\/p>\n<ul class=\"cos_de_text\">\n<li>Podeu consultar preus i places disponibles, contacteu amb la Marta Costa, coordinadora del servei.<\/li>\n<\/ul>\n<p>&nbsp;<\/p>\n","protected":false},"excerpt":{"rendered":"<p>Us volem explicar que al Casal Infantil Bon Pastor hem constru\u00eft un espai on divertir-nos. Un punt de trobada on aprendre jugant, un lloc on tots els nens i nenes podem dir la nostra!!<br \/>\nEns reunim a l\u2019Institut Escola El Til.ler de dilluns a divendres, de&hellip;  <a href=\"https:\/\/agora.xtec.cat\/ietiler\/serveis-2\/ciber-casal\/\" title=\"Read Ciber Casal\">Llegeix m\u00e9s\u00bb<\/a><\/p>\n","protected":false},"author":2,"featured_media":0,"parent":686,"menu_order":50,"comment_status":"closed","ping_status":"closed","template":"page-templates\/side-menu.php","meta":{"_bbp_topic_count":0,"_bbp_reply_count":0,"_bbp_total_topic_count":0,"_bbp_total_reply_count":0,"_bbp_voice_count":0,"_bbp_anonymous_reply_count":0,"_bbp_topic_count_hidden":0,"_bbp_reply_count_hidden":0,"_bbp_forum_subforum_count":0,"footnotes":""},"class_list":["post-690","page","type-page","status-publish","hentry"],"post_mailing_queue_ids":[],"_links":{"self":[{"href":"https:\/\/agora.xtec.cat\/ietiler\/wp-json\/wp\/v2\/pages\/690","targetHints":{"allow":["GET"]}}],"collection":[{"href":"https:\/\/agora.xtec.cat\/ietiler\/wp-json\/wp\/v2\/pages"}],"about":[{"href":"https:\/\/agora.xtec.cat\/ietiler\/wp-json\/wp\/v2\/types\/page"}],"author":[{"embeddable":true,"href":"https:\/\/agora.xtec.cat\/ietiler\/wp-json\/wp\/v2\/users\/2"}],"replies":[{"embeddable":true,"href":"https:\/\/agora.xtec.cat\/ietiler\/wp-json\/wp\/v2\/comments?post=690"}],"version-history":[{"count":1,"href":"https:\/\/agora.xtec.cat\/ietiler\/wp-json\/wp\/v2\/pages\/690\/revisions"}],"predecessor-version":[{"id":3009,"href":"https:\/\/agora.xtec.cat\/ietiler\/wp-json\/wp\/v2\/pages\/690\/revisions\/3009"}],"up":[{"embeddable":true,"href":"https:\/\/agora.xtec.cat\/ietiler\/wp-json\/wp\/v2\/pages\/686"}],"wp:attachment":[{"href":"https:\/\/agora.xtec.cat\/ietiler\/wp-json\/wp\/v2\/media?parent=690"}],"curies":[{"name":"wp","href":"https:\/\/api.w.org\/{rel}","templated":true}]}}