{"id":688,"date":"2026-03-10T19:55:51","date_gmt":"2026-03-10T18:55:51","guid":{"rendered":"http:\/\/agora.xtec.cat\/ceipbernatdeboil\/?page_id=73"},"modified":"2026-03-13T12:17:06","modified_gmt":"2026-03-13T11:17:06","slug":"menjador-escolar","status":"publish","type":"page","link":"https:\/\/agora.xtec.cat\/ietiler\/serveis-2\/menjador-escolar\/","title":{"rendered":"Menjador escolar: Espai Migdia"},"content":{"rendered":"<p>El servei de menjador s&#8217;inicia el dia de setembre que comen\u00e7a el curs des de I4 a 6\u00e8 i tota la secund\u00e0ria. Els alumnes de I3 comen\u00e7aran un cop feta l&#8217;adaptaci\u00f3.<\/p>\n<p>Aquest espai ofereix una atenci\u00f3 molt personalitzada. Hi ha\u00a0 monitors i monitores en quantitat segons la r\u00e0tio oficial, i tenen al seu c\u00e0rrec un n\u00famero determinat de nens i nenes.<\/p>\n<p>Si feu clic al seg\u00fcent enlla\u00e7 podreu veure el <a href=\"https:\/\/agora.xtec.cat\/ietiler\/wp-content\/uploads\/usu403\/2026\/03\/Pla-de-funcionament-del-menjador-Tiler.pdf\">Pla de funcionament del menjador<\/a> de l&#8217;IE El Til\u00b7ler.<\/p>\n","protected":false},"excerpt":{"rendered":"<p>El servei de menjador s&#8217;inicia el dia de setembre que comen\u00e7a el curs des de I4 a 6\u00e8 i tota la secund\u00e0ria. Els alumnes de I3 comen\u00e7aran un cop feta l&#8217;adaptaci\u00f3.<br \/>\nAquest espai ofereix una atenci\u00f3 molt personalitzada. Hi ha\u00a0 monitors i monitores en quantitat segons&hellip;  <a href=\"https:\/\/agora.xtec.cat\/ietiler\/serveis-2\/menjador-escolar\/\" title=\"Read Menjador escolar: Espai Migdia\">Llegeix m\u00e9s\u00bb<\/a><\/p>\n","protected":false},"author":2,"featured_media":0,"parent":686,"menu_order":30,"comment_status":"closed","ping_status":"closed","template":"page-templates\/side-menu.php","meta":{"_bbp_topic_count":0,"_bbp_reply_count":0,"_bbp_total_topic_count":0,"_bbp_total_reply_count":0,"_bbp_voice_count":0,"_bbp_anonymous_reply_count":0,"_bbp_topic_count_hidden":0,"_bbp_reply_count_hidden":0,"_bbp_forum_subforum_count":0,"footnotes":""},"class_list":["post-688","page","type-page","status-publish","hentry"],"post_mailing_queue_ids":[],"_links":{"self":[{"href":"https:\/\/agora.xtec.cat\/ietiler\/wp-json\/wp\/v2\/pages\/688","targetHints":{"allow":["GET"]}}],"collection":[{"href":"https:\/\/agora.xtec.cat\/ietiler\/wp-json\/wp\/v2\/pages"}],"about":[{"href":"https:\/\/agora.xtec.cat\/ietiler\/wp-json\/wp\/v2\/types\/page"}],"author":[{"embeddable":true,"href":"https:\/\/agora.xtec.cat\/ietiler\/wp-json\/wp\/v2\/users\/2"}],"replies":[{"embeddable":true,"href":"https:\/\/agora.xtec.cat\/ietiler\/wp-json\/wp\/v2\/comments?post=688"}],"version-history":[{"count":4,"href":"https:\/\/agora.xtec.cat\/ietiler\/wp-json\/wp\/v2\/pages\/688\/revisions"}],"predecessor-version":[{"id":3786,"href":"https:\/\/agora.xtec.cat\/ietiler\/wp-json\/wp\/v2\/pages\/688\/revisions\/3786"}],"up":[{"embeddable":true,"href":"https:\/\/agora.xtec.cat\/ietiler\/wp-json\/wp\/v2\/pages\/686"}],"wp:attachment":[{"href":"https:\/\/agora.xtec.cat\/ietiler\/wp-json\/wp\/v2\/media?parent=688"}],"curies":[{"name":"wp","href":"https:\/\/api.w.org\/{rel}","templated":true}]}}