{"id":684,"date":"2014-09-18T12:33:11","date_gmt":"2014-09-18T11:33:11","guid":{"rendered":"http:\/\/agora.xtec.cat\/ceipbernatdeboil\/?page_id=36"},"modified":"2014-09-18T12:33:11","modified_gmt":"2014-09-18T11:33:11","slug":"material-escolar","status":"publish","type":"page","link":"https:\/\/agora.xtec.cat\/ietiler\/lescola\/material-escolar\/","title":{"rendered":"Material escolar"},"content":{"rendered":"<p>Descripci\u00f3 i enumeraci\u00f3 del material escolar que els alumnes i fam\u00edlies necessitaran per al nivell educatiu corresponent, \u00e9s recomanable diferenciar les diferents tipologies de material escolar necessari (llibres de text, lectures, dispositius digitals, material de taller, de dibuix\u2026)<\/p>\n<p>A l&#8217;escola considerem que per a dur a terme un bon ensenyament-aprenentatge cal utilitzar diversos materials escolars:<\/p>\n<p>A la Comunitat de petits utilitzem llibres d&#8217;imatges, llibres de consulta i llibres de lectura, tots ells socialitzats.<\/p>\n<p>A Prim\u00e0ria i l&#8217;ESO utilitzem llibres de text per a treballar les mat\u00e8ries instrumentals: matem\u00e0tiques, quaderns per catal\u00e0 i llibre d&#8217;angl\u00e8s.<br \/>\nEls llibres socialitzats s\u00f3n: llibres de text de medi, per refor\u00e7ar el treball de projectes, llibres de lectura i llibres de consulta.<\/p>\n<p>Els dispositius digitals els aporta el centre, aix\u00ed com els materials pels tallers, ambients, pl\u00e0stica&#8230;<\/p>\n<p>Tot l&#8217;alumnat ha de dur un cop a l&#8217;any un llistat de material fungible que se&#8217;ls d\u00f3na a les fam\u00edlies.<\/p>\n","protected":false},"excerpt":{"rendered":"<p>Descripci\u00f3 i enumeraci\u00f3 del material escolar que els alumnes i fam\u00edlies necessitaran per al nivell educatiu corresponent, \u00e9s recomanable diferenciar les diferents tipologies de material escolar necessari (llibres de text, lectures, dispositius digitals, material de taller, de dibuix\u2026)<br \/>\nA l&#8217;escola considerem que per a dur a&hellip;  <a href=\"https:\/\/agora.xtec.cat\/ietiler\/lescola\/material-escolar\/\" title=\"Read Material escolar\">Llegeix m\u00e9s\u00bb<\/a><\/p>\n","protected":false},"author":2,"featured_media":0,"parent":22,"menu_order":70,"comment_status":"closed","ping_status":"closed","template":"page-templates\/side-menu.php","meta":{"_bbp_topic_count":0,"_bbp_reply_count":0,"_bbp_total_topic_count":0,"_bbp_total_reply_count":0,"_bbp_voice_count":0,"_bbp_anonymous_reply_count":0,"_bbp_topic_count_hidden":0,"_bbp_reply_count_hidden":0,"_bbp_forum_subforum_count":0,"footnotes":""},"class_list":["post-684","page","type-page","status-publish","hentry"],"post_mailing_queue_ids":[],"_links":{"self":[{"href":"https:\/\/agora.xtec.cat\/ietiler\/wp-json\/wp\/v2\/pages\/684","targetHints":{"allow":["GET"]}}],"collection":[{"href":"https:\/\/agora.xtec.cat\/ietiler\/wp-json\/wp\/v2\/pages"}],"about":[{"href":"https:\/\/agora.xtec.cat\/ietiler\/wp-json\/wp\/v2\/types\/page"}],"author":[{"embeddable":true,"href":"https:\/\/agora.xtec.cat\/ietiler\/wp-json\/wp\/v2\/users\/2"}],"replies":[{"embeddable":true,"href":"https:\/\/agora.xtec.cat\/ietiler\/wp-json\/wp\/v2\/comments?post=684"}],"version-history":[{"count":0,"href":"https:\/\/agora.xtec.cat\/ietiler\/wp-json\/wp\/v2\/pages\/684\/revisions"}],"up":[{"embeddable":true,"href":"https:\/\/agora.xtec.cat\/ietiler\/wp-json\/wp\/v2\/pages\/22"}],"wp:attachment":[{"href":"https:\/\/agora.xtec.cat\/ietiler\/wp-json\/wp\/v2\/media?parent=684"}],"curies":[{"name":"wp","href":"https:\/\/api.w.org\/{rel}","templated":true}]}}