{"id":683,"date":"2014-09-18T12:32:18","date_gmt":"2014-09-18T11:32:18","guid":{"rendered":"http:\/\/agora.xtec.cat\/ceipbernatdeboil\/?page_id=34"},"modified":"2022-02-22T10:13:35","modified_gmt":"2022-02-22T09:13:35","slug":"oferta-educativa","status":"publish","type":"page","link":"https:\/\/agora.xtec.cat\/ietiler\/lescola\/oferta-educativa\/","title":{"rendered":"Oferta educativa"},"content":{"rendered":"<p>L&#8217;Institut Escola El Til.ler \u00e9s un centre de nova creaci\u00f3 des del 2017, de creixement. En aquests moments, ja disposa de dues l\u00ednies a la comunitat de petits.<\/p>\n<p><strong>Comunitat de petits<\/strong>: de 3 anys a 6 anys.<br \/>\n<strong>Comunitat de mitjans<\/strong>: de 6 a 9 anys.<br \/>\n<strong>Comunitat de grans<\/strong>: de 9 a 12 anys.<br \/>\n<strong>Comunitat de joves<\/strong>: de 12 a 16 anys.<\/p>\n<p>El centre,\u00a0 participa en projectes educatius inclosos en l&#8217;horari lectiu, que donen resposta al projecte singular de m\u00fasica del centre ( Maria Canals, Sudansa, Visual sonora), de treball des de l&#8217;ag\u00e8ncia de salut p\u00fablica (creixem sans, parlem-ne, ja nedo) i projectes de col\u00b7laboraci\u00f3 amb les universitats (Fons de coneixement, identitart, micreate) entre altres.<\/p>\n<p>&nbsp;<\/p>\n","protected":false},"excerpt":{"rendered":"<p>L&#8217;Institut Escola El Til.ler \u00e9s un centre de nova creaci\u00f3 des del 2017, de creixement. En aquests moments, ja disposa de dues l\u00ednies a la comunitat de petits.<br \/>\nComunitat de petits: de 3 anys a 6 anys.<br \/>\nComunitat de mitjans: de 6 a 9 anys.<br \/>\nComunitat de grans:&hellip;  <a href=\"https:\/\/agora.xtec.cat\/ietiler\/lescola\/oferta-educativa\/\" title=\"Read Oferta educativa\">Llegeix m\u00e9s\u00bb<\/a><\/p>\n","protected":false},"author":2,"featured_media":0,"parent":22,"menu_order":60,"comment_status":"closed","ping_status":"closed","template":"page-templates\/side-menu.php","meta":{"_bbp_topic_count":0,"_bbp_reply_count":0,"_bbp_total_topic_count":0,"_bbp_total_reply_count":0,"_bbp_voice_count":0,"_bbp_anonymous_reply_count":0,"_bbp_topic_count_hidden":0,"_bbp_reply_count_hidden":0,"_bbp_forum_subforum_count":0,"footnotes":""},"class_list":["post-683","page","type-page","status-publish","hentry"],"post_mailing_queue_ids":[],"_links":{"self":[{"href":"https:\/\/agora.xtec.cat\/ietiler\/wp-json\/wp\/v2\/pages\/683","targetHints":{"allow":["GET"]}}],"collection":[{"href":"https:\/\/agora.xtec.cat\/ietiler\/wp-json\/wp\/v2\/pages"}],"about":[{"href":"https:\/\/agora.xtec.cat\/ietiler\/wp-json\/wp\/v2\/types\/page"}],"author":[{"embeddable":true,"href":"https:\/\/agora.xtec.cat\/ietiler\/wp-json\/wp\/v2\/users\/2"}],"replies":[{"embeddable":true,"href":"https:\/\/agora.xtec.cat\/ietiler\/wp-json\/wp\/v2\/comments?post=683"}],"version-history":[{"count":3,"href":"https:\/\/agora.xtec.cat\/ietiler\/wp-json\/wp\/v2\/pages\/683\/revisions"}],"predecessor-version":[{"id":2981,"href":"https:\/\/agora.xtec.cat\/ietiler\/wp-json\/wp\/v2\/pages\/683\/revisions\/2981"}],"up":[{"embeddable":true,"href":"https:\/\/agora.xtec.cat\/ietiler\/wp-json\/wp\/v2\/pages\/22"}],"wp:attachment":[{"href":"https:\/\/agora.xtec.cat\/ietiler\/wp-json\/wp\/v2\/media?parent=683"}],"curies":[{"name":"wp","href":"https:\/\/api.w.org\/{rel}","templated":true}]}}