{"id":682,"date":"2014-09-18T12:31:33","date_gmt":"2014-09-18T11:31:33","guid":{"rendered":"http:\/\/agora.xtec.cat\/ceipbernatdeboil\/?page_id=32"},"modified":"2024-09-12T10:15:32","modified_gmt":"2024-09-12T08:15:32","slug":"calendari-i-horari-del-curs","status":"publish","type":"page","link":"https:\/\/agora.xtec.cat\/ietiler\/lescola\/calendari-i-horari-del-curs\/","title":{"rendered":"Calendari i horari del curs 24-25"},"content":{"rendered":"<h5><strong>Horari escolar:<\/strong><\/h5>\n<p><strong>Educaci\u00f3 Infantil i Prim\u00e0ria:<\/strong> De 9h a 12:30h \/ De 14:30h a 16h<\/p>\n<p><strong>Educaci\u00f3 Secund\u00e0ria Obligat\u00f2ria<\/strong>: de 8:00 a 14:00 de dilluns a divendres excepte dijous de 8h a 13:30h. Tardes: dilluns i dimarts de 15:00 a 16:30h.<\/p>\n<hr \/>\n<h5><strong>Calendari<\/strong><\/h5>\n<p><a href=\"https:\/\/agora.xtec.cat\/ietiler\/wp-content\/uploads\/usu403\/2024\/09\/Calendari-24-25.pdf\"><img loading=\"lazy\" decoding=\"async\" class=\"aligncenter size-full wp-image-3563\" src=\"https:\/\/agora.xtec.cat\/ietiler\/wp-content\/uploads\/usu403\/2024\/09\/Captura-de-pantalla-2024-09-12-101044.jpg\" alt=\"\" width=\"571\" height=\"811\" srcset=\"https:\/\/agora.xtec.cat\/ietiler\/wp-content\/uploads\/usu403\/2024\/09\/Captura-de-pantalla-2024-09-12-101044.jpg 571w, https:\/\/agora.xtec.cat\/ietiler\/wp-content\/uploads\/usu403\/2024\/09\/Captura-de-pantalla-2024-09-12-101044-211x300.jpg 211w\" sizes=\"auto, (max-width: 571px) 100vw, 571px\" \/><\/a><\/p>\n<p><strong>\u00a0<\/strong><\/p>\n<table style=\"height: 49px;\">\n<tbody>\n<tr style=\"height: 49px;\">\n<td style=\"height: 49px;\"><strong>M\u00e9s informaci\u00f3 del <a href=\"https:\/\/www.edubcn.cat\/ca\/centres_serveis_educatius\/centres_educatius\/gestio_centres\/calendari_escolar\/2024_2025\">calendari escolar a la p\u00e0gina del CONSORCI D&#8217;EDUCACI\u00d3 DE BARCELONA <\/a><\/strong><\/td>\n<\/tr>\n<\/tbody>\n<\/table>\n<p>&nbsp;<\/p>\n","protected":false},"excerpt":{"rendered":"<p>Horari escolar:<br \/>\nEducaci\u00f3 Infantil i Prim\u00e0ria: De 9h a 12:30h \/ De 14:30h a 16h<br \/>\nEducaci\u00f3 Secund\u00e0ria Obligat\u00f2ria: de 8:00 a 14:00 de dilluns a divendres excepte dijous de 8h a 13:30h. Tardes: dilluns i dimarts de 15:00 a 16:30h.<\/p>\n<p>Calendari<br \/>\n<a href=\"https:\/\/agora.xtec.cat\/ietiler\/wp-content\/uploads\/usu403\/2024\/09\/Calendari-24-25.pdf\"><\/a><br \/>\n\u00a0<\/p>\n<p>M\u00e9s informaci\u00f3 del <a href=\"https:\/\/www.edubcn.cat\/ca\/centres_serveis_educatius\/centres_educatius\/gestio_centres\/calendari_escolar\/2024_2025\">calendari escolar a&hellip;  <a href=\"https:\/\/agora.xtec.cat\/ietiler\/lescola\/calendari-i-horari-del-curs\/\" title=\"Read Calendari i horari del curs 24-25\">Llegeix m\u00e9s\u00bb<\/a><\/p>\n","protected":false},"author":2,"featured_media":0,"parent":22,"menu_order":50,"comment_status":"closed","ping_status":"closed","template":"page-templates\/side-menu.php","meta":{"_bbp_topic_count":0,"_bbp_reply_count":0,"_bbp_total_topic_count":0,"_bbp_total_reply_count":0,"_bbp_voice_count":0,"_bbp_anonymous_reply_count":0,"_bbp_topic_count_hidden":0,"_bbp_reply_count_hidden":0,"_bbp_forum_subforum_count":0,"footnotes":""},"class_list":["post-682","page","type-page","status-publish","hentry"],"post_mailing_queue_ids":[],"_links":{"self":[{"href":"https:\/\/agora.xtec.cat\/ietiler\/wp-json\/wp\/v2\/pages\/682","targetHints":{"allow":["GET"]}}],"collection":[{"href":"https:\/\/agora.xtec.cat\/ietiler\/wp-json\/wp\/v2\/pages"}],"about":[{"href":"https:\/\/agora.xtec.cat\/ietiler\/wp-json\/wp\/v2\/types\/page"}],"author":[{"embeddable":true,"href":"https:\/\/agora.xtec.cat\/ietiler\/wp-json\/wp\/v2\/users\/2"}],"replies":[{"embeddable":true,"href":"https:\/\/agora.xtec.cat\/ietiler\/wp-json\/wp\/v2\/comments?post=682"}],"version-history":[{"count":6,"href":"https:\/\/agora.xtec.cat\/ietiler\/wp-json\/wp\/v2\/pages\/682\/revisions"}],"predecessor-version":[{"id":1634,"href":"https:\/\/agora.xtec.cat\/ietiler\/wp-json\/wp\/v2\/pages\/682\/revisions\/1634"}],"up":[{"embeddable":true,"href":"https:\/\/agora.xtec.cat\/ietiler\/wp-json\/wp\/v2\/pages\/22"}],"wp:attachment":[{"href":"https:\/\/agora.xtec.cat\/ietiler\/wp-json\/wp\/v2\/media?parent=682"}],"curies":[{"name":"wp","href":"https:\/\/api.w.org\/{rel}","templated":true}]}}