{"id":681,"date":"2014-09-18T12:30:23","date_gmt":"2014-09-18T11:30:23","guid":{"rendered":"http:\/\/agora.xtec.cat\/ceipbernatdeboil\/?page_id=30"},"modified":"2022-02-17T12:00:12","modified_gmt":"2022-02-17T11:00:12","slug":"instal%c2%b7lacions","status":"publish","type":"page","link":"https:\/\/agora.xtec.cat\/ietiler\/lescola\/instal%c2%b7lacions\/","title":{"rendered":"Instal\u00b7lacions"},"content":{"rendered":"<p>El centre gaudeix de tot tipus d&#8217;instal\u00b7lacions per a dur a terme el nostre treball educatiu. Tenim espais que compartim com ara: l&#8217;aula de psicomotrocitat, d&#8217;inform\u00e0tica, la biblioteca, l&#8217;aula de joc, l&#8217;aula taller, l&#8217;aula de m\u00fasica, el menjador i les instal\u00b7lacions esportives del Poliesportiu Bon Pastor (piscina, camp de gespa, gimn\u00e0s).<\/p>\n<p>Tenim les aules de la Comunitat de Petits a la planta baixa i primera planta de l&#8217;edifici, les de la Comunitat de Mitjans a la segona planta i les de la Comunitat de Grans a la tercera planta. Cada aula t\u00e9 un <em>&#8220;English corner&#8221;<\/em> on tenim el material necessari per treballar.<\/p>\n<p>Joves est\u00e0 ubicat a m\u00f2duls, aix\u00ed com l&#8217;Aula d&#8217;acollida, el laboratori i la sala de psicomotricitat.<br \/>\nTotes les aules tenen una pantalla, un reproductor i un ordinador connectat a internet. Tenim ordinadors port\u00e0tils i iPads per ser utilitzats a totes les aules.<\/p>\n<p>Aquest curs, hem fet obres per disposar de tres aules de m\u00fasica, donant resposta a la implementaci\u00f3 del nostre projecte musical.<\/p>\n<p>El passat curs 20-21 vam implementar tota la secund\u00e0ria al nostre projecte (comunitat de grans).<\/p>\n<p>Est\u00e0 previst que, en un futur, es facin obres per habilitar un nou edifici destinat a tota la Comunitat de Joves.<\/p>\n","protected":false},"excerpt":{"rendered":"<p>El centre gaudeix de tot tipus d&#8217;instal\u00b7lacions per a dur a terme el nostre treball educatiu. Tenim espais que compartim com ara: l&#8217;aula de psicomotrocitat, d&#8217;inform\u00e0tica, la biblioteca, l&#8217;aula de joc, l&#8217;aula taller, l&#8217;aula de m\u00fasica, el menjador i les instal\u00b7lacions esportives del Poliesportiu Bon&hellip;  <a href=\"https:\/\/agora.xtec.cat\/ietiler\/lescola\/instal%c2%b7lacions\/\" title=\"Read Instal\u00b7lacions\">Llegeix m\u00e9s\u00bb<\/a><\/p>\n","protected":false},"author":2,"featured_media":0,"parent":22,"menu_order":40,"comment_status":"closed","ping_status":"closed","template":"page-templates\/side-menu.php","meta":{"_bbp_topic_count":0,"_bbp_reply_count":0,"_bbp_total_topic_count":0,"_bbp_total_reply_count":0,"_bbp_voice_count":0,"_bbp_anonymous_reply_count":0,"_bbp_topic_count_hidden":0,"_bbp_reply_count_hidden":0,"_bbp_forum_subforum_count":0,"footnotes":""},"class_list":["post-681","page","type-page","status-publish","hentry"],"post_mailing_queue_ids":[],"_links":{"self":[{"href":"https:\/\/agora.xtec.cat\/ietiler\/wp-json\/wp\/v2\/pages\/681","targetHints":{"allow":["GET"]}}],"collection":[{"href":"https:\/\/agora.xtec.cat\/ietiler\/wp-json\/wp\/v2\/pages"}],"about":[{"href":"https:\/\/agora.xtec.cat\/ietiler\/wp-json\/wp\/v2\/types\/page"}],"author":[{"embeddable":true,"href":"https:\/\/agora.xtec.cat\/ietiler\/wp-json\/wp\/v2\/users\/2"}],"replies":[{"embeddable":true,"href":"https:\/\/agora.xtec.cat\/ietiler\/wp-json\/wp\/v2\/comments?post=681"}],"version-history":[{"count":3,"href":"https:\/\/agora.xtec.cat\/ietiler\/wp-json\/wp\/v2\/pages\/681\/revisions"}],"predecessor-version":[{"id":2978,"href":"https:\/\/agora.xtec.cat\/ietiler\/wp-json\/wp\/v2\/pages\/681\/revisions\/2978"}],"up":[{"embeddable":true,"href":"https:\/\/agora.xtec.cat\/ietiler\/wp-json\/wp\/v2\/pages\/22"}],"wp:attachment":[{"href":"https:\/\/agora.xtec.cat\/ietiler\/wp-json\/wp\/v2\/media?parent=681"}],"curies":[{"name":"wp","href":"https:\/\/api.w.org\/{rel}","templated":true}]}}