{"id":675,"date":"2014-09-18T12:24:32","date_gmt":"2014-09-18T11:24:32","guid":{"rendered":"http:\/\/agora.xtec.cat\/ceipbernatdeboil\/?page_id=26"},"modified":"2022-05-25T12:37:43","modified_gmt":"2022-05-25T10:37:43","slug":"qui-som","status":"publish","type":"page","link":"https:\/\/agora.xtec.cat\/ietiler\/lescola\/qui-som\/","title":{"rendered":"Qui som"},"content":{"rendered":"<p>Som un institut escola p\u00fablic on el nostre objectiu principal \u00e9s oferir un bon ambient d&#8217;aprenentatge i de relaci\u00f3 entre tota la comunitat educativa, per aconseguir del centre un lloc on poder cr\u00e9ixer i aprendre plegats.<\/p>\n<ul>\n<li>A la nostra escola el m\u00e9s important \u00e9s atendre les diferents necessitats dels alumnes.<\/li>\n<li>Promovem unes relacions que afavoreixen l\u2019aprenentatge i la descoberta.<\/li>\n<li>Entenem l\u2019escola com una comunitat en la que col\u00b7laboren els mestres, els nens i nenes i les seves fam\u00edlies.<\/li>\n<li>Oportunitat dels infants de sentir-se reconeguts.<\/li>\n<\/ul>\n<p>A continuaci\u00f3 us deixem un fullet informatiu i uns v\u00eddeos per con\u00e8ixer l&#8217;escola, benvinguts!<\/p>\n<p><a href=\"https:\/\/agora.xtec.cat\/ietiler\/wp-content\/uploads\/usu403\/2020\/05\/triptic-Til\u00b7ler.pdf\">Presentaci\u00f3 Til\u00b7ler<\/a><\/p>\n<p><iframe loading=\"lazy\" src=\"\/\/www.youtube.com\/embed\/lBR1-kjnKsI\" width=\"560\" height=\"314\" allowfullscreen=\"allowfullscreen\"><\/iframe><\/p>\n<p><iframe loading=\"lazy\" src=\"\/\/www.youtube.com\/embed\/XEX52buhyDI\" width=\"560\" height=\"314\"><\/iframe><\/p>\n<p><iframe loading=\"lazy\" src=\"\/\/www.youtube.com\/embed\/Bn06WESdoLM\" width=\"560\" height=\"314\"><\/iframe><\/p>\n<p>&nbsp;<\/p>\n","protected":false},"excerpt":{"rendered":"<p>Som un institut escola p\u00fablic on el nostre objectiu principal \u00e9s oferir un bon ambient d&#8217;aprenentatge i de relaci\u00f3 entre tota la comunitat educativa, per aconseguir del centre un lloc on poder cr\u00e9ixer i aprendre plegats.<\/p>\n<ul>\n<li>A la nostra escola el m\u00e9s important \u00e9s atendre les&hellip;  <a href=\"https:\/\/agora.xtec.cat\/ietiler\/lescola\/qui-som\/\" title=\"Read Qui som\">Llegeix m\u00e9s\u00bb<\/a><br \/>\n","protected":false},"author":2,"featured_media":0,"parent":22,"menu_order":20,"comment_status":"closed","ping_status":"closed","template":"page-templates\/side-menu.php","meta":{"_bbp_topic_count":0,"_bbp_reply_count":0,"_bbp_total_topic_count":0,"_bbp_total_reply_count":0,"_bbp_voice_count":0,"_bbp_anonymous_reply_count":0,"_bbp_topic_count_hidden":0,"_bbp_reply_count_hidden":0,"_bbp_forum_subforum_count":0,"footnotes":""},"class_list":["post-675","page","type-page","status-publish","hentry"],"post_mailing_queue_ids":[],"_links":{"self":[{"href":"https:\/\/agora.xtec.cat\/ietiler\/wp-json\/wp\/v2\/pages\/675","targetHints":{"allow":["GET"]}}],"collection":[{"href":"https:\/\/agora.xtec.cat\/ietiler\/wp-json\/wp\/v2\/pages"}],"about":[{"href":"https:\/\/agora.xtec.cat\/ietiler\/wp-json\/wp\/v2\/types\/page"}],"author":[{"embeddable":true,"href":"https:\/\/agora.xtec.cat\/ietiler\/wp-json\/wp\/v2\/users\/2"}],"replies":[{"embeddable":true,"href":"https:\/\/agora.xtec.cat\/ietiler\/wp-json\/wp\/v2\/comments?post=675"}],"version-history":[{"count":4,"href":"https:\/\/agora.xtec.cat\/ietiler\/wp-json\/wp\/v2\/pages\/675\/revisions"}],"predecessor-version":[{"id":3038,"href":"https:\/\/agora.xtec.cat\/ietiler\/wp-json\/wp\/v2\/pages\/675\/revisions\/3038"}],"up":[{"embeddable":true,"href":"https:\/\/agora.xtec.cat\/ietiler\/wp-json\/wp\/v2\/pages\/22"}],"wp:attachment":[{"href":"https:\/\/agora.xtec.cat\/ietiler\/wp-json\/wp\/v2\/media?parent=675"}],"curies":[{"name":"wp","href":"https:\/\/api.w.org\/{rel}","templated":true}]}}