{"id":629,"date":"2017-03-12T22:22:16","date_gmt":"2017-03-12T21:22:16","guid":{"rendered":"http:\/\/agora.xtec.cat\/ceipbernatdeboil\/?page_id=629"},"modified":"2023-04-12T16:51:41","modified_gmt":"2023-04-12T14:51:41","slug":"nivellscomunitatdepetits","status":"publish","type":"page","link":"https:\/\/agora.xtec.cat\/ietiler\/nivells\/nivellscomunitatdepetits\/","title":{"rendered":"Comunitat de Petits"},"content":{"rendered":"<p><strong>El treball per ambients<\/strong><\/p>\n<p><em>Que s\u00f3n<br \/>\n<\/em><\/p>\n<p>El treball per ambients \u00e9s una proposta metodol\u00f2gica que consisteix en la creaci\u00f3 d\u2019espais motivadors amb unes intencions concretes. B\u00e0sicament, fan refer\u00e8ncia a una manera diferent d&#8217;organitzar els alumnes, l&#8217;espai i els materials per tal que l\u2019aprenentatge sorgeixi espont\u00e0niament. Els infants s\u00f3n els constructors del seu propi aprenentatge: investiguen, creen, proven, assagen, dialoguen, comparteixen, construeixen, modifiquen, expliquen&#8230; Mitjan\u00e7ant el treball per ambients convertim l\u2019escola en un entorn viu.<\/p>\n<p><em>Com funcionen<br \/>\n<\/em><\/p>\n<p>Creem tres espais amb diferents propostes pensades i relacionades entre si, les quals responen als interessos i a les necessitats dels infants, alhora que\u00a0 respecten el seu ritme maduratiu.<\/p>\n<ul>\n<li><u>Juguem<\/u>: Joc simb\u00f2lic i expressi\u00f3 oral.<\/li>\n<li><u>Experimentem<\/u>: Manipulaci\u00f3, observaci\u00f3 i experimentaci\u00f3 de i amb diferents materials.<\/li>\n<li><u>Ens inspirem<\/u>: Expressi\u00f3 lliure a trav\u00e9s de diferents \u00a0materials i tamb\u00e9 amb diferents t\u00e8cniques<\/li>\n<\/ul>\n<p>Cada setmana l\u2019infant tria a quin ambient vol anar, aix\u00ed es creen grups de diferents edats on interactuen entre ells i s\u2019estableixen relacions positives i enriquidores. A trav\u00e9s del joc, s\u00f3n els propis infants, els qui experimenten, s\u2019inspiren i desenvolupen la seva imaginaci\u00f3.<br \/>\n<iframe loading=\"lazy\" src=\"https:\/\/www.youtube.com\/embed\/_8sEWM5SdvI\" width=\"560\" height=\"315\" frameborder=\"0\"><\/iframe> <iframe loading=\"lazy\" src=\"https:\/\/www.youtube.com\/embed\/k7mRM4mHgL0\" width=\"560\" height=\"315\" frameborder=\"0\"><\/iframe> <iframe loading=\"lazy\" src=\"https:\/\/www.youtube.com\/embed\/-2Z1rSo9Kjc\" width=\"560\" height=\"315\" frameborder=\"0\"><\/iframe><\/p>\n","protected":false},"excerpt":{"rendered":"<p>El treball per ambients<br \/>\nQue s\u00f3n<\/p>\n<p>El treball per ambients \u00e9s una proposta metodol\u00f2gica que consisteix en la creaci\u00f3 d\u2019espais motivadors amb unes intencions concretes. B\u00e0sicament, fan refer\u00e8ncia a una manera diferent d&#8217;organitzar els alumnes, l&#8217;espai i els materials per tal que l\u2019aprenentatge sorgeixi espont\u00e0niament. Els infants&hellip;  <a href=\"https:\/\/agora.xtec.cat\/ietiler\/nivells\/nivellscomunitatdepetits\/\" title=\"Read Comunitat de Petits\">Llegeix m\u00e9s\u00bb<\/a><\/p>\n","protected":false},"author":2,"featured_media":0,"parent":87,"menu_order":0,"comment_status":"closed","ping_status":"closed","template":"page-templates\/side-menu.php","meta":{"_bbp_topic_count":0,"_bbp_reply_count":0,"_bbp_total_topic_count":0,"_bbp_total_reply_count":0,"_bbp_voice_count":0,"_bbp_anonymous_reply_count":0,"_bbp_topic_count_hidden":0,"_bbp_reply_count_hidden":0,"_bbp_forum_subforum_count":0,"footnotes":""},"class_list":["post-629","page","type-page","status-publish","hentry"],"post_mailing_queue_ids":[],"_links":{"self":[{"href":"https:\/\/agora.xtec.cat\/ietiler\/wp-json\/wp\/v2\/pages\/629","targetHints":{"allow":["GET"]}}],"collection":[{"href":"https:\/\/agora.xtec.cat\/ietiler\/wp-json\/wp\/v2\/pages"}],"about":[{"href":"https:\/\/agora.xtec.cat\/ietiler\/wp-json\/wp\/v2\/types\/page"}],"author":[{"embeddable":true,"href":"https:\/\/agora.xtec.cat\/ietiler\/wp-json\/wp\/v2\/users\/2"}],"replies":[{"embeddable":true,"href":"https:\/\/agora.xtec.cat\/ietiler\/wp-json\/wp\/v2\/comments?post=629"}],"version-history":[{"count":4,"href":"https:\/\/agora.xtec.cat\/ietiler\/wp-json\/wp\/v2\/pages\/629\/revisions"}],"predecessor-version":[{"id":2747,"href":"https:\/\/agora.xtec.cat\/ietiler\/wp-json\/wp\/v2\/pages\/629\/revisions\/2747"}],"up":[{"embeddable":true,"href":"https:\/\/agora.xtec.cat\/ietiler\/wp-json\/wp\/v2\/pages\/87"}],"wp:attachment":[{"href":"https:\/\/agora.xtec.cat\/ietiler\/wp-json\/wp\/v2\/media?parent=629"}],"curies":[{"name":"wp","href":"https:\/\/api.w.org\/{rel}","templated":true}]}}