{"id":593,"date":"2017-02-27T10:07:54","date_gmt":"2017-02-27T09:07:54","guid":{"rendered":"http:\/\/agora.xtec.cat\/ceipbernatdeboil\/?page_id=593"},"modified":"2017-02-27T10:07:54","modified_gmt":"2017-02-27T09:07:54","slug":"pla-de-convivencia","status":"publish","type":"page","link":"https:\/\/agora.xtec.cat\/ietiler\/projecte-educatiu-2\/pla-de-convivencia\/","title":{"rendered":"Pla de Conviv\u00e8ncia"},"content":{"rendered":"<p>La tutoria va m\u00e9s enll\u00e0 del que entenem per orientar als alumnes en el seu futur professional. Considerem la tutoria com el conjunt d\u2019accions que es poden donar en un grup classe, sigui del nivell que sigui. El professor-tutor \u00e9s la persona que dia a dia es situa davant dels seus alumnes i segons les seves expectatives realitza la seva tasca intentant complir els objectius que s\u2019ha proposat per aquell any escolar. Acci\u00f3 que es repeteix constantment al llarg de la nostre vida docent.<\/p>\n<p>El paper d\u2019orientador ha de quedar del tot integrat en el PAT tal com la normativa exigeix i com el centre ha desenvolupat en l\u2019esmentat pla.<\/p>\n<p>Edgar Morin cita en el seu llibre \u201cLa mente bien ordenada\u201d que:<\/p>\n<p>\u201cComo dec\u00eda de modo excelente Durkheim, el objeto de la educaci\u00f3n no es dar a los alumnos unos conocimientos cada vez m\u00e1s numerosos, sino <em>\u201ccrear en \u00e9l un estado interior y profundo, una especie de polaridad del alma que le oriente en un sentido definido no s\u00f3lo durante la infancia, sino para la vida entera<\/em>\u201d \u201d.<\/p>\n<p>En aquest sentit poden dir que aprendre, ensenyar, educar&#8230; s\u00f3n termes que estan del tot interrelacionats. Nosaltres com a docents hem de tenir clar com ens situem davant d\u2019aquests tres conceptes i com els desenvolupem en la nostra tasca di\u00e0ria.<\/p>\n<p>La nostra responsabilitat \u00e9s cercar estrat\u00e8gies que ens ajudin a poder acompanyar als nostres alumnes en la seva evoluci\u00f3 individual i que tots puguin trobar un cam\u00ed on poder desenvolupar-se.<\/p>\n<p>Darrerament ens trobem que la q\u00fcesti\u00f3 est\u00e0 m\u00e9s en com aprenen els alumnes i no pas qu\u00e8 aprenen. De tal manera que ens porta a veure que la forma d&#8217;aprendre pot variar en funci\u00f3 de la biografia personal de cada alumne. Trobar doncs la manera de situar-nos com a ensenyants en aquest m\u00f3n tant diversificat que s\u00f3n els nostres alumnes \u00e9s una tasca indispensable.<\/p>\n<p>Les noves concepcions de l\u2019aprenentatge ens acosten a possibles camins que podem reprendre i reorientar la nostra tasca. Models que permeten aquest desenvolupament diversificat: la concepci\u00f3 constructivista, la significativitat de les accions pedag\u00f2giques, el protagonisme de l\u2019alumne en el seu desenvolupament&#8230; a m\u00e9s del replantejament de la nostra tasca, que passa a ser m\u00e9s com acompanyant en el proc\u00e9s de creixement de l\u2019alumne.<\/p>\n<p>Nosaltres com a docents arribem a la necessitat de reflexionar sobre els tres v\u00e8rtexs b\u00e0sics en de la nostra tasca di\u00e0ria.<\/p>\n<p>La tasca m\u00e9s espec\u00edfica com a tutor estaria en les relacions professor-alumne, per\u00f2 no podem deixar de considerar els altres aspectes m\u00e9s pedag\u00f2gics.<\/p>\n<p>Q\u00fcestions a considerar sobre el nostre paper com a professor-tutor:<\/p>\n<ul>\n<li>La funci\u00f3 social de l\u2019educaci\u00f3<\/li>\n<li>La formaci\u00f3 integral i orientadora de l\u2019alumnat.<\/li>\n<li>La diversitat de l\u2019alumnat.<\/li>\n<li>La concepci\u00f3 de les noves corrents pedag\u00f2giques<\/li>\n<li>El treball entre l\u2019equip de professorat.<\/li>\n<\/ul>\n<p>Tot el professorat, monitors\/es, vetlladors\/es i totes les persones que interaccionem amb tot l&#8217;alumnat treballem di\u00e0riament les Normes de Conviv\u00e8ncia del centre.<\/p>\n<p>Setmanalment els delegats\/des dels grups d&#8217;alumnes del centre es reuneixen amb la direcci\u00f3 del centre per anar fent el seguiment de les normes, aix\u00ed com tots aquells temes d&#8217;inter\u00e8s per a tothom i que calgui compartir.<\/p>\n<p>&nbsp;<\/p>\n<p>&nbsp;<\/p>\n<p>&nbsp;<\/p>\n<p>&nbsp;<\/p>\n<p>&nbsp;<\/p>\n","protected":false},"excerpt":{"rendered":"<p>La tutoria va m\u00e9s enll\u00e0 del que entenem per orientar als alumnes en el seu futur professional. Considerem la tutoria com el conjunt d\u2019accions que es poden donar en un grup classe, sigui del nivell que sigui. El professor-tutor \u00e9s la persona que dia a&hellip;  <a href=\"https:\/\/agora.xtec.cat\/ietiler\/projecte-educatiu-2\/pla-de-convivencia\/\" title=\"Read Pla de Conviv\u00e8ncia\">Llegeix m\u00e9s\u00bb<\/a><\/p>\n","protected":false},"author":2,"featured_media":0,"parent":685,"menu_order":0,"comment_status":"closed","ping_status":"closed","template":"page-templates\/side-menu.php","meta":{"_bbp_topic_count":0,"_bbp_reply_count":0,"_bbp_total_topic_count":0,"_bbp_total_reply_count":0,"_bbp_voice_count":0,"_bbp_anonymous_reply_count":0,"_bbp_topic_count_hidden":0,"_bbp_reply_count_hidden":0,"_bbp_forum_subforum_count":0,"footnotes":""},"class_list":["post-593","page","type-page","status-publish","hentry"],"post_mailing_queue_ids":[],"_links":{"self":[{"href":"https:\/\/agora.xtec.cat\/ietiler\/wp-json\/wp\/v2\/pages\/593","targetHints":{"allow":["GET"]}}],"collection":[{"href":"https:\/\/agora.xtec.cat\/ietiler\/wp-json\/wp\/v2\/pages"}],"about":[{"href":"https:\/\/agora.xtec.cat\/ietiler\/wp-json\/wp\/v2\/types\/page"}],"author":[{"embeddable":true,"href":"https:\/\/agora.xtec.cat\/ietiler\/wp-json\/wp\/v2\/users\/2"}],"replies":[{"embeddable":true,"href":"https:\/\/agora.xtec.cat\/ietiler\/wp-json\/wp\/v2\/comments?post=593"}],"version-history":[{"count":0,"href":"https:\/\/agora.xtec.cat\/ietiler\/wp-json\/wp\/v2\/pages\/593\/revisions"}],"up":[{"embeddable":true,"href":"https:\/\/agora.xtec.cat\/ietiler\/wp-json\/wp\/v2\/pages\/685"}],"wp:attachment":[{"href":"https:\/\/agora.xtec.cat\/ietiler\/wp-json\/wp\/v2\/media?parent=593"}],"curies":[{"name":"wp","href":"https:\/\/api.w.org\/{rel}","templated":true}]}}