{"id":2944,"date":"2021-12-23T12:24:44","date_gmt":"2021-12-23T11:24:44","guid":{"rendered":"https:\/\/agora.xtec.cat\/ietiler\/?page_id=2944"},"modified":"2023-12-19T12:03:34","modified_gmt":"2023-12-19T11:03:34","slug":"projecte-concilia","status":"publish","type":"page","link":"https:\/\/agora.xtec.cat\/ietiler\/projecte-concilia\/","title":{"rendered":"Projecte Concilia"},"content":{"rendered":"<p><img loading=\"lazy\" decoding=\"async\" class=\"aligncenter size-large wp-image-2996\" src=\"https:\/\/agora.xtec.cat\/ietiler\/wp-content\/uploads\/usu403\/2022\/03\/Screenshot-2022-03-02-at-20.05.04-1024x389.png\" alt=\"\" width=\"1024\" height=\"389\" srcset=\"https:\/\/agora.xtec.cat\/ietiler\/wp-content\/uploads\/usu403\/2022\/03\/Screenshot-2022-03-02-at-20.05.04-1024x389.png 1024w, https:\/\/agora.xtec.cat\/ietiler\/wp-content\/uploads\/usu403\/2022\/03\/Screenshot-2022-03-02-at-20.05.04-300x114.png 300w, https:\/\/agora.xtec.cat\/ietiler\/wp-content\/uploads\/usu403\/2022\/03\/Screenshot-2022-03-02-at-20.05.04-768x291.png 768w, https:\/\/agora.xtec.cat\/ietiler\/wp-content\/uploads\/usu403\/2022\/03\/Screenshot-2022-03-02-at-20.05.04-1536x583.png 1536w, https:\/\/agora.xtec.cat\/ietiler\/wp-content\/uploads\/usu403\/2022\/03\/Screenshot-2022-03-02-at-20.05.04.png 1808w\" sizes=\"auto, (max-width: 1024px) 100vw, 1024px\" \/><\/p>\n<p>El <strong>Projecte Concilia<\/strong> \u00e9s un <strong>servei d\u2019atenci\u00f3 i canguratge<\/strong> que acull infants fora de l\u2019horari escolar. L&#8217;objectiu del Projecte Concilia \u00e9s contribuir a la conciliaci\u00f3 de la vida laboral, familiar i personal de les fam\u00edlies del barri.<\/p>\n<p>A <strong>QUI<\/strong> VA DIRIGIT?<br \/>\nEls usuaris i usu\u00e0ries d\u2019aquest servei s\u00f3n<strong> nens i nenes de 3 a 12 anys<\/strong> a disposici\u00f3 de les fam\u00edlies que resideixin, tinguin els infants escolaritzats o treballin al Bon Pastor i\/o Bar\u00f3 de Viver.<\/p>\n<p><strong>QUINS HORARIS T\u00c9?<\/strong><br \/>\n<strong>Dilluns a divendres, de 15 a 20.00 h.<\/strong><br \/>\n<strong>Dissabtes de 9 a 14 i de 15.30 a 18.30 h.<\/strong><\/p>\n<p><img loading=\"lazy\" decoding=\"async\" class=\"aligncenter size-large wp-image-3367\" src=\"https:\/\/agora.xtec.cat\/ietiler\/wp-content\/uploads\/usu403\/2023\/12\/Calendari-Desembre-i-gener_Concilia-Bon-Pastor-3-1024x724.jpeg\" alt=\"\" width=\"1024\" height=\"724\" srcset=\"https:\/\/agora.xtec.cat\/ietiler\/wp-content\/uploads\/usu403\/2023\/12\/Calendari-Desembre-i-gener_Concilia-Bon-Pastor-3-1024x724.jpeg 1024w, https:\/\/agora.xtec.cat\/ietiler\/wp-content\/uploads\/usu403\/2023\/12\/Calendari-Desembre-i-gener_Concilia-Bon-Pastor-3-300x212.jpeg 300w, https:\/\/agora.xtec.cat\/ietiler\/wp-content\/uploads\/usu403\/2023\/12\/Calendari-Desembre-i-gener_Concilia-Bon-Pastor-3-768x543.jpeg 768w, https:\/\/agora.xtec.cat\/ietiler\/wp-content\/uploads\/usu403\/2023\/12\/Calendari-Desembre-i-gener_Concilia-Bon-Pastor-3-1536x1087.jpeg 1536w, https:\/\/agora.xtec.cat\/ietiler\/wp-content\/uploads\/usu403\/2023\/12\/Calendari-Desembre-i-gener_Concilia-Bon-Pastor-3.jpeg 1600w\" sizes=\"auto, (max-width: 1024px) 100vw, 1024px\" \/><\/p>\n<p>&nbsp;<\/p>\n<p><strong>QUI HO POT SOL\u00b7LICITAR?<\/strong><br \/>\nLes <strong>fam\u00edlies<\/strong> que ho necessitin i visquin, treballin o tinguin les criatures escolaritzades al <strong>Bon Pastor i\/o Bar\u00f3 de Viver.<\/strong><br \/>\nEs prioritzar\u00e0 les sol\u00b7licituds de fam\u00edlies monomarentals o dones en situaci\u00f3 de viol\u00e8ncia de<br \/>\ng\u00e8nere, i fam\u00edlies sense xarxa, segons disponibilitat de places i amb criteri de cribratge establert pel Concilia.<\/p>\n<p><strong>COM<\/strong> ES FA LA INSCRIPCI\u00d3?<br \/>\nDe manera aut\u00f2noma: a trav\u00e9s del formulari que trobareu al <a href=\"https:\/\/concilia.incoop.cat\/registre-bon-pastor\/\">web<\/a> <strong>https:\/\/concilia.incoop.cat\/registre-bon-pastor\/<\/strong><br \/>\nAmb cita pr\u00e8via: acompanyem a les fam\u00edlies a fer la inscripci\u00f3 en cas que o prefereixin a trav\u00e9s del tel\u00e8fon 623 22 13 11.<br \/>\nUna vegada feta la inscripci\u00f3, es poden demanar canguratges sempre que es necessitin de manera senzilla i r\u00e0pida.<\/p>\n<p><strong>QUAN<\/strong> ES POT DEMANAR?<br \/>\nAquest servei es pot demanar de manera puntual o m\u00e9s recurrent, segons necessitats, i els motius poden ser laborals, de formaci\u00f3, gestions administratives, urg\u00e8ncies o temps de respir.<\/p>\n<p><strong>QUIN COST T\u00c9?<\/strong><br \/>\nAquest servei \u00e9s totalment <strong>gratu\u00eft<\/strong>.<\/p>\n","protected":false},"excerpt":{"rendered":"<p>El Projecte Concilia \u00e9s un servei d\u2019atenci\u00f3 i canguratge que acull infants fora de l\u2019horari escolar. L&#8217;objectiu del Projecte Concilia \u00e9s contribuir a la conciliaci\u00f3 de la vida laboral, familiar i personal de les fam\u00edlies del barri.<br \/>\nA QUI VA DIRIGIT?<br \/>\nEls usuaris i usu\u00e0ries d\u2019aquest servei&hellip;  <a href=\"https:\/\/agora.xtec.cat\/ietiler\/projecte-concilia\/\" title=\"Read Projecte Concilia\">Llegeix m\u00e9s\u00bb<\/a><\/p>\n","protected":false},"author":1,"featured_media":0,"parent":0,"menu_order":0,"comment_status":"closed","ping_status":"closed","template":"","meta":{"_bbp_topic_count":0,"_bbp_reply_count":0,"_bbp_total_topic_count":0,"_bbp_total_reply_count":0,"_bbp_voice_count":0,"_bbp_anonymous_reply_count":0,"_bbp_topic_count_hidden":0,"_bbp_reply_count_hidden":0,"_bbp_forum_subforum_count":0,"footnotes":""},"class_list":["post-2944","page","type-page","status-publish","hentry"],"post_mailing_queue_ids":[],"_links":{"self":[{"href":"https:\/\/agora.xtec.cat\/ietiler\/wp-json\/wp\/v2\/pages\/2944","targetHints":{"allow":["GET"]}}],"collection":[{"href":"https:\/\/agora.xtec.cat\/ietiler\/wp-json\/wp\/v2\/pages"}],"about":[{"href":"https:\/\/agora.xtec.cat\/ietiler\/wp-json\/wp\/v2\/types\/page"}],"author":[{"embeddable":true,"href":"https:\/\/agora.xtec.cat\/ietiler\/wp-json\/wp\/v2\/users\/1"}],"replies":[{"embeddable":true,"href":"https:\/\/agora.xtec.cat\/ietiler\/wp-json\/wp\/v2\/comments?post=2944"}],"version-history":[{"count":5,"href":"https:\/\/agora.xtec.cat\/ietiler\/wp-json\/wp\/v2\/pages\/2944\/revisions"}],"predecessor-version":[{"id":3369,"href":"https:\/\/agora.xtec.cat\/ietiler\/wp-json\/wp\/v2\/pages\/2944\/revisions\/3369"}],"wp:attachment":[{"href":"https:\/\/agora.xtec.cat\/ietiler\/wp-json\/wp\/v2\/media?parent=2944"}],"curies":[{"name":"wp","href":"https:\/\/api.w.org\/{rel}","templated":true}]}}