{"id":2897,"date":"2021-11-22T13:37:00","date_gmt":"2021-11-22T12:37:00","guid":{"rendered":"https:\/\/agora.xtec.cat\/ietiler\/?page_id=2897"},"modified":"2022-07-12T12:19:01","modified_gmt":"2022-07-12T10:19:01","slug":"fons-de-coneixement","status":"publish","type":"page","link":"https:\/\/agora.xtec.cat\/ietiler\/tallers\/fons-de-coneixement\/","title":{"rendered":"Fons de coneixement"},"content":{"rendered":"<p>Amb aquest projecte pretenem vincular el context escolar amb el context familiar dels nostres alumnes, ja que considerem els dos com espais de gran import\u00e0ncia per al creixement, aprenentatge i socialitzaci\u00f3 dels nens i nenes. M\u00e9s concretament, els dos principals objectius s\u00f3n la contextualitzaci\u00f3 educativa a trav\u00e9s de la incorporaci\u00f3 de sabers i habilitats de les fam\u00edlies i la millora de les relacions fam\u00edlia-escola a trav\u00e9s de l\u2019establiment de relacions de m\u00fatua confian\u00e7a.<\/p>\n<p>Mitjan\u00e7ant entrevistes en espais quotidians i fora escola de les criatures, les mestres busquem poder con\u00e8ixer m\u00e9s a les fam\u00edlies, els seus coneixements, les seves habilitats i els seus valors, per despr\u00e9s poder establir vinculacions amb la pr\u00e0ctica educativa i curricular del curs escolar. En altres paraules, es tracta d\u2019identificar i utilitzar els sabers i destreses (anomenats \u201cfons de coneixement\u201d) que disposa cada fam\u00edlia per a realitzar innovacions pedag\u00f2giques.<\/p>\n<p>M\u00e9s enll\u00e0 de la realitzaci\u00f3 d\u2019activitats contextualitzades, \u00e9s a dir, activitats que uneixen la vida familiar i la vida escolar, es busca aconseguir una estreta relaci\u00f3 amb les fam\u00edlies basada en la proximitat, la comunicaci\u00f3 i la col\u00b7laboraci\u00f3. En aquest sentit, es fomenta la involucraci\u00f3 de les fam\u00edlies en ser considerades com un agent actiu al llarg del proc\u00e9s, especialment en el disseny i realitzaci\u00f3 de les activitats.<\/p>\n<p><img loading=\"lazy\" decoding=\"async\" class=\"alignright wp-image-2901 size-medium\" src=\"https:\/\/agora.xtec.cat\/ietiler\/wp-content\/uploads\/usu403\/2021\/11\/grup-destudi-300x225.png\" alt=\"\" width=\"300\" height=\"225\" srcset=\"https:\/\/agora.xtec.cat\/ietiler\/wp-content\/uploads\/usu403\/2021\/11\/grup-destudi-300x225.png 300w, https:\/\/agora.xtec.cat\/ietiler\/wp-content\/uploads\/usu403\/2021\/11\/grup-destudi-768x575.png 768w, https:\/\/agora.xtec.cat\/ietiler\/wp-content\/uploads\/usu403\/2021\/11\/grup-destudi-200x150.png 200w, https:\/\/agora.xtec.cat\/ietiler\/wp-content\/uploads\/usu403\/2021\/11\/grup-destudi.png 804w\" sizes=\"auto, (max-width: 300px) 100vw, 300px\" \/><\/p>\n<p><img loading=\"lazy\" decoding=\"async\" class=\"alignleft wp-image-2900 size-medium\" src=\"https:\/\/agora.xtec.cat\/ietiler\/wp-content\/uploads\/usu403\/2021\/11\/visita-granja-300x214.png\" alt=\"\" width=\"300\" height=\"214\" srcset=\"https:\/\/agora.xtec.cat\/ietiler\/wp-content\/uploads\/usu403\/2021\/11\/visita-granja-300x214.png 300w, https:\/\/agora.xtec.cat\/ietiler\/wp-content\/uploads\/usu403\/2021\/11\/visita-granja-768x548.png 768w, https:\/\/agora.xtec.cat\/ietiler\/wp-content\/uploads\/usu403\/2021\/11\/visita-granja.png 914w\" sizes=\"auto, (max-width: 300px) 100vw, 300px\" \/><\/p>\n<hr \/>\n<p style=\"text-align: left;\">Aquest curs 21-22, de la m\u00e0 de les fam\u00edlies participants, ens hem apropat al m\u00f3n de la restauraci\u00f3 i l&#8217;alimentaci\u00f3: visitant un bar-restaurant d&#8217;una fam\u00edlia, fent de cambrers i cambreres, fent receptes de postres i jugant al nostre restaurant. Tamb\u00e9 hem fet una descoberta del barri del Bon Pastor de la m\u00e0 de l&#8217;associaci\u00f3 de ve\u00efns.<\/p>\n<p style=\"text-align: center;\"><iframe loading=\"lazy\" title=\"YouTube video player\" src=\"\/\/www.youtube.com\/embed\/VOM9LnnPWUw\" width=\"560\" height=\"315\" frameborder=\"0\" allowfullscreen=\"allowfullscreen\"><\/iframe><\/p>\n","protected":false},"excerpt":{"rendered":"<p>Amb aquest projecte pretenem vincular el context escolar amb el context familiar dels nostres alumnes, ja que considerem els dos com espais de gran import\u00e0ncia per al creixement, aprenentatge i socialitzaci\u00f3 dels nens i nenes. M\u00e9s concretament, els dos principals objectius s\u00f3n la contextualitzaci\u00f3 educativa&hellip;  <a href=\"https:\/\/agora.xtec.cat\/ietiler\/tallers\/fons-de-coneixement\/\" title=\"Read Fons de coneixement\">Llegeix m\u00e9s\u00bb<\/a><\/p>\n","protected":false},"author":1,"featured_media":0,"parent":1433,"menu_order":0,"comment_status":"closed","ping_status":"closed","template":"","meta":{"_bbp_topic_count":0,"_bbp_reply_count":0,"_bbp_total_topic_count":0,"_bbp_total_reply_count":0,"_bbp_voice_count":0,"_bbp_anonymous_reply_count":0,"_bbp_topic_count_hidden":0,"_bbp_reply_count_hidden":0,"_bbp_forum_subforum_count":0,"footnotes":""},"class_list":["post-2897","page","type-page","status-publish","hentry"],"post_mailing_queue_ids":[],"_links":{"self":[{"href":"https:\/\/agora.xtec.cat\/ietiler\/wp-json\/wp\/v2\/pages\/2897","targetHints":{"allow":["GET"]}}],"collection":[{"href":"https:\/\/agora.xtec.cat\/ietiler\/wp-json\/wp\/v2\/pages"}],"about":[{"href":"https:\/\/agora.xtec.cat\/ietiler\/wp-json\/wp\/v2\/types\/page"}],"author":[{"embeddable":true,"href":"https:\/\/agora.xtec.cat\/ietiler\/wp-json\/wp\/v2\/users\/1"}],"replies":[{"embeddable":true,"href":"https:\/\/agora.xtec.cat\/ietiler\/wp-json\/wp\/v2\/comments?post=2897"}],"version-history":[{"count":3,"href":"https:\/\/agora.xtec.cat\/ietiler\/wp-json\/wp\/v2\/pages\/2897\/revisions"}],"predecessor-version":[{"id":3060,"href":"https:\/\/agora.xtec.cat\/ietiler\/wp-json\/wp\/v2\/pages\/2897\/revisions\/3060"}],"up":[{"embeddable":true,"href":"https:\/\/agora.xtec.cat\/ietiler\/wp-json\/wp\/v2\/pages\/1433"}],"wp:attachment":[{"href":"https:\/\/agora.xtec.cat\/ietiler\/wp-json\/wp\/v2\/media?parent=2897"}],"curies":[{"name":"wp","href":"https:\/\/api.w.org\/{rel}","templated":true}]}}