{"id":28,"date":"2014-09-18T12:29:35","date_gmt":"2014-09-18T11:29:35","guid":{"rendered":"http:\/\/agora.xtec.cat\/ceipbernatdeboil\/?page_id=28"},"modified":"2024-01-15T13:26:18","modified_gmt":"2024-01-15T12:26:18","slug":"consell-escolar","status":"publish","type":"page","link":"https:\/\/agora.xtec.cat\/ietiler\/lescola\/consell-escolar\/","title":{"rendered":"Consell escolar"},"content":{"rendered":"<p>El consell escolar del centre \u00e9s l&#8217;<strong>\u00f2rgan col\u00b7legiat de participaci\u00f3<\/strong>\u00a0de la comunitat escolar en el govern del centre. En el consell escolar hi ha representats tots els col\u00b7lectius que intervenen en la comunitat educativa: director, professorat, alumnat, personal d&#8217;administraci\u00f3 i serveis, etc.<\/p>\n<p>En els centres p\u00fablics, la funci\u00f3 principal del consell escolar \u00e9s participar en la presa de decisions en relaci\u00f3 amb aquells temes importants per al funcionament i l&#8217;organitzaci\u00f3 del centre: el projecte educatiu, la programaci\u00f3 general, la gesti\u00f3 econ\u00f2mica, etc. En el cas dels centres privats concertats, el consell escolar debat, avalua, analitza i pren decisions sobre els temes proposats pel titular del centre.<\/p>\n<p>Els membres del consell escolar s\u00f3n elegits per un per\u00edode de quatre anys i es renoven per meitats cada dos anys. Si voleu informaci\u00f3 m\u00e9s detallada cliqueu a l&#8217;enlla\u00e7 per <a href=\"http:\/\/educacio.gencat.cat\/portal\/page\/portal\/Educacio\/PCentrePrivat\/PCPInici\/PCPGestioAdministrativa\/PCPEleccionsConsellsEscolars\">accedir a l&#8217;aplicaci\u00f3<\/a>.<\/p>\n<p>&nbsp;<\/p>\n<p><strong>Els representants del nostre centre pel curs \u00a02021-2022 s\u00f3n:<\/strong><\/p>\n<table style=\"height: 480px; width: 68.7834%; background-color: #a8f578;\">\n<tbody>\n<tr style=\"height: 32px;\">\n<td style=\"height: 32px;\" width=\"250\">Domi Vi\u00f1as Rodr\u00edguez<\/td>\n<td style=\"height: 32px;\" width=\"200\">Presidenta del Consell Escolar<\/td>\n<\/tr>\n<tr style=\"height: 32px;\">\n<td style=\"height: 32px;\">Claudia Barreda Escrig<\/td>\n<td style=\"height: 32px;\">Secretari<\/td>\n<\/tr>\n<tr style=\"height: 32px;\">\n<td style=\"height: 32px;\" width=\"250\">Noelia Rodr\u00edguez Pascual<\/td>\n<td style=\"height: 32px;\" width=\"200\">Cap d\u2019estudis d&#8217;Infantil i Prim\u00e0ria<\/td>\n<\/tr>\n<tr style=\"height: 32px;\">\n<td style=\"height: 32px;\">Anna Casaponsa Malagarriga<\/td>\n<td style=\"height: 32px;\">Cap d&#8217;estudis de Secund\u00e0ria<\/td>\n<\/tr>\n<tr style=\"height: 32px;\">\n<td style=\"height: 32px;\" width=\"250\">Joan Homded\u00e9u P\u00e9rez<\/td>\n<td style=\"height: 32px;\" width=\"200\">Representant de l&#8217;Ajuntament<\/td>\n<\/tr>\n<tr style=\"height: 32px;\">\n<td style=\"height: 32px;\" width=\"250\">Carlos Brum\u00f3s Pe\u00f1a<\/td>\n<td style=\"height: 32px;\" width=\"200\">Representant del professorat<\/td>\n<\/tr>\n<tr style=\"height: 32px;\">\n<td style=\"height: 32px;\" width=\"250\">Eneko Hern\u00e1ndez Carr<\/td>\n<td style=\"height: 32px;\" width=\"200\">Representant del professorat<\/td>\n<\/tr>\n<tr style=\"height: 32px;\">\n<td style=\"height: 32px;\" width=\"250\">Marta Garc\u00eda Garc\u00eda<\/td>\n<td style=\"height: 32px;\" width=\"200\">Representant del professorat<\/td>\n<\/tr>\n<tr style=\"height: 32px;\">\n<td style=\"height: 32px;\" width=\"250\">Nuria Elisa Garcia-Galbis Cruz<\/td>\n<td style=\"height: 32px;\" width=\"200\">Representant del professorat<\/td>\n<\/tr>\n<tr style=\"height: 32px;\">\n<td style=\"height: 32px;\" width=\"250\">Nuria Ribas Garcia<\/td>\n<td style=\"height: 32px;\" width=\"200\">Representant del professorat<\/td>\n<\/tr>\n<tr style=\"height: 32px;\">\n<td style=\"height: 32px;\" width=\"250\">Luc\u00eda Arenas Villaescusa<\/td>\n<td style=\"height: 32px;\" width=\"200\">Representant de l&#8217;alumnat<\/td>\n<\/tr>\n<tr style=\"height: 32px;\">\n<td style=\"height: 32px;\" width=\"250\">Ana Pascual S\u00e1nchez<\/td>\n<td style=\"height: 32px;\" width=\"200\">Representant de l&#8217;AFA<\/td>\n<\/tr>\n<tr style=\"height: 32px;\">\n<td style=\"height: 32px;\" width=\"250\">Ikram Bakali<\/td>\n<td style=\"height: 32px;\" width=\"200\">Representant de les fam\u00edlies<\/td>\n<\/tr>\n<tr style=\"height: 32px;\">\n<td style=\"height: 32px;\" width=\"250\">Maria Pilar Amaya Moreno<\/td>\n<td style=\"height: 32px;\" width=\"200\">Representant de les fam\u00edlies<\/td>\n<\/tr>\n<tr style=\"height: 32px;\">\n<td style=\"height: 32px;\" width=\"250\">Rub\u00e9n Fern\u00e1ndez Dur\u00e1n<\/td>\n<td style=\"height: 32px;\" width=\"200\">Representant de les fam\u00edlies<\/td>\n<\/tr>\n<tr>\n<td>Maria Pilar Serra Garc\u00eda<\/td>\n<td>Representant del PAS<\/td>\n<\/tr>\n<\/tbody>\n<\/table>\n<p>&nbsp;<\/p>\n<p>&nbsp;<\/p>\n<p>&nbsp;<\/p>\n<p>&nbsp;<\/p>\n<p>&nbsp;<\/p>\n","protected":false},"excerpt":{"rendered":"<p>El consell escolar del centre \u00e9s l&#8217;\u00f2rgan col\u00b7legiat de participaci\u00f3\u00a0de la comunitat escolar en el govern del centre. En el consell escolar hi ha representats tots els col\u00b7lectius que intervenen en la comunitat educativa: director, professorat, alumnat, personal d&#8217;administraci\u00f3 i serveis, etc.<br \/>\nEn els centres p\u00fablics,&hellip;  <a href=\"https:\/\/agora.xtec.cat\/ietiler\/lescola\/consell-escolar\/\" title=\"Read Consell escolar\">Llegeix m\u00e9s\u00bb<\/a><\/p>\n","protected":false},"author":2,"featured_media":0,"parent":22,"menu_order":30,"comment_status":"closed","ping_status":"closed","template":"page-templates\/side-menu.php","meta":{"_bbp_topic_count":0,"_bbp_reply_count":0,"_bbp_total_topic_count":0,"_bbp_total_reply_count":0,"_bbp_voice_count":0,"_bbp_anonymous_reply_count":0,"_bbp_topic_count_hidden":0,"_bbp_reply_count_hidden":0,"_bbp_forum_subforum_count":0,"footnotes":""},"class_list":["post-28","page","type-page","status-publish","hentry"],"post_mailing_queue_ids":[],"_links":{"self":[{"href":"https:\/\/agora.xtec.cat\/ietiler\/wp-json\/wp\/v2\/pages\/28","targetHints":{"allow":["GET"]}}],"collection":[{"href":"https:\/\/agora.xtec.cat\/ietiler\/wp-json\/wp\/v2\/pages"}],"about":[{"href":"https:\/\/agora.xtec.cat\/ietiler\/wp-json\/wp\/v2\/types\/page"}],"author":[{"embeddable":true,"href":"https:\/\/agora.xtec.cat\/ietiler\/wp-json\/wp\/v2\/users\/2"}],"replies":[{"embeddable":true,"href":"https:\/\/agora.xtec.cat\/ietiler\/wp-json\/wp\/v2\/comments?post=28"}],"version-history":[{"count":6,"href":"https:\/\/agora.xtec.cat\/ietiler\/wp-json\/wp\/v2\/pages\/28\/revisions"}],"predecessor-version":[{"id":3384,"href":"https:\/\/agora.xtec.cat\/ietiler\/wp-json\/wp\/v2\/pages\/28\/revisions\/3384"}],"up":[{"embeddable":true,"href":"https:\/\/agora.xtec.cat\/ietiler\/wp-json\/wp\/v2\/pages\/22"}],"wp:attachment":[{"href":"https:\/\/agora.xtec.cat\/ietiler\/wp-json\/wp\/v2\/media?parent=28"}],"curies":[{"name":"wp","href":"https:\/\/api.w.org\/{rel}","templated":true}]}}