{"id":1434,"date":"2018-02-08T11:45:28","date_gmt":"2018-02-08T10:45:28","guid":{"rendered":"http:\/\/agora.xtec.cat\/ietiler\/?page_id=1434"},"modified":"2018-02-22T11:26:16","modified_gmt":"2018-02-22T10:26:16","slug":"musica-2","status":"publish","type":"page","link":"https:\/\/agora.xtec.cat\/ietiler\/musica-2\/","title":{"rendered":"M\u00daSICA"},"content":{"rendered":"<p>El Projecte de M\u00fasica del Til\u00b7ler neix amb l\u2019objectiu de fer de la m\u00fasica quelcom vivencial, proper i accessible per als alumnes, aprofitant la condici\u00f3 de llenguatge art\u00edstic de la mateixa com una eina per a l\u2019expressi\u00f3, la comunicaci\u00f3 i la creativitat.<\/p>\n<p>Entenem la m\u00fasica com una disciplina art\u00edstica de la qual se\u2019n despr\u00e8n d\u2019una banda el llenguatge musical com a codi \u2013 amb el qual ens cal familiaritzar-nos i anar dominant a trav\u00e9s de la pr\u00e0ctica \u2013, i d\u2019altra banda el potencial creatiu impl\u00edcit a l\u2019hora de tractar-se d\u2019un llenguatge abstracte que permet infinites aproximacions.<\/p>\n<p>En aquest sentit, treballem dues l\u00ednies clarament complement\u00e0ries a trav\u00e9s de les sessions a l\u2019aula: camins d\u2019aprenentatge\u00a0i din\u00e0miques de grup que permetin un acc\u00e9s directe a la construcci\u00f3 del coneixement de la t\u00e8cnica i llenguatge musicals a trav\u00e9s de la veu, el cos i els instruments; i processos creatius que generin oportunitats d\u2019expressi\u00f3 i noves mirades d\u2019un mateix respecte al grup i la pr\u00f2pia capacitat art\u00edstica i comunicativa<\/p>\n<p>En aquest <a href=\"http:\/\/agora.xtec.cat\/ietiler\/wp-content\/uploads\/usu403\/2018\/02\/Projecte-Singular-de-Mu%CC%81sica-a-lIE-El-Til%C2%B7ler-PORTES-OBERTES.pdf\" target=\"_blank\" rel=\"noopener noreferrer\"><strong>enlla\u00e7<\/strong><\/a> trobareu tota la informaci\u00f3 del projecte.<\/p>\n<p><a href=\"http:\/\/agora.xtec.cat\/ietiler\/wp-content\/uploads\/usu403\/2018\/02\/P1170320.jpeg\"><img loading=\"lazy\" decoding=\"async\" class=\"alignnone size-medium wp-image-1501\" src=\"http:\/\/agora.xtec.cat\/ietiler\/wp-content\/uploads\/usu403\/2018\/02\/P1170320-300x225.jpeg\" alt=\"\" width=\"300\" height=\"225\" srcset=\"https:\/\/agora.xtec.cat\/ietiler\/wp-content\/uploads\/usu403\/2018\/02\/P1170320-300x225.jpeg 300w, https:\/\/agora.xtec.cat\/ietiler\/wp-content\/uploads\/usu403\/2018\/02\/P1170320-200x150.jpeg 200w, https:\/\/agora.xtec.cat\/ietiler\/wp-content\/uploads\/usu403\/2018\/02\/P1170320.jpeg 640w\" sizes=\"auto, (max-width: 300px) 100vw, 300px\" \/><\/a> <a href=\"http:\/\/agora.xtec.cat\/ietiler\/wp-content\/uploads\/usu403\/2018\/02\/P1170325.jpeg\"><img loading=\"lazy\" decoding=\"async\" class=\"alignnone size-medium wp-image-1502\" src=\"http:\/\/agora.xtec.cat\/ietiler\/wp-content\/uploads\/usu403\/2018\/02\/P1170325-300x225.jpeg\" alt=\"\" width=\"300\" height=\"225\" srcset=\"https:\/\/agora.xtec.cat\/ietiler\/wp-content\/uploads\/usu403\/2018\/02\/P1170325-300x225.jpeg 300w, https:\/\/agora.xtec.cat\/ietiler\/wp-content\/uploads\/usu403\/2018\/02\/P1170325-200x150.jpeg 200w, https:\/\/agora.xtec.cat\/ietiler\/wp-content\/uploads\/usu403\/2018\/02\/P1170325.jpeg 640w\" sizes=\"auto, (max-width: 300px) 100vw, 300px\" \/><\/a> <a href=\"http:\/\/agora.xtec.cat\/ietiler\/wp-content\/uploads\/usu403\/2018\/02\/P1170330.jpeg\"><img loading=\"lazy\" decoding=\"async\" class=\"alignnone size-medium wp-image-1503\" src=\"http:\/\/agora.xtec.cat\/ietiler\/wp-content\/uploads\/usu403\/2018\/02\/P1170330-300x225.jpeg\" alt=\"\" width=\"300\" height=\"225\" srcset=\"https:\/\/agora.xtec.cat\/ietiler\/wp-content\/uploads\/usu403\/2018\/02\/P1170330-300x225.jpeg 300w, https:\/\/agora.xtec.cat\/ietiler\/wp-content\/uploads\/usu403\/2018\/02\/P1170330-200x150.jpeg 200w, https:\/\/agora.xtec.cat\/ietiler\/wp-content\/uploads\/usu403\/2018\/02\/P1170330.jpeg 640w\" sizes=\"auto, (max-width: 300px) 100vw, 300px\" \/><\/a> <a href=\"http:\/\/agora.xtec.cat\/ietiler\/wp-content\/uploads\/usu403\/2018\/02\/P1170382.jpeg\"><img loading=\"lazy\" decoding=\"async\" class=\"alignnone size-medium wp-image-1504\" src=\"http:\/\/agora.xtec.cat\/ietiler\/wp-content\/uploads\/usu403\/2018\/02\/P1170382-225x300.jpeg\" alt=\"\" width=\"225\" height=\"300\" srcset=\"https:\/\/agora.xtec.cat\/ietiler\/wp-content\/uploads\/usu403\/2018\/02\/P1170382-225x300.jpeg 225w, https:\/\/agora.xtec.cat\/ietiler\/wp-content\/uploads\/usu403\/2018\/02\/P1170382.jpeg 480w\" sizes=\"auto, (max-width: 225px) 100vw, 225px\" \/><\/a> <a href=\"http:\/\/agora.xtec.cat\/ietiler\/wp-content\/uploads\/usu403\/2018\/02\/P1170384.jpeg\"><img loading=\"lazy\" decoding=\"async\" class=\"alignnone size-medium wp-image-1505\" src=\"http:\/\/agora.xtec.cat\/ietiler\/wp-content\/uploads\/usu403\/2018\/02\/P1170384-300x225.jpeg\" alt=\"\" width=\"300\" height=\"225\" srcset=\"https:\/\/agora.xtec.cat\/ietiler\/wp-content\/uploads\/usu403\/2018\/02\/P1170384-300x225.jpeg 300w, https:\/\/agora.xtec.cat\/ietiler\/wp-content\/uploads\/usu403\/2018\/02\/P1170384-200x150.jpeg 200w, https:\/\/agora.xtec.cat\/ietiler\/wp-content\/uploads\/usu403\/2018\/02\/P1170384.jpeg 640w\" sizes=\"auto, (max-width: 300px) 100vw, 300px\" \/><\/a> <a href=\"http:\/\/agora.xtec.cat\/ietiler\/wp-content\/uploads\/usu403\/2018\/02\/P1170385.jpeg\"><img loading=\"lazy\" decoding=\"async\" class=\"alignnone size-medium wp-image-1506\" src=\"http:\/\/agora.xtec.cat\/ietiler\/wp-content\/uploads\/usu403\/2018\/02\/P1170385-300x225.jpeg\" alt=\"\" width=\"300\" height=\"225\" srcset=\"https:\/\/agora.xtec.cat\/ietiler\/wp-content\/uploads\/usu403\/2018\/02\/P1170385-300x225.jpeg 300w, https:\/\/agora.xtec.cat\/ietiler\/wp-content\/uploads\/usu403\/2018\/02\/P1170385-200x150.jpeg 200w, https:\/\/agora.xtec.cat\/ietiler\/wp-content\/uploads\/usu403\/2018\/02\/P1170385.jpeg 640w\" sizes=\"auto, (max-width: 300px) 100vw, 300px\" \/><\/a><\/p>\n<p>&nbsp;<\/p>\n<p><iframe loading=\"lazy\" src=\"https:\/\/www.youtube.com\/embed\/eEobtWJAP9k\" width=\"560\" height=\"315\" frameborder=\"0\" allowfullscreen=\"allowfullscreen\"><\/iframe><\/p>\n","protected":false},"excerpt":{"rendered":"<p>El Projecte de M\u00fasica del Til\u00b7ler neix amb l\u2019objectiu de fer de la m\u00fasica quelcom vivencial, proper i accessible per als alumnes, aprofitant la condici\u00f3 de llenguatge art\u00edstic de la mateixa com una eina per a l\u2019expressi\u00f3, la comunicaci\u00f3 i la creativitat.<br \/>\nEntenem la m\u00fasica com&hellip;  <a href=\"https:\/\/agora.xtec.cat\/ietiler\/musica-2\/\" title=\"Read M\u00daSICA\">Llegeix m\u00e9s\u00bb<\/a><\/p>\n","protected":false},"author":1,"featured_media":0,"parent":0,"menu_order":0,"comment_status":"closed","ping_status":"closed","template":"","meta":{"_bbp_topic_count":0,"_bbp_reply_count":0,"_bbp_total_topic_count":0,"_bbp_total_reply_count":0,"_bbp_voice_count":0,"_bbp_anonymous_reply_count":0,"_bbp_topic_count_hidden":0,"_bbp_reply_count_hidden":0,"_bbp_forum_subforum_count":0,"footnotes":""},"class_list":["post-1434","page","type-page","status-publish","hentry"],"post_mailing_queue_ids":[],"_links":{"self":[{"href":"https:\/\/agora.xtec.cat\/ietiler\/wp-json\/wp\/v2\/pages\/1434","targetHints":{"allow":["GET"]}}],"collection":[{"href":"https:\/\/agora.xtec.cat\/ietiler\/wp-json\/wp\/v2\/pages"}],"about":[{"href":"https:\/\/agora.xtec.cat\/ietiler\/wp-json\/wp\/v2\/types\/page"}],"author":[{"embeddable":true,"href":"https:\/\/agora.xtec.cat\/ietiler\/wp-json\/wp\/v2\/users\/1"}],"replies":[{"embeddable":true,"href":"https:\/\/agora.xtec.cat\/ietiler\/wp-json\/wp\/v2\/comments?post=1434"}],"version-history":[{"count":4,"href":"https:\/\/agora.xtec.cat\/ietiler\/wp-json\/wp\/v2\/pages\/1434\/revisions"}],"predecessor-version":[{"id":1510,"href":"https:\/\/agora.xtec.cat\/ietiler\/wp-json\/wp\/v2\/pages\/1434\/revisions\/1510"}],"wp:attachment":[{"href":"https:\/\/agora.xtec.cat\/ietiler\/wp-json\/wp\/v2\/media?parent=1434"}],"curies":[{"name":"wp","href":"https:\/\/api.w.org\/{rel}","templated":true}]}}