{"id":1401,"date":"2018-02-02T09:28:05","date_gmt":"2018-02-02T08:28:05","guid":{"rendered":"http:\/\/agora.xtec.cat\/ietiler\/?page_id=1401"},"modified":"2022-03-13T22:40:22","modified_gmt":"2022-03-13T21:40:22","slug":"promotor-escolar","status":"publish","type":"page","link":"https:\/\/agora.xtec.cat\/ietiler\/promotor-escolar\/","title":{"rendered":"Promotor Escolar"},"content":{"rendered":"<p>Isaac Heredia \u00e9s el\u00a0 <a href=\"http:\/\/xtec.gencat.cat\/web\/.content\/alfresco\/d\/d\/workspace\/SpacesStore\/0071\/a72d6c9b-f940-4d6e-bbee-34645026f92d\/Projecte_promocio-escolar.pdf\" target=\"_blank\" rel=\"noopener noreferrer\"><strong>promotor escolar<\/strong><\/a> del nostre centre. El seu horari \u00e9s de 9 a 14 tots els dimecres i divendres.<\/p>\n<p>Objectius de la seva tasca:<\/p>\n<p>\uf097Promoure l\u2019escolaritzaci\u00f3 plena de l\u2019alumnat gitano.<br \/>\n\uf097Aconseguir l\u2019\u00e8xit escolar i la promoci\u00f3 sociolaboral de l\u2019alumnat gitano.<br \/>\n\uf097Promoure els valors de la cultura gitana dins del curr\u00edculum escolar i la vida del centre.<\/p>\n<p>\u00c0mbits d\u2019actuaci\u00f3:<\/p>\n<p>Amb l\u2019alumnat.<\/p>\n<p>\uf0b7 Actuacions destinades a l&#8217;augment de les expectatives d\u2019\u00e8xit escolar i sociolaboral de l\u2019alumnat i actuacions destinades a la igualtat d&#8217;oportunitats, garantint la continu\u00eftat entre les etapes educatives, especialment el pas de Prim\u00e0ria a Secund\u00e0ria.<\/p>\n<p>Amb el professorat:<\/p>\n<p>\uf0b7 Actuacions destinades a promoure la utilitzaci\u00f3 de metodologies inclusives per aconseguir un millor apropament de l\u2019alumnat al centre, en especial els absentistes.<\/p>\n<p>\uf0b7 Actuacions destinades a fomentar la participaci\u00f3 activa de l\u2019alumnat del poble gitano.<\/p>\n<p>\uf0b7 Actuacions destinades a facilitar la visibilitat de la cultura gitana en el curr\u00edculum escolar i en el projecte educatiu de centre, des d&#8217;una vessant positiva i no de d\u00e8ficit.<\/p>\n<p>Les fam\u00edlies:<\/p>\n<p>\uf0b7 Actuacions destinades a promoure la participaci\u00f3 de la fam\u00edlia com a eix principal entorn a la qual gira la vida del poble gitano i com a element clau per estr\u00e8nyer les relacions amb el centre educatiu, les altres fam\u00edlies i l\u2019entorn ve\u00efnal.<\/p>\n<p>\uf0b7 Actuacions destinades a augmentar les expectatives de la fam\u00edlia vers l&#8217;escola, valorant l\u2019escolaritzaci\u00f3 dels seus fills i filles com a font de promoci\u00f3 social. Cal que la fam\u00edlia tingui consci\u00e8ncia de la import\u00e0ncia de l\u2019assist\u00e8ncia di\u00e0ria a classe i de la continu\u00eftat dels estudis, aix\u00ed com que participi en les activitats escolars i en el seguiment educatiu dels seus fills i filles.<\/p>\n<p>Entorn educatiu<\/p>\n<p>\uf0b7 Actuacions destinades a promoure la col\u00b7laboraci\u00f3 dels diferents agents educatius que operen en un territori, al voltant d&#8217;un projecte com\u00fa, assessorant i donant suport socioeducatiu als professionals dels diferents \u00e0mbits.<\/p>\n","protected":false},"excerpt":{"rendered":"<p>Isaac Heredia \u00e9s el\u00a0 <a href=\"http:\/\/xtec.gencat.cat\/web\/.content\/alfresco\/d\/d\/workspace\/SpacesStore\/0071\/a72d6c9b-f940-4d6e-bbee-34645026f92d\/Projecte_promocio-escolar.pdf\" target=\"_blank\" rel=\"noopener noreferrer\">promotor escolar<\/a> del nostre centre. El seu horari \u00e9s de 9 a 14 tots els dimecres i divendres.<br \/>\nObjectius de la seva tasca:<br \/>\n\uf097Promoure l\u2019escolaritzaci\u00f3 plena de l\u2019alumnat gitano.<br \/>\n\uf097Aconseguir l\u2019\u00e8xit escolar i la promoci\u00f3 sociolaboral de l\u2019alumnat gitano.<br \/>\n\uf097Promoure els&hellip;  <a href=\"https:\/\/agora.xtec.cat\/ietiler\/promotor-escolar\/\" title=\"Read Promotor Escolar\">Llegeix m\u00e9s\u00bb<\/a><\/p>\n","protected":false},"author":1,"featured_media":0,"parent":0,"menu_order":0,"comment_status":"closed","ping_status":"closed","template":"","meta":{"_bbp_topic_count":0,"_bbp_reply_count":0,"_bbp_total_topic_count":0,"_bbp_total_reply_count":0,"_bbp_voice_count":0,"_bbp_anonymous_reply_count":0,"_bbp_topic_count_hidden":0,"_bbp_reply_count_hidden":0,"_bbp_forum_subforum_count":0,"footnotes":""},"class_list":["post-1401","page","type-page","status-publish","hentry"],"post_mailing_queue_ids":[],"_links":{"self":[{"href":"https:\/\/agora.xtec.cat\/ietiler\/wp-json\/wp\/v2\/pages\/1401","targetHints":{"allow":["GET"]}}],"collection":[{"href":"https:\/\/agora.xtec.cat\/ietiler\/wp-json\/wp\/v2\/pages"}],"about":[{"href":"https:\/\/agora.xtec.cat\/ietiler\/wp-json\/wp\/v2\/types\/page"}],"author":[{"embeddable":true,"href":"https:\/\/agora.xtec.cat\/ietiler\/wp-json\/wp\/v2\/users\/1"}],"replies":[{"embeddable":true,"href":"https:\/\/agora.xtec.cat\/ietiler\/wp-json\/wp\/v2\/comments?post=1401"}],"version-history":[{"count":4,"href":"https:\/\/agora.xtec.cat\/ietiler\/wp-json\/wp\/v2\/pages\/1401\/revisions"}],"predecessor-version":[{"id":3014,"href":"https:\/\/agora.xtec.cat\/ietiler\/wp-json\/wp\/v2\/pages\/1401\/revisions\/3014"}],"wp:attachment":[{"href":"https:\/\/agora.xtec.cat\/ietiler\/wp-json\/wp\/v2\/media?parent=1401"}],"curies":[{"name":"wp","href":"https:\/\/api.w.org\/{rel}","templated":true}]}}