{"id":1400,"date":"2018-02-02T09:28:05","date_gmt":"2018-02-02T08:28:05","guid":{"rendered":"http:\/\/agora.xtec.cat\/ietiler\/?page_id=1400"},"modified":"2023-01-24T17:10:47","modified_gmt":"2023-01-24T16:10:47","slug":"es","status":"publish","type":"page","link":"https:\/\/agora.xtec.cat\/ietiler\/es\/","title":{"rendered":"Educadora Social"},"content":{"rendered":"<p>La figura del ES ( Educador Social ) es assegurar l\u00b4 atenci\u00f3 global dels infants i les seves fam\u00edlies en els centres escolars, facilitant el treball conjunt i la mirada comuna entre els professionals de l&#8217;\u00e0mbit educatiu, social i de salut. Sumant energies per construir una escola transformador.<\/p>\n<p>Al til\u00b7ler, la nostra educadora social \u00e9s la S\u00f2nia Mart\u00ednez, que de manera coordinada amb serveis socials, treballa al nostre centre per donar suport a infants i fam\u00edlies que ho necessitin.<\/p>\n<p>Les seves funcions:<\/p>\n<p>&#8211; Detecci\u00f3 i acompanyament socio-educatiu de situacions de fragilitat.<\/p>\n<p>&#8211; Treballant l\u2019assist\u00e8ncia, l\u00b4 \u00e8xit escolar i la conviv\u00e8ncia.<\/p>\n<p>&#8211; Donar suport a les fam\u00edlies en el proc\u00e9s d \u00b4integraci\u00f3 social.<\/p>\n<p>&#8211; Coordinaci\u00f3 des de l\u00b4\u00e0mbit de l\u00b4escola i del Centre de Serveis Socials de les situacions de fragilitat.<\/p>\n<p>&#8211; Atenci\u00f3 a la diversitat.<\/p>\n<p>&#8211; Treball amb les fam\u00edlies, seguiment , suport , mediaci\u00f3, ponts i relaci\u00f3 amb el centre escolar<\/p>\n<p>&#8211; Acollida de fam\u00edlies nouvingudes<\/p>\n<p>&#8211; Motivar en participar en les xarxes del territori.<\/p>\n<p>&#8211; Establir estrat\u00e8gies conjuntament amb l\u00b4equip educatiu, per treballar habilitats, valors, autonomia, mitjan\u00e7ant activitats conjuntes.<\/p>\n<p>&nbsp;<\/p>\n","protected":false},"excerpt":{"rendered":"<p>La figura del ES ( Educador Social ) es assegurar l\u00b4 atenci\u00f3 global dels infants i les seves fam\u00edlies en els centres escolars, facilitant el treball conjunt i la mirada comuna entre els professionals de l&#8217;\u00e0mbit educatiu, social i de salut. Sumant energies per construir&hellip;  <a href=\"https:\/\/agora.xtec.cat\/ietiler\/es\/\" title=\"Read Educadora Social\">Llegeix m\u00e9s\u00bb<\/a><\/p>\n","protected":false},"author":1,"featured_media":0,"parent":0,"menu_order":0,"comment_status":"closed","ping_status":"closed","template":"","meta":{"_bbp_topic_count":0,"_bbp_reply_count":0,"_bbp_total_topic_count":0,"_bbp_total_reply_count":0,"_bbp_voice_count":0,"_bbp_anonymous_reply_count":0,"_bbp_topic_count_hidden":0,"_bbp_reply_count_hidden":0,"_bbp_forum_subforum_count":0,"footnotes":""},"class_list":["post-1400","page","type-page","status-publish","hentry"],"post_mailing_queue_ids":[],"_links":{"self":[{"href":"https:\/\/agora.xtec.cat\/ietiler\/wp-json\/wp\/v2\/pages\/1400","targetHints":{"allow":["GET"]}}],"collection":[{"href":"https:\/\/agora.xtec.cat\/ietiler\/wp-json\/wp\/v2\/pages"}],"about":[{"href":"https:\/\/agora.xtec.cat\/ietiler\/wp-json\/wp\/v2\/types\/page"}],"author":[{"embeddable":true,"href":"https:\/\/agora.xtec.cat\/ietiler\/wp-json\/wp\/v2\/users\/1"}],"replies":[{"embeddable":true,"href":"https:\/\/agora.xtec.cat\/ietiler\/wp-json\/wp\/v2\/comments?post=1400"}],"version-history":[{"count":4,"href":"https:\/\/agora.xtec.cat\/ietiler\/wp-json\/wp\/v2\/pages\/1400\/revisions"}],"predecessor-version":[{"id":3137,"href":"https:\/\/agora.xtec.cat\/ietiler\/wp-json\/wp\/v2\/pages\/1400\/revisions\/3137"}],"wp:attachment":[{"href":"https:\/\/agora.xtec.cat\/ietiler\/wp-json\/wp\/v2\/media?parent=1400"}],"curies":[{"name":"wp","href":"https:\/\/api.w.org\/{rel}","templated":true}]}}