{"id":1390,"date":"2018-02-02T09:13:40","date_gmt":"2018-02-02T08:13:40","guid":{"rendered":"http:\/\/agora.xtec.cat\/ietiler\/?page_id=1390"},"modified":"2023-01-24T17:01:52","modified_gmt":"2023-01-24T16:01:52","slug":"eap","status":"publish","type":"page","link":"https:\/\/agora.xtec.cat\/ietiler\/eap\/","title":{"rendered":"EAP"},"content":{"rendered":"<p><strong>Els Equips d\u2019Assessorament i Orientaci\u00f3 psicopedag\u00f2gica<\/strong> (EAP) s\u00f3n un servei de suport i assessorament psicopedag\u00f2gic i social als centres educatius i a la comunitat educativa. Desenvolupen les seves actuacions en els centres educatius i en el seu entorn amb estreta col\u00b7laboraci\u00f3 amb els altres serveis i professionals del sector.<\/p>\n<p>A l&#8217;Institut Escola El Til\u00b7ler la referent psicopedagoga es diu <strong>Anna Velasco<\/strong> i el seu horari \u00e9s <strong>Dilluns i Dimarts de 9:00 a 12:30h<\/strong><\/p>\n<p>Destinataris:<br \/>\nEls destinataris d\u2019assessorament s\u00f3n els equips directius, el professorat i altres professionals implicats en l\u2019atenci\u00f3 a l\u2019alumnat amb dificultats o amb necessitats educatives especials, l\u2019alumnat i les seves fam\u00edlies.<\/p>\n<p><strong>Objectius:<\/strong><br \/>\n\u2022 Identificar i avaluar les necessitats educatives especials de l&#8217;alumnat i fer la proposta d\u2019escolaritzaci\u00f3, en col\u2022laboraci\u00f3 amb els serveis educatius espec\u00edfics quan s\u2019escaigui.<br \/>\n\u2022 Assessorar el professorat i les fam\u00edlies en la resposta educativa a l\u2019alumnat amb necessitats educatives especials, en col\u2022laboraci\u00f3 amb els docents especialitzats i els serveis educatius espec\u00edfics.<br \/>\n\u2022 Assessorar els equips docents, l\u2019alumnat i les fam\u00edlies sobre aspectes d\u2019orientaci\u00f3 personal, educativa i professional.<br \/>\n\u2022 Donar suport als centres educatius en la millora de l\u2019atenci\u00f3 a la diversitat i la inclusi\u00f3.<br \/>\n\u2022 Col\u2022laborar conjuntament amb els altres equips del servei educatiu de zona i els espec\u00edfics per tal de promoure activitats d\u2019intercanvi i de formaci\u00f3 del professorat.<br \/>\n\u2022 Col\u2022laborar amb els serveis socials i sanitaris de l\u2019\u00e0mbit territorial d\u2019actuaci\u00f3, per tal d\u2019oferir una atenci\u00f3 coordinada als alumnes i fam\u00edlies que ho necessitin<\/p>\n<p><a href=\"http:\/\/agora.xtec.cat\/ietiler\/wp-content\/uploads\/usu403\/2018\/02\/captura-de-pantalla-2014-09-07-a-les-10-13-23.png\"><img loading=\"lazy\" decoding=\"async\" class=\"wp-image-1712 size-medium aligncenter\" src=\"http:\/\/agora.xtec.cat\/ietiler\/wp-content\/uploads\/usu403\/2018\/02\/captura-de-pantalla-2014-09-07-a-les-10-13-23-300x227.png\" alt=\"\" width=\"300\" height=\"227\" srcset=\"https:\/\/agora.xtec.cat\/ietiler\/wp-content\/uploads\/usu403\/2018\/02\/captura-de-pantalla-2014-09-07-a-les-10-13-23-300x227.png 300w, https:\/\/agora.xtec.cat\/ietiler\/wp-content\/uploads\/usu403\/2018\/02\/captura-de-pantalla-2014-09-07-a-les-10-13-23-768x580.png 768w, https:\/\/agora.xtec.cat\/ietiler\/wp-content\/uploads\/usu403\/2018\/02\/captura-de-pantalla-2014-09-07-a-les-10-13-23-1024x774.png 1024w, https:\/\/agora.xtec.cat\/ietiler\/wp-content\/uploads\/usu403\/2018\/02\/captura-de-pantalla-2014-09-07-a-les-10-13-23-200x150.png 200w, https:\/\/agora.xtec.cat\/ietiler\/wp-content\/uploads\/usu403\/2018\/02\/captura-de-pantalla-2014-09-07-a-les-10-13-23.png 1126w\" sizes=\"auto, (max-width: 300px) 100vw, 300px\" \/><\/a><\/p>\n","protected":false},"excerpt":{"rendered":"<p>Els Equips d\u2019Assessorament i Orientaci\u00f3 psicopedag\u00f2gica (EAP) s\u00f3n un servei de suport i assessorament psicopedag\u00f2gic i social als centres educatius i a la comunitat educativa. Desenvolupen les seves actuacions en els centres educatius i en el seu entorn amb estreta col\u00b7laboraci\u00f3 amb els altres serveis&hellip;  <a href=\"https:\/\/agora.xtec.cat\/ietiler\/eap\/\" title=\"Read EAP\">Llegeix m\u00e9s\u00bb<\/a><\/p>\n","protected":false},"author":1,"featured_media":0,"parent":0,"menu_order":0,"comment_status":"closed","ping_status":"closed","template":"","meta":{"_bbp_topic_count":0,"_bbp_reply_count":0,"_bbp_total_topic_count":0,"_bbp_total_reply_count":0,"_bbp_voice_count":0,"_bbp_anonymous_reply_count":0,"_bbp_topic_count_hidden":0,"_bbp_reply_count_hidden":0,"_bbp_forum_subforum_count":0,"footnotes":""},"class_list":["post-1390","page","type-page","status-publish","hentry"],"post_mailing_queue_ids":[],"_links":{"self":[{"href":"https:\/\/agora.xtec.cat\/ietiler\/wp-json\/wp\/v2\/pages\/1390","targetHints":{"allow":["GET"]}}],"collection":[{"href":"https:\/\/agora.xtec.cat\/ietiler\/wp-json\/wp\/v2\/pages"}],"about":[{"href":"https:\/\/agora.xtec.cat\/ietiler\/wp-json\/wp\/v2\/types\/page"}],"author":[{"embeddable":true,"href":"https:\/\/agora.xtec.cat\/ietiler\/wp-json\/wp\/v2\/users\/1"}],"replies":[{"embeddable":true,"href":"https:\/\/agora.xtec.cat\/ietiler\/wp-json\/wp\/v2\/comments?post=1390"}],"version-history":[{"count":4,"href":"https:\/\/agora.xtec.cat\/ietiler\/wp-json\/wp\/v2\/pages\/1390\/revisions"}],"predecessor-version":[{"id":3133,"href":"https:\/\/agora.xtec.cat\/ietiler\/wp-json\/wp\/v2\/pages\/1390\/revisions\/3133"}],"wp:attachment":[{"href":"https:\/\/agora.xtec.cat\/ietiler\/wp-json\/wp\/v2\/media?parent=1390"}],"curies":[{"name":"wp","href":"https:\/\/api.w.org\/{rel}","templated":true}]}}