{"id":25136,"date":"2025-07-21T06:33:53","date_gmt":"2025-07-21T04:33:53","guid":{"rendered":"https:\/\/agora.xtec.cat\/ietfc\/?page_id=25136"},"modified":"2025-07-22T08:43:07","modified_gmt":"2025-07-22T06:43:07","slug":"tramitacio-de-titols","status":"publish","type":"page","link":"https:\/\/agora.xtec.cat\/ietfc\/secretaria\/gestio-academica\/tramitacio-de-titols\/","title":{"rendered":"Tramitaci\u00f3 de t\u00edtols"},"content":{"rendered":"\n<div class=\"barra_titol\">TRAMITACI\u00d3 DE T\u00cdTOLS<\/div>\n\n\n\n<div style=\"height:35px\" aria-hidden=\"true\" class=\"wp-block-spacer\"><\/div>\n\n\n\n<details open><summary class=\"botn\" style=\"width:85%;\"><span>T\u00edtol de graduat en educaci\u00f3 secund\u00e0ria obligat\u00f2ria<\/span><\/summary>\n<div style=\"width:80%;\">\n<p>Els t\u00edtols de l\u2019ESO s\u00f3n gratu\u00efts.<\/p>\n<p><b>Com se sol\u00b7licita?<\/b><\/br>\nDes de Secretaria, en finalitzar 4rt. d\u2019ESO per a tots els alumnes que han obtingut el Graduat, s\u2019inicien els tr\u00e0mits necessaris per la sol\u00b7licitud del t\u00edtol.<\/p>\n<p>L\u2019alumne, pares o tutors, han de venir a Secretaria a recollir el resguard del t\u00edtol al juny. El resguard far\u00e0 les funcions de t\u00edtol fins que el Consorci d\u2019Educaci\u00f3 en faci la tramesa al centre.<\/p>\n<p>Quan els t\u00edtols arribin, el centre comunicar\u00e0 a les fam\u00edlies que poden passar, amb el resguard, a recollir-lo a la secretaria.<\/p>\n<p>Normalment passen 2 anys des de l\u2019inici de la seva tramitaci\u00f3.<\/p><\/div><\/details>\n\n\n\n<div style=\"height:35px\" aria-hidden=\"true\" class=\"wp-block-spacer\"><\/div>\n","protected":false},"excerpt":{"rendered":"<p>TRAMITACI\u00d3 DE T\u00cdTOLS T\u00edtol de graduat en educaci\u00f3 secund\u00e0ria obligat\u00f2ria Els t\u00edtols de l\u2019ESO s\u00f3n gratu\u00efts. Com se sol\u00b7licita? Des [&hellip;]<\/p>\n","protected":false},"author":115,"featured_media":0,"parent":24980,"menu_order":0,"comment_status":"closed","ping_status":"close","template":"","meta":{"_bbp_topic_count":0,"_bbp_reply_count":0,"_bbp_total_topic_count":0,"_bbp_total_reply_count":0,"_bbp_voice_count":0,"_bbp_anonymous_reply_count":0,"_bbp_topic_count_hidden":0,"_bbp_reply_count_hidden":0,"_bbp_forum_subforum_count":0,"site-sidebar-layout":"default","site-content-layout":"","ast-site-content-layout":"default","site-content-style":"default","site-sidebar-style":"default","ast-global-header-display":"","ast-banner-title-visibility":"","ast-main-header-display":"","ast-hfb-above-header-display":"","ast-hfb-below-header-display":"","ast-hfb-mobile-header-display":"","site-post-title":"disabled","ast-breadcrumbs-content":"","ast-featured-img":"","footer-sml-layout":"","theme-transparent-header-meta":"","adv-header-id-meta":"","stick-header-meta":"","header-above-stick-meta":"","header-main-stick-meta":"","header-below-stick-meta":"","astra-migrate-meta-layouts":"set","ast-page-background-enabled":"default","ast-page-background-meta":{"desktop":{"background-color":"var(--ast-global-color-4)","background-image":"","background-repeat":"repeat","background-position":"center center","background-size":"auto","background-attachment":"scroll","background-type":"","background-media":"","overlay-type":"","overlay-color":"","overlay-opacity":"","overlay-gradient":""},"tablet":{"background-color":"","background-image":"","background-repeat":"repeat","background-position":"center center","background-size":"auto","background-attachment":"scroll","background-type":"","background-media":"","overlay-type":"","overlay-color":"","overlay-opacity":"","overlay-gradient":""},"mobile":{"background-color":"","background-image":"","background-repeat":"repeat","background-position":"center center","background-size":"auto","background-attachment":"scroll","background-type":"","background-media":"","overlay-type":"","overlay-color":"","overlay-opacity":"","overlay-gradient":""}},"ast-content-background-meta":{"desktop":{"background-color":"var(--ast-global-color-5)","background-image":"","background-repeat":"repeat","background-position":"center center","background-size":"auto","background-attachment":"scroll","background-type":"","background-media":"","overlay-type":"","overlay-color":"","overlay-opacity":"","overlay-gradient":""},"tablet":{"background-color":"var(--ast-global-color-5)","background-image":"","background-repeat":"repeat","background-position":"center center","background-size":"auto","background-attachment":"scroll","background-type":"","background-media":"","overlay-type":"","overlay-color":"","overlay-opacity":"","overlay-gradient":""},"mobile":{"background-color":"var(--ast-global-color-5)","background-image":"","background-repeat":"repeat","background-position":"center center","background-size":"auto","background-attachment":"scroll","background-type":"","background-media":"","overlay-type":"","overlay-color":"","overlay-opacity":"","overlay-gradient":""}},"footnotes":""},"class_list":["post-25136","page","type-page","status-publish","hentry"],"post_mailing_queue_ids":[],"_links":{"self":[{"href":"https:\/\/agora.xtec.cat\/ietfc\/wp-json\/wp\/v2\/pages\/25136","targetHints":{"allow":["GET"]}}],"collection":[{"href":"https:\/\/agora.xtec.cat\/ietfc\/wp-json\/wp\/v2\/pages"}],"about":[{"href":"https:\/\/agora.xtec.cat\/ietfc\/wp-json\/wp\/v2\/types\/page"}],"author":[{"embeddable":true,"href":"https:\/\/agora.xtec.cat\/ietfc\/wp-json\/wp\/v2\/users\/115"}],"replies":[{"embeddable":true,"href":"https:\/\/agora.xtec.cat\/ietfc\/wp-json\/wp\/v2\/comments?post=25136"}],"version-history":[{"count":6,"href":"https:\/\/agora.xtec.cat\/ietfc\/wp-json\/wp\/v2\/pages\/25136\/revisions"}],"predecessor-version":[{"id":25266,"href":"https:\/\/agora.xtec.cat\/ietfc\/wp-json\/wp\/v2\/pages\/25136\/revisions\/25266"}],"up":[{"embeddable":true,"href":"https:\/\/agora.xtec.cat\/ietfc\/wp-json\/wp\/v2\/pages\/24980"}],"wp:attachment":[{"href":"https:\/\/agora.xtec.cat\/ietfc\/wp-json\/wp\/v2\/media?parent=25136"}],"curies":[{"name":"wp","href":"https:\/\/api.w.org\/{rel}","templated":true}]}}