{"id":25099,"date":"2025-07-21T05:45:56","date_gmt":"2025-07-21T03:45:56","guid":{"rendered":"https:\/\/agora.xtec.cat\/ietfc\/?page_id=25099"},"modified":"2025-07-21T13:03:34","modified_gmt":"2025-07-21T11:03:34","slug":"beques-i-ajuts","status":"publish","type":"page","link":"https:\/\/agora.xtec.cat\/ietfc\/secretaria\/gestio-academica\/beques-i-ajuts\/","title":{"rendered":"Beques i ajuts"},"content":{"rendered":"\n<div class=\"barra_titol\">BEQUES I AJUTS<\/div>\n\n\n\n<details open>\n<summary class=\"botn\" style=\"width:85%;\"><span>Ajuts per a alumnes amb necessitat espec\u00edfica de suport educatiu<\/span><\/summary>\n<div style=\"text-align:justify;width:80%;\"><p><b>A qui van adre\u00e7ats<\/b><\/bR>\nAlumnes escolaritzats en centres educatius que acreditin la necessitat espec\u00edfica de rebre suport educatiu i reuneixin els requisits establerts.<\/p>\n<p><b>Organisme responsable<\/b><\/br>\nDepartament d\u2019Ensenyament<\/br>\nDirecci\u00f3 General d\u2019Atenci\u00f3 a la Fam\u00edlia i Comunitat Educativa<\/p>\n<p><b>Informaci\u00f3<\/b><\/br>\nPer a m\u00e9s informaci\u00f3 podeu visitar la web de la <a href=\"https:\/\/web.gencat.cat\/ca\/inici\/index.html\" target=\"_blank\" rel=\"noopener\">Generalitat de Catalunya<\/a> i <a href=\"https:\/\/www.educacionfpydeportes.gob.es\/portada.html\" target=\"_blank\" rel=\"noopener\">Ministeri Educaci\u00f3 i Formaci\u00f3 Professional<\/a>.<\/p><\/div><\/details>\n\n\n\n<details open>\n<summary class=\"botn\" style=\"width:85%;\"><span>Ajuts individuals de menjador<\/span><\/summary>\n<div style=\"text-align:justify;width:80%;\"><p><b>A qui van adre\u00e7ats<\/b><\/bR>\nL\u2019alumnat de P3 a 4t d\u2019ESO escolaritzat en centres p\u00fablics i concertats de fam\u00edlies amb ingressos per sota dels llindars establerts a la convocat\u00f2ria pot sol\u00b7licitar l\u2019ajut individual de menjador a trav\u00e9s del seu centre educatiu.<\/p>\n<p><b>Organisme responsable<\/b><\/br>\nConsorci d\u2019Educaci\u00f3 de Barcelona<\/br><\/p>\n<p><b>Informaci\u00f3<\/b><\/br>\nPer a m\u00e9s informaci\u00f3 podeu visitar la web <a href=\"https:\/\/educacio.gencat.cat\/ca\/serveis-tramits\/ajuts-subvencions\/per-destinataris\/families-alumnes\/individuals-menjador\/index.html\" target=\"_blank\" rel=\"noopener\">Ajuts individuals de menjador<\/a>.<\/br>\nUn cop complimentada la sol\u00b7licitud caldr\u00e0 que la imprimiu i la porteu degudament signada i amb els documents necessaris, si s\u2019escau, a la secretaria del centre.<\/p><\/div><\/details>\n","protected":false},"excerpt":{"rendered":"<p>BEQUES I AJUTS Ajuts per a alumnes amb necessitat espec\u00edfica de suport educatiu A qui van adre\u00e7ats Alumnes escolaritzats en [&hellip;]<\/p>\n","protected":false},"author":115,"featured_media":0,"parent":24980,"menu_order":0,"comment_status":"closed","ping_status":"close","template":"","meta":{"_bbp_topic_count":0,"_bbp_reply_count":0,"_bbp_total_topic_count":0,"_bbp_total_reply_count":0,"_bbp_voice_count":0,"_bbp_anonymous_reply_count":0,"_bbp_topic_count_hidden":0,"_bbp_reply_count_hidden":0,"_bbp_forum_subforum_count":0,"site-sidebar-layout":"default","site-content-layout":"","ast-site-content-layout":"default","site-content-style":"default","site-sidebar-style":"default","ast-global-header-display":"","ast-banner-title-visibility":"","ast-main-header-display":"","ast-hfb-above-header-display":"","ast-hfb-below-header-display":"","ast-hfb-mobile-header-display":"","site-post-title":"disabled","ast-breadcrumbs-content":"","ast-featured-img":"","footer-sml-layout":"","theme-transparent-header-meta":"","adv-header-id-meta":"","stick-header-meta":"","header-above-stick-meta":"","header-main-stick-meta":"","header-below-stick-meta":"","astra-migrate-meta-layouts":"set","ast-page-background-enabled":"default","ast-page-background-meta":{"desktop":{"background-color":"var(--ast-global-color-4)","background-image":"","background-repeat":"repeat","background-position":"center center","background-size":"auto","background-attachment":"scroll","background-type":"","background-media":"","overlay-type":"","overlay-color":"","overlay-opacity":"","overlay-gradient":""},"tablet":{"background-color":"","background-image":"","background-repeat":"repeat","background-position":"center center","background-size":"auto","background-attachment":"scroll","background-type":"","background-media":"","overlay-type":"","overlay-color":"","overlay-opacity":"","overlay-gradient":""},"mobile":{"background-color":"","background-image":"","background-repeat":"repeat","background-position":"center center","background-size":"auto","background-attachment":"scroll","background-type":"","background-media":"","overlay-type":"","overlay-color":"","overlay-opacity":"","overlay-gradient":""}},"ast-content-background-meta":{"desktop":{"background-color":"var(--ast-global-color-5)","background-image":"","background-repeat":"repeat","background-position":"center center","background-size":"auto","background-attachment":"scroll","background-type":"","background-media":"","overlay-type":"","overlay-color":"","overlay-opacity":"","overlay-gradient":""},"tablet":{"background-color":"var(--ast-global-color-5)","background-image":"","background-repeat":"repeat","background-position":"center center","background-size":"auto","background-attachment":"scroll","background-type":"","background-media":"","overlay-type":"","overlay-color":"","overlay-opacity":"","overlay-gradient":""},"mobile":{"background-color":"var(--ast-global-color-5)","background-image":"","background-repeat":"repeat","background-position":"center center","background-size":"auto","background-attachment":"scroll","background-type":"","background-media":"","overlay-type":"","overlay-color":"","overlay-opacity":"","overlay-gradient":""}},"footnotes":""},"class_list":["post-25099","page","type-page","status-publish","hentry"],"post_mailing_queue_ids":[],"_links":{"self":[{"href":"https:\/\/agora.xtec.cat\/ietfc\/wp-json\/wp\/v2\/pages\/25099","targetHints":{"allow":["GET"]}}],"collection":[{"href":"https:\/\/agora.xtec.cat\/ietfc\/wp-json\/wp\/v2\/pages"}],"about":[{"href":"https:\/\/agora.xtec.cat\/ietfc\/wp-json\/wp\/v2\/types\/page"}],"author":[{"embeddable":true,"href":"https:\/\/agora.xtec.cat\/ietfc\/wp-json\/wp\/v2\/users\/115"}],"replies":[{"embeddable":true,"href":"https:\/\/agora.xtec.cat\/ietfc\/wp-json\/wp\/v2\/comments?post=25099"}],"version-history":[{"count":6,"href":"https:\/\/agora.xtec.cat\/ietfc\/wp-json\/wp\/v2\/pages\/25099\/revisions"}],"predecessor-version":[{"id":25247,"href":"https:\/\/agora.xtec.cat\/ietfc\/wp-json\/wp\/v2\/pages\/25099\/revisions\/25247"}],"up":[{"embeddable":true,"href":"https:\/\/agora.xtec.cat\/ietfc\/wp-json\/wp\/v2\/pages\/24980"}],"wp:attachment":[{"href":"https:\/\/agora.xtec.cat\/ietfc\/wp-json\/wp\/v2\/media?parent=25099"}],"curies":[{"name":"wp","href":"https:\/\/api.w.org\/{rel}","templated":true}]}}