{"id":24271,"date":"2025-02-01T08:16:18","date_gmt":"2025-02-01T07:16:18","guid":{"rendered":"https:\/\/agora.xtec.cat\/ietfc\/?page_id=24271"},"modified":"2025-07-21T09:00:52","modified_gmt":"2025-07-21T07:00:52","slug":"secretaria","status":"publish","type":"page","link":"https:\/\/agora.xtec.cat\/ietfc\/secretaria\/","title":{"rendered":"Secretaria"},"content":{"rendered":"\n<div class=\"barra_titol\">SECRETARIA<\/div>\n\n\n\n<div style=\"height:34px\" aria-hidden=\"true\" class=\"wp-block-spacer\"><\/div>\n\n\n\n<div style=\"text-align:justify; width:80%;\"><p><b>La secretaria del centre s\u2019encarrega de la gesti\u00f3 de la documentaci\u00f3 tant acad\u00e8mica com econ\u00f2mica.<\/b><\/p>\n<p>Des de Secretaria us fem arribar comunicats i informacions, per aquest motiu \u00e9s important que ens feu saber si hi ha canvis en les vostres dades personals, d\u2019aquesta manera, el canal de comunicaci\u00f3 amb l\u2019Institut Escola ser\u00e0 \u00e0gil i efica\u00e7.<\/p>\n<p>Si hi ha canvis o detecteu errors en les vostres dades personals, podeu descarregar-vos el <a href=\"https:\/\/drive.google.com\/file\/d\/1PB4ZV8dcdk2YSIOlB3W7jg1JWnEanhK5\/view?usp=sharing\"style=\"text-decoration: none;\"><b>full de modificaci\u00f3 de dades personals<\/b><\/a> i fer-lo arribar degudament complimentat a secretaria.<\/div>\n\n\n\n<div style=\"height:34px\" aria-hidden=\"true\" class=\"wp-block-spacer\"><\/div>\n\n\n\n<div class=\"botn\" style=\"width:85%;\"><a href=\"https:\/\/agora.xtec.cat\/ietfc\/secretaria\/gestio-academica\/\" style=\"text-decoration: none;\"><span>GESTI\u00d3 ACAD\u00c8MICA<\/span><\/a><\/div>\n\n\n\n<div class=\"botn\" style=\"width:85%;\"><a href=\"https:\/\/agora.xtec.cat\/ietfc\/secretaria\/gestio-economica-2\/\" style=\"text-decoration: none;\"><span>GESTI\u00d3 ECON\u00d2MICA<\/span><\/a><\/div>\n\n\n\n<div class=\"botn\" style=\"width:85%;\"><a href=\"https:\/\/agora.xtec.cat\/ietfc\/secretaria\/repositori\/\" style=\"text-decoration: none;\"><span>REPOSITORI DE DOCUMENTS<\/span><\/a><\/div>\n\n\n\n<div style=\"height:34px\" aria-hidden=\"true\" class=\"wp-block-spacer\"><\/div>\n\n\n\n<p><\/p>\n","protected":false},"excerpt":{"rendered":"<p>SECRETARIA La secretaria del centre s\u2019encarrega de la gesti\u00f3 de la documentaci\u00f3 tant acad\u00e8mica com econ\u00f2mica. Des de Secretaria us [&hellip;]<\/p>\n","protected":false},"author":115,"featured_media":0,"parent":0,"menu_order":0,"comment_status":"closed","ping_status":"closed","template":"","meta":{"_bbp_topic_count":0,"_bbp_reply_count":0,"_bbp_total_topic_count":0,"_bbp_total_reply_count":0,"_bbp_voice_count":0,"_bbp_anonymous_reply_count":0,"_bbp_topic_count_hidden":0,"_bbp_reply_count_hidden":0,"_bbp_forum_subforum_count":0,"site-sidebar-layout":"default","site-content-layout":"","ast-site-content-layout":"default","site-content-style":"default","site-sidebar-style":"default","ast-global-header-display":"","ast-banner-title-visibility":"","ast-main-header-display":"","ast-hfb-above-header-display":"","ast-hfb-below-header-display":"","ast-hfb-mobile-header-display":"","site-post-title":"disabled","ast-breadcrumbs-content":"","ast-featured-img":"","footer-sml-layout":"","theme-transparent-header-meta":"default","adv-header-id-meta":"","stick-header-meta":"","header-above-stick-meta":"","header-main-stick-meta":"","header-below-stick-meta":"","astra-migrate-meta-layouts":"set","ast-page-background-enabled":"default","ast-page-background-meta":{"desktop":{"background-color":"var(--ast-global-color-4)","background-image":"","background-repeat":"repeat","background-position":"center center","background-size":"auto","background-attachment":"scroll","background-type":"","background-media":"","overlay-type":"","overlay-color":"","overlay-opacity":"","overlay-gradient":""},"tablet":{"background-color":"","background-image":"","background-repeat":"repeat","background-position":"center center","background-size":"auto","background-attachment":"scroll","background-type":"","background-media":"","overlay-type":"","overlay-color":"","overlay-opacity":"","overlay-gradient":""},"mobile":{"background-color":"","background-image":"","background-repeat":"repeat","background-position":"center center","background-size":"auto","background-attachment":"scroll","background-type":"","background-media":"","overlay-type":"","overlay-color":"","overlay-opacity":"","overlay-gradient":""}},"ast-content-background-meta":{"desktop":{"background-color":"var(--ast-global-color-5)","background-image":"","background-repeat":"repeat","background-position":"center center","background-size":"auto","background-attachment":"scroll","background-type":"","background-media":"","overlay-type":"","overlay-color":"","overlay-opacity":"","overlay-gradient":""},"tablet":{"background-color":"var(--ast-global-color-5)","background-image":"","background-repeat":"repeat","background-position":"center center","background-size":"auto","background-attachment":"scroll","background-type":"","background-media":"","overlay-type":"","overlay-color":"","overlay-opacity":"","overlay-gradient":""},"mobile":{"background-color":"var(--ast-global-color-5)","background-image":"","background-repeat":"repeat","background-position":"center center","background-size":"auto","background-attachment":"scroll","background-type":"","background-media":"","overlay-type":"","overlay-color":"","overlay-opacity":"","overlay-gradient":""}},"footnotes":""},"class_list":["post-24271","page","type-page","status-publish","hentry"],"post_mailing_queue_ids":[],"_links":{"self":[{"href":"https:\/\/agora.xtec.cat\/ietfc\/wp-json\/wp\/v2\/pages\/24271","targetHints":{"allow":["GET"]}}],"collection":[{"href":"https:\/\/agora.xtec.cat\/ietfc\/wp-json\/wp\/v2\/pages"}],"about":[{"href":"https:\/\/agora.xtec.cat\/ietfc\/wp-json\/wp\/v2\/types\/page"}],"author":[{"embeddable":true,"href":"https:\/\/agora.xtec.cat\/ietfc\/wp-json\/wp\/v2\/users\/115"}],"replies":[{"embeddable":true,"href":"https:\/\/agora.xtec.cat\/ietfc\/wp-json\/wp\/v2\/comments?post=24271"}],"version-history":[{"count":6,"href":"https:\/\/agora.xtec.cat\/ietfc\/wp-json\/wp\/v2\/pages\/24271\/revisions"}],"predecessor-version":[{"id":25234,"href":"https:\/\/agora.xtec.cat\/ietfc\/wp-json\/wp\/v2\/pages\/24271\/revisions\/25234"}],"wp:attachment":[{"href":"https:\/\/agora.xtec.cat\/ietfc\/wp-json\/wp\/v2\/media?parent=24271"}],"curies":[{"name":"wp","href":"https:\/\/api.w.org\/{rel}","templated":true}]}}