{"id":750,"date":"2020-02-19T13:55:43","date_gmt":"2020-02-19T12:55:43","guid":{"rendered":"https:\/\/agora.xtec.cat\/ieteresaaltet-rubi\/?page_id=750"},"modified":"2024-07-03T12:20:37","modified_gmt":"2024-07-03T10:20:37","slug":"autoritzacions-i-comunicacions","status":"publish","type":"page","link":"https:\/\/agora.xtec.cat\/ieteresaaltet-rubi\/autoritzacions-i-comunicacions\/","title":{"rendered":"Documentaci\u00f3 comunitats"},"content":{"rendered":"<p><a href=\"https:\/\/drive.google.com\/file\/d\/1GH-cW2c08yYjwWpzcTGln2kAXXI_Z0ZN\/view\">Autoritzaci\u00f3 de recollida per adults i germans<\/a><\/p>\n<p><a href=\"https:\/\/drive.google.com\/file\/d\/1h7x66-E6TZv4Vh2x8bSl01OPX-WRHYtn\/view\">Autoritzaci\u00f3 per a l&#8217;administraci\u00f3 de medicaments<\/a><\/p>\n","protected":false},"excerpt":{"rendered":"<p>Autoritzaci\u00f3 de recollida per adults i germans Autoritzaci\u00f3 per a l&#8217;administraci\u00f3 de medicaments<\/p>\n","protected":false},"author":4,"featured_media":0,"parent":0,"menu_order":0,"comment_status":"closed","ping_status":"closed","template":"","meta":{"_bbp_topic_count":0,"_bbp_reply_count":0,"_bbp_total_topic_count":0,"_bbp_total_reply_count":0,"_bbp_voice_count":0,"_bbp_anonymous_reply_count":0,"_bbp_topic_count_hidden":0,"_bbp_reply_count_hidden":0,"_bbp_forum_subforum_count":0,"site-sidebar-layout":"default","site-content-layout":"","ast-site-content-layout":"","site-content-style":"default","site-sidebar-style":"default","ast-global-header-display":"","ast-banner-title-visibility":"","ast-main-header-display":"","ast-hfb-above-header-display":"","ast-hfb-below-header-display":"","ast-hfb-mobile-header-display":"","site-post-title":"","ast-breadcrumbs-content":"","ast-featured-img":"","footer-sml-layout":"","theme-transparent-header-meta":"","adv-header-id-meta":"","stick-header-meta":"","header-above-stick-meta":"","header-main-stick-meta":"","header-below-stick-meta":"","astra-migrate-meta-layouts":"default","ast-page-background-enabled":"default","ast-page-background-meta":{"desktop":{"background-color":"var(--ast-global-color-4)","background-image":"","background-repeat":"repeat","background-position":"center center","background-size":"auto","background-attachment":"scroll","background-type":"","background-media":"","overlay-type":"","overlay-color":"","overlay-opacity":"","overlay-gradient":""},"tablet":{"background-color":"","background-image":"","background-repeat":"repeat","background-position":"center center","background-size":"auto","background-attachment":"scroll","background-type":"","background-media":"","overlay-type":"","overlay-color":"","overlay-opacity":"","overlay-gradient":""},"mobile":{"background-color":"","background-image":"","background-repeat":"repeat","background-position":"center center","background-size":"auto","background-attachment":"scroll","background-type":"","background-media":"","overlay-type":"","overlay-color":"","overlay-opacity":"","overlay-gradient":""}},"ast-content-background-meta":{"desktop":{"background-color":"var(--ast-global-color-5)","background-image":"","background-repeat":"repeat","background-position":"center center","background-size":"auto","background-attachment":"scroll","background-type":"","background-media":"","overlay-type":"","overlay-color":"","overlay-opacity":"","overlay-gradient":""},"tablet":{"background-color":"var(--ast-global-color-5)","background-image":"","background-repeat":"repeat","background-position":"center center","background-size":"auto","background-attachment":"scroll","background-type":"","background-media":"","overlay-type":"","overlay-color":"","overlay-opacity":"","overlay-gradient":""},"mobile":{"background-color":"var(--ast-global-color-5)","background-image":"","background-repeat":"repeat","background-position":"center center","background-size":"auto","background-attachment":"scroll","background-type":"","background-media":"","overlay-type":"","overlay-color":"","overlay-opacity":"","overlay-gradient":""}},"footnotes":""},"class_list":["post-750","page","type-page","status-publish","hentry"],"post_mailing_queue_ids":[],"_links":{"self":[{"href":"https:\/\/agora.xtec.cat\/ieteresaaltet-rubi\/wp-json\/wp\/v2\/pages\/750","targetHints":{"allow":["GET"]}}],"collection":[{"href":"https:\/\/agora.xtec.cat\/ieteresaaltet-rubi\/wp-json\/wp\/v2\/pages"}],"about":[{"href":"https:\/\/agora.xtec.cat\/ieteresaaltet-rubi\/wp-json\/wp\/v2\/types\/page"}],"author":[{"embeddable":true,"href":"https:\/\/agora.xtec.cat\/ieteresaaltet-rubi\/wp-json\/wp\/v2\/users\/4"}],"replies":[{"embeddable":true,"href":"https:\/\/agora.xtec.cat\/ieteresaaltet-rubi\/wp-json\/wp\/v2\/comments?post=750"}],"version-history":[{"count":3,"href":"https:\/\/agora.xtec.cat\/ieteresaaltet-rubi\/wp-json\/wp\/v2\/pages\/750\/revisions"}],"predecessor-version":[{"id":2882,"href":"https:\/\/agora.xtec.cat\/ieteresaaltet-rubi\/wp-json\/wp\/v2\/pages\/750\/revisions\/2882"}],"wp:attachment":[{"href":"https:\/\/agora.xtec.cat\/ieteresaaltet-rubi\/wp-json\/wp\/v2\/media?parent=750"}],"curies":[{"name":"wp","href":"https:\/\/api.w.org\/{rel}","templated":true}]}}