{"id":3271,"date":"2025-02-12T15:42:09","date_gmt":"2025-02-12T14:42:09","guid":{"rendered":"https:\/\/agora.xtec.cat\/ieteresaaltet-rubi\/?page_id=3271"},"modified":"2025-03-11T19:08:46","modified_gmt":"2025-03-11T18:08:46","slug":"projecte-educatiu-de-laltet","status":"publish","type":"page","link":"https:\/\/agora.xtec.cat\/ieteresaaltet-rubi\/projecte-educatiu-de-laltet\/","title":{"rendered":"Projecte educatiu de l&#8217;Altet"},"content":{"rendered":"<p>&nbsp;<\/p>\n<p style=\"text-align: center;\">L&#8217;Altet \u00e9s un centre que t\u00e9 un projecte educatiu coherent, innovador i de qualitat que t\u00e9 en compte les singularitats de cada etapa.<\/p>\n<p><a href=\"https:\/\/agora.xtec.cat\/ieteresaaltet-rubi\/wp-content\/uploads\/usu1398\/2025\/01\/3-16-1.jpg\"><img loading=\"lazy\" decoding=\"async\" class=\"wp-image-3238 aligncenter\" src=\"https:\/\/agora.xtec.cat\/ieteresaaltet-rubi\/wp-content\/uploads\/usu1398\/2025\/01\/3-16-1.jpg\" alt=\"\" width=\"346\" height=\"150\" srcset=\"https:\/\/agora.xtec.cat\/ieteresaaltet-rubi\/wp-content\/uploads\/usu1398\/2025\/01\/3-16-1.jpg 1407w, https:\/\/agora.xtec.cat\/ieteresaaltet-rubi\/wp-content\/uploads\/usu1398\/2025\/01\/3-16-1-300x130.jpg 300w, https:\/\/agora.xtec.cat\/ieteresaaltet-rubi\/wp-content\/uploads\/usu1398\/2025\/01\/3-16-1-1024x444.jpg 1024w, https:\/\/agora.xtec.cat\/ieteresaaltet-rubi\/wp-content\/uploads\/usu1398\/2025\/01\/3-16-1-768x333.jpg 768w\" sizes=\"auto, (max-width: 346px) 100vw, 346px\" \/><\/a><\/p>\n<p style=\"text-align: center;\">Som un centre comprom\u00e8s i que fa un retorn a la societat, formant ciutadans cr\u00edtics i responsables. Confiem en ells i en el comprom\u00eds que adquiriran amb el m\u00f3n.<\/p>\n<p style=\"text-align: center;\">Potenciem les habilitats i capacitats de cada alumne, personalitzant l&#8217;aprenenattge d&#8217;infants i joves.<\/p>\n<p style=\"text-align: center;\">Posem l&#8217;alumne al centre.<\/p>\n<p style=\"text-align: center;\">Estem en constant innnovaci\u00f3, revisant el nostre projecte educatiu per garantir la millor educaci\u00f3 en totes les etapes.<\/p>\n<p><a href=\"https:\/\/agora.xtec.cat\/ieteresaaltet-rubi\/wp-content\/uploads\/usu1398\/2025\/03\/pec.jpg\"><img loading=\"lazy\" decoding=\"async\" class=\"aligncenter size-full wp-image-3343\" src=\"https:\/\/agora.xtec.cat\/ieteresaaltet-rubi\/wp-content\/uploads\/usu1398\/2025\/03\/pec.jpg\" alt=\"\" width=\"1856\" height=\"258\" srcset=\"https:\/\/agora.xtec.cat\/ieteresaaltet-rubi\/wp-content\/uploads\/usu1398\/2025\/03\/pec.jpg 1856w, https:\/\/agora.xtec.cat\/ieteresaaltet-rubi\/wp-content\/uploads\/usu1398\/2025\/03\/pec-300x42.jpg 300w, https:\/\/agora.xtec.cat\/ieteresaaltet-rubi\/wp-content\/uploads\/usu1398\/2025\/03\/pec-1024x142.jpg 1024w, https:\/\/agora.xtec.cat\/ieteresaaltet-rubi\/wp-content\/uploads\/usu1398\/2025\/03\/pec-768x107.jpg 768w, https:\/\/agora.xtec.cat\/ieteresaaltet-rubi\/wp-content\/uploads\/usu1398\/2025\/03\/pec-1536x214.jpg 1536w\" sizes=\"auto, (max-width: 1856px) 100vw, 1856px\" \/><\/a><\/p>\n<p style=\"text-align: center;\">Col\u00b7laborem i participem en diversos programes i projectes d&#8217;excel\u00b7l\u00e8ncia educativa. <a href=\"https:\/\/agora.xtec.cat\/ieteresaaltet-rubi\/collaboracions-i-programes\/\">Descobreix-los aqu\u00ed<\/a>.<\/p>\n<p style=\"text-align: center;\">Vols saber-ne m\u00e9s? Consulta el nostre <a href=\"https:\/\/drive.google.com\/file\/d\/1fbTUh-G-musbvuqzPbJqsVPKDmwHQZUW\/view\">Projecte educatiu de centre (PEC)<\/a><\/p>\n<p>&nbsp;<\/p>\n<p>&nbsp;<\/p>\n","protected":false},"excerpt":{"rendered":"<p>&nbsp; L&#8217;Altet \u00e9s un centre que t\u00e9 un projecte educatiu coherent, innovador i de qualitat que t\u00e9 en compte les singularitats de cada etapa. Som un centre comprom\u00e8s i que fa un retorn a la societat, formant ciutadans cr\u00edtics i responsables. Confiem en ells i en el comprom\u00eds que adquiriran amb el m\u00f3n. Potenciem les [&hellip;]<\/p>\n","protected":false},"author":1,"featured_media":0,"parent":0,"menu_order":0,"comment_status":"closed","ping_status":"closed","template":"","meta":{"_bbp_topic_count":0,"_bbp_reply_count":0,"_bbp_total_topic_count":0,"_bbp_total_reply_count":0,"_bbp_voice_count":0,"_bbp_anonymous_reply_count":0,"_bbp_topic_count_hidden":0,"_bbp_reply_count_hidden":0,"_bbp_forum_subforum_count":0,"site-sidebar-layout":"default","site-content-layout":"","ast-site-content-layout":"","site-content-style":"default","site-sidebar-style":"default","ast-global-header-display":"","ast-banner-title-visibility":"","ast-main-header-display":"","ast-hfb-above-header-display":"","ast-hfb-below-header-display":"","ast-hfb-mobile-header-display":"","site-post-title":"","ast-breadcrumbs-content":"","ast-featured-img":"","footer-sml-layout":"","theme-transparent-header-meta":"","adv-header-id-meta":"","stick-header-meta":"","header-above-stick-meta":"","header-main-stick-meta":"","header-below-stick-meta":"","astra-migrate-meta-layouts":"default","ast-page-background-enabled":"default","ast-page-background-meta":{"desktop":{"background-color":"var(--ast-global-color-4)","background-image":"","background-repeat":"repeat","background-position":"center center","background-size":"auto","background-attachment":"scroll","background-type":"","background-media":"","overlay-type":"","overlay-color":"","overlay-opacity":"","overlay-gradient":""},"tablet":{"background-color":"","background-image":"","background-repeat":"repeat","background-position":"center center","background-size":"auto","background-attachment":"scroll","background-type":"","background-media":"","overlay-type":"","overlay-color":"","overlay-opacity":"","overlay-gradient":""},"mobile":{"background-color":"","background-image":"","background-repeat":"repeat","background-position":"center center","background-size":"auto","background-attachment":"scroll","background-type":"","background-media":"","overlay-type":"","overlay-color":"","overlay-opacity":"","overlay-gradient":""}},"ast-content-background-meta":{"desktop":{"background-color":"var(--ast-global-color-5)","background-image":"","background-repeat":"repeat","background-position":"center center","background-size":"auto","background-attachment":"scroll","background-type":"","background-media":"","overlay-type":"","overlay-color":"","overlay-opacity":"","overlay-gradient":""},"tablet":{"background-color":"var(--ast-global-color-5)","background-image":"","background-repeat":"repeat","background-position":"center center","background-size":"auto","background-attachment":"scroll","background-type":"","background-media":"","overlay-type":"","overlay-color":"","overlay-opacity":"","overlay-gradient":""},"mobile":{"background-color":"var(--ast-global-color-5)","background-image":"","background-repeat":"repeat","background-position":"center center","background-size":"auto","background-attachment":"scroll","background-type":"","background-media":"","overlay-type":"","overlay-color":"","overlay-opacity":"","overlay-gradient":""}},"footnotes":""},"class_list":["post-3271","page","type-page","status-publish","hentry"],"post_mailing_queue_ids":[],"_links":{"self":[{"href":"https:\/\/agora.xtec.cat\/ieteresaaltet-rubi\/wp-json\/wp\/v2\/pages\/3271","targetHints":{"allow":["GET"]}}],"collection":[{"href":"https:\/\/agora.xtec.cat\/ieteresaaltet-rubi\/wp-json\/wp\/v2\/pages"}],"about":[{"href":"https:\/\/agora.xtec.cat\/ieteresaaltet-rubi\/wp-json\/wp\/v2\/types\/page"}],"author":[{"embeddable":true,"href":"https:\/\/agora.xtec.cat\/ieteresaaltet-rubi\/wp-json\/wp\/v2\/users\/1"}],"replies":[{"embeddable":true,"href":"https:\/\/agora.xtec.cat\/ieteresaaltet-rubi\/wp-json\/wp\/v2\/comments?post=3271"}],"version-history":[{"count":4,"href":"https:\/\/agora.xtec.cat\/ieteresaaltet-rubi\/wp-json\/wp\/v2\/pages\/3271\/revisions"}],"predecessor-version":[{"id":3344,"href":"https:\/\/agora.xtec.cat\/ieteresaaltet-rubi\/wp-json\/wp\/v2\/pages\/3271\/revisions\/3344"}],"wp:attachment":[{"href":"https:\/\/agora.xtec.cat\/ieteresaaltet-rubi\/wp-json\/wp\/v2\/media?parent=3271"}],"curies":[{"name":"wp","href":"https:\/\/api.w.org\/{rel}","templated":true}]}}