{"id":3034,"date":"2024-12-17T12:54:11","date_gmt":"2024-12-17T11:54:11","guid":{"rendered":"https:\/\/agora.xtec.cat\/ieteresaaltet-rubi\/?page_id=3034"},"modified":"2025-01-22T11:37:57","modified_gmt":"2025-01-22T10:37:57","slug":"documentacio","status":"publish","type":"page","link":"https:\/\/agora.xtec.cat\/ieteresaaltet-rubi\/documentacio\/","title":{"rendered":"DOCUMENTACI\u00d3"},"content":{"rendered":"<h4>En aquest apartat podeu trobar els documents que poden ser del vostre inter\u00e8s pel funcionament d&#8217;aquest curs.<\/h4>\n<ul>\n<li><strong><a href=\"https:\/\/drive.google.com\/file\/d\/1f-ZrFf9AbYsEb-KFOjqngKO4r60ZtE9y\/view?usp=drive_link\">La carta de comprom\u00eds educatiu<\/a>:<\/strong> La carta de comprom\u00eds educatiu \u00e9s un document que t\u00e9 com a finalitat potenciar la comunicaci\u00f3, la participaci\u00f3, la implicaci\u00f3, el comprom\u00eds i la corresponsabilitat entre els centres i les fam\u00edlies en l&#8217;educaci\u00f3 d&#8217;infants i joves.<\/li>\n<li><a href=\"https:\/\/drive.google.com\/file\/d\/1vqIbLoUxAIT_xDSzqOedWyxYybBNAydR\/view?usp=drive_link\"><strong>El criteri de no assist\u00e8ncia de l&#8217;alumnat:<\/strong><\/a> document oficial de la Generalitat.<\/li>\n<li><a href=\"https:\/\/drive.google.com\/file\/d\/1iJQ__CmLn8EKDuvCrPOc64BsxkmFC_1_\/view?usp=drive_link\"><strong>El document dels drets d&#8217;imatge<\/strong><\/a> per autoritzar que els nens\/es o joves apareguin en xarxes.<\/li>\n<\/ul>\n","protected":false},"excerpt":{"rendered":"<p>En aquest apartat podeu trobar els documents que poden ser del vostre inter\u00e8s pel funcionament d&#8217;aquest curs. La carta de comprom\u00eds educatiu: La carta de comprom\u00eds educatiu \u00e9s un document que t\u00e9 com a finalitat potenciar la comunicaci\u00f3, la participaci\u00f3, la implicaci\u00f3, el comprom\u00eds i la corresponsabilitat entre els centres i les fam\u00edlies en l&#8217;educaci\u00f3 [&hellip;]<\/p>\n","protected":false},"author":1,"featured_media":0,"parent":0,"menu_order":0,"comment_status":"closed","ping_status":"closed","template":"","meta":{"_bbp_topic_count":0,"_bbp_reply_count":0,"_bbp_total_topic_count":0,"_bbp_total_reply_count":0,"_bbp_voice_count":0,"_bbp_anonymous_reply_count":0,"_bbp_topic_count_hidden":0,"_bbp_reply_count_hidden":0,"_bbp_forum_subforum_count":0,"site-sidebar-layout":"default","site-content-layout":"","ast-site-content-layout":"","site-content-style":"default","site-sidebar-style":"default","ast-global-header-display":"","ast-banner-title-visibility":"","ast-main-header-display":"","ast-hfb-above-header-display":"","ast-hfb-below-header-display":"","ast-hfb-mobile-header-display":"","site-post-title":"","ast-breadcrumbs-content":"","ast-featured-img":"","footer-sml-layout":"","theme-transparent-header-meta":"","adv-header-id-meta":"","stick-header-meta":"","header-above-stick-meta":"","header-main-stick-meta":"","header-below-stick-meta":"","astra-migrate-meta-layouts":"default","ast-page-background-enabled":"default","ast-page-background-meta":{"desktop":{"background-color":"var(--ast-global-color-4)","background-image":"","background-repeat":"repeat","background-position":"center center","background-size":"auto","background-attachment":"scroll","background-type":"","background-media":"","overlay-type":"","overlay-color":"","overlay-opacity":"","overlay-gradient":""},"tablet":{"background-color":"","background-image":"","background-repeat":"repeat","background-position":"center center","background-size":"auto","background-attachment":"scroll","background-type":"","background-media":"","overlay-type":"","overlay-color":"","overlay-opacity":"","overlay-gradient":""},"mobile":{"background-color":"","background-image":"","background-repeat":"repeat","background-position":"center center","background-size":"auto","background-attachment":"scroll","background-type":"","background-media":"","overlay-type":"","overlay-color":"","overlay-opacity":"","overlay-gradient":""}},"ast-content-background-meta":{"desktop":{"background-color":"var(--ast-global-color-5)","background-image":"","background-repeat":"repeat","background-position":"center center","background-size":"auto","background-attachment":"scroll","background-type":"","background-media":"","overlay-type":"","overlay-color":"","overlay-opacity":"","overlay-gradient":""},"tablet":{"background-color":"var(--ast-global-color-5)","background-image":"","background-repeat":"repeat","background-position":"center center","background-size":"auto","background-attachment":"scroll","background-type":"","background-media":"","overlay-type":"","overlay-color":"","overlay-opacity":"","overlay-gradient":""},"mobile":{"background-color":"var(--ast-global-color-5)","background-image":"","background-repeat":"repeat","background-position":"center center","background-size":"auto","background-attachment":"scroll","background-type":"","background-media":"","overlay-type":"","overlay-color":"","overlay-opacity":"","overlay-gradient":""}},"footnotes":""},"class_list":["post-3034","page","type-page","status-publish","hentry"],"post_mailing_queue_ids":[],"_links":{"self":[{"href":"https:\/\/agora.xtec.cat\/ieteresaaltet-rubi\/wp-json\/wp\/v2\/pages\/3034","targetHints":{"allow":["GET"]}}],"collection":[{"href":"https:\/\/agora.xtec.cat\/ieteresaaltet-rubi\/wp-json\/wp\/v2\/pages"}],"about":[{"href":"https:\/\/agora.xtec.cat\/ieteresaaltet-rubi\/wp-json\/wp\/v2\/types\/page"}],"author":[{"embeddable":true,"href":"https:\/\/agora.xtec.cat\/ieteresaaltet-rubi\/wp-json\/wp\/v2\/users\/1"}],"replies":[{"embeddable":true,"href":"https:\/\/agora.xtec.cat\/ieteresaaltet-rubi\/wp-json\/wp\/v2\/comments?post=3034"}],"version-history":[{"count":5,"href":"https:\/\/agora.xtec.cat\/ieteresaaltet-rubi\/wp-json\/wp\/v2\/pages\/3034\/revisions"}],"predecessor-version":[{"id":3227,"href":"https:\/\/agora.xtec.cat\/ieteresaaltet-rubi\/wp-json\/wp\/v2\/pages\/3034\/revisions\/3227"}],"wp:attachment":[{"href":"https:\/\/agora.xtec.cat\/ieteresaaltet-rubi\/wp-json\/wp\/v2\/media?parent=3034"}],"curies":[{"name":"wp","href":"https:\/\/api.w.org\/{rel}","templated":true}]}}