{"id":28,"date":"2014-09-18T12:29:35","date_gmt":"2014-09-18T11:29:35","guid":{"rendered":"http:\/\/agora.xtec.cat\/ieteresaaltet-rubi\/?page_id=28"},"modified":"2026-02-04T13:16:31","modified_gmt":"2026-02-04T12:16:31","slug":"consell-escolar","status":"publish","type":"page","link":"https:\/\/agora.xtec.cat\/ieteresaaltet-rubi\/projecte-educatiu\/lescola\/consell-escolar\/","title":{"rendered":"Consell escolar"},"content":{"rendered":"<h5><strong>COMPOSICI\u00d3 (Novembre 2024)<\/strong><\/h5>\n<ul>\n<li>Pendents d&#8217;elecci\u00f3 (representants de l&#8217;alumnat)<\/li>\n<li>Carme Hidalgo (representant Ajuntament)<\/li>\n<li>Marta Hormigo, Daniel S\u00e1nchez, Jose Ja\u00e9n, Betlem Ca\u00f1izar, N\u00e9stor Arrabal, Yolanda Jim\u00e9nez, Ivan Romera, Laura Garcia (representants de l&#8217;equip docent)<\/li>\n<li>Maravillas Guti\u00e9rrez (representant de l&#8217;AFA)<\/li>\n<li>Sandra Iruela, Mireia Caro, Loubna El Achouch, Nabila (representants fam\u00edlies)<\/li>\n<li>Juani Mezquita (representant PAS)<\/li>\n<li>M\u00f2nica Rosell\u00f3 (representant PAE)<\/li>\n<li>\u00c0ngels Grado, Angel Vera, M. Carmen de Paco, Ana Salvetto (membres de l&#8217;equip directiu)<\/li>\n<\/ul>\n","protected":false},"excerpt":{"rendered":"<p>COMPOSICI\u00d3 (Novembre 2024) Pendents d&#8217;elecci\u00f3 (representants de l&#8217;alumnat) Carme Hidalgo (representant Ajuntament) Marta Hormigo, Daniel S\u00e1nchez, Jose Ja\u00e9n, Betlem Ca\u00f1izar, N\u00e9stor Arrabal, Yolanda Jim\u00e9nez, Ivan Romera, Laura Garcia (representants de l&#8217;equip docent) Maravillas Guti\u00e9rrez (representant de l&#8217;AFA) Sandra Iruela, Mireia Caro, Loubna El Achouch, Nabila (representants fam\u00edlies) Juani Mezquita (representant PAS) M\u00f2nica Rosell\u00f3 (representant PAE) [&hellip;]<\/p>\n","protected":false},"author":1,"featured_media":0,"parent":22,"menu_order":30,"comment_status":"closed","ping_status":"closed","template":"","meta":{"_bbp_topic_count":0,"_bbp_reply_count":0,"_bbp_total_topic_count":0,"_bbp_total_reply_count":0,"_bbp_voice_count":0,"_bbp_anonymous_reply_count":0,"_bbp_topic_count_hidden":0,"_bbp_reply_count_hidden":0,"_bbp_forum_subforum_count":0,"site-sidebar-layout":"default","site-content-layout":"","ast-site-content-layout":"default","site-content-style":"default","site-sidebar-style":"default","ast-global-header-display":"","ast-banner-title-visibility":"","ast-main-header-display":"","ast-hfb-above-header-display":"","ast-hfb-below-header-display":"","ast-hfb-mobile-header-display":"","site-post-title":"","ast-breadcrumbs-content":"","ast-featured-img":"","footer-sml-layout":"","theme-transparent-header-meta":"","adv-header-id-meta":"","stick-header-meta":"","header-above-stick-meta":"","header-main-stick-meta":"","header-below-stick-meta":"","astra-migrate-meta-layouts":"set","ast-page-background-enabled":"default","ast-page-background-meta":{"desktop":{"background-color":"var(--ast-global-color-4)","background-image":"","background-repeat":"repeat","background-position":"center center","background-size":"auto","background-attachment":"scroll","background-type":"","background-media":"","overlay-type":"","overlay-color":"","overlay-opacity":"","overlay-gradient":""},"tablet":{"background-color":"","background-image":"","background-repeat":"repeat","background-position":"center center","background-size":"auto","background-attachment":"scroll","background-type":"","background-media":"","overlay-type":"","overlay-color":"","overlay-opacity":"","overlay-gradient":""},"mobile":{"background-color":"","background-image":"","background-repeat":"repeat","background-position":"center center","background-size":"auto","background-attachment":"scroll","background-type":"","background-media":"","overlay-type":"","overlay-color":"","overlay-opacity":"","overlay-gradient":""}},"ast-content-background-meta":{"desktop":{"background-color":"var(--ast-global-color-5)","background-image":"","background-repeat":"repeat","background-position":"center center","background-size":"auto","background-attachment":"scroll","background-type":"","background-media":"","overlay-type":"","overlay-color":"","overlay-opacity":"","overlay-gradient":""},"tablet":{"background-color":"var(--ast-global-color-5)","background-image":"","background-repeat":"repeat","background-position":"center center","background-size":"auto","background-attachment":"scroll","background-type":"","background-media":"","overlay-type":"","overlay-color":"","overlay-opacity":"","overlay-gradient":""},"mobile":{"background-color":"var(--ast-global-color-5)","background-image":"","background-repeat":"repeat","background-position":"center center","background-size":"auto","background-attachment":"scroll","background-type":"","background-media":"","overlay-type":"","overlay-color":"","overlay-opacity":"","overlay-gradient":""}},"footnotes":""},"class_list":["post-28","page","type-page","status-publish","hentry"],"post_mailing_queue_ids":[],"_links":{"self":[{"href":"https:\/\/agora.xtec.cat\/ieteresaaltet-rubi\/wp-json\/wp\/v2\/pages\/28","targetHints":{"allow":["GET"]}}],"collection":[{"href":"https:\/\/agora.xtec.cat\/ieteresaaltet-rubi\/wp-json\/wp\/v2\/pages"}],"about":[{"href":"https:\/\/agora.xtec.cat\/ieteresaaltet-rubi\/wp-json\/wp\/v2\/types\/page"}],"author":[{"embeddable":true,"href":"https:\/\/agora.xtec.cat\/ieteresaaltet-rubi\/wp-json\/wp\/v2\/users\/1"}],"replies":[{"embeddable":true,"href":"https:\/\/agora.xtec.cat\/ieteresaaltet-rubi\/wp-json\/wp\/v2\/comments?post=28"}],"version-history":[{"count":6,"href":"https:\/\/agora.xtec.cat\/ieteresaaltet-rubi\/wp-json\/wp\/v2\/pages\/28\/revisions"}],"predecessor-version":[{"id":3520,"href":"https:\/\/agora.xtec.cat\/ieteresaaltet-rubi\/wp-json\/wp\/v2\/pages\/28\/revisions\/3520"}],"up":[{"embeddable":true,"href":"https:\/\/agora.xtec.cat\/ieteresaaltet-rubi\/wp-json\/wp\/v2\/pages\/22"}],"wp:attachment":[{"href":"https:\/\/agora.xtec.cat\/ieteresaaltet-rubi\/wp-json\/wp\/v2\/media?parent=28"}],"curies":[{"name":"wp","href":"https:\/\/api.w.org\/{rel}","templated":true}]}}