{"id":2506,"date":"2024-02-06T07:34:10","date_gmt":"2024-02-06T06:34:10","guid":{"rendered":"https:\/\/agora.xtec.cat\/ieteresaaltet-rubi\/?page_id=2506"},"modified":"2024-12-19T15:40:25","modified_gmt":"2024-12-19T14:40:25","slug":"espai-vincles","status":"publish","type":"page","link":"https:\/\/agora.xtec.cat\/ieteresaaltet-rubi\/serveis\/espai-vincles\/","title":{"rendered":"Espai VINCLES (SIAD)"},"content":{"rendered":"<p><strong><a href=\"https:\/\/agora.xtec.cat\/ieteresaaltet-rubi\/wp-content\/uploads\/usu1398\/2024\/12\/espai-vincles.jpg\"><img loading=\"lazy\" decoding=\"async\" class=\"aligncenter size-full wp-image-3134\" src=\"https:\/\/agora.xtec.cat\/ieteresaaltet-rubi\/wp-content\/uploads\/usu1398\/2024\/12\/espai-vincles.jpg\" alt=\"\" width=\"1200\" height=\"630\" srcset=\"https:\/\/agora.xtec.cat\/ieteresaaltet-rubi\/wp-content\/uploads\/usu1398\/2024\/12\/espai-vincles.jpg 1200w, https:\/\/agora.xtec.cat\/ieteresaaltet-rubi\/wp-content\/uploads\/usu1398\/2024\/12\/espai-vincles-300x158.jpg 300w, https:\/\/agora.xtec.cat\/ieteresaaltet-rubi\/wp-content\/uploads\/usu1398\/2024\/12\/espai-vincles-1024x538.jpg 1024w, https:\/\/agora.xtec.cat\/ieteresaaltet-rubi\/wp-content\/uploads\/usu1398\/2024\/12\/espai-vincles-768x403.jpg 768w\" sizes=\"auto, (max-width: 1200px) 100vw, 1200px\" \/><\/a><\/strong><\/p>\n<p><strong>Un espai per parlar i decidir sobre les relacions de parella, sobre qu\u00e8 \u00e9s amor i qu\u00e8 no ho \u00e9s. Per compartir aix\u00f2 que et ratlla, sense \u201cpostureos\u201d!<\/strong><\/p>\n<p>L&#8217;Espai Vincles \u00e9s un espai de di\u00e0leg i reflexi\u00f3 per a adolescents dins dels centres educatius que tracta amb els i les joves temes sobre les relacions de parella, els mites de l\u2019amor rom\u00e0ntic i els estereotips de g\u00e8nere per prevenir les relacions abusives i qualsevol manifestaci\u00f3 de viol\u00e8ncia masclista.<\/p>\n<p>Tots els centres de secund\u00e0ria p\u00fablics de la ciutat tenen un Espai Vincles que es dirigeix a l\u2019alumnat, nois i noies, entre els 11 i els 17 anys i s\u2019ofereix dins de l\u2019horari lectiu, quinzenalment.<\/p>\n<p>El servei es coordina amb totes les professionals que estan en contacte amb els i les adolescents: el personal docent, professionals de la psicopedagogia i de serveis Socials i Salut &#8230;<\/p>\n<p>L\u2019Espai Vincles vol ser un lloc de refer\u00e8ncia per a les i els adolescents per trobar respostes a les necessitats i dificultats que se\u2019ls generen al voltant de les relacions de parella a trav\u00e9s del di\u00e0leg i la reflexi\u00f3<\/p>\n<p>L\u2019objectiu final \u00e9s acompanyar els i les joves en el proc\u00e9s d\u2019adquirir recursos i compet\u00e8ncies per gestionar els conflictes de parella que puguin tenir de manera sana i igualit\u00e0ria per promoure relacions sanes, plaents i lliures.<\/p>\n","protected":false},"excerpt":{"rendered":"<p>Un espai per parlar i decidir sobre les relacions de parella, sobre qu\u00e8 \u00e9s amor i qu\u00e8 no ho \u00e9s. Per compartir aix\u00f2 que et ratlla, sense \u201cpostureos\u201d! L&#8217;Espai Vincles \u00e9s un espai de di\u00e0leg i reflexi\u00f3 per a adolescents dins dels centres educatius que tracta amb els i les joves temes sobre les relacions [&hellip;]<\/p>\n","protected":false},"author":1,"featured_media":0,"parent":66,"menu_order":20,"comment_status":"closed","ping_status":"closed","template":"page-templates\/side-menu.php","meta":{"_bbp_topic_count":0,"_bbp_reply_count":0,"_bbp_total_topic_count":0,"_bbp_total_reply_count":0,"_bbp_voice_count":0,"_bbp_anonymous_reply_count":0,"_bbp_topic_count_hidden":0,"_bbp_reply_count_hidden":0,"_bbp_forum_subforum_count":0,"site-sidebar-layout":"default","site-content-layout":"","ast-site-content-layout":"","site-content-style":"default","site-sidebar-style":"default","ast-global-header-display":"","ast-banner-title-visibility":"","ast-main-header-display":"","ast-hfb-above-header-display":"","ast-hfb-below-header-display":"","ast-hfb-mobile-header-display":"","site-post-title":"","ast-breadcrumbs-content":"","ast-featured-img":"","footer-sml-layout":"","theme-transparent-header-meta":"","adv-header-id-meta":"","stick-header-meta":"","header-above-stick-meta":"","header-main-stick-meta":"","header-below-stick-meta":"","astra-migrate-meta-layouts":"default","ast-page-background-enabled":"default","ast-page-background-meta":{"desktop":{"background-color":"var(--ast-global-color-4)","background-image":"","background-repeat":"repeat","background-position":"center center","background-size":"auto","background-attachment":"scroll","background-type":"","background-media":"","overlay-type":"","overlay-color":"","overlay-opacity":"","overlay-gradient":""},"tablet":{"background-color":"","background-image":"","background-repeat":"repeat","background-position":"center center","background-size":"auto","background-attachment":"scroll","background-type":"","background-media":"","overlay-type":"","overlay-color":"","overlay-opacity":"","overlay-gradient":""},"mobile":{"background-color":"","background-image":"","background-repeat":"repeat","background-position":"center center","background-size":"auto","background-attachment":"scroll","background-type":"","background-media":"","overlay-type":"","overlay-color":"","overlay-opacity":"","overlay-gradient":""}},"ast-content-background-meta":{"desktop":{"background-color":"var(--ast-global-color-5)","background-image":"","background-repeat":"repeat","background-position":"center center","background-size":"auto","background-attachment":"scroll","background-type":"","background-media":"","overlay-type":"","overlay-color":"","overlay-opacity":"","overlay-gradient":""},"tablet":{"background-color":"var(--ast-global-color-5)","background-image":"","background-repeat":"repeat","background-position":"center center","background-size":"auto","background-attachment":"scroll","background-type":"","background-media":"","overlay-type":"","overlay-color":"","overlay-opacity":"","overlay-gradient":""},"mobile":{"background-color":"var(--ast-global-color-5)","background-image":"","background-repeat":"repeat","background-position":"center center","background-size":"auto","background-attachment":"scroll","background-type":"","background-media":"","overlay-type":"","overlay-color":"","overlay-opacity":"","overlay-gradient":""}},"footnotes":""},"class_list":["post-2506","page","type-page","status-publish","hentry"],"post_mailing_queue_ids":[],"_links":{"self":[{"href":"https:\/\/agora.xtec.cat\/ieteresaaltet-rubi\/wp-json\/wp\/v2\/pages\/2506","targetHints":{"allow":["GET"]}}],"collection":[{"href":"https:\/\/agora.xtec.cat\/ieteresaaltet-rubi\/wp-json\/wp\/v2\/pages"}],"about":[{"href":"https:\/\/agora.xtec.cat\/ieteresaaltet-rubi\/wp-json\/wp\/v2\/types\/page"}],"author":[{"embeddable":true,"href":"https:\/\/agora.xtec.cat\/ieteresaaltet-rubi\/wp-json\/wp\/v2\/users\/1"}],"replies":[{"embeddable":true,"href":"https:\/\/agora.xtec.cat\/ieteresaaltet-rubi\/wp-json\/wp\/v2\/comments?post=2506"}],"version-history":[{"count":2,"href":"https:\/\/agora.xtec.cat\/ieteresaaltet-rubi\/wp-json\/wp\/v2\/pages\/2506\/revisions"}],"predecessor-version":[{"id":3136,"href":"https:\/\/agora.xtec.cat\/ieteresaaltet-rubi\/wp-json\/wp\/v2\/pages\/2506\/revisions\/3136"}],"up":[{"embeddable":true,"href":"https:\/\/agora.xtec.cat\/ieteresaaltet-rubi\/wp-json\/wp\/v2\/pages\/66"}],"wp:attachment":[{"href":"https:\/\/agora.xtec.cat\/ieteresaaltet-rubi\/wp-json\/wp\/v2\/media?parent=2506"}],"curies":[{"name":"wp","href":"https:\/\/api.w.org\/{rel}","templated":true}]}}