{"id":8572,"date":"2023-01-26T19:32:16","date_gmt":"2023-01-26T18:32:16","guid":{"rendered":"https:\/\/agora.xtec.cat\/ietemple\/?page_id=8572"},"modified":"2026-04-20T13:16:46","modified_gmt":"2026-04-20T11:16:46","slug":"preinscripcio-nous-alumnes","status":"publish","type":"page","link":"https:\/\/agora.xtec.cat\/ietemple\/preinscripcio-nous-alumnes\/","title":{"rendered":"INSCRIPCI\u00d3 NOUS ALUMNES"},"content":{"rendered":"<p data-start=\"825\" data-end=\"984\">\ud83d\udcc5 <strong data-start=\"828\" data-end=\"879\">Jornada de portes obertes \u2013 3 de mar\u00e7 del 2026<\/strong><br data-start=\"879\" data-end=\"882\" \/>\ud83d\udd55 <strong data-start=\"885\" data-end=\"943\">19 h \u2013 Reuni\u00f3 informativa per a infantil i prim\u00e0ria<\/strong><br data-start=\"943\" data-end=\"946\" \/>\ud83d\udccd <strong data-start=\"949\" data-end=\"982\">Passeig Jaume I, 19 \u2013 Tortosa<\/strong><\/p>\n<p data-start=\"986\" data-end=\"1146\">Per a <strong data-start=\"992\" data-end=\"1006\">secund\u00e0ria<\/strong>, oferim visites personalitzades. Contacta amb nosaltres a trav\u00e9s de <strong data-start=\"1075\" data-end=\"1122\"><a href=\"http:\/\/eso.ietemple.cat\/\" target=\"_new\" rel=\"noopener\" data-start=\"1077\" data-end=\"1120\">eso.ietemple.cat<\/a><\/strong> per concertar-ne una.<\/p>\n<p data-start=\"1148\" data-end=\"1384\">A m\u00e9s, per a totes les etapes oferim <strong data-start=\"1185\" data-end=\"1205\">visites en acci\u00f3<\/strong>, una oportunitat per veure el centre en funcionament i con\u00e8ixer de prop el nostre dia a dia. Inscripcions per als dies 4, 5 i 6 de mar\u00e7 disponibles a <strong data-start=\"1326\" data-end=\"1381\"><a href=\"http:\/\/visites.ietemple.cat\/\" target=\"_new\" rel=\"noopener\" data-start=\"1328\" data-end=\"1379\">visites.ietemple.cat<\/a><\/strong>.<\/p>\n<p data-start=\"1386\" data-end=\"1434\">\ud83d\udce9 <strong data-start=\"1389\" data-end=\"1410\"><a rel=\"noopener\" data-start=\"1391\" data-end=\"1408\">ietemple@xtec.cat<\/a><\/strong> | \u260e\ufe0f <strong data-start=\"1416\" data-end=\"1432\">977 44 25 21 <img loading=\"lazy\" decoding=\"async\" class=\"alignnone wp-image-9063\" src=\"https:\/\/agora.xtec.cat\/ietemple\/wp-content\/uploads\/usu352\/2025\/02\/baixa.png\" alt=\"\" width=\"16\" height=\"16\" srcset=\"https:\/\/agora.xtec.cat\/ietemple\/wp-content\/uploads\/usu352\/2025\/02\/baixa.png 225w, https:\/\/agora.xtec.cat\/ietemple\/wp-content\/uploads\/usu352\/2025\/02\/baixa-150x150.png 150w\" sizes=\"auto, (max-width: 16px) 100vw, 16px\" \/> 634778670<\/strong><\/p>\n<p><span style=\"color: #ff0000;\"><strong>EL PER\u00cdODE DE PREINSCRIPCI\u00d3 SER\u00c0 DEL 4\u00a0 al 18\u00a0 DE MAR\u00c7 de 2026 de forma TELEM\u00c0TICA<\/strong><\/span><\/p>\n<p><strong>Per a m\u00e9s informaci\u00f3:<\/strong><\/p>\n<ul>\n<li><a href=\"https:\/\/preinscripcio.gencat.cat\/ca\/inici\/\" target=\"_blank\" rel=\"noopener\">Preinscripci\u00f3 Departament d\u2019Educaci\u00f3<\/a><\/li>\n<li><a href=\"http:\/\/mapaescolar.gencat.cat\/\">Oferta eductiva \u2013 Mapa escolar de Catalunya<\/a><\/li>\n<\/ul>\n<p><strong>Documentaci\u00f3 d\u2019inter\u00e8s<\/strong><\/p>\n<ul>\n<li>Adscripci\u00f3 de centres\n<ul>\n<li><a href=\"https:\/\/preinscripcio.gencat.cat\/ca\/estudis\/primaria\/informat\/busca-centre\/\">https:\/\/preinscripcio.gencat.cat\/ca\/estudis\/primaria\/informat\/busca-centre\/<\/a><\/li>\n<\/ul>\n<\/li>\n<li><a href=\"https:\/\/drive.google.com\/file\/d\/1B-9Ea2Isa32bWOERRzWU4YS4DkNcMD9s\/view?usp=drive_link\" target=\"_blank\" rel=\"noopener\">Publicaci\u00f3 de l\u2019oferta inicial<\/a><\/li>\n<li>Publicaci\u00f3 de l\u2019oferta final<\/li>\n<li><a href=\"http:\/\/mapaescolar.gencat.cat\/\">\u00c0rea de proximitat de centre<\/a><\/li>\n<li><a href=\"https:\/\/drive.google.com\/file\/d\/1iRdMVQWtcWPveUwvVh1VFj9HJxWCL-rp\/view?usp=sharing\" target=\"_blank\" rel=\"noopener\">Mesures i suports previstos per l\u2019Administraci\u00f3 educativa per a l\u2019atenci\u00f3 educativa de l\u2019alumnat en el marc d\u2019un sistema educatiu inclusiu<\/a><\/li>\n<li><a href=\"https:\/\/preinscripcio.gencat.cat\/ca\/estudis\/infantil-3-6\/informat\/criteris-assignacio\/\" target=\"_blank\" rel=\"noopener\">Criteris d\u2019admissi\u00f3 i documentaci\u00f3<\/a><\/li>\n<li><a href=\"https:\/\/drive.google.com\/file\/d\/1OPV2xpobgm2A95QDKE8q6YGoL5TSWMU6\/view?usp=sharing\" target=\"_blank\" rel=\"noopener\">Carta de comprom\u00eds educatiu<\/a><\/li>\n<li><a href=\"https:\/\/drive.google.com\/drive\/folders\/1CkcuADh04q8NWTVzOLWvKkUK9Hdb6D3O?usp=sharing\" target=\"_blank\" rel=\"noopener\">Aportaci\u00f3 de les fam\u00edlies (llibres, material i sortides)<\/a><\/li>\n<li><a href=\"https:\/\/agora.xtec.cat\/ietemple\/categoria\/families\/afi\/\" target=\"_blank\" rel=\"noopener\">AFI: serveis, extraescolars, quotes i altres.<\/a><\/li>\n<\/ul>\n<p><strong>Publicaci\u00f3 de les llistes<\/strong><\/p>\n<ul>\n<li><a href=\"https:\/\/drive.google.com\/file\/d\/1c4Ecgew0Xabs52VzQ9CMt-dOl7jxGXJy\/view?usp=drive_link\" target=\"_blank\" rel=\"noopener\">Llistes amb el barem provisional<\/a> (15 d&#8217;abril)\n<ul>\n<li>Per\u00edode per presentar reclamacions: del 15 al 20 d&#8217;abril 2026<\/li>\n<\/ul>\n<\/li>\n<li>Llistes amb puntuaci\u00f3 definitiva un cop resoltes les reclamacions (23 d&#8217;abril)<\/li>\n<li>N\u00famero per determinar l\u2019ordre en cas d\u2019empat (28 d&#8217;abril):<\/li>\n<li>Llistes ordenades (29 d&#8217;abril)<\/li>\n<li>Alumnat assignat al centre amb indicaci\u00f3 de la primera petici\u00f3 (13\/14 de maig)<\/li>\n<li>Alumnat preinscrit al centre<\/li>\n<li>Llista d\u2019espera<\/li>\n<\/ul>\n<p><img loading=\"lazy\" decoding=\"async\" class=\"alignnone size-full wp-image-9708\" src=\"https:\/\/agora.xtec.cat\/ietemple\/wp-content\/uploads\/usu352\/2026\/02\/WhatsApp-Image-2026-02-03-at-13.28.50.jpeg\" alt=\"\" width=\"1080\" height=\"1350\" srcset=\"https:\/\/agora.xtec.cat\/ietemple\/wp-content\/uploads\/usu352\/2026\/02\/WhatsApp-Image-2026-02-03-at-13.28.50.jpeg 1080w, https:\/\/agora.xtec.cat\/ietemple\/wp-content\/uploads\/usu352\/2026\/02\/WhatsApp-Image-2026-02-03-at-13.28.50-240x300.jpeg 240w, https:\/\/agora.xtec.cat\/ietemple\/wp-content\/uploads\/usu352\/2026\/02\/WhatsApp-Image-2026-02-03-at-13.28.50-819x1024.jpeg 819w, https:\/\/agora.xtec.cat\/ietemple\/wp-content\/uploads\/usu352\/2026\/02\/WhatsApp-Image-2026-02-03-at-13.28.50-768x960.jpeg 768w\" sizes=\"auto, (max-width: 1080px) 100vw, 1080px\" \/><\/p>\n<p>&nbsp;<\/p>\n<p>&nbsp;<\/p>\n<p>&nbsp;<\/p>\n<p>&nbsp;<\/p>\n","protected":false},"excerpt":{"rendered":"<p>\ud83d\udcc5 Jornada de portes obertes \u2013 3 de mar\u00e7 del 2026\ud83d\udd55 19 h \u2013 Reuni\u00f3 informativa per a infantil i prim\u00e0ria\ud83d\udccd Passeig Jaume I, 19 \u2013 Tortosa<br \/>\nPer a secund\u00e0ria, oferim visites personalitzades. Contacta amb nosaltres a trav\u00e9s de <a href=\"http:\/\/eso.ietemple.cat\/\" target=\"_new\" rel=\"noopener\" data-start=\"1077\" data-end=\"1120\">eso.ietemple.cat<\/a> per&hellip;  <a href=\"https:\/\/agora.xtec.cat\/ietemple\/preinscripcio-nous-alumnes\/\" title=\"Read INSCRIPCI\u00d3 NOUS ALUMNES\">Llegeix m\u00e9s\u00bb<\/a><\/p>\n","protected":false},"author":1,"featured_media":0,"parent":0,"menu_order":0,"comment_status":"closed","ping_status":"closed","template":"","meta":{"_bbp_topic_count":0,"_bbp_reply_count":0,"_bbp_total_topic_count":0,"_bbp_total_reply_count":0,"_bbp_voice_count":0,"_bbp_anonymous_reply_count":0,"_bbp_topic_count_hidden":0,"_bbp_reply_count_hidden":0,"_bbp_forum_subforum_count":0,"footnotes":""},"class_list":["post-8572","page","type-page","status-publish","hentry"],"post_mailing_queue_ids":[],"_links":{"self":[{"href":"https:\/\/agora.xtec.cat\/ietemple\/wp-json\/wp\/v2\/pages\/8572","targetHints":{"allow":["GET"]}}],"collection":[{"href":"https:\/\/agora.xtec.cat\/ietemple\/wp-json\/wp\/v2\/pages"}],"about":[{"href":"https:\/\/agora.xtec.cat\/ietemple\/wp-json\/wp\/v2\/types\/page"}],"author":[{"embeddable":true,"href":"https:\/\/agora.xtec.cat\/ietemple\/wp-json\/wp\/v2\/users\/1"}],"replies":[{"embeddable":true,"href":"https:\/\/agora.xtec.cat\/ietemple\/wp-json\/wp\/v2\/comments?post=8572"}],"version-history":[{"count":6,"href":"https:\/\/agora.xtec.cat\/ietemple\/wp-json\/wp\/v2\/pages\/8572\/revisions"}],"predecessor-version":[{"id":9813,"href":"https:\/\/agora.xtec.cat\/ietemple\/wp-json\/wp\/v2\/pages\/8572\/revisions\/9813"}],"wp:attachment":[{"href":"https:\/\/agora.xtec.cat\/ietemple\/wp-json\/wp\/v2\/media?parent=8572"}],"curies":[{"name":"wp","href":"https:\/\/api.w.org\/{rel}","templated":true}]}}