{"id":5874,"date":"2018-02-28T23:00:21","date_gmt":"2018-02-28T22:00:21","guid":{"rendered":"http:\/\/agora.xtec.cat\/ietemple\/\/?page_id=5874"},"modified":"2019-09-29T22:24:34","modified_gmt":"2019-09-29T20:24:34","slug":"tallers-internivell","status":"publish","type":"page","link":"https:\/\/agora.xtec.cat\/ietemple\/projecte-educatiu\/com-treballem\/tallers-internivell\/","title":{"rendered":"Tallers Internivell"},"content":{"rendered":"<p style=\"text-align: justify;\">Un dels pilars fonamentals del nostre concepte pedag\u00f2gic es la consideraci\u00f3 de la naturalesa social de l&#8217;aprenentatge, un fet que implica la necessitat de crear entorns educatius que promoguin les interaccions entre els nostres infants, i especialment entre els de diferents edats. Aix\u00ed, refor\u00e7ant alhora els vincles interns de l&#8217;escola, contribu\u00efm a respectar els diferents ritmes maduratius i d&#8217;aprenentatge que, sovint, no responen a una determinada edat biol\u00f2gica sino a factors molt m\u00e9s diversos. \u00c9s per aix\u00f2 que l&#8217;educaci\u00f3 prim\u00e0ria hem iniciat el treball per tallers internivell.<\/p>\n<p style=\"text-align: justify;\">Els tallers son espais del propi centre, sovint les aules ordin\u00e0ries dels diferents grups classe, que es transformen un o dos cops a la setmana en entorns d&#8217;aprenentatge replets de propostes diverses, amb material variat i de qualitat, i amb un adult al capdavant que s&#8217;encarrega de guiar el proc\u00e9s d&#8217;aprenentatge dels infants que hi assisteixen. Un mateix grup d&#8217;infants, de diferents edats i nivells formals, assisteixen a cada taller durant 3 setmanes consecutives, de manera que puguin realitzar una bona part de les diferents propostes i reptes que s&#8217;hi plantegen, respectant els diferents ritmes de treball i els interessos de cadasc\u00fa, i permetent alhora, un bon coneixement i observaci\u00f3 per part dels docents encarregat de cada taller.<\/p>\n<p style=\"text-align: justify;\">Tot i que les propostes dels tallers varien en determinats moments del curs, especialment associats a moments especials com les celebracions o les dates destacades, treballem els continguts propis de l&#8217;\u00c0mbit art\u00edstic en aquests entorns internivell. Partim de la premisa que volem que l\u2019art a l\u2019escola sigui un dels elements m\u00e9s importants perqu\u00e8 permet expressar lliurement i les xiquetes i els xiquets tenen moltes coses a dir, sovint no se\u2019n surten molt b\u00e9 amb les paraules, i un dibuix ens pot descobrir tot un m\u00f3n de possibilitats als mestres i sobretot al propis infants. L&#8217;entorn de creaci\u00f3 que representen els tallers internivell d&#8217;art suposa una oportunitat molt potent per desenvolupar aquestes possibilitats.<\/p>\n<p style=\"text-align: justify;\">\n","protected":false},"excerpt":{"rendered":"<p>Un dels pilars fonamentals del nostre concepte pedag\u00f2gic es la consideraci\u00f3 de la naturalesa social de l&#8217;aprenentatge, un fet que implica la necessitat de crear entorns educatius que promoguin les interaccions entre els nostres infants, i especialment entre els de diferents edats. Aix\u00ed, refor\u00e7ant alhora&hellip;  <a href=\"https:\/\/agora.xtec.cat\/ietemple\/projecte-educatiu\/com-treballem\/tallers-internivell\/\" title=\"Read Tallers Internivell\">Llegeix m\u00e9s\u00bb<\/a><\/p>\n","protected":false},"author":1,"featured_media":0,"parent":248,"menu_order":0,"comment_status":"closed","ping_status":"closed","template":"","meta":{"_bbp_topic_count":0,"_bbp_reply_count":0,"_bbp_total_topic_count":0,"_bbp_total_reply_count":0,"_bbp_voice_count":0,"_bbp_anonymous_reply_count":0,"_bbp_topic_count_hidden":0,"_bbp_reply_count_hidden":0,"_bbp_forum_subforum_count":0,"footnotes":""},"class_list":["post-5874","page","type-page","status-publish","hentry"],"post_mailing_queue_ids":[],"_links":{"self":[{"href":"https:\/\/agora.xtec.cat\/ietemple\/wp-json\/wp\/v2\/pages\/5874","targetHints":{"allow":["GET"]}}],"collection":[{"href":"https:\/\/agora.xtec.cat\/ietemple\/wp-json\/wp\/v2\/pages"}],"about":[{"href":"https:\/\/agora.xtec.cat\/ietemple\/wp-json\/wp\/v2\/types\/page"}],"author":[{"embeddable":true,"href":"https:\/\/agora.xtec.cat\/ietemple\/wp-json\/wp\/v2\/users\/1"}],"replies":[{"embeddable":true,"href":"https:\/\/agora.xtec.cat\/ietemple\/wp-json\/wp\/v2\/comments?post=5874"}],"version-history":[{"count":2,"href":"https:\/\/agora.xtec.cat\/ietemple\/wp-json\/wp\/v2\/pages\/5874\/revisions"}],"predecessor-version":[{"id":7509,"href":"https:\/\/agora.xtec.cat\/ietemple\/wp-json\/wp\/v2\/pages\/5874\/revisions\/7509"}],"up":[{"embeddable":true,"href":"https:\/\/agora.xtec.cat\/ietemple\/wp-json\/wp\/v2\/pages\/248"}],"wp:attachment":[{"href":"https:\/\/agora.xtec.cat\/ietemple\/wp-json\/wp\/v2\/media?parent=5874"}],"curies":[{"name":"wp","href":"https:\/\/api.w.org\/{rel}","templated":true}]}}