{"id":5233,"date":"2017-09-06T23:25:43","date_gmt":"2017-09-06T21:25:43","guid":{"rendered":"http:\/\/agora.xtec.cat\/ietemple\/\/?page_id=5233"},"modified":"2020-09-09T21:59:21","modified_gmt":"2020-09-09T19:59:21","slug":"voluntaris-de-familia","status":"publish","type":"page","link":"https:\/\/agora.xtec.cat\/ietemple\/les-families\/voluntaris-de-familia\/","title":{"rendered":"VOLUNTARIS DE FAM\u00cdLIA"},"content":{"rendered":"<p><span lang=\"CA\"><span style=\"color: #000000; font-family: Calibri;\">En el dia a dia del centre s\u00f3n moltes les activitats que es realitzen de forma oberta o col\u00b7laborativa entre diferents grups d&#8217;alumnes i\/o Mestres. Algunes d&#8217;aquestes <img loading=\"lazy\" decoding=\"async\" class=\"wp-image-5240 alignleft\" src=\"http:\/\/agora.xtec.cat\/ietemple\/\/wp-content\/uploads\/usu352\/2017\/09\/IMG-20170406-WA0070-1-300x169.jpg\" alt=\"\" width=\"256\" height=\"144\" srcset=\"https:\/\/agora.xtec.cat\/ietemple\/wp-content\/uploads\/usu352\/2017\/09\/IMG-20170406-WA0070-1-300x169.jpg 300w, https:\/\/agora.xtec.cat\/ietemple\/wp-content\/uploads\/usu352\/2017\/09\/IMG-20170406-WA0070-1-768x432.jpg 768w, https:\/\/agora.xtec.cat\/ietemple\/wp-content\/uploads\/usu352\/2017\/09\/IMG-20170406-WA0070-1-1024x576.jpg 1024w, https:\/\/agora.xtec.cat\/ietemple\/wp-content\/uploads\/usu352\/2017\/09\/IMG-20170406-WA0070-1.jpg 1328w\" sizes=\"auto, (max-width: 256px) 100vw, 256px\" \/>s\u00f3n els tallers internivell a educaci\u00f3 prim\u00e0ria, els ambients d&#8217;aprenentatges a educaci\u00f3 infantil, etc. <\/span><\/span><\/p>\n<p><span lang=\"CA\"><span style=\"color: #000000; font-family: Calibri;\">La participaci\u00f3 com a Voluntaris de fam\u00edlia implica la predisposici\u00f3 per part vostra a venir al centre per col\u00b7laborar en aquelles tasques o espais que siguin necessaris, i que no sempre es correspondran amb l&#8217;aula del vostre fill\/a. La tasca que portareu a terme ser\u00e0 de col\u00b7laboraci\u00f3 amb el docent encarregat d&#8217;aquell espai o activitat, atenent a les necessitats puntuals que vagin sorgint en cada moment.<img loading=\"lazy\" decoding=\"async\" class=\"size-medium wp-image-5228 alignright\" src=\"http:\/\/agora.xtec.cat\/ietemple\/\/wp-content\/uploads\/usu352\/2017\/09\/voluntaris-300x169.jpg\" alt=\"\" width=\"300\" height=\"169\" srcset=\"https:\/\/agora.xtec.cat\/ietemple\/wp-content\/uploads\/usu352\/2017\/09\/voluntaris-300x169.jpg 300w, https:\/\/agora.xtec.cat\/ietemple\/wp-content\/uploads\/usu352\/2017\/09\/voluntaris-768x432.jpg 768w, https:\/\/agora.xtec.cat\/ietemple\/wp-content\/uploads\/usu352\/2017\/09\/voluntaris-1024x576.jpg 1024w, https:\/\/agora.xtec.cat\/ietemple\/wp-content\/uploads\/usu352\/2017\/09\/voluntaris.jpg 1229w\" sizes=\"auto, (max-width: 300px) 100vw, 300px\" \/><\/span><\/span><\/p>\n<p>Si esteu voleu venir\u00a0 com a Voluntaris, podeu posar-vos en contacte amb la mestra del vostre fill\/a o inscriure-vos directament a trav\u00e9s d&#8217;aquest <a href=\"https:\/\/docs.google.com\/forms\/d\/e\/1FAIpQLScKjOdD1uynwe8LddSDpZs9iiYKan5NeS6yjTrT5LTRCnDhsw\/viewform\">FORMULARI.<\/a><\/p>\n<p>&nbsp;<\/p>\n","protected":false},"excerpt":{"rendered":"<p>En el dia a dia del centre s\u00f3n moltes les activitats que es realitzen de forma oberta o col\u00b7laborativa entre diferents grups d&#8217;alumnes i\/o Mestres. Algunes d&#8217;aquestes s\u00f3n els tallers internivell a educaci\u00f3 prim\u00e0ria, els ambients d&#8217;aprenentatges a educaci\u00f3 infantil, etc.<br \/>\nLa participaci\u00f3 com a&hellip;  <a href=\"https:\/\/agora.xtec.cat\/ietemple\/les-families\/voluntaris-de-familia\/\" title=\"Read VOLUNTARIS DE FAM\u00cdLIA\">Llegeix m\u00e9s\u00bb<\/a><\/p>\n","protected":false},"author":1,"featured_media":0,"parent":5225,"menu_order":0,"comment_status":"closed","ping_status":"closed","template":"","meta":{"_bbp_topic_count":0,"_bbp_reply_count":0,"_bbp_total_topic_count":0,"_bbp_total_reply_count":0,"_bbp_voice_count":0,"_bbp_anonymous_reply_count":0,"_bbp_topic_count_hidden":0,"_bbp_reply_count_hidden":0,"_bbp_forum_subforum_count":0,"footnotes":""},"class_list":["post-5233","page","type-page","status-publish","hentry"],"post_mailing_queue_ids":[],"_links":{"self":[{"href":"https:\/\/agora.xtec.cat\/ietemple\/wp-json\/wp\/v2\/pages\/5233","targetHints":{"allow":["GET"]}}],"collection":[{"href":"https:\/\/agora.xtec.cat\/ietemple\/wp-json\/wp\/v2\/pages"}],"about":[{"href":"https:\/\/agora.xtec.cat\/ietemple\/wp-json\/wp\/v2\/types\/page"}],"author":[{"embeddable":true,"href":"https:\/\/agora.xtec.cat\/ietemple\/wp-json\/wp\/v2\/users\/1"}],"replies":[{"embeddable":true,"href":"https:\/\/agora.xtec.cat\/ietemple\/wp-json\/wp\/v2\/comments?post=5233"}],"version-history":[{"count":3,"href":"https:\/\/agora.xtec.cat\/ietemple\/wp-json\/wp\/v2\/pages\/5233\/revisions"}],"predecessor-version":[{"id":7890,"href":"https:\/\/agora.xtec.cat\/ietemple\/wp-json\/wp\/v2\/pages\/5233\/revisions\/7890"}],"up":[{"embeddable":true,"href":"https:\/\/agora.xtec.cat\/ietemple\/wp-json\/wp\/v2\/pages\/5225"}],"wp:attachment":[{"href":"https:\/\/agora.xtec.cat\/ietemple\/wp-json\/wp\/v2\/media?parent=5233"}],"curies":[{"name":"wp","href":"https:\/\/api.w.org\/{rel}","templated":true}]}}