{"id":5225,"date":"2017-09-06T23:17:10","date_gmt":"2017-09-06T21:17:10","guid":{"rendered":"http:\/\/agora.xtec.cat\/ietemple\/\/?page_id=5225"},"modified":"2020-09-09T21:55:37","modified_gmt":"2020-09-09T19:55:37","slug":"les-families","status":"publish","type":"page","link":"https:\/\/agora.xtec.cat\/ietemple\/les-families\/","title":{"rendered":"LES FAM\u00cdLIES"},"content":{"rendered":"<p style=\"text-align: justify;\"><span lang=\"CA\" style=\"margin: 0px; color: #222222; font-family: 'Verdana','sans-serif'; font-size: 12pt;\">La relaci\u00f3 amb les fam\u00edlies \u00e9s per a nosaltres un dels puntals de la tasca que compartim: l\u2019educaci\u00f3. Treballem perqu\u00e8 aquesta relaci\u00f3 sigui flu\u00efda i ens permeti abordar els diferents moments de l\u2019evoluci\u00f3 dels nostres alumnes de com\u00fa acord i amb m\u00fatua confian\u00e7a entre les fam\u00edlies i l&#8217;institut escola. La funci\u00f3 educadora la podem desenvolupar millor si avancem amb criteris compartits. <\/span><\/p>\n<p style=\"text-align: justify;\"><span lang=\"CA\" style=\"margin: 0px; color: #222222; font-family: 'Verdana','sans-serif'; font-size: 12pt;\">Creiem que les fam\u00edlies juguen un paper molt important en l\u2019educaci\u00f3 escolar dels seus fills, valorant la import\u00e0ncia que t\u00e9 aquesta activitat per al seu desenvolupament present i futur, i implicant-se en aquest proc\u00e9s motivant-los, generant a casa un ambient adequat per fomentar els h\u00e0bits d\u2019estudi i mantenint una relaci\u00f3 de col\u00b7laboraci\u00f3 amb els docents, aix\u00ed com participant en activitats del centre.<\/span><\/p>\n<p style=\"text-align: justify;\"><span lang=\"CA\" style=\"margin: 0px; color: #222222; font-family: 'Verdana','sans-serif'; font-size: 12pt;\">\u00c9s per tot aix\u00f2 que pensem que l&#8217;institut escola ha de crear espais d\u2019intercanvi i conviv\u00e8ncia entre docents i familiars, de manera que junts, sentim que estem creant un projecte educatiu compartit i participatiu. Tot l\u2019equip docent que formem l&#8217;institut escola estem conven\u00e7uts que el centre ha d\u2019estar obert a la participaci\u00f3 activa de les fam\u00edlies per tal d\u2019aconseguir que tots els membres de la comunitat educativa sentint el centre com a seu, m\u00e9s enll\u00e0 de sentir-lo \u00fanicament dels seus fills\/es. <\/span><\/p>\n<p style=\"text-align: justify;\"><span lang=\"CA\" style=\"margin: 0px; color: #222222; font-family: 'Verdana','sans-serif'; font-size: 12pt;\">Amb tot, la forma de vehicular aquesta participaci\u00f3 s\u2019ha anat modificant i ampliant al llarg dels anys a trav\u00e9s de la impliaci\u00f3 de l\u2019<a href=\"https:\/\/agora.xtec.cat\/ietemple\/afi\/\" target=\"_blank\" rel=\"noopener noreferrer\">AFI<\/a> de l&#8217;instut escola i animem a les fam\u00edlies a implicar-se en el dia a dia de les classes mitjan\u00e7ant totes o alguna d\u2019aquestes tres opcions:<\/span><\/p>\n<p style=\"text-align: justify;\"><a href=\"http:\/\/agora.xtec.cat\/ietemple\/\/les-families\/experts-de-familia\/\" target=\"_blank\" rel=\"noopener noreferrer\"><img loading=\"lazy\" decoding=\"async\" class=\"alignnone\" src=\"http:\/\/agora.xtec.cat\/ietemple\/\/wp-content\/uploads\/usu352\/2017\/09\/experts-fam\u00edlia-300x225.jpg\" alt=\"\" width=\"160\" height=\"120\" \/><\/a>\u00a0 \u00a0<a href=\"http:\/\/agora.xtec.cat\/ietemple\/\/les-families\/activitats-de-familia\/\" target=\"_blank\" rel=\"noopener noreferrer\"><img loading=\"lazy\" decoding=\"async\" class=\"alignnone\" src=\"http:\/\/agora.xtec.cat\/ietemple\/\/wp-content\/uploads\/usu352\/2017\/09\/taller-familia-300x169.jpg\" alt=\"\" width=\"213\" height=\"120\" \/><\/a> <a href=\"http:\/\/agora.xtec.cat\/ietemple\/\/les-families\/voluntaris-de-familia\/\" target=\"_blank\" rel=\"noopener noreferrer\"><img loading=\"lazy\" decoding=\"async\" class=\"alignnone\" src=\"http:\/\/agora.xtec.cat\/ietemple\/\/wp-content\/uploads\/usu352\/2017\/09\/voluntaris-300x169.jpg\" alt=\"\" width=\"213\" height=\"120\" \/><\/a><\/p>\n<p style=\"text-align: justify;\"><a href=\"http:\/\/agora.xtec.cat\/ietemple\/\/les-families\/experts-de-familia\/\" target=\"_blank\" rel=\"noopener noreferrer\">EXPERTS<\/a>\u00a0\u00a0\u00a0\u00a0\u00a0\u00a0\u00a0\u00a0\u00a0\u00a0\u00a0\u00a0\u00a0\u00a0\u00a0\u00a0\u00a0\u00a0\u00a0\u00a0\u00a0\u00a0\u00a0\u00a0<a href=\"http:\/\/agora.xtec.cat\/ietemple\/\/les-families\/activitats-de-familia\/\" target=\"_blank\" rel=\"noopener noreferrer\">ACTIVITATS EN FAM\u00cdLIA<\/a>\u00a0\u00a0\u00a0\u00a0\u00a0\u00a0\u00a0\u00a0\u00a0\u00a0\u00a0\u00a0\u00a0\u00a0\u00a0\u00a0\u00a0 <a href=\"http:\/\/agora.xtec.cat\/ietemple\/\/les-families\/voluntaris-de-familia\/\" target=\"_blank\" rel=\"noopener noreferrer\">VOLUNTARIS<\/a><\/p>\n<p>&nbsp;<\/p>\n","protected":false},"excerpt":{"rendered":"<p>La relaci\u00f3 amb les fam\u00edlies \u00e9s per a nosaltres un dels puntals de la tasca que compartim: l\u2019educaci\u00f3. Treballem perqu\u00e8 aquesta relaci\u00f3 sigui flu\u00efda i ens permeti abordar els diferents moments de l\u2019evoluci\u00f3 dels nostres alumnes de com\u00fa acord i amb m\u00fatua confian\u00e7a entre les&hellip;  <a href=\"https:\/\/agora.xtec.cat\/ietemple\/les-families\/\" title=\"Read LES FAM\u00cdLIES\">Llegeix m\u00e9s\u00bb<\/a><\/p>\n","protected":false},"author":1,"featured_media":0,"parent":0,"menu_order":0,"comment_status":"closed","ping_status":"closed","template":"","meta":{"_bbp_topic_count":0,"_bbp_reply_count":0,"_bbp_total_topic_count":0,"_bbp_total_reply_count":0,"_bbp_voice_count":0,"_bbp_anonymous_reply_count":0,"_bbp_topic_count_hidden":0,"_bbp_reply_count_hidden":0,"_bbp_forum_subforum_count":0,"footnotes":""},"class_list":["post-5225","page","type-page","status-publish","hentry"],"post_mailing_queue_ids":[],"_links":{"self":[{"href":"https:\/\/agora.xtec.cat\/ietemple\/wp-json\/wp\/v2\/pages\/5225","targetHints":{"allow":["GET"]}}],"collection":[{"href":"https:\/\/agora.xtec.cat\/ietemple\/wp-json\/wp\/v2\/pages"}],"about":[{"href":"https:\/\/agora.xtec.cat\/ietemple\/wp-json\/wp\/v2\/types\/page"}],"author":[{"embeddable":true,"href":"https:\/\/agora.xtec.cat\/ietemple\/wp-json\/wp\/v2\/users\/1"}],"replies":[{"embeddable":true,"href":"https:\/\/agora.xtec.cat\/ietemple\/wp-json\/wp\/v2\/comments?post=5225"}],"version-history":[{"count":3,"href":"https:\/\/agora.xtec.cat\/ietemple\/wp-json\/wp\/v2\/pages\/5225\/revisions"}],"predecessor-version":[{"id":7889,"href":"https:\/\/agora.xtec.cat\/ietemple\/wp-json\/wp\/v2\/pages\/5225\/revisions\/7889"}],"wp:attachment":[{"href":"https:\/\/agora.xtec.cat\/ietemple\/wp-json\/wp\/v2\/media?parent=5225"}],"curies":[{"name":"wp","href":"https:\/\/api.w.org\/{rel}","templated":true}]}}