{"id":448,"date":"2016-02-15T22:59:49","date_gmt":"2016-02-15T21:59:49","guid":{"rendered":"http:\/\/agora.xtec.cat\/ietemple\/\/?page_id=448"},"modified":"2016-02-16T10:26:10","modified_gmt":"2016-02-16T09:26:10","slug":"padrins-lectors","status":"publish","type":"page","link":"https:\/\/agora.xtec.cat\/ietemple\/projecte-educatiu\/projectes-de-centre\/padrins-lectors\/","title":{"rendered":"Padrins Lectors"},"content":{"rendered":"<p style=\"text-align: justify;\" data-canvas-width=\"423.39795\">La lectura \u00e9s <strong>fonamental<\/strong> en l\u2019educaci\u00f3 dels nostres alumnes i per tal de dinamitzar-ne el seu aprenentatge ja fa uns quants cursos que realitzem amb \u00e8xit, el projecte de Padrins Lectors. Es tracta d&#8217;una <strong>activitat cooperativa<\/strong> <span lang=\"CA\">que consisteix a fer que alguns dels alumnes m\u00e9s grans (4t i 6\u00e8) siguen padrins de lectura dels m\u00e9s petits (P3-P4-P5) que encara no tenen assolida la lectoescriptura, als quals anomenarem fillols i filloles. Aix\u00f2 vol dir que cada padr\u00ed es compromet a ajudar a aprendre a llegir el seu fillol i\/o millorar la seva habilitat lectora, al mateix temps que l&#8217;engresca i li encomana el <strong>gust per la lectura<\/strong>. Els alumnes, padrins i fillols, adquireixen un<strong> comprom\u00eds<\/strong> amb aquest projecte i tenen una responsabilitat. El comprom\u00eds queda reflectit en un <strong>contracte<\/strong> que signen el padr\u00ed o padrina i el fillol o fillola.<\/span><\/p>\n<p><span lang=\"CA\">\u00a0D&#8217;entre e<\/span>ls aspectes positius que aporta l\u2019activitat, destaquem que:<a href=\"http:\/\/agora.xtec.cat\/ietemple\/\/wp-content\/uploads\/usu352\/2016\/02\/padrins2.jpg\"><img loading=\"lazy\" decoding=\"async\" class=\"  wp-image-483 alignright\" src=\"http:\/\/agora.xtec.cat\/ietemple\/\/wp-content\/uploads\/usu352\/2016\/02\/padrins2.jpg\" alt=\"padrins2\" width=\"305\" height=\"250\" \/><\/a><\/p>\n<ul>\n<li><strong>Motiva<\/strong> a llegir als alumnes i connecta amb els seus interessos.<\/li>\n<li><strong>Responsabilitza<\/strong> als m\u00e9s grans de l\u2019atenci\u00f3 i cura dels petits, i els fa conscients que ells s\u00f3n el seu exemple, amb tot el que aix\u00f2 implica.<\/li>\n<li>Afavoreix la<strong> relaci\u00f3<\/strong> entre els diferents nivells i millora la <strong>conviv\u00e8ncia<\/strong> dins el centre ja que es treballa de forma cooperativa.<\/li>\n<li>Es treballen <strong>continguts<\/strong> conceptuals, procedimentals i actitudinals.<\/li>\n<li>Hi ha una especial <strong>inclusi\u00f3<\/strong> de tot l&#8217;alumnat donat que es presenten tasques de diferents graus de complexitat que respecten els diferents ritmes d&#8217;aprenentatge.<\/li>\n<\/ul>\n<p>Els objectius que ens proposem s\u00f3n diversos:<\/p>\n<ul>\n<li>Potenciar els aprenentatges per part de <strong>tots<\/strong> els participants (padrins i fillols)<\/li>\n<li>Crear <strong>contextos significatius<\/strong> d&#8217;aprenentatge (&#8220;llegeixo perqu\u00e8 alg\u00fa m&#8217;entengui&#8221;, &#8220;llegeixo per alg\u00fa que li interessa escoltar-me&#8221;)<\/li>\n<li>Establir <strong>lligams<\/strong> afectius entre padrins i fillols al voltant de la lectura<\/li>\n<li>Generar una experi\u00e8ncia positiva i plaent de lectura<\/li>\n<\/ul>\n<p>Per dur a terme l&#8217;activitat, el primer que fan les mestres \u00e9s decidir les parelles ling\u00fc\u00edstiques, una decisi\u00f3 que es basa en el nivell de compet\u00e8ncia lectora d&#8217;on parteixen els participants. Aquestes parelles treballaran juntes tot el trimestre, una hora a la setmana, dins del temps destinat a la lectura di\u00e0ria. L&#8217;espai destinat a dur-ho a terme s\u00f3n les aules i passadissos d&#8217;infantil. Des del moment que comen\u00e7a la sessi\u00f3, la parella \u00e9s inseparable; aix\u00f2 afavoreix que s&#8217;estableixi una relaci\u00f3 personal afectiva. \u00c9s el fillol qui porta el llibre, que ha estat escollit amb l&#8217;ajuda de la mestra i del padr\u00ed pr\u00e8viament a la sessi\u00f3. Es tenen en compte diversos aspectes:<br \/>\n&#8211; La qualitat i adaptaci\u00f3 de les obres.<br \/>\n&#8211; La varietat, els diferents g\u00e8neres i tipologies textuals.<\/p>\n<p><a href=\"http:\/\/agora.xtec.cat\/ietemple\/\/wp-content\/uploads\/usu352\/2016\/02\/FOTOS-PADRINS-LECTORS-P3-0031.jpg\"><img loading=\"lazy\" decoding=\"async\" class=\" wp-image-500  alignnone\" src=\"http:\/\/agora.xtec.cat\/ietemple\/\/wp-content\/uploads\/usu352\/2016\/02\/FOTOS-PADRINS-LECTORS-P3-0031-300x188.jpg\" alt=\"FOTOS PADRINS LECTORS P3 003\" width=\"329\" height=\"206\" srcset=\"https:\/\/agora.xtec.cat\/ietemple\/wp-content\/uploads\/usu352\/2016\/02\/FOTOS-PADRINS-LECTORS-P3-0031-300x188.jpg 300w, https:\/\/agora.xtec.cat\/ietemple\/wp-content\/uploads\/usu352\/2016\/02\/FOTOS-PADRINS-LECTORS-P3-0031.jpg 737w\" sizes=\"auto, (max-width: 329px) 100vw, 329px\" \/><\/a> \u00a0\u00a0<a href=\"http:\/\/agora.xtec.cat\/ietemple\/\/wp-content\/uploads\/usu352\/2016\/02\/FOTOS-PADRINS-LECTORS-P3-012.jpg\"><img loading=\"lazy\" decoding=\"async\" class=\" wp-image-501  alignnone\" src=\"http:\/\/agora.xtec.cat\/ietemple\/\/wp-content\/uploads\/usu352\/2016\/02\/FOTOS-PADRINS-LECTORS-P3-012-270x300.jpg\" alt=\"FOTOS PADRINS LECTORS P3 012\" width=\"187\" height=\"208\" srcset=\"https:\/\/agora.xtec.cat\/ietemple\/wp-content\/uploads\/usu352\/2016\/02\/FOTOS-PADRINS-LECTORS-P3-012-270x300.jpg 270w, https:\/\/agora.xtec.cat\/ietemple\/wp-content\/uploads\/usu352\/2016\/02\/FOTOS-PADRINS-LECTORS-P3-012-923x1024.jpg 923w\" sizes=\"auto, (max-width: 187px) 100vw, 187px\" \/> \u00a0 <\/a><a href=\"http:\/\/agora.xtec.cat\/ietemple\/\/wp-content\/uploads\/usu352\/2016\/02\/FOTOS-PADRINS-LECTORS-P3-017.jpg\"><img loading=\"lazy\" decoding=\"async\" class=\"alignnone size-medium wp-image-502\" src=\"http:\/\/agora.xtec.cat\/ietemple\/\/wp-content\/uploads\/usu352\/2016\/02\/FOTOS-PADRINS-LECTORS-P3-017-300x218.jpg\" alt=\"FOTOS PADRINS LECTORS P3 017\" width=\"300\" height=\"218\" srcset=\"https:\/\/agora.xtec.cat\/ietemple\/wp-content\/uploads\/usu352\/2016\/02\/FOTOS-PADRINS-LECTORS-P3-017-300x218.jpg 300w, https:\/\/agora.xtec.cat\/ietemple\/wp-content\/uploads\/usu352\/2016\/02\/FOTOS-PADRINS-LECTORS-P3-017-1024x745.jpg 1024w\" sizes=\"auto, (max-width: 300px) 100vw, 300px\" \/><\/a><\/p>\n","protected":false},"excerpt":{"rendered":"<p>La lectura \u00e9s fonamental en l\u2019educaci\u00f3 dels nostres alumnes i per tal de dinamitzar-ne el seu aprenentatge ja fa uns quants cursos que realitzem amb \u00e8xit, el projecte de Padrins Lectors. Es tracta d&#8217;una activitat cooperativa que consisteix a fer que alguns dels alumnes m\u00e9s&hellip;  <a href=\"https:\/\/agora.xtec.cat\/ietemple\/projecte-educatiu\/projectes-de-centre\/padrins-lectors\/\" title=\"Read Padrins Lectors\">Llegeix m\u00e9s\u00bb<\/a><\/p>\n","protected":false},"author":1,"featured_media":0,"parent":250,"menu_order":0,"comment_status":"closed","ping_status":"closed","template":"","meta":{"_bbp_topic_count":0,"_bbp_reply_count":0,"_bbp_total_topic_count":0,"_bbp_total_reply_count":0,"_bbp_voice_count":0,"_bbp_anonymous_reply_count":0,"_bbp_topic_count_hidden":0,"_bbp_reply_count_hidden":0,"_bbp_forum_subforum_count":0,"footnotes":""},"class_list":["post-448","page","type-page","status-publish","hentry"],"post_mailing_queue_ids":[],"_links":{"self":[{"href":"https:\/\/agora.xtec.cat\/ietemple\/wp-json\/wp\/v2\/pages\/448","targetHints":{"allow":["GET"]}}],"collection":[{"href":"https:\/\/agora.xtec.cat\/ietemple\/wp-json\/wp\/v2\/pages"}],"about":[{"href":"https:\/\/agora.xtec.cat\/ietemple\/wp-json\/wp\/v2\/types\/page"}],"author":[{"embeddable":true,"href":"https:\/\/agora.xtec.cat\/ietemple\/wp-json\/wp\/v2\/users\/1"}],"replies":[{"embeddable":true,"href":"https:\/\/agora.xtec.cat\/ietemple\/wp-json\/wp\/v2\/comments?post=448"}],"version-history":[{"count":3,"href":"https:\/\/agora.xtec.cat\/ietemple\/wp-json\/wp\/v2\/pages\/448\/revisions"}],"predecessor-version":[{"id":579,"href":"https:\/\/agora.xtec.cat\/ietemple\/wp-json\/wp\/v2\/pages\/448\/revisions\/579"}],"up":[{"embeddable":true,"href":"https:\/\/agora.xtec.cat\/ietemple\/wp-json\/wp\/v2\/pages\/250"}],"wp:attachment":[{"href":"https:\/\/agora.xtec.cat\/ietemple\/wp-json\/wp\/v2\/media?parent=448"}],"curies":[{"name":"wp","href":"https:\/\/api.w.org\/{rel}","templated":true}]}}