{"id":30,"date":"2014-09-18T12:30:23","date_gmt":"2014-09-18T12:30:23","guid":{"rendered":"http:\/\/agora.xtec.cat\/ietemple\/\/?page_id=30"},"modified":"2024-09-12T21:25:06","modified_gmt":"2024-09-12T19:25:06","slug":"instal%c2%b7lacions","status":"publish","type":"page","link":"https:\/\/agora.xtec.cat\/ietemple\/institut-escola\/instal%c2%b7lacions\/","title":{"rendered":"Instal\u00b7lacions"},"content":{"rendered":"<p style=\"text-align: justify;\"><span style=\"font-size: medium;\">El nostre Institut Escola disposa de dos edificis: un d&#8217;Educaci\u00f3 Infantil i un d&#8217;Educaci\u00f3 Prim\u00e0ria i Secund\u00e0ria. L&#8217;edifici principal, va ser <\/span><span style=\"font-size: medium;\">inaugurat fa 25 anys i compta amb les aules de prim\u00e0ria i secund\u00e0ria, especialitats, la sala d&#8217;usos m\u00faltiples, la biblioteca, l&#8217;\u00e0rea d&#8217;administraci\u00f3 i serveis i el menjador del centre. L&#8217;edifici d&#8217;infantil, compta amb totes les aules d&#8217;educaci\u00f3 infantil a la planta baixa, i aules amb ambients i psicomotricitat a la segona planta.<br \/>\n<\/span><\/p>\n<figure class=\"figure wp-caption alignright\"><a href=\"http:\/\/agora.xtec.cat\/ietemple\/\/wp-content\/uploads\/usu352\/2014\/09\/primaria-entrada.jpg\"><img loading=\"lazy\" decoding=\"async\" class=\"wp-image-636 size-medium\" src=\"http:\/\/agora.xtec.cat\/ietemple\/\/wp-content\/uploads\/usu352\/2014\/09\/primaria-entrada-300x169.jpg\" alt=\"Entrada edifici principal\" width=\"300\" height=\"169\" srcset=\"https:\/\/agora.xtec.cat\/ietemple\/wp-content\/uploads\/usu352\/2014\/09\/primaria-entrada-300x169.jpg 300w, https:\/\/agora.xtec.cat\/ietemple\/wp-content\/uploads\/usu352\/2014\/09\/primaria-entrada-1024x576.jpg 1024w, https:\/\/agora.xtec.cat\/ietemple\/wp-content\/uploads\/usu352\/2014\/09\/primaria-entrada.jpg 1239w\" sizes=\"auto, (max-width: 300px) 100vw, 300px\" \/><\/a><figcaption class=\"wp-caption-text\">Entrada edifici principal<\/figcaption><\/figure>\n<figure class=\"figure wp-caption alignleft\"><a href=\"http:\/\/agora.xtec.cat\/ietemple\/\/wp-content\/uploads\/usu352\/2014\/09\/edifici-infantil.jpg\"><img loading=\"lazy\" decoding=\"async\" src=\"http:\/\/agora.xtec.cat\/ietemple\/\/wp-content\/uploads\/usu352\/2014\/09\/edifici-infantil-300x169.jpg\" alt=\"edifici infantil\" width=\"300\" height=\"169\" \/><\/a><figcaption class=\"wp-caption-text\">Edifici d&#8217;Educaci\u00f3 Infantil<\/figcaption><\/figure>\n<p style=\"text-align: justify;\"><span style=\"font-size: medium;\">Els alumnes gaudeixen de patis diferenciats d&#8217;acord amb la<\/span><span style=\"font-size: medium;\"> seva edat i amb el material l\u00fadic corresponent. <\/span><\/p>\n<div>\n<p style=\"text-align: justify;\"><span style=\"font-size: medium;\">L&#8217;edifici d&#8217;<b><span style=\"font-size: medium;\">E<\/span>ducaci\u00f3\u00a0<span style=\"font-size: medium;\">I<\/span>nfantil<\/b>\u00a0 compta amb material adaptat<\/span><span style=\"font-size: medium;\"> a l&#8217;<\/span><span style=\"font-size: medium;\">e<\/span><span style=\"font-size: medium;\">dat, \u00a0 jocs simb\u00f2lics \u00a0 i \u00a0 educatius, \u00a0 i \u00a0material digital<\/span><span style=\"font-size: medium;\"> \u00a0i audiovisual.\u00a0 Tamb\u00e9 hi ha banys dins les aules.\u00a0<\/span><\/p>\n<p><span style=\"font-size: medium;\"><span style=\"font-size: medium;\">A l&#8217;edifici d&#8217;<b>Educaci\u00f3 Prim\u00e0ria i Secund\u00e0ria<\/b> les aules disposen de\u00a0 pissarres digitals\/ pantalles interactives,<\/span><span style=\"font-size: medium;\"> mobiliari i recursos adaptats. Tamb\u00e9 comptem amb espais per a: ambients, desdoblaments, recerca, b<span style=\"font-size: medium;\">i<\/span>bli<\/span>oteca, <\/span><span style=\"font-size: medium;\">sala d&#8217;usos m\u00faltiples per a <\/span><span style=\"font-size: medium;\">educaci\u00f3 f\u00edsic<\/span>a i menjador.<\/p>\n<figure class=\"figure wp-caption alignleft\"><a href=\"http:\/\/agora.xtec.cat\/ietemple\/\/wp-content\/uploads\/usu352\/2014\/09\/passadis-2.jpg\"><img loading=\"lazy\" decoding=\"async\" class=\"size-medium wp-image-637\" src=\"http:\/\/agora.xtec.cat\/ietemple\/\/wp-content\/uploads\/usu352\/2014\/09\/passadis-2-300x169.jpg\" alt=\"Passadis edifici prim\u00e0ria\" width=\"300\" height=\"169\" srcset=\"https:\/\/agora.xtec.cat\/ietemple\/wp-content\/uploads\/usu352\/2014\/09\/passadis-2-300x169.jpg 300w, https:\/\/agora.xtec.cat\/ietemple\/wp-content\/uploads\/usu352\/2014\/09\/passadis-2-1024x576.jpg 1024w, https:\/\/agora.xtec.cat\/ietemple\/wp-content\/uploads\/usu352\/2014\/09\/passadis-2.jpg 1239w\" sizes=\"auto, (max-width: 300px) 100vw, 300px\" \/><\/a><figcaption class=\"wp-caption-text\">Passad\u00eds edifici prim\u00e0ria i secund\u00e0ria<\/figcaption><\/figure>\n<figure class=\"figure wp-caption alignleft\"><a href=\"http:\/\/agora.xtec.cat\/ietemple\/\/wp-content\/uploads\/usu352\/2014\/09\/patis-prim\u00e0ria.jpg\"><img loading=\"lazy\" decoding=\"async\" class=\"size-medium wp-image-638\" src=\"http:\/\/agora.xtec.cat\/ietemple\/\/wp-content\/uploads\/usu352\/2014\/09\/patis-prim\u00e0ria-300x169.jpg\" alt=\"Pati \" width=\"300\" height=\"169\" srcset=\"https:\/\/agora.xtec.cat\/ietemple\/wp-content\/uploads\/usu352\/2014\/09\/patis-prim\u00e0ria-300x169.jpg 300w, https:\/\/agora.xtec.cat\/ietemple\/wp-content\/uploads\/usu352\/2014\/09\/patis-prim\u00e0ria-1024x576.jpg 1024w, https:\/\/agora.xtec.cat\/ietemple\/wp-content\/uploads\/usu352\/2014\/09\/patis-prim\u00e0ria.jpg 1239w\" sizes=\"auto, (max-width: 300px) 100vw, 300px\" \/><\/a><figcaption class=\"wp-caption-text\">\u00a0 \u00a0Pati<\/figcaption><\/figure>\n<\/div>\n","protected":false},"excerpt":{"rendered":"<p>El nostre Institut Escola disposa de dos edificis: un d&#8217;Educaci\u00f3 Infantil i un d&#8217;Educaci\u00f3 Prim\u00e0ria i Secund\u00e0ria. L&#8217;edifici principal, va ser inaugurat fa 25 anys i compta amb les aules de prim\u00e0ria i secund\u00e0ria, especialitats, la sala d&#8217;usos m\u00faltiples, la biblioteca, l&#8217;\u00e0rea d&#8217;administraci\u00f3 i serveis&hellip;  <a href=\"https:\/\/agora.xtec.cat\/ietemple\/institut-escola\/instal%c2%b7lacions\/\" title=\"Read Instal\u00b7lacions\">Llegeix m\u00e9s\u00bb<\/a><\/p>\n","protected":false},"author":2,"featured_media":0,"parent":22,"menu_order":40,"comment_status":"closed","ping_status":"closed","template":"page-templates\/side-menu.php","meta":{"_bbp_topic_count":0,"_bbp_reply_count":0,"_bbp_total_topic_count":0,"_bbp_total_reply_count":0,"_bbp_voice_count":0,"_bbp_anonymous_reply_count":0,"_bbp_topic_count_hidden":0,"_bbp_reply_count_hidden":0,"_bbp_forum_subforum_count":0,"footnotes":""},"class_list":["post-30","page","type-page","status-publish","hentry"],"post_mailing_queue_ids":[],"_links":{"self":[{"href":"https:\/\/agora.xtec.cat\/ietemple\/wp-json\/wp\/v2\/pages\/30","targetHints":{"allow":["GET"]}}],"collection":[{"href":"https:\/\/agora.xtec.cat\/ietemple\/wp-json\/wp\/v2\/pages"}],"about":[{"href":"https:\/\/agora.xtec.cat\/ietemple\/wp-json\/wp\/v2\/types\/page"}],"author":[{"embeddable":true,"href":"https:\/\/agora.xtec.cat\/ietemple\/wp-json\/wp\/v2\/users\/2"}],"replies":[{"embeddable":true,"href":"https:\/\/agora.xtec.cat\/ietemple\/wp-json\/wp\/v2\/comments?post=30"}],"version-history":[{"count":5,"href":"https:\/\/agora.xtec.cat\/ietemple\/wp-json\/wp\/v2\/pages\/30\/revisions"}],"predecessor-version":[{"id":8905,"href":"https:\/\/agora.xtec.cat\/ietemple\/wp-json\/wp\/v2\/pages\/30\/revisions\/8905"}],"up":[{"embeddable":true,"href":"https:\/\/agora.xtec.cat\/ietemple\/wp-json\/wp\/v2\/pages\/22"}],"wp:attachment":[{"href":"https:\/\/agora.xtec.cat\/ietemple\/wp-json\/wp\/v2\/media?parent=30"}],"curies":[{"name":"wp","href":"https:\/\/api.w.org\/{rel}","templated":true}]}}