{"id":248,"date":"2016-01-26T09:38:42","date_gmt":"2016-01-26T08:38:42","guid":{"rendered":"http:\/\/agora.xtec.cat\/ietemple\/\/?page_id=248"},"modified":"2020-09-09T21:45:09","modified_gmt":"2020-09-09T19:45:09","slug":"com-treballem","status":"publish","type":"page","link":"https:\/\/agora.xtec.cat\/ietemple\/projecte-educatiu\/com-treballem\/","title":{"rendered":"Com treballem"},"content":{"rendered":"<ul>\n<li style=\"text-align: justify;\">Metodologia activa: respectem el nivell maduratiu de cadasc\u00fa amb aprenentatges significatius i a trav\u00e9s del joc. Partim de la realitat pr\u00f2xima dels nois i noies.<\/li>\n<li style=\"text-align: justify;\">Fem activitats d\u2019aprenentatge diversificades: manipulatives, din\u00e0miques, gr\u00e0fiques, d\u2019observaci\u00f3, de reflexi\u00f3, d\u2019expressi\u00f3, d\u2019experimentaci\u00f3, etc.<\/li>\n<li style=\"text-align: justify;\">Agrupem els alumnes segons l\u2019activitat: treball en equip, en parelles i individual. Tamb\u00e9 potenciem el treball per racons, per projectes i tallers internivells.<\/li>\n<li style=\"text-align: justify;\">Donem molta import\u00e0ncia a l\u2019expressi\u00f3 i la comprensi\u00f3 oral:\u00a0 aprenen la llengua a trav\u00e9s dels contes, endevinalles, poemes, teatre, etc.<\/li>\n<li style=\"text-align: justify;\">Potenciem el contacte amb la natura amb sortides peri\u00f2diques per observar l\u2019entorn que ens envolta i activitat<a href=\"http:\/\/agora.xtec.cat\/ietemple\/\/wp-content\/uploads\/usu352\/2016\/01\/diptic-1.jpg\"><img loading=\"lazy\" decoding=\"async\" class=\" wp-image-347 size-medium alignright\" src=\"http:\/\/agora.xtec.cat\/ietemple\/\/wp-content\/uploads\/usu352\/2016\/01\/diptic-1-300x199.jpg\" alt=\"diptic 1\" width=\"300\" height=\"199\" srcset=\"https:\/\/agora.xtec.cat\/ietemple\/wp-content\/uploads\/usu352\/2016\/01\/diptic-1-300x199.jpg 300w, https:\/\/agora.xtec.cat\/ietemple\/wp-content\/uploads\/usu352\/2016\/01\/diptic-1-1024x680.jpg 1024w\" sizes=\"auto, (max-width: 300px) 100vw, 300px\" \/><\/a>s a l\u2019aire lliure.<\/li>\n<\/ul>\n<p style=\"text-align: justify;\">La nostra proposta metodol\u00f2gica es basa en:<\/p>\n<p style=\"text-align: justify;\"><strong>1. Racons d&#8217;aula<\/strong><\/p>\n<p style=\"text-align: justify;\">El treball per racons \u00e9s una proposta metodol\u00f2gica que pret\u00e9n \u00a0delimitar, dintre de l\u2019aula, diferents espais on els nostres alumnes puguin realitzar de manera simult\u00e0nia diferents activitats de tipus cognitiu, manipulatiu i simb\u00f2lic.<\/p>\n<p style=\"text-align: justify;\"><b>2. Ambients d&#8217;aprenentatge<\/b><img loading=\"lazy\" decoding=\"async\" class=\"alignleft size-medium wp-image-5854\" style=\"background-color: transparent; box-sizing: border-box; color: #222222; display: block; float: left; font-family: &amp;quot; helvetica neue&amp;quot;,&amp;quot;helvetica&amp;quot;,helvetica,arial,sans-serif; font-size: 16px; font-style: normal; font-variant: normal; font-weight: 400; height: 187px; letter-spacing: normal; max-width: 1064.24px; orphans: 2; text-align: justify; text-decoration: none; text-indent: 0px; text-transform: none; -webkit-text-stroke-width: 0px; white-space: normal; word-spacing: 0px; margin: 8px 16px 8px 0px;\" src=\"http:\/\/agora.xtec.cat\/ietemple\/\/wp-content\/uploads\/usu352\/2018\/02\/terra-300x187.jpg\" alt=\"\" width=\"300\" height=\"187\" srcset=\"https:\/\/agora.xtec.cat\/ietemple\/wp-content\/uploads\/usu352\/2018\/02\/terra-300x187.jpg 300w, https:\/\/agora.xtec.cat\/ietemple\/wp-content\/uploads\/usu352\/2018\/02\/terra-768x480.jpg 768w, https:\/\/agora.xtec.cat\/ietemple\/wp-content\/uploads\/usu352\/2018\/02\/terra.jpg 773w\" sizes=\"auto, (max-width: 300px) 100vw, 300px\" \/><b><\/b><i><\/i><u><\/u><\/p>\n<p style=\"text-align: justify;\">Els ambients d\u2019aprenentatge s\u00f3n espais especialment dissenyats per a que l&#8217;alumnat de diferents edats\u00a0 puguin jugar i experimentar junts a partir d\u2019uns materials que provoquen i desperten la seva curiositat. Aprofitem el seu instint natural de descoberta per tal que puguin gaudir i aprendre a traves de les diferents propostes que se\u2019ls presenten. S\u00f3n ambients que respecten la diversitat i que tenen en compte en tot moment \u00a0el ritme individual de cada infant.<\/p>\n<p style=\"text-align: justify;\"><strong>3. Projectes<br \/>\n<\/strong><\/p>\n<p style=\"text-align: justify;\">La metodologia basada en el treball per projectes estimula el gust per la investigaci\u00f3 i el descobriment. La realitzaci\u00f3 de projectes de treball en equips cooperatius constitueix una forma d\u2019aprendre fent, una estrat\u00e8gia imprescindible per aconseguir un aprenentatge significatiu. Es tracta d\u2019un enfocament educatiu que t\u00e9 com a base la participaci\u00f3 de l&#8217;alumnat en el proc\u00e9s d\u2019aprenentatge, despertant-los el desig d\u2019aprendre i con\u00e8ixer en companyia dels altres. Moltes recerques posen en relleu que aprenem millor quan volem aprendre. La motivaci\u00f3 juga un paper fonamental en els processos d\u2019aprenentatge i, per tant, tamb\u00e9 en l\u2019elecci\u00f3 dels m\u00e8todes d\u2019ensenyament.<\/p>\n<p style=\"text-align: justify;\"><b>4. Tallers Internivell<\/b><img loading=\"lazy\" decoding=\"async\" class=\"wp-image-5805 alignright\" style=\"background-color: transparent; box-sizing: border-box; color: #222222; display: block; float: right; font-family: &amp;quot; helvetica neue&amp;quot;,&amp;quot;helvetica&amp;quot;,helvetica,arial,sans-serif; font-size: 16px; font-style: normal; font-variant: normal; font-weight: 400; height: 128.25px; letter-spacing: normal; max-width: 1064.24px; orphans: 2; outline-color: #72777c; outline-style: solid; outline-width: 1px; text-align: justify; text-decoration: none; text-indent: 0px; text-transform: none; -webkit-text-stroke-width: 0px; white-space: normal; word-spacing: 0px; margin: 8px 0px 8px 16px;\" src=\"http:\/\/agora.xtec.cat\/ietemple\/\/wp-content\/uploads\/usu352\/2018\/02\/P1040576-300x225.jpg\" alt=\"\" width=\"171\" height=\"128\" srcset=\"https:\/\/agora.xtec.cat\/ietemple\/wp-content\/uploads\/usu352\/2018\/02\/P1040576-300x225.jpg 300w, https:\/\/agora.xtec.cat\/ietemple\/wp-content\/uploads\/usu352\/2018\/02\/P1040576-200x150.jpg 200w, https:\/\/agora.xtec.cat\/ietemple\/wp-content\/uploads\/usu352\/2018\/02\/P1040576.jpg 640w\" sizes=\"auto, (max-width: 171px) 100vw, 171px\" \/><b><\/b><i><\/i><u><\/u><\/p>\n<p style=\"text-align: justify;\">Els xiquets i les xiquetes de prim\u00e0ria fan tallers internivells. Es tracta d&#8217;unes activitats conjuntes de tota la comunitat, on s&#8217;agrupen alumnes de diferents cursos i edats. Aix\u00f2 comporta ampliar l\u2019\u00e0mbit de relaci\u00f3 humana dels infants m\u00e9s enll\u00e0 del propi curs. Els divendres a la tarda, es proposen activitats des de la vessant m\u00e9s art\u00edstica, on es potencia l&#8217;expressivitat, la creativitat, i la imaginaci\u00f3. Un dels objectius principals \u00e9s aprendre a relacionar-se amb els altres, aprendre a treballar junts i ser aut\u00f2noms en espais diferents i amb altres mestres.<\/p>\n<p style=\"text-align: justify;\"><strong>5. Treball coo<\/strong><a href=\"http:\/\/agora.xtec.cat\/ietemple\/\/wp-content\/uploads\/usu352\/2016\/01\/mans.jpg\"><img loading=\"lazy\" decoding=\"async\" class=\" wp-image-345 alignleft\" src=\"http:\/\/agora.xtec.cat\/ietemple\/\/wp-content\/uploads\/usu352\/2016\/01\/mans.jpg\" alt=\"mans\" width=\"244\" height=\"162\" \/><\/a><strong>peratiu<\/strong><\/p>\n<p style=\"text-align: justify;\">El treball cooperatiu \u00e9s una eina d&#8217;aprenentatge amb la qual els alumnes organitzats en petits\u00a0 grups treballen conjuntament amb un objectiu com\u00fa. Es tracta d&#8217;una metodologia inclusiva que afavoreix les relacions interpersonals del grup classe i\u00a0 millora el rendiment de tot l\u2019alumnat.<\/p>\n<p style=\"text-align: justify;\">Aquest treball millora la motivaci\u00f3, afavoreix l\u2019acceptaci\u00f3 de les difer\u00e8ncies i el respecte mutu, desenvolupa la creativitat, estimula el pensament cr\u00edtic, augmenta la qualitat dels treballs i ajuda a establir relacions positives entre els companys. El treball cooperatiu forma part de tots els moments d&#8217;aula i contribueix a millorar els aprenentatges en tots els \u00e0mbits.<\/p>\n","protected":false},"excerpt":{"rendered":"<ul>\n<li style=\"text-align: justify;\">Metodologia activa: respectem el nivell maduratiu de cadasc\u00fa amb aprenentatges significatius i a trav\u00e9s del joc. Partim de la realitat pr\u00f2xima dels nois i noies.<\/li>\n<li style=\"text-align: justify;\">Fem activitats d\u2019aprenentatge diversificades: manipulatives, din\u00e0miques, gr\u00e0fiques, d\u2019observaci\u00f3, de reflexi\u00f3, d\u2019expressi\u00f3, d\u2019experimentaci\u00f3, etc.<\/li>\n<li style=\"text-align: justify;\">Agrupem els alumnes&hellip;  <a href=\"https:\/\/agora.xtec.cat\/ietemple\/projecte-educatiu\/com-treballem\/\" title=\"Read Com treballem\">Llegeix m\u00e9s\u00bb<\/a><br \/>\n","protected":false},"author":1,"featured_media":0,"parent":64,"menu_order":0,"comment_status":"closed","ping_status":"closed","template":"page-templates\/side-menu.php","meta":{"_bbp_topic_count":0,"_bbp_reply_count":0,"_bbp_total_topic_count":0,"_bbp_total_reply_count":0,"_bbp_voice_count":0,"_bbp_anonymous_reply_count":0,"_bbp_topic_count_hidden":0,"_bbp_reply_count_hidden":0,"_bbp_forum_subforum_count":0,"footnotes":""},"class_list":["post-248","page","type-page","status-publish","hentry"],"post_mailing_queue_ids":[],"_links":{"self":[{"href":"https:\/\/agora.xtec.cat\/ietemple\/wp-json\/wp\/v2\/pages\/248","targetHints":{"allow":["GET"]}}],"collection":[{"href":"https:\/\/agora.xtec.cat\/ietemple\/wp-json\/wp\/v2\/pages"}],"about":[{"href":"https:\/\/agora.xtec.cat\/ietemple\/wp-json\/wp\/v2\/types\/page"}],"author":[{"embeddable":true,"href":"https:\/\/agora.xtec.cat\/ietemple\/wp-json\/wp\/v2\/users\/1"}],"replies":[{"embeddable":true,"href":"https:\/\/agora.xtec.cat\/ietemple\/wp-json\/wp\/v2\/comments?post=248"}],"version-history":[{"count":4,"href":"https:\/\/agora.xtec.cat\/ietemple\/wp-json\/wp\/v2\/pages\/248\/revisions"}],"predecessor-version":[{"id":7887,"href":"https:\/\/agora.xtec.cat\/ietemple\/wp-json\/wp\/v2\/pages\/248\/revisions\/7887"}],"up":[{"embeddable":true,"href":"https:\/\/agora.xtec.cat\/ietemple\/wp-json\/wp\/v2\/pages\/64"}],"wp:attachment":[{"href":"https:\/\/agora.xtec.cat\/ietemple\/wp-json\/wp\/v2\/media?parent=248"}],"curies":[{"name":"wp","href":"https:\/\/api.w.org\/{rel}","templated":true}]}}