{"id":246,"date":"2016-01-26T09:38:24","date_gmt":"2016-01-26T08:38:24","guid":{"rendered":"http:\/\/agora.xtec.cat\/ietemple\/\/?page_id=246"},"modified":"2020-09-08T00:43:43","modified_gmt":"2020-09-07T22:43:43","slug":"que-volem","status":"publish","type":"page","link":"https:\/\/agora.xtec.cat\/ietemple\/projecte-educatiu\/que-volem\/","title":{"rendered":"Qu\u00e8 volem"},"content":{"rendered":"<ul>\n<li style=\"text-align: justify;\">Volem ser un centre educatiu acollidor que fomenti la cohesi\u00f3 social.<\/li>\n<li style=\"text-align: justify;\">Volem infants feli\u00e7os i aut\u00f2noms que aprenguin a aprendre, a conviure i a respectar els altres.<\/li>\n<li style=\"text-align: justify;\">Volem nois i noies que desenvolupin al m\u00e0xim les seves capacitats respectant el ritme de desenvolupament de cadasc\u00fa.<\/li>\n<li style=\"text-align: justify;\">Volem joves que construeixin el seu propi aprenentatge a trav\u00e9s de l&#8217;observaci\u00f3, l&#8217;experimentaci\u00f3 i la reflexi\u00f3.<\/li>\n<li style=\"text-align: justify;\">Volem fam\u00edlies participatives, col\u00b7laboradores i amb una gran implicaci\u00f3 amb l\u2019escola per tal que l\u2019educaci\u00f3 sigui un projecte com\u00fa entre tots.<\/li>\n<\/ul>\n<p style=\"text-align: justify;\"><em>Per qu\u00e8 els nostres alumnes tinguin<\/em>:<a href=\"http:\/\/agora.xtec.cat\/ietemple\/\/wp-content\/uploads\/usu352\/2016\/01\/images.jpg\"><img loading=\"lazy\" decoding=\"async\" class=\" alignright wp-image-340\" src=\"http:\/\/agora.xtec.cat\/ietemple\/\/wp-content\/uploads\/usu352\/2016\/01\/images.jpg\" alt=\"images\" width=\"413\" height=\"309\" srcset=\"https:\/\/agora.xtec.cat\/ietemple\/wp-content\/uploads\/usu352\/2016\/01\/images.jpg 260w, https:\/\/agora.xtec.cat\/ietemple\/wp-content\/uploads\/usu352\/2016\/01\/images-200x150.jpg 200w\" sizes=\"auto, (max-width: 413px) 100vw, 413px\" \/><\/a><\/p>\n<ul style=\"text-align: justify;\">\n<li>Bona compet\u00e8ncia lectora i escrita<\/li>\n<li>Bon nivell d\u2019angl\u00e8s<\/li>\n<li>Una bona dosi de raonament matem\u00e0tic<\/li>\n<li>Coneixements digitals<\/li>\n<li>Habilitats emocionals<\/li>\n<li>Esperit cr\u00edtic<\/li>\n<\/ul>\n<p style=\"text-align: justify;\">I siguin capa\u00e7os de treballar en equip i compartir l&#8217;aprenentatge.<\/p>\n","protected":false},"excerpt":{"rendered":"<ul>\n<li style=\"text-align: justify;\">Volem ser un centre educatiu acollidor que fomenti la cohesi\u00f3 social.<\/li>\n<li style=\"text-align: justify;\">Volem infants feli\u00e7os i aut\u00f2noms que aprenguin a aprendre, a conviure i a respectar els altres.<\/li>\n<li style=\"text-align: justify;\">Volem nois i noies que desenvolupin al m\u00e0xim les seves capacitats respectant el ritme&hellip;  <a href=\"https:\/\/agora.xtec.cat\/ietemple\/projecte-educatiu\/que-volem\/\" title=\"Read Qu\u00e8 volem\">Llegeix m\u00e9s\u00bb<\/a><br \/>\n","protected":false},"author":1,"featured_media":0,"parent":64,"menu_order":0,"comment_status":"closed","ping_status":"closed","template":"page-templates\/side-menu.php","meta":{"_bbp_topic_count":0,"_bbp_reply_count":0,"_bbp_total_topic_count":0,"_bbp_total_reply_count":0,"_bbp_voice_count":0,"_bbp_anonymous_reply_count":0,"_bbp_topic_count_hidden":0,"_bbp_reply_count_hidden":0,"_bbp_forum_subforum_count":0,"footnotes":""},"class_list":["post-246","page","type-page","status-publish","hentry"],"post_mailing_queue_ids":[],"_links":{"self":[{"href":"https:\/\/agora.xtec.cat\/ietemple\/wp-json\/wp\/v2\/pages\/246","targetHints":{"allow":["GET"]}}],"collection":[{"href":"https:\/\/agora.xtec.cat\/ietemple\/wp-json\/wp\/v2\/pages"}],"about":[{"href":"https:\/\/agora.xtec.cat\/ietemple\/wp-json\/wp\/v2\/types\/page"}],"author":[{"embeddable":true,"href":"https:\/\/agora.xtec.cat\/ietemple\/wp-json\/wp\/v2\/users\/1"}],"replies":[{"embeddable":true,"href":"https:\/\/agora.xtec.cat\/ietemple\/wp-json\/wp\/v2\/comments?post=246"}],"version-history":[{"count":4,"href":"https:\/\/agora.xtec.cat\/ietemple\/wp-json\/wp\/v2\/pages\/246\/revisions"}],"predecessor-version":[{"id":7875,"href":"https:\/\/agora.xtec.cat\/ietemple\/wp-json\/wp\/v2\/pages\/246\/revisions\/7875"}],"up":[{"embeddable":true,"href":"https:\/\/agora.xtec.cat\/ietemple\/wp-json\/wp\/v2\/pages\/64"}],"wp:attachment":[{"href":"https:\/\/agora.xtec.cat\/ietemple\/wp-json\/wp\/v2\/media?parent=246"}],"curies":[{"name":"wp","href":"https:\/\/api.w.org\/{rel}","templated":true}]}}