{"id":876,"date":"2025-06-16T13:11:44","date_gmt":"2025-06-16T11:11:44","guid":{"rendered":"https:\/\/agora.xtec.cat\/iet\/?page_id=876"},"modified":"2026-03-18T12:18:13","modified_gmt":"2026-03-18T11:18:13","slug":"provesacces","status":"publish","type":"page","link":"https:\/\/agora.xtec.cat\/iet\/provesacces\/","title":{"rendered":"Proves d&#8217;acc\u00e9s"},"content":{"rendered":"\n<p class=\"has-text-align-center has-white-color has-ast-global-color-1-background-color has-text-color has-background has-link-color has-medium-font-size wp-elements-4de14a4a56ee00ce3a680049cc095cef\" style=\"border-radius:100px;font-style:normal;font-weight:600;letter-spacing:2px;line-height:0.5\"><strong>Cicles Formatius d&#8217;Arts pl\u00e0stiques i disseny<\/strong><\/p>\n\n\n\n<p><strong><br><\/strong>Dates proves d\u2019acc\u00e9s curs 2025-26<\/p>\n\n\n\n<hr class=\"wp-block-separator has-alpha-channel-opacity is-style-wide\"\/>\n\n\n\n<h3 class=\"wp-block-heading has-ast-global-color-1-color has-text-color has-link-color has-medium-font-size wp-elements-57a672bd0b5db7e81f86707610a577ae\">1. Informa&#8217;t<\/h3>\n\n\n\n<ul class=\"wp-block-list\">\n<li class=\"has-ast-global-color-8-color has-text-color has-link-color wp-elements-2e90e09853c7fc2e5ce8560b4185cea9\">\ud83d\udcc6 <a href=\"https:\/\/triaeducativa.gencat.cat\/ca\/proves\/proves-acces\/apd\/apd-gs\/calendari\/\" data-type=\"link\" data-id=\"https:\/\/triaeducativa.gencat.cat\/ca\/proves\/proves-acces\/apd\/apd-gs\/calendari\/\" target=\"_blank\" rel=\"noreferrer noopener\">Calendari convocat\u00f2ria (ordin\u00e0ria i extraordin\u00e0ria)<\/a><\/li>\n\n\n\n<li class=\"has-ast-global-color-8-color has-text-color has-link-color wp-elements-c8ef5b0a658961c18669afd8f1b85598\">\ud83d\udcc4 <a href=\"https:\/\/drive.google.com\/file\/d\/1OlDB7ZDptFsIOHXI-bX_tEIgKefa-37m\/view?usp=sharing\" data-type=\"link\" data-id=\"https:\/\/drive.google.com\/file\/d\/1OlDB7ZDptFsIOHXI-bX_tEIgKefa-37m\/view?usp=sharing\" target=\"_blank\" rel=\"noreferrer noopener\">Normativa<\/a><\/li>\n<\/ul>\n\n\n\n<h3 class=\"wp-block-heading has-ast-global-color-1-color has-text-color has-link-color has-medium-font-size wp-elements-370c8ed3ec9989ef97d406c0ca7ef77b\">2. Prepara\u2019t b\u00e9<\/h3>\n\n\n\n<ul class=\"wp-block-list\">\n<li class=\"has-ast-global-color-8-color has-text-color has-link-color wp-elements-cb28e224f623a4011dc02d3e2c1c36e3\">\ud83d\udcd6 <a href=\"https:\/\/triaeducativa.gencat.cat\/ca\/proves\/proves-acces\/apd\/apd-gs\/temari\/\" data-type=\"link\" data-id=\"https:\/\/triaeducativa.gencat.cat\/ca\/proves\/proves-acces\/apd\/apd-gs\/temari\/\" target=\"_blank\" rel=\"noreferrer noopener\">Consulta el temari<\/a><\/li>\n\n\n\n<li class=\"has-ast-global-color-8-color has-text-color has-link-color wp-elements-74977a8443af35697a213c5cd65a25dc\">\ud83d\udcdd <a href=\"https:\/\/triaeducativa.gencat.cat\/ca\/proves\/proves-acces\/apd\/apd-gs\/models-prova\/\" data-type=\"link\" data-id=\"https:\/\/triaeducativa.gencat.cat\/ca\/proves\/proves-acces\/apd\/apd-gs\/models-prova\/\" target=\"_blank\" rel=\"noreferrer noopener\">Revisa els models de proves<\/a><\/li>\n\n\n\n<li class=\"has-ast-global-color-8-color has-text-color has-link-color wp-elements-0830fed7deaa54fb84c76d9843ebe059\">\ud83c\udf92 <a href=\"https:\/\/triaeducativa.gencat.cat\/ca\/proves\/proves-acces\/apd\/apd-gs\/material\/\" data-type=\"link\" data-id=\"https:\/\/triaeducativa.gencat.cat\/ca\/proves\/proves-acces\/apd\/apd-gs\/material\/\" target=\"_blank\" rel=\"noreferrer noopener\">Prepara tot el material necessari<\/a><\/li>\n<\/ul>\n\n\n\n<h3 class=\"wp-block-heading has-ast-global-color-1-color has-text-color has-link-color has-medium-font-size wp-elements-13dc5eb07c35f74d36ef0b93665cd8d6\">3. Inscriu-te<\/h3>\n\n\n\n<ul class=\"wp-block-list\">\n<li class=\"has-ast-global-color-8-color has-text-color has-link-color wp-elements-395c7b1a95ded33ca9d07fbdecbe6130\">\ud83d\udce5 <a href=\"https:\/\/tramits.gencat.cat\/ca\/tramits\/tramits-temes\/prova-arts-plastiques-gs\" data-type=\"link\" data-id=\"https:\/\/tramits.gencat.cat\/ca\/tramits\/tramits-temes\/prova-arts-plastiques-gs\" target=\"_blank\" rel=\"noreferrer noopener\">Presenta la sol\u00b7licitud d\u2019inscripci\u00f3<\/a><\/li>\n\n\n\n<li class=\"has-ast-global-color-8-color has-text-color has-link-color wp-elements-64fbb9a016de270cc484ac2bf88a5adc\">\ud83d\udccb <a href=\"https:\/\/triaeducativa.gencat.cat\/ca\/proves\/proves-acces\/apd\/apd-gs\/admesos-exclosos\/\" data-type=\"link\" data-id=\"https:\/\/triaeducativa.gencat.cat\/ca\/proves\/proves-acces\/apd\/apd-gs\/admesos-exclosos\/\" target=\"_blank\" rel=\"noreferrer noopener\">Revisa les llistes d\u2019admesos i exclosos<\/a><\/li>\n<\/ul>\n\n\n\n<h3 class=\"wp-block-heading has-ast-global-color-1-color has-text-color has-link-color has-medium-font-size wp-elements-06bb874c8f0ed55c65aa0b36b9f4b9ee\">4. Qualificacions<\/h3>\n\n\n\n<ul class=\"wp-block-list\">\n<li class=\"has-ast-global-color-8-color has-text-color has-link-color wp-elements-f8bbcaf93eca09b9bdcc5bd1f7c0bbde\">\ud83d\udccc <a href=\"https:\/\/triaeducativa.gencat.cat\/ca\/proves\/proves-acces\/apd\/apd-gs\/admesos-exclosos\/\" data-type=\"link\" data-id=\"https:\/\/triaeducativa.gencat.cat\/ca\/proves\/proves-acces\/apd\/apd-gs\/admesos-exclosos\/\" target=\"_blank\" rel=\"noreferrer noopener\">Consulta la qualificaci\u00f3 final<\/a><\/li>\n<\/ul>\n\n\n\n<h3 class=\"wp-block-heading has-ast-global-color-1-color has-text-color has-link-color has-medium-font-size wp-elements-6ec07590fccde15648d98cdc96c36cda\">5. Obtenci\u00f3 del certificat<\/h3>\n\n\n\n<p>Un cop superada la prova, podr\u00e0s recollir el certificat al centre a partir de l\u2019endem\u00e0 de la publicaci\u00f3 de la qualificaci\u00f3 definitiva.<\/p>\n\n\n\n<p>\ud83d\udcde <strong>Tens dubtes?<\/strong><br>Contacta amb el centre i t\u2019ajudarem!<\/p>\n\n\n\n<p>iet@iet.cat<\/p>\n\n\n\n<p><\/p>\n","protected":false},"excerpt":{"rendered":"<p>Cicles Formatius d&#8217;Arts pl\u00e0stiques i disseny Dates proves d\u2019acc\u00e9s curs 2025-26 1. Informa&#8217;t 2. Prepara\u2019t b\u00e9 3. Inscriu-te 4. Qualificacions 5. Obtenci\u00f3 del certificat Un cop superada la prova, podr\u00e0s recollir el certificat al centre a partir de l\u2019endem\u00e0 de la publicaci\u00f3 de la qualificaci\u00f3 definitiva. \ud83d\udcde Tens dubtes?Contacta amb el centre i t\u2019ajudarem! iet@iet.cat<\/p>\n","protected":false},"author":1,"featured_media":0,"parent":0,"menu_order":0,"comment_status":"closed","ping_status":"closed","template":"","meta":{"site-sidebar-layout":"default","site-content-layout":"","ast-site-content-layout":"default","site-content-style":"default","site-sidebar-style":"default","ast-global-header-display":"","ast-banner-title-visibility":"","ast-main-header-display":"","ast-hfb-above-header-display":"","ast-hfb-below-header-display":"","ast-hfb-mobile-header-display":"","site-post-title":"","ast-breadcrumbs-content":"","ast-featured-img":"","footer-sml-layout":"","theme-transparent-header-meta":"","adv-header-id-meta":"","stick-header-meta":"","header-above-stick-meta":"","header-main-stick-meta":"","header-below-stick-meta":"","astra-migrate-meta-layouts":"set","ast-page-background-enabled":"default","ast-page-background-meta":{"desktop":{"background-color":"var(--ast-global-color-4)","background-image":"","background-repeat":"repeat","background-position":"center center","background-size":"auto","background-attachment":"scroll","background-type":"","background-media":"","overlay-type":"","overlay-color":"","overlay-opacity":"","overlay-gradient":""},"tablet":{"background-color":"","background-image":"","background-repeat":"repeat","background-position":"center center","background-size":"auto","background-attachment":"scroll","background-type":"","background-media":"","overlay-type":"","overlay-color":"","overlay-opacity":"","overlay-gradient":""},"mobile":{"background-color":"","background-image":"","background-repeat":"repeat","background-position":"center center","background-size":"auto","background-attachment":"scroll","background-type":"","background-media":"","overlay-type":"","overlay-color":"","overlay-opacity":"","overlay-gradient":""}},"ast-content-background-meta":{"desktop":{"background-color":"var(--ast-global-color-5)","background-image":"","background-repeat":"repeat","background-position":"center center","background-size":"auto","background-attachment":"scroll","background-type":"","background-media":"","overlay-type":"","overlay-color":"","overlay-opacity":"","overlay-gradient":""},"tablet":{"background-color":"var(--ast-global-color-5)","background-image":"","background-repeat":"repeat","background-position":"center center","background-size":"auto","background-attachment":"scroll","background-type":"","background-media":"","overlay-type":"","overlay-color":"","overlay-opacity":"","overlay-gradient":""},"mobile":{"background-color":"var(--ast-global-color-5)","background-image":"","background-repeat":"repeat","background-position":"center center","background-size":"auto","background-attachment":"scroll","background-type":"","background-media":"","overlay-type":"","overlay-color":"","overlay-opacity":"","overlay-gradient":""}},"footnotes":""},"class_list":["post-876","page","type-page","status-publish","hentry"],"post_mailing_queue_ids":[],"_links":{"self":[{"href":"https:\/\/agora.xtec.cat\/iet\/wp-json\/wp\/v2\/pages\/876","targetHints":{"allow":["GET"]}}],"collection":[{"href":"https:\/\/agora.xtec.cat\/iet\/wp-json\/wp\/v2\/pages"}],"about":[{"href":"https:\/\/agora.xtec.cat\/iet\/wp-json\/wp\/v2\/types\/page"}],"author":[{"embeddable":true,"href":"https:\/\/agora.xtec.cat\/iet\/wp-json\/wp\/v2\/users\/1"}],"replies":[{"embeddable":true,"href":"https:\/\/agora.xtec.cat\/iet\/wp-json\/wp\/v2\/comments?post=876"}],"version-history":[{"count":6,"href":"https:\/\/agora.xtec.cat\/iet\/wp-json\/wp\/v2\/pages\/876\/revisions"}],"predecessor-version":[{"id":1623,"href":"https:\/\/agora.xtec.cat\/iet\/wp-json\/wp\/v2\/pages\/876\/revisions\/1623"}],"wp:attachment":[{"href":"https:\/\/agora.xtec.cat\/iet\/wp-json\/wp\/v2\/media?parent=876"}],"curies":[{"name":"wp","href":"https:\/\/api.w.org\/{rel}","templated":true}]}}