{"id":871,"date":"2025-06-16T13:11:44","date_gmt":"2025-06-16T11:11:44","guid":{"rendered":"https:\/\/agora.xtec.cat\/iet\/?page_id=871"},"modified":"2025-06-18T17:40:01","modified_gmt":"2025-06-18T15:40:01","slug":"programa-de-qualitat-i-millora-pqim","status":"publish","type":"page","link":"https:\/\/agora.xtec.cat\/iet\/programa-de-qualitat-i-millora-pqim\/","title":{"rendered":"Programa de Qualitat i Millora PQIM"},"content":{"rendered":"\n<p>El Programa de Qualitat i Millora (PQIM) \u00e9s l\u2019eina de gesti\u00f3 que ens permet planificar, avaluar i millorar de manera cont\u00ednua els processos educatius i organitzatius del centre. A trav\u00e9s del PQIM, impulsem accions estrat\u00e8giques per oferir un servei educatiu cada vegada m\u00e9s eficient, inclusiu i adaptat a les necessitats de l\u2019alumnat i la comunitat educativa.<\/p>\n\n\n\n<p>Aquest programa es revisa peri\u00f2dicament i forma part del comprom\u00eds del centre amb l\u2019excel\u00b7l\u00e8ncia, la transpar\u00e8ncia i la millora constant.<\/p>\n\n\n\n<p class=\"has-text-align-center has-white-color has-ast-global-color-1-background-color has-text-color has-background has-link-color has-medium-font-size wp-elements-be475b23cbc26d0ba1148f224568de5a\" style=\"border-style:none;border-width:0px;border-radius:94px;font-style:normal;font-weight:600;letter-spacing:2px;line-height:0.5\">Estem treballant en aquesta p\u00e0gina. Disculpeu les mol\u00e8sties.<\/p>\n","protected":false},"excerpt":{"rendered":"<p>El Programa de Qualitat i Millora (PQIM) \u00e9s l\u2019eina de gesti\u00f3 que ens permet planificar, avaluar i millorar de manera cont\u00ednua els processos educatius i organitzatius del centre. A trav\u00e9s del PQIM, impulsem accions estrat\u00e8giques per oferir un servei educatiu cada vegada m\u00e9s eficient, inclusiu i adaptat a les necessitats de l\u2019alumnat i la comunitat [&hellip;]<\/p>\n","protected":false},"author":1,"featured_media":0,"parent":0,"menu_order":0,"comment_status":"closed","ping_status":"close","template":"","meta":{"site-sidebar-layout":"default","site-content-layout":"","ast-site-content-layout":"default","site-content-style":"default","site-sidebar-style":"default","ast-global-header-display":"","ast-banner-title-visibility":"","ast-main-header-display":"","ast-hfb-above-header-display":"","ast-hfb-below-header-display":"","ast-hfb-mobile-header-display":"","site-post-title":"","ast-breadcrumbs-content":"","ast-featured-img":"","footer-sml-layout":"","theme-transparent-header-meta":"","adv-header-id-meta":"","stick-header-meta":"","header-above-stick-meta":"","header-main-stick-meta":"","header-below-stick-meta":"","astra-migrate-meta-layouts":"set","ast-page-background-enabled":"default","ast-page-background-meta":{"desktop":{"background-color":"var(--ast-global-color-4)","background-image":"","background-repeat":"repeat","background-position":"center center","background-size":"auto","background-attachment":"scroll","background-type":"","background-media":"","overlay-type":"","overlay-color":"","overlay-opacity":"","overlay-gradient":""},"tablet":{"background-color":"","background-image":"","background-repeat":"repeat","background-position":"center center","background-size":"auto","background-attachment":"scroll","background-type":"","background-media":"","overlay-type":"","overlay-color":"","overlay-opacity":"","overlay-gradient":""},"mobile":{"background-color":"","background-image":"","background-repeat":"repeat","background-position":"center center","background-size":"auto","background-attachment":"scroll","background-type":"","background-media":"","overlay-type":"","overlay-color":"","overlay-opacity":"","overlay-gradient":""}},"ast-content-background-meta":{"desktop":{"background-color":"var(--ast-global-color-5)","background-image":"","background-repeat":"repeat","background-position":"center center","background-size":"auto","background-attachment":"scroll","background-type":"","background-media":"","overlay-type":"","overlay-color":"","overlay-opacity":"","overlay-gradient":""},"tablet":{"background-color":"var(--ast-global-color-5)","background-image":"","background-repeat":"repeat","background-position":"center center","background-size":"auto","background-attachment":"scroll","background-type":"","background-media":"","overlay-type":"","overlay-color":"","overlay-opacity":"","overlay-gradient":""},"mobile":{"background-color":"var(--ast-global-color-5)","background-image":"","background-repeat":"repeat","background-position":"center center","background-size":"auto","background-attachment":"scroll","background-type":"","background-media":"","overlay-type":"","overlay-color":"","overlay-opacity":"","overlay-gradient":""}},"footnotes":""},"class_list":["post-871","page","type-page","status-publish","hentry"],"post_mailing_queue_ids":[],"_links":{"self":[{"href":"https:\/\/agora.xtec.cat\/iet\/wp-json\/wp\/v2\/pages\/871","targetHints":{"allow":["GET"]}}],"collection":[{"href":"https:\/\/agora.xtec.cat\/iet\/wp-json\/wp\/v2\/pages"}],"about":[{"href":"https:\/\/agora.xtec.cat\/iet\/wp-json\/wp\/v2\/types\/page"}],"author":[{"embeddable":true,"href":"https:\/\/agora.xtec.cat\/iet\/wp-json\/wp\/v2\/users\/1"}],"replies":[{"embeddable":true,"href":"https:\/\/agora.xtec.cat\/iet\/wp-json\/wp\/v2\/comments?post=871"}],"version-history":[{"count":6,"href":"https:\/\/agora.xtec.cat\/iet\/wp-json\/wp\/v2\/pages\/871\/revisions"}],"predecessor-version":[{"id":1195,"href":"https:\/\/agora.xtec.cat\/iet\/wp-json\/wp\/v2\/pages\/871\/revisions\/1195"}],"wp:attachment":[{"href":"https:\/\/agora.xtec.cat\/iet\/wp-json\/wp\/v2\/media?parent=871"}],"curies":[{"name":"wp","href":"https:\/\/api.w.org\/{rel}","templated":true}]}}