{"id":862,"date":"2025-06-16T12:56:37","date_gmt":"2025-06-16T10:56:37","guid":{"rendered":"https:\/\/agora.xtec.cat\/iet\/?page_id=862"},"modified":"2025-06-20T11:58:48","modified_gmt":"2025-06-20T09:58:48","slug":"suggeriments-i-queixes","status":"publish","type":"page","link":"https:\/\/agora.xtec.cat\/iet\/suggeriments-i-queixes\/","title":{"rendered":"Suggeriments i queixes"},"content":{"rendered":"\n<p>Aquest espai est\u00e0 obert a tota la comunitat educativa per fer arribar suggeriments, aportacions o queixes relacionades amb el funcionament del centre. L\u2019objectiu \u00e9s millorar la qualitat del servei educatiu i fomentar una comunicaci\u00f3 oberta, respectuosa i constructiva.<\/p>\n\n\n\n<p>Totes les comunicacions rebudes seran tractades amb confidencialitat i atenci\u00f3, seguint els canals i protocols establerts pel centre.<\/p>\n\n\n\n<p>Podeu fer-nos arribar els vostres comentaris a trav\u00e9s del formulari seg\u00fcent o presencialment a la secretaria del centre.<\/p>\n\n\n\n<p class=\"has-text-align-center has-white-color has-ast-global-color-1-background-color has-text-color has-background has-link-color has-medium-font-size wp-elements-6531584edc6addab00c7587c48428f11\" style=\"border-style:none;border-width:0px;border-radius:94px;padding-top:var(--wp--preset--spacing--20);padding-right:0;padding-bottom:var(--wp--preset--spacing--20);padding-left:0;font-style:normal;font-weight:600;letter-spacing:2px\">Aquesta p\u00e0gina est\u00e0 en construcci\u00f3. Disculpeu les mol\u00e8sties.<\/p>\n","protected":false},"excerpt":{"rendered":"<p>Aquest espai est\u00e0 obert a tota la comunitat educativa per fer arribar suggeriments, aportacions o queixes relacionades amb el funcionament del centre. L\u2019objectiu \u00e9s millorar la qualitat del servei educatiu i fomentar una comunicaci\u00f3 oberta, respectuosa i constructiva. Totes les comunicacions rebudes seran tractades amb confidencialitat i atenci\u00f3, seguint els canals i protocols establerts pel [&hellip;]<\/p>\n","protected":false},"author":1,"featured_media":0,"parent":0,"menu_order":0,"comment_status":"closed","ping_status":"close","template":"","meta":{"site-sidebar-layout":"default","site-content-layout":"","ast-site-content-layout":"default","site-content-style":"default","site-sidebar-style":"default","ast-global-header-display":"","ast-banner-title-visibility":"","ast-main-header-display":"","ast-hfb-above-header-display":"","ast-hfb-below-header-display":"","ast-hfb-mobile-header-display":"","site-post-title":"","ast-breadcrumbs-content":"","ast-featured-img":"","footer-sml-layout":"","theme-transparent-header-meta":"","adv-header-id-meta":"","stick-header-meta":"","header-above-stick-meta":"","header-main-stick-meta":"","header-below-stick-meta":"","astra-migrate-meta-layouts":"set","ast-page-background-enabled":"default","ast-page-background-meta":{"desktop":{"background-color":"var(--ast-global-color-4)","background-image":"","background-repeat":"repeat","background-position":"center center","background-size":"auto","background-attachment":"scroll","background-type":"","background-media":"","overlay-type":"","overlay-color":"","overlay-opacity":"","overlay-gradient":""},"tablet":{"background-color":"","background-image":"","background-repeat":"repeat","background-position":"center center","background-size":"auto","background-attachment":"scroll","background-type":"","background-media":"","overlay-type":"","overlay-color":"","overlay-opacity":"","overlay-gradient":""},"mobile":{"background-color":"","background-image":"","background-repeat":"repeat","background-position":"center center","background-size":"auto","background-attachment":"scroll","background-type":"","background-media":"","overlay-type":"","overlay-color":"","overlay-opacity":"","overlay-gradient":""}},"ast-content-background-meta":{"desktop":{"background-color":"var(--ast-global-color-5)","background-image":"","background-repeat":"repeat","background-position":"center center","background-size":"auto","background-attachment":"scroll","background-type":"","background-media":"","overlay-type":"","overlay-color":"","overlay-opacity":"","overlay-gradient":""},"tablet":{"background-color":"var(--ast-global-color-5)","background-image":"","background-repeat":"repeat","background-position":"center center","background-size":"auto","background-attachment":"scroll","background-type":"","background-media":"","overlay-type":"","overlay-color":"","overlay-opacity":"","overlay-gradient":""},"mobile":{"background-color":"var(--ast-global-color-5)","background-image":"","background-repeat":"repeat","background-position":"center center","background-size":"auto","background-attachment":"scroll","background-type":"","background-media":"","overlay-type":"","overlay-color":"","overlay-opacity":"","overlay-gradient":""}},"footnotes":""},"class_list":["post-862","page","type-page","status-publish","hentry"],"post_mailing_queue_ids":[],"_links":{"self":[{"href":"https:\/\/agora.xtec.cat\/iet\/wp-json\/wp\/v2\/pages\/862","targetHints":{"allow":["GET"]}}],"collection":[{"href":"https:\/\/agora.xtec.cat\/iet\/wp-json\/wp\/v2\/pages"}],"about":[{"href":"https:\/\/agora.xtec.cat\/iet\/wp-json\/wp\/v2\/types\/page"}],"author":[{"embeddable":true,"href":"https:\/\/agora.xtec.cat\/iet\/wp-json\/wp\/v2\/users\/1"}],"replies":[{"embeddable":true,"href":"https:\/\/agora.xtec.cat\/iet\/wp-json\/wp\/v2\/comments?post=862"}],"version-history":[{"count":4,"href":"https:\/\/agora.xtec.cat\/iet\/wp-json\/wp\/v2\/pages\/862\/revisions"}],"predecessor-version":[{"id":1290,"href":"https:\/\/agora.xtec.cat\/iet\/wp-json\/wp\/v2\/pages\/862\/revisions\/1290"}],"wp:attachment":[{"href":"https:\/\/agora.xtec.cat\/iet\/wp-json\/wp\/v2\/media?parent=862"}],"curies":[{"name":"wp","href":"https:\/\/api.w.org\/{rel}","templated":true}]}}