{"id":765,"date":"2025-06-11T08:52:05","date_gmt":"2025-06-11T06:52:05","guid":{"rendered":"https:\/\/agora.xtec.cat\/iet\/?page_id=765"},"modified":"2025-06-20T18:52:35","modified_gmt":"2025-06-20T16:52:35","slug":"cfas-indumentaria-textil","status":"publish","type":"page","link":"https:\/\/agora.xtec.cat\/iet\/cfas-indumentaria-textil\/","title":{"rendered":"CFAS &#8211; Indument\u00e0ria T\u00e8xtil"},"content":{"rendered":"\n<p><\/p>\n\n\n\n<div class=\"wp-block-columns is-layout-flex wp-container-core-columns-is-layout-1 wp-block-columns-is-layout-flex\">\n<div class=\"wp-block-column is-layout-flow wp-block-column-is-layout-flow\">\n<figure class=\"wp-block-image aligncenter size-full is-resized\"><a href=\"https:\/\/agora.xtec.cat\/iet\/wp-content\/uploads\/usu3484\/2025\/06\/emojis-7-1.png\"><img loading=\"lazy\" decoding=\"async\" width=\"326\" height=\"726\" src=\"https:\/\/agora.xtec.cat\/iet\/wp-content\/uploads\/usu3484\/2025\/06\/emojis-7-1.png\" alt=\"\" class=\"wp-image-827\" style=\"width:84px;height:auto\" srcset=\"https:\/\/agora.xtec.cat\/iet\/wp-content\/uploads\/usu3484\/2025\/06\/emojis-7-1.png 326w, https:\/\/agora.xtec.cat\/iet\/wp-content\/uploads\/usu3484\/2025\/06\/emojis-7-1-135x300.png 135w\" sizes=\"auto, (max-width: 326px) 100vw, 326px\" \/><\/a><\/figure>\n\n\n\n<p class=\"has-text-align-center\"><strong>Tria educativa:<\/strong> Cicle LOGSE<br><strong>Durada:<\/strong> 1875 hores<br><strong>Horari:<\/strong> Primer curs al mat\u00ed i segon curs a la tarda<\/p>\n\n\n\n<figure class=\"wp-block-image aligncenter size-large is-resized\"><a href=\"https:\/\/agora.xtec.cat\/iet\/wp-content\/uploads\/usu3484\/2025\/06\/escola_teixits_canet-08-scaled.jpg\"><img loading=\"lazy\" decoding=\"async\" width=\"683\" height=\"1024\" src=\"https:\/\/agora.xtec.cat\/iet\/wp-content\/uploads\/usu3484\/2025\/06\/escola_teixits_canet-08-683x1024.jpg\" alt=\"\" class=\"wp-image-738\" style=\"width:287px;height:auto\" srcset=\"https:\/\/agora.xtec.cat\/iet\/wp-content\/uploads\/usu3484\/2025\/06\/escola_teixits_canet-08-683x1024.jpg 683w, https:\/\/agora.xtec.cat\/iet\/wp-content\/uploads\/usu3484\/2025\/06\/escola_teixits_canet-08-200x300.jpg 200w, https:\/\/agora.xtec.cat\/iet\/wp-content\/uploads\/usu3484\/2025\/06\/escola_teixits_canet-08-768x1152.jpg 768w, https:\/\/agora.xtec.cat\/iet\/wp-content\/uploads\/usu3484\/2025\/06\/escola_teixits_canet-08-1024x1536.jpg 1024w, https:\/\/agora.xtec.cat\/iet\/wp-content\/uploads\/usu3484\/2025\/06\/escola_teixits_canet-08-1365x2048.jpg 1365w, https:\/\/agora.xtec.cat\/iet\/wp-content\/uploads\/usu3484\/2025\/06\/escola_teixits_canet-08-scaled.jpg 1707w\" sizes=\"auto, (max-width: 683px) 100vw, 683px\" \/><\/a><\/figure>\n\n\n\n<p>Amb aquest cicle, tindr\u00e0s l\u2019oportunitat de fer pr\u00e0ctiques a les empreses del sector, per preparar-te per a una incorporaci\u00f3 r\u00e0pida al mercat laboral.<\/p>\n\n\n\n<p>Per a m\u00e9s informaci\u00f3 sobre aquest cicle, consulta la fitxa oficial a <strong>Tria Educativa<\/strong> de la Generalitat:<br><a href=\"https:\/\/triaeducativa.gencat.cat\/ca\/estudis\/?estilisme-indumentaria&amp;p_id=34\">Accedir a Tria Educativa<\/a><\/p>\n<\/div>\n\n\n\n<div class=\"wp-block-column is-layout-flow wp-block-column-is-layout-flow\">\n<p>El cicle d\u2019Estilisme d\u2019Indument\u00e0ria \u00e9s molt m\u00e9s que combinar peces i accessoris. Es tracta de dissenyar imatge personal, assessorar en estil, crear tend\u00e8ncies i gestionar la producci\u00f3 de vestuari amb creativitat, t\u00e8cnica i una visi\u00f3 est\u00e8tica innovadora.<\/p>\n\n\n\n<p>Aquesta formaci\u00f3 et prepara per ser un professional complet, amb coneixements te\u00f2rics i pr\u00e0ctics en:<\/p>\n\n\n\n<ul class=\"wp-block-list\">\n<li>Disseny Assistit per Ordinador&nbsp;<\/li>\n\n\n\n<li>Formaci\u00f3 i Orientaci\u00f3 Laboral<\/li>\n\n\n\n<li>Hist\u00f2ria de la Indument\u00e0ria <\/li>\n\n\n\n<li>Estilisme <\/li>\n\n\n\n<li>Projecte Final <\/li>\n\n\n\n<li>Gesti\u00f3 de Projectes Professionals <\/li>\n\n\n\n<li>Dibuix del Natural i Aplicaci\u00f3 a la Indument\u00e0ria <\/li>\n\n\n\n<li>M\u00e0rqueting <\/li>\n\n\n\n<li>Fotografia i Mitjans Audiovisuals <\/li>\n\n\n\n<li>Tecnologia T\u00e8xtil <\/li>\n\n\n\n<li>Modelisme <\/li>\n\n\n\n<li>Modelisme: Estilista <\/li>\n\n\n\n<li>Fase de Pr\u00e0ctiques en Empreses, Estudis o Tallers <\/li>\n\n\n\n<li>Hores de lliure disposici\u00f3<\/li>\n<\/ul>\n<\/div>\n<\/div>\n\n\n\n<p><\/p>\n","protected":false},"excerpt":{"rendered":"<p>Tria educativa: Cicle LOGSEDurada: 1875 horesHorari: Primer curs al mat\u00ed i segon curs a la tarda Amb aquest cicle, tindr\u00e0s l\u2019oportunitat de fer pr\u00e0ctiques a les empreses del sector, per preparar-te per a una incorporaci\u00f3 r\u00e0pida al mercat laboral. Per a m\u00e9s informaci\u00f3 sobre aquest cicle, consulta la fitxa oficial a Tria Educativa de la [&hellip;]<\/p>\n","protected":false},"author":1,"featured_media":0,"parent":0,"menu_order":0,"comment_status":"closed","ping_status":"close","template":"","meta":{"site-sidebar-layout":"no-sidebar","site-content-layout":"","ast-site-content-layout":"full-width-container","site-content-style":"default","site-sidebar-style":"default","ast-global-header-display":"","ast-banner-title-visibility":"","ast-main-header-display":"","ast-hfb-above-header-display":"","ast-hfb-below-header-display":"","ast-hfb-mobile-header-display":"","site-post-title":"","ast-breadcrumbs-content":"","ast-featured-img":"","footer-sml-layout":"","theme-transparent-header-meta":"","adv-header-id-meta":"","stick-header-meta":"","header-above-stick-meta":"","header-main-stick-meta":"","header-below-stick-meta":"","astra-migrate-meta-layouts":"set","ast-page-background-enabled":"default","ast-page-background-meta":{"desktop":{"background-color":"var(--ast-global-color-4)","background-image":"","background-repeat":"repeat","background-position":"center center","background-size":"auto","background-attachment":"scroll","background-type":"","background-media":"","overlay-type":"","overlay-color":"","overlay-opacity":"","overlay-gradient":""},"tablet":{"background-color":"","background-image":"","background-repeat":"repeat","background-position":"center center","background-size":"auto","background-attachment":"scroll","background-type":"","background-media":"","overlay-type":"","overlay-color":"","overlay-opacity":"","overlay-gradient":""},"mobile":{"background-color":"","background-image":"","background-repeat":"repeat","background-position":"center center","background-size":"auto","background-attachment":"scroll","background-type":"","background-media":"","overlay-type":"","overlay-color":"","overlay-opacity":"","overlay-gradient":""}},"ast-content-background-meta":{"desktop":{"background-color":"var(--ast-global-color-5)","background-image":"","background-repeat":"repeat","background-position":"center center","background-size":"auto","background-attachment":"scroll","background-type":"","background-media":"","overlay-type":"","overlay-color":"","overlay-opacity":"","overlay-gradient":""},"tablet":{"background-color":"var(--ast-global-color-5)","background-image":"","background-repeat":"repeat","background-position":"center center","background-size":"auto","background-attachment":"scroll","background-type":"","background-media":"","overlay-type":"","overlay-color":"","overlay-opacity":"","overlay-gradient":""},"mobile":{"background-color":"var(--ast-global-color-5)","background-image":"","background-repeat":"repeat","background-position":"center center","background-size":"auto","background-attachment":"scroll","background-type":"","background-media":"","overlay-type":"","overlay-color":"","overlay-opacity":"","overlay-gradient":""}},"footnotes":""},"class_list":["post-765","page","type-page","status-publish","hentry"],"post_mailing_queue_ids":[],"_links":{"self":[{"href":"https:\/\/agora.xtec.cat\/iet\/wp-json\/wp\/v2\/pages\/765","targetHints":{"allow":["GET"]}}],"collection":[{"href":"https:\/\/agora.xtec.cat\/iet\/wp-json\/wp\/v2\/pages"}],"about":[{"href":"https:\/\/agora.xtec.cat\/iet\/wp-json\/wp\/v2\/types\/page"}],"author":[{"embeddable":true,"href":"https:\/\/agora.xtec.cat\/iet\/wp-json\/wp\/v2\/users\/1"}],"replies":[{"embeddable":true,"href":"https:\/\/agora.xtec.cat\/iet\/wp-json\/wp\/v2\/comments?post=765"}],"version-history":[{"count":6,"href":"https:\/\/agora.xtec.cat\/iet\/wp-json\/wp\/v2\/pages\/765\/revisions"}],"predecessor-version":[{"id":1301,"href":"https:\/\/agora.xtec.cat\/iet\/wp-json\/wp\/v2\/pages\/765\/revisions\/1301"}],"wp:attachment":[{"href":"https:\/\/agora.xtec.cat\/iet\/wp-json\/wp\/v2\/media?parent=765"}],"curies":[{"name":"wp","href":"https:\/\/api.w.org\/{rel}","templated":true}]}}