{"id":764,"date":"2025-06-11T08:52:05","date_gmt":"2025-06-11T06:52:05","guid":{"rendered":"https:\/\/agora.xtec.cat\/iet\/?page_id=764"},"modified":"2025-06-20T18:52:14","modified_gmt":"2025-06-20T16:52:14","slug":"cfgs-patronatge-i-moda","status":"publish","type":"page","link":"https:\/\/agora.xtec.cat\/iet\/cfgs-patronatge-i-moda\/","title":{"rendered":"CFGS &#8211; Patronatge i Moda"},"content":{"rendered":"\n<div class=\"wp-block-columns is-layout-flex wp-container-core-columns-is-layout-1 wp-block-columns-is-layout-flex\">\n<div class=\"wp-block-column is-layout-flow wp-block-column-is-layout-flow\">\n<p>El cicle de Patronatge i Moda \u00e9s molt m\u00e9s que crear i transformar patrons. \u00c9s dissenyar, decidir mides i volums, confeccionar peces, i gestionar t\u00e8cnicament la producci\u00f3 industrial amb creativitat i estil.<\/p>\n\n\n\n<p>Aquesta formaci\u00f3 et prepara per ser un professional complet, amb coneixements te\u00f2rics i pr\u00e0ctics en:<\/p>\n\n\n\n<ul class=\"wp-block-list\">\n<li>Gesti\u00f3 de la Qualitat, Prevenci\u00f3 de Riscos Laborals i Protecci\u00f3 Ambiental<\/li>\n\n\n\n<li>Moda i Tend\u00e8ncies<\/li>\n\n\n\n<li>Materials en T\u00e8xtil, Confecci\u00f3 i Pell<\/li>\n\n\n\n<li>T\u00e8cniques en Confecci\u00f3<\/li>\n\n\n\n<li>Processos en Confecci\u00f3 Industrial<\/li>\n\n\n\n<li>Organitzaci\u00f3 de la Producci\u00f3 en Confecci\u00f3 Industrial<\/li>\n\n\n\n<li>An\u00e0lisi de Dissenys en T\u00e8xtil i Pell<\/li>\n\n\n\n<li>Elaboraci\u00f3 de Prototips<\/li>\n\n\n\n<li>Patronatge Industrial en T\u00e8xtil i Pell<\/li>\n\n\n\n<li>Industrialitzaci\u00f3 i Escalat de Patrons<\/li>\n\n\n\n<li>Angl\u00e8s Professional<\/li>\n\n\n\n<li>Digitalitzaci\u00f3 Aplicada als Sectors Productius<\/li>\n\n\n\n<li>Sostenibilitat Aplicada al Sistema Productiu<\/li>\n\n\n\n<li>Itinerari Personal per a l&#8217;Ocupabilitat I<\/li>\n\n\n\n<li>Itinerari Personal per a l&#8217;Ocupabilitat II<\/li>\n\n\n\n<li>Projecte Intermodular<\/li>\n\n\n\n<li>M\u00f2dul Professional Optatiu<\/li>\n<\/ul>\n<\/div>\n\n\n\n<div class=\"wp-block-column is-layout-flow wp-block-column-is-layout-flow\">\n<figure class=\"wp-block-image aligncenter size-full is-resized\"><a href=\"https:\/\/agora.xtec.cat\/iet\/wp-content\/uploads\/usu3484\/2025\/06\/emojis2-1-1.png\"><img loading=\"lazy\" decoding=\"async\" width=\"455\" height=\"599\" src=\"https:\/\/agora.xtec.cat\/iet\/wp-content\/uploads\/usu3484\/2025\/06\/emojis2-1-1.png\" alt=\"\" class=\"wp-image-834\" style=\"width:124px;height:auto\" srcset=\"https:\/\/agora.xtec.cat\/iet\/wp-content\/uploads\/usu3484\/2025\/06\/emojis2-1-1.png 455w, https:\/\/agora.xtec.cat\/iet\/wp-content\/uploads\/usu3484\/2025\/06\/emojis2-1-1-228x300.png 228w\" sizes=\"auto, (max-width: 455px) 100vw, 455px\" \/><\/a><\/figure>\n\n\n\n<p class=\"has-text-align-center\"><br><strong>Tria educativa:<\/strong>&nbsp;Cicle LOE Dual<br><strong>Durada:<\/strong>&nbsp;2000 hores<br><strong>Horari:<\/strong>&nbsp;Primer curs al mat\u00ed i segon curs a la tarda<br><\/p>\n\n\n\n<figure class=\"wp-block-image size-large\"><a href=\"https:\/\/agora.xtec.cat\/iet\/wp-content\/uploads\/usu3484\/2025\/06\/escola_teixits_canet-07-1-scaled-e1749579319822.jpg\"><img loading=\"lazy\" decoding=\"async\" width=\"1024\" height=\"528\" src=\"https:\/\/agora.xtec.cat\/iet\/wp-content\/uploads\/usu3484\/2025\/06\/escola_teixits_canet-07-1-scaled-e1749579319822-1024x528.jpg\" alt=\"\" class=\"wp-image-747\" srcset=\"https:\/\/agora.xtec.cat\/iet\/wp-content\/uploads\/usu3484\/2025\/06\/escola_teixits_canet-07-1-scaled-e1749579319822-1024x528.jpg 1024w, https:\/\/agora.xtec.cat\/iet\/wp-content\/uploads\/usu3484\/2025\/06\/escola_teixits_canet-07-1-scaled-e1749579319822-300x155.jpg 300w, https:\/\/agora.xtec.cat\/iet\/wp-content\/uploads\/usu3484\/2025\/06\/escola_teixits_canet-07-1-scaled-e1749579319822-768x396.jpg 768w, https:\/\/agora.xtec.cat\/iet\/wp-content\/uploads\/usu3484\/2025\/06\/escola_teixits_canet-07-1-scaled-e1749579319822-1536x792.jpg 1536w, https:\/\/agora.xtec.cat\/iet\/wp-content\/uploads\/usu3484\/2025\/06\/escola_teixits_canet-07-1-scaled-e1749579319822.jpg 1707w\" sizes=\"auto, (max-width: 1024px) 100vw, 1024px\" \/><\/a><\/figure>\n\n\n\n<p>Amb aquest cicle, tindr\u00e0s l\u2019oportunitat de fer pr\u00e0ctiques a les empreses del sector, per preparar-te per a una incorporaci\u00f3 r\u00e0pida al mercat laboral.<\/p>\n\n\n\n<p>Per a m\u00e9s informaci\u00f3 sobre aquest cicle, consulta la fitxa oficial a&nbsp;<strong>Tria Educativa<\/strong>&nbsp;de la Generalitat:<br><a href=\"https:\/\/triaeducativa.gencat.cat\/ca\/estudis\/?patronatge-moda&amp;p_id=215\">Accedir a Tria Educativa<\/a><\/p>\n<\/div>\n<\/div>\n","protected":false},"excerpt":{"rendered":"<p>El cicle de Patronatge i Moda \u00e9s molt m\u00e9s que crear i transformar patrons. \u00c9s dissenyar, decidir mides i volums, confeccionar peces, i gestionar t\u00e8cnicament la producci\u00f3 industrial amb creativitat i estil. Aquesta formaci\u00f3 et prepara per ser un professional complet, amb coneixements te\u00f2rics i pr\u00e0ctics en: Tria educativa:&nbsp;Cicle LOE DualDurada:&nbsp;2000 horesHorari:&nbsp;Primer curs al mat\u00ed [&hellip;]<\/p>\n","protected":false},"author":1,"featured_media":0,"parent":0,"menu_order":0,"comment_status":"closed","ping_status":"close","template":"","meta":{"site-sidebar-layout":"no-sidebar","site-content-layout":"","ast-site-content-layout":"full-width-container","site-content-style":"default","site-sidebar-style":"default","ast-global-header-display":"","ast-banner-title-visibility":"","ast-main-header-display":"","ast-hfb-above-header-display":"","ast-hfb-below-header-display":"","ast-hfb-mobile-header-display":"","site-post-title":"","ast-breadcrumbs-content":"","ast-featured-img":"","footer-sml-layout":"","theme-transparent-header-meta":"","adv-header-id-meta":"","stick-header-meta":"","header-above-stick-meta":"","header-main-stick-meta":"","header-below-stick-meta":"","astra-migrate-meta-layouts":"set","ast-page-background-enabled":"default","ast-page-background-meta":{"desktop":{"background-color":"var(--ast-global-color-4)","background-image":"","background-repeat":"repeat","background-position":"center center","background-size":"auto","background-attachment":"scroll","background-type":"","background-media":"","overlay-type":"","overlay-color":"","overlay-opacity":"","overlay-gradient":""},"tablet":{"background-color":"","background-image":"","background-repeat":"repeat","background-position":"center center","background-size":"auto","background-attachment":"scroll","background-type":"","background-media":"","overlay-type":"","overlay-color":"","overlay-opacity":"","overlay-gradient":""},"mobile":{"background-color":"","background-image":"","background-repeat":"repeat","background-position":"center center","background-size":"auto","background-attachment":"scroll","background-type":"","background-media":"","overlay-type":"","overlay-color":"","overlay-opacity":"","overlay-gradient":""}},"ast-content-background-meta":{"desktop":{"background-color":"var(--ast-global-color-5)","background-image":"","background-repeat":"repeat","background-position":"center center","background-size":"auto","background-attachment":"scroll","background-type":"","background-media":"","overlay-type":"","overlay-color":"","overlay-opacity":"","overlay-gradient":""},"tablet":{"background-color":"var(--ast-global-color-5)","background-image":"","background-repeat":"repeat","background-position":"center center","background-size":"auto","background-attachment":"scroll","background-type":"","background-media":"","overlay-type":"","overlay-color":"","overlay-opacity":"","overlay-gradient":""},"mobile":{"background-color":"var(--ast-global-color-5)","background-image":"","background-repeat":"repeat","background-position":"center center","background-size":"auto","background-attachment":"scroll","background-type":"","background-media":"","overlay-type":"","overlay-color":"","overlay-opacity":"","overlay-gradient":""}},"footnotes":""},"class_list":["post-764","page","type-page","status-publish","hentry"],"post_mailing_queue_ids":[],"_links":{"self":[{"href":"https:\/\/agora.xtec.cat\/iet\/wp-json\/wp\/v2\/pages\/764","targetHints":{"allow":["GET"]}}],"collection":[{"href":"https:\/\/agora.xtec.cat\/iet\/wp-json\/wp\/v2\/pages"}],"about":[{"href":"https:\/\/agora.xtec.cat\/iet\/wp-json\/wp\/v2\/types\/page"}],"author":[{"embeddable":true,"href":"https:\/\/agora.xtec.cat\/iet\/wp-json\/wp\/v2\/users\/1"}],"replies":[{"embeddable":true,"href":"https:\/\/agora.xtec.cat\/iet\/wp-json\/wp\/v2\/comments?post=764"}],"version-history":[{"count":6,"href":"https:\/\/agora.xtec.cat\/iet\/wp-json\/wp\/v2\/pages\/764\/revisions"}],"predecessor-version":[{"id":1300,"href":"https:\/\/agora.xtec.cat\/iet\/wp-json\/wp\/v2\/pages\/764\/revisions\/1300"}],"wp:attachment":[{"href":"https:\/\/agora.xtec.cat\/iet\/wp-json\/wp\/v2\/media?parent=764"}],"curies":[{"name":"wp","href":"https:\/\/api.w.org\/{rel}","templated":true}]}}