{"id":763,"date":"2025-06-11T08:52:05","date_gmt":"2025-06-11T06:52:05","guid":{"rendered":"https:\/\/agora.xtec.cat\/iet\/?page_id=763"},"modified":"2025-06-20T18:51:49","modified_gmt":"2025-06-20T16:51:49","slug":"cfgm-confeccio-i-moda","status":"publish","type":"page","link":"https:\/\/agora.xtec.cat\/iet\/cfgm-confeccio-i-moda\/","title":{"rendered":"CFGM &#8211; Confecci\u00f3 i Moda"},"content":{"rendered":"\n<div class=\"wp-block-columns is-layout-flex wp-container-core-columns-is-layout-1 wp-block-columns-is-layout-flex\">\n<div class=\"wp-block-column is-layout-flow wp-block-column-is-layout-flow\">\n<figure class=\"wp-block-image aligncenter size-full is-resized\"><a href=\"https:\/\/agora.xtec.cat\/iet\/wp-content\/uploads\/usu3484\/2025\/06\/emojis-5-1.png\"><img loading=\"lazy\" decoding=\"async\" width=\"528\" height=\"628\" src=\"https:\/\/agora.xtec.cat\/iet\/wp-content\/uploads\/usu3484\/2025\/06\/emojis-5-1.png\" alt=\"\" class=\"wp-image-803\" style=\"width:124px;height:auto\" srcset=\"https:\/\/agora.xtec.cat\/iet\/wp-content\/uploads\/usu3484\/2025\/06\/emojis-5-1.png 528w, https:\/\/agora.xtec.cat\/iet\/wp-content\/uploads\/usu3484\/2025\/06\/emojis-5-1-252x300.png 252w\" sizes=\"auto, (max-width: 528px) 100vw, 528px\" \/><\/a><\/figure>\n\n\n\n<p class=\"has-text-align-center\"><br><strong>Tria educativa:<\/strong> Cicle LOE Dual<br><strong>Durada:<\/strong> 2000 hores<br><strong>Horari:<\/strong> Primer curs al mat\u00ed i segon curs a la tarda<br><\/p>\n\n\n\n<figure class=\"wp-block-image size-large\"><a href=\"https:\/\/agora.xtec.cat\/iet\/wp-content\/uploads\/usu3484\/2025\/06\/escola_teixits_canet-43-1-scaled.jpg\"><img loading=\"lazy\" decoding=\"async\" width=\"1024\" height=\"683\" src=\"https:\/\/agora.xtec.cat\/iet\/wp-content\/uploads\/usu3484\/2025\/06\/escola_teixits_canet-43-1-1024x683.jpg\" alt=\"\" class=\"wp-image-802\" srcset=\"https:\/\/agora.xtec.cat\/iet\/wp-content\/uploads\/usu3484\/2025\/06\/escola_teixits_canet-43-1-1024x683.jpg 1024w, https:\/\/agora.xtec.cat\/iet\/wp-content\/uploads\/usu3484\/2025\/06\/escola_teixits_canet-43-1-300x200.jpg 300w, https:\/\/agora.xtec.cat\/iet\/wp-content\/uploads\/usu3484\/2025\/06\/escola_teixits_canet-43-1-768x512.jpg 768w, https:\/\/agora.xtec.cat\/iet\/wp-content\/uploads\/usu3484\/2025\/06\/escola_teixits_canet-43-1-1536x1024.jpg 1536w, https:\/\/agora.xtec.cat\/iet\/wp-content\/uploads\/usu3484\/2025\/06\/escola_teixits_canet-43-1-2048x1365.jpg 2048w\" sizes=\"auto, (max-width: 1024px) 100vw, 1024px\" \/><\/a><\/figure>\n\n\n\n<p>Amb aquest cicle, tindr\u00e0s l\u2019oportunitat de fer pr\u00e0ctiques a les empreses del sector, per preparar-te per a una incorporaci\u00f3 r\u00e0pida al mercat laboral.<\/p>\n\n\n\n<p>Per a m\u00e9s informaci\u00f3 sobre aquest cicle, consulta la fitxa oficial a <strong>Tria Educativa<\/strong> de la Generalitat:<br><a href=\"https:\/\/triaeducativa.gencat.cat\/ca\/estudis\/?confeccio-moda&amp;p_id=121\">Accedir a Tria Educativa<\/a><\/p>\n<\/div>\n\n\n\n<div class=\"wp-block-column is-layout-flow wp-block-column-is-layout-flow\">\n<p>El cicle de Confecci\u00f3 i Moda t\u2019ofereix una formaci\u00f3 completa per convertir-te en un professional de la moda i el disseny t\u00e8xtil. Aprendr\u00e0s des de les \u00faltimes tend\u00e8ncies i t\u00e8cniques de confecci\u00f3 fins a l\u2019atenci\u00f3 al client i la gesti\u00f3 de projectes de moda.<\/p>\n\n\n\n<p>Aquesta formaci\u00f3 et prepara per ser un professional complet, amb coneixements te\u00f2rics i pr\u00e0ctics en:<\/p>\n\n\n\n<ul class=\"wp-block-list\">\n<li>Moda i Tend\u00e8ncies<\/li>\n\n\n\n<li>Patrons<\/li>\n\n\n\n<li>Principis de Manteniment Electromec\u00e0nic<\/li>\n\n\n\n<li>Mat\u00e8ries T\u00e8xtils i Pell<\/li>\n\n\n\n<li>Tall de Materials<\/li>\n\n\n\n<li>Confecci\u00f3 a Mida<\/li>\n\n\n\n<li>Confecci\u00f3 Industrial<\/li>\n\n\n\n<li>Acabats en Confecci\u00f3<\/li>\n\n\n\n<li>Informaci\u00f3 i Atenci\u00f3 al Client<\/li>\n\n\n\n<li>Angl\u00e8s Professional<\/li>\n\n\n\n<li>Digitalitzaci\u00f3 Aplicada als Sectors Productius<\/li>\n\n\n\n<li>Sostenibilitat Aplicada al Sistema Productiu<\/li>\n\n\n\n<li>Itinerari Personal per a l&#8217;Ocupabilitat I<\/li>\n\n\n\n<li>Itinerari Personal per a l&#8217;Ocupabilitat II<\/li>\n\n\n\n<li>Projecte Intermodular<\/li>\n\n\n\n<li>M\u00f2dul Professional Optatiu<\/li>\n<\/ul>\n<\/div>\n<\/div>\n\n\n\n<p><\/p>\n","protected":false},"excerpt":{"rendered":"<p>Tria educativa: Cicle LOE DualDurada: 2000 horesHorari: Primer curs al mat\u00ed i segon curs a la tarda Amb aquest cicle, tindr\u00e0s l\u2019oportunitat de fer pr\u00e0ctiques a les empreses del sector, per preparar-te per a una incorporaci\u00f3 r\u00e0pida al mercat laboral. Per a m\u00e9s informaci\u00f3 sobre aquest cicle, consulta la fitxa oficial a Tria Educativa de [&hellip;]<\/p>\n","protected":false},"author":1,"featured_media":0,"parent":0,"menu_order":0,"comment_status":"closed","ping_status":"close","template":"","meta":{"site-sidebar-layout":"no-sidebar","site-content-layout":"","ast-site-content-layout":"full-width-container","site-content-style":"default","site-sidebar-style":"default","ast-global-header-display":"","ast-banner-title-visibility":"","ast-main-header-display":"","ast-hfb-above-header-display":"","ast-hfb-below-header-display":"","ast-hfb-mobile-header-display":"","site-post-title":"","ast-breadcrumbs-content":"","ast-featured-img":"","footer-sml-layout":"","theme-transparent-header-meta":"","adv-header-id-meta":"","stick-header-meta":"","header-above-stick-meta":"","header-main-stick-meta":"","header-below-stick-meta":"","astra-migrate-meta-layouts":"set","ast-page-background-enabled":"default","ast-page-background-meta":{"desktop":{"background-color":"var(--ast-global-color-4)","background-image":"","background-repeat":"repeat","background-position":"center center","background-size":"auto","background-attachment":"scroll","background-type":"","background-media":"","overlay-type":"","overlay-color":"","overlay-opacity":"","overlay-gradient":""},"tablet":{"background-color":"","background-image":"","background-repeat":"repeat","background-position":"center center","background-size":"auto","background-attachment":"scroll","background-type":"","background-media":"","overlay-type":"","overlay-color":"","overlay-opacity":"","overlay-gradient":""},"mobile":{"background-color":"","background-image":"","background-repeat":"repeat","background-position":"center center","background-size":"auto","background-attachment":"scroll","background-type":"","background-media":"","overlay-type":"","overlay-color":"","overlay-opacity":"","overlay-gradient":""}},"ast-content-background-meta":{"desktop":{"background-color":"var(--ast-global-color-5)","background-image":"","background-repeat":"repeat","background-position":"center center","background-size":"auto","background-attachment":"scroll","background-type":"","background-media":"","overlay-type":"","overlay-color":"","overlay-opacity":"","overlay-gradient":""},"tablet":{"background-color":"var(--ast-global-color-5)","background-image":"","background-repeat":"repeat","background-position":"center center","background-size":"auto","background-attachment":"scroll","background-type":"","background-media":"","overlay-type":"","overlay-color":"","overlay-opacity":"","overlay-gradient":""},"mobile":{"background-color":"var(--ast-global-color-5)","background-image":"","background-repeat":"repeat","background-position":"center center","background-size":"auto","background-attachment":"scroll","background-type":"","background-media":"","overlay-type":"","overlay-color":"","overlay-opacity":"","overlay-gradient":""}},"footnotes":""},"class_list":["post-763","page","type-page","status-publish","hentry"],"post_mailing_queue_ids":[],"_links":{"self":[{"href":"https:\/\/agora.xtec.cat\/iet\/wp-json\/wp\/v2\/pages\/763","targetHints":{"allow":["GET"]}}],"collection":[{"href":"https:\/\/agora.xtec.cat\/iet\/wp-json\/wp\/v2\/pages"}],"about":[{"href":"https:\/\/agora.xtec.cat\/iet\/wp-json\/wp\/v2\/types\/page"}],"author":[{"embeddable":true,"href":"https:\/\/agora.xtec.cat\/iet\/wp-json\/wp\/v2\/users\/1"}],"replies":[{"embeddable":true,"href":"https:\/\/agora.xtec.cat\/iet\/wp-json\/wp\/v2\/comments?post=763"}],"version-history":[{"count":6,"href":"https:\/\/agora.xtec.cat\/iet\/wp-json\/wp\/v2\/pages\/763\/revisions"}],"predecessor-version":[{"id":1299,"href":"https:\/\/agora.xtec.cat\/iet\/wp-json\/wp\/v2\/pages\/763\/revisions\/1299"}],"wp:attachment":[{"href":"https:\/\/agora.xtec.cat\/iet\/wp-json\/wp\/v2\/media?parent=763"}],"curies":[{"name":"wp","href":"https:\/\/api.w.org\/{rel}","templated":true}]}}