{"id":715,"date":"2025-06-10T19:43:27","date_gmt":"2025-06-10T17:43:27","guid":{"rendered":"https:\/\/agora.xtec.cat\/iet\/?page_id=715"},"modified":"2025-09-04T11:28:01","modified_gmt":"2025-09-04T09:28:01","slug":"preinscripcioimatricula","status":"publish","type":"page","link":"https:\/\/agora.xtec.cat\/iet\/preinscripcioimatricula\/","title":{"rendered":"Preinscripci\u00f3 i Matr\u00edcula"},"content":{"rendered":"\n<p>En aquest apartat trobar\u00e0s tota la informaci\u00f3 relacionada amb la preinscripci\u00f3 i la matr\u00edcula del curs 2025-2026. Consulta les dates oficials i accedeix a la informaci\u00f3 espec\u00edfica segons el tipus de formaci\u00f3 que t\u2019interessa.<br><br><br>Per a m\u00e9s informaci\u00f3 o dubtes, envieu un correu a <strong>matricula@iet.cat<\/strong><\/p>\n\n\n\n<div class=\"wp-block-columns is-layout-flex wp-container-core-columns-is-layout-1 wp-block-columns-is-layout-flex\">\n<div class=\"wp-block-column has-ast-global-color-1-background-color has-background has-small-font-size is-layout-flow wp-container-core-column-is-layout-1 wp-block-column-is-layout-flow\" style=\"border-style:none;border-width:0px;border-radius:13px;padding-top:0;padding-right:0;padding-bottom:0;padding-left:0\">\n<p class=\"has-text-align-center has-white-color has-text-color has-link-color wp-elements-600eb581dea46124bf7e5b33aa5cdf2a\" style=\"font-size:18px\"><a style=\"text-decoration: none; color: inherit;\" href=\"https:\/\/agora.xtec.cat\/iet\/preinscripcio-cicle-de-grau-mitja\/\" data-type=\"page\" data-id=\"1246\"><br>    <strong>PREINSCRIPCI\u00d3 I MATR\u00cdCULA <\/strong><br>    <strong>A CICLE DE GRAU MITJ\u00c0<\/strong><\/a><\/p>\n\n\n\n<figure class=\"wp-block-image aligncenter size-large is-style-default\"><a href=\"https:\/\/agora.xtec.cat\/iet\/preinscripcio-cicle-de-grau-mitja\/\"><img loading=\"lazy\" decoding=\"async\" width=\"1024\" height=\"379\" src=\"https:\/\/agora.xtec.cat\/iet\/wp-content\/uploads\/usu3484\/2025\/06\/escola_teixits_canet-20-scaled-e1749579341110-1024x379.jpg\" alt=\"\" class=\"wp-image-739\" style=\"aspect-ratio:1;object-fit:cover\" srcset=\"https:\/\/agora.xtec.cat\/iet\/wp-content\/uploads\/usu3484\/2025\/06\/escola_teixits_canet-20-scaled-e1749579341110-1024x379.jpg 1024w, https:\/\/agora.xtec.cat\/iet\/wp-content\/uploads\/usu3484\/2025\/06\/escola_teixits_canet-20-scaled-e1749579341110-300x111.jpg 300w, https:\/\/agora.xtec.cat\/iet\/wp-content\/uploads\/usu3484\/2025\/06\/escola_teixits_canet-20-scaled-e1749579341110-768x284.jpg 768w, https:\/\/agora.xtec.cat\/iet\/wp-content\/uploads\/usu3484\/2025\/06\/escola_teixits_canet-20-scaled-e1749579341110-1536x568.jpg 1536w, https:\/\/agora.xtec.cat\/iet\/wp-content\/uploads\/usu3484\/2025\/06\/escola_teixits_canet-20-scaled-e1749579341110-2048x758.jpg 2048w\" sizes=\"auto, (max-width: 1024px) 100vw, 1024px\" \/><\/a><\/figure>\n<\/div>\n\n\n\n<div class=\"wp-block-column has-ast-global-color-1-background-color has-background has-small-font-size is-layout-flow wp-container-core-column-is-layout-2 wp-block-column-is-layout-flow\" style=\"border-style:none;border-width:0px;border-radius:13px;padding-top:0;padding-right:0;padding-bottom:0;padding-left:0\">\n<p class=\"has-text-align-center has-white-color has-text-color has-link-color wp-elements-0b6ce6da2f24ef5ba68c10b7c2959e9a\" style=\"font-size:18px\"><br><a style=\"text-decoration: none; color: inherit;\" href=\"https:\/\/agora.xtec.cat\/iet\/preinscripcio-i-matricula-de-cicle-formatiu-de-grau-superior\/\" data-type=\"page\" data-id=\"1248\">    <strong>PREINSCRIPCI\u00d3 I MATR\u00cdCULA <\/strong><br>    <strong>A CICLE DE <\/strong> <strong>GRAU SUPERIOR<\/strong><\/a><\/p>\n\n\n\n<figure class=\"wp-block-image aligncenter size-full is-style-default\"><a href=\"https:\/\/agora.xtec.cat\/iet\/preinscripcio-i-matricula-de-cicle-formatiu-de-grau-superior\/\"><img loading=\"lazy\" decoding=\"async\" width=\"1024\" height=\"683\" src=\"https:\/\/agora.xtec.cat\/iet\/wp-content\/uploads\/usu3484\/2025\/06\/escola_teixits_canet-19-4.jpg\" alt=\"\" class=\"wp-image-750\" style=\"aspect-ratio:1;object-fit:cover\" srcset=\"https:\/\/agora.xtec.cat\/iet\/wp-content\/uploads\/usu3484\/2025\/06\/escola_teixits_canet-19-4.jpg 1024w, https:\/\/agora.xtec.cat\/iet\/wp-content\/uploads\/usu3484\/2025\/06\/escola_teixits_canet-19-4-300x200.jpg 300w, https:\/\/agora.xtec.cat\/iet\/wp-content\/uploads\/usu3484\/2025\/06\/escola_teixits_canet-19-4-768x512.jpg 768w\" sizes=\"auto, (max-width: 1024px) 100vw, 1024px\" \/><\/a><\/figure>\n<\/div>\n\n\n\n<div class=\"wp-block-column has-ast-global-color-1-background-color has-background has-small-font-size is-layout-flow wp-container-core-column-is-layout-3 wp-block-column-is-layout-flow\" style=\"border-style:none;border-width:0px;border-radius:13px;padding-top:0;padding-right:0;padding-bottom:0;padding-left:0\">\n<p class=\"has-text-align-center has-white-color has-text-color has-link-color wp-elements-2e37c3daa218980cd4e7bd19a2f21908\" style=\"font-size:18px\"><strong> <a style=\"text-decoration: none; color: inherit;\" href=\"https:\/\/agora.xtec.cat\/iet\/preinscripcio-i-matricula-a-cicles-de-formacio-artistica\/\" data-type=\"page\" data-id=\"1251\"><br>      PREINSCRIPCI\u00d3 I MATR\u00cdCULA A CICLES DE FORMACI\u00d3 ART\u00cdSTICA<\/a><\/strong><\/p>\n\n\n\n<figure class=\"wp-block-image aligncenter size-large is-style-default\"><a href=\"https:\/\/agora.xtec.cat\/iet\/preinscripcio-i-matricula-a-cicles-de-formacio-artistica\/\"><img loading=\"lazy\" decoding=\"async\" width=\"1024\" height=\"683\" src=\"https:\/\/agora.xtec.cat\/iet\/wp-content\/uploads\/usu3484\/2025\/06\/escola_teixits_canet-27-1-1024x683.jpg\" alt=\"\" class=\"wp-image-916\" style=\"aspect-ratio:1;object-fit:cover\" srcset=\"https:\/\/agora.xtec.cat\/iet\/wp-content\/uploads\/usu3484\/2025\/06\/escola_teixits_canet-27-1-1024x683.jpg 1024w, https:\/\/agora.xtec.cat\/iet\/wp-content\/uploads\/usu3484\/2025\/06\/escola_teixits_canet-27-1-300x200.jpg 300w, https:\/\/agora.xtec.cat\/iet\/wp-content\/uploads\/usu3484\/2025\/06\/escola_teixits_canet-27-1-768x512.jpg 768w, https:\/\/agora.xtec.cat\/iet\/wp-content\/uploads\/usu3484\/2025\/06\/escola_teixits_canet-27-1-1536x1024.jpg 1536w, https:\/\/agora.xtec.cat\/iet\/wp-content\/uploads\/usu3484\/2025\/06\/escola_teixits_canet-27-1-2048x1365.jpg 2048w\" sizes=\"auto, (max-width: 1024px) 100vw, 1024px\" \/><\/a><\/figure>\n<\/div>\n<\/div>\n\n\n\n<h3 class=\"wp-block-heading\">\ud83d\udccc Llista d\u2019Espera per a la Matriculaci\u00f3 de Setembre<\/h3>\n\n\n\n<p><strong>Encara est\u00e0s interessat\/da a estudiar amb nosaltres per\u00f2 no vas poder fer la preinscripci\u00f3?<\/strong><\/p>\n\n\n\n<p>Hem obert un <strong>formulari de llista d\u2019espera<\/strong> per a aquelles persones que, tot i no haver fet la preinscripci\u00f3 oficial, <strong>volen matricular-se als cursos del nostre institut al setembre<\/strong>, en cas que quedin places disponibles.<\/p>\n\n\n\n<p>\ud83d\udc49 <strong>Omple el formulari aqu\u00ed:<\/strong> <a href=\"https:\/\/docs.google.com\/forms\/d\/e\/1FAIpQLSd6YgeR_FPi7JLPZ7rVqMFY40ZngNoFqSkQN1ZMZBpmWCYVSQ\/viewform?pli=1\">https:\/\/docs.google.com\/forms\/d\/e\/1FAIpQLSd6YgeR_FPi7JLPZ7rVqMFY40ZngNoFqSkQN1ZMZBpmWCYVSQ\/viewform?pli=1<\/a> <\/p>\n\n\n\n<p>Per a qualsevol dubte, contacta amb la secretaria del centre.<\/p>\n\n\n\n<hr class=\"wp-block-separator has-text-color has-cyan-bluish-gray-color has-alpha-channel-opacity has-cyan-bluish-gray-background-color has-background is-style-wide\" style=\"margin-top:var(--wp--preset--spacing--50);margin-bottom:var(--wp--preset--spacing--50)\"\/>\n\n\n\n<p><br><br><br><br>Estigues pendent del calendari de preinscripci\u00f3 per al curs 2025 &#8211; 2026<\/p>\n\n\n\n<div class=\"wp-block-buttons is-layout-flex wp-block-buttons-is-layout-flex\">\n<div class=\"wp-block-button\"><a class=\"wp-block-button__link has-white-color has-text-color has-link-color wp-element-button\" href=\"https:\/\/preinscripcio.gencat.cat\/ca\/estudis\/fp-grau-mitja\/informat\/calendari\/\"><strong>CONSULTAR CALENDARI<\/strong><\/a><\/div>\n<\/div>\n\n\n\n<p><\/p>\n","protected":false},"excerpt":{"rendered":"<p>En aquest apartat trobar\u00e0s tota la informaci\u00f3 relacionada amb la preinscripci\u00f3 i la matr\u00edcula del curs 2025-2026. Consulta les dates oficials i accedeix a la informaci\u00f3 espec\u00edfica segons el tipus de formaci\u00f3 que t\u2019interessa. Per a m\u00e9s informaci\u00f3 o dubtes, envieu un correu a matricula@iet.cat PREINSCRIPCI\u00d3 I MATR\u00cdCULA A CICLE DE GRAU MITJ\u00c0 PREINSCRIPCI\u00d3 I [&hellip;]<\/p>\n","protected":false},"author":1,"featured_media":0,"parent":0,"menu_order":0,"comment_status":"closed","ping_status":"closed","template":"","meta":{"site-sidebar-layout":"default","site-content-layout":"","ast-site-content-layout":"default","site-content-style":"default","site-sidebar-style":"default","ast-global-header-display":"","ast-banner-title-visibility":"","ast-main-header-display":"","ast-hfb-above-header-display":"","ast-hfb-below-header-display":"","ast-hfb-mobile-header-display":"","site-post-title":"","ast-breadcrumbs-content":"","ast-featured-img":"","footer-sml-layout":"","theme-transparent-header-meta":"","adv-header-id-meta":"","stick-header-meta":"","header-above-stick-meta":"","header-main-stick-meta":"","header-below-stick-meta":"","astra-migrate-meta-layouts":"set","ast-page-background-enabled":"default","ast-page-background-meta":{"desktop":{"background-color":"var(--ast-global-color-4)","background-image":"","background-repeat":"repeat","background-position":"center center","background-size":"auto","background-attachment":"scroll","background-type":"","background-media":"","overlay-type":"","overlay-color":"","overlay-opacity":"","overlay-gradient":""},"tablet":{"background-color":"","background-image":"","background-repeat":"repeat","background-position":"center center","background-size":"auto","background-attachment":"scroll","background-type":"","background-media":"","overlay-type":"","overlay-color":"","overlay-opacity":"","overlay-gradient":""},"mobile":{"background-color":"","background-image":"","background-repeat":"repeat","background-position":"center center","background-size":"auto","background-attachment":"scroll","background-type":"","background-media":"","overlay-type":"","overlay-color":"","overlay-opacity":"","overlay-gradient":""}},"ast-content-background-meta":{"desktop":{"background-color":"var(--ast-global-color-5)","background-image":"","background-repeat":"repeat","background-position":"center center","background-size":"auto","background-attachment":"scroll","background-type":"","background-media":"","overlay-type":"","overlay-color":"","overlay-opacity":"","overlay-gradient":""},"tablet":{"background-color":"var(--ast-global-color-5)","background-image":"","background-repeat":"repeat","background-position":"center center","background-size":"auto","background-attachment":"scroll","background-type":"","background-media":"","overlay-type":"","overlay-color":"","overlay-opacity":"","overlay-gradient":""},"mobile":{"background-color":"var(--ast-global-color-5)","background-image":"","background-repeat":"repeat","background-position":"center center","background-size":"auto","background-attachment":"scroll","background-type":"","background-media":"","overlay-type":"","overlay-color":"","overlay-opacity":"","overlay-gradient":""}},"footnotes":""},"class_list":["post-715","page","type-page","status-publish","hentry"],"post_mailing_queue_ids":[],"_links":{"self":[{"href":"https:\/\/agora.xtec.cat\/iet\/wp-json\/wp\/v2\/pages\/715","targetHints":{"allow":["GET"]}}],"collection":[{"href":"https:\/\/agora.xtec.cat\/iet\/wp-json\/wp\/v2\/pages"}],"about":[{"href":"https:\/\/agora.xtec.cat\/iet\/wp-json\/wp\/v2\/types\/page"}],"author":[{"embeddable":true,"href":"https:\/\/agora.xtec.cat\/iet\/wp-json\/wp\/v2\/users\/1"}],"replies":[{"embeddable":true,"href":"https:\/\/agora.xtec.cat\/iet\/wp-json\/wp\/v2\/comments?post=715"}],"version-history":[{"count":6,"href":"https:\/\/agora.xtec.cat\/iet\/wp-json\/wp\/v2\/pages\/715\/revisions"}],"predecessor-version":[{"id":1402,"href":"https:\/\/agora.xtec.cat\/iet\/wp-json\/wp\/v2\/pages\/715\/revisions\/1402"}],"wp:attachment":[{"href":"https:\/\/agora.xtec.cat\/iet\/wp-json\/wp\/v2\/media?parent=715"}],"curies":[{"name":"wp","href":"https:\/\/api.w.org\/{rel}","templated":true}]}}