{"id":46,"date":"2014-09-17T16:53:45","date_gmt":"2014-09-17T16:53:45","guid":{"rendered":"http:\/\/agora.xtec.cat\/iet\/?page_id=46"},"modified":"2025-10-29T12:09:19","modified_gmt":"2025-10-29T11:09:19","slug":"organigrama","status":"publish","type":"page","link":"https:\/\/agora.xtec.cat\/iet\/linstitut\/organigrama\/","title":{"rendered":"Organigrama"},"content":{"rendered":"\n<p>L\u2019organigrama del centre recull l\u2019estructura interna de funcionament de l\u2019Institut Escola del Treball, i reflecteix la distribuci\u00f3 de responsabilitats i funcions entre els diferents \u00f2rgans de govern i coordinaci\u00f3.<\/p>\n\n\n\n<p>Aquesta organitzaci\u00f3 t\u00e9 com a objectiu garantir una gesti\u00f3 efica\u00e7, participativa i centrada en la qualitat educativa i el benestar de l\u2019alumnat.<\/p>\n\n\n\n<div class=\"wp-block-columns is-layout-flex wp-container-core-columns-is-layout-1 wp-block-columns-is-layout-flex\">\n<div class=\"wp-block-column is-layout-flow wp-block-column-is-layout-flow\">\n<div class=\"wp-block-group is-vertical is-content-justification-center is-layout-flex wp-container-core-group-is-layout-1 wp-block-group-is-layout-flex\">\n<figure class=\"wp-block-image size-full is-resized\"><a href=\"https:\/\/agora.xtec.cat\/iet\/wp-content\/uploads\/usu3484\/2025\/06\/emojis-1-1-1.png\"><img loading=\"lazy\" decoding=\"async\" width=\"633\" height=\"540\" src=\"https:\/\/agora.xtec.cat\/iet\/wp-content\/uploads\/usu3484\/2025\/06\/emojis-1-1-1.png\" alt=\"\" class=\"wp-image-819\" style=\"width:150px;height:auto\" srcset=\"https:\/\/agora.xtec.cat\/iet\/wp-content\/uploads\/usu3484\/2025\/06\/emojis-1-1-1.png 633w, https:\/\/agora.xtec.cat\/iet\/wp-content\/uploads\/usu3484\/2025\/06\/emojis-1-1-1-300x256.png 300w\" sizes=\"auto, (max-width: 633px) 100vw, 633px\" \/><\/a><\/figure>\n<\/div>\n\n\n\n<p class=\"has-text-align-center\"><strong>Lali Ramos<\/strong><\/p>\n\n\n\n<p class=\"has-text-align-center\">Direcci\u00f3<\/p>\n<\/div>\n\n\n\n<div class=\"wp-block-column is-layout-flow wp-block-column-is-layout-flow\">\n<div class=\"wp-block-group is-vertical is-content-justification-center is-layout-flex wp-container-core-group-is-layout-2 wp-block-group-is-layout-flex\">\n<figure class=\"wp-block-image size-full is-resized\"><a href=\"https:\/\/agora.xtec.cat\/iet\/wp-content\/uploads\/usu3484\/2025\/06\/emojis-6-1-1.png\"><img loading=\"lazy\" decoding=\"async\" width=\"562\" height=\"470\" src=\"https:\/\/agora.xtec.cat\/iet\/wp-content\/uploads\/usu3484\/2025\/06\/emojis-6-1-1.png\" alt=\"\" class=\"wp-image-829\" style=\"width:148px;height:auto\" srcset=\"https:\/\/agora.xtec.cat\/iet\/wp-content\/uploads\/usu3484\/2025\/06\/emojis-6-1-1.png 562w, https:\/\/agora.xtec.cat\/iet\/wp-content\/uploads\/usu3484\/2025\/06\/emojis-6-1-1-300x251.png 300w\" sizes=\"auto, (max-width: 562px) 100vw, 562px\" \/><\/a><\/figure>\n<\/div>\n\n\n\n<p class=\"has-text-align-center\"><strong>Joel Mi\u00f1ana<\/strong><\/p>\n\n\n\n<p class=\"has-text-align-center\">Cap d&#8217;estudis<\/p>\n<\/div>\n\n\n\n<div class=\"wp-block-column is-layout-flow wp-block-column-is-layout-flow\">\n<div class=\"wp-block-group is-vertical is-content-justification-center is-layout-flex wp-container-core-group-is-layout-3 wp-block-group-is-layout-flex\">\n<figure class=\"wp-block-image size-full is-resized\"><a href=\"https:\/\/agora.xtec.cat\/iet\/wp-content\/uploads\/usu3484\/2025\/06\/emojis4.png\"><img loading=\"lazy\" decoding=\"async\" width=\"486\" height=\"469\" src=\"https:\/\/agora.xtec.cat\/iet\/wp-content\/uploads\/usu3484\/2025\/06\/emojis4.png\" alt=\"\" class=\"wp-image-1235\" style=\"width:132px;height:auto\" srcset=\"https:\/\/agora.xtec.cat\/iet\/wp-content\/uploads\/usu3484\/2025\/06\/emojis4.png 486w, https:\/\/agora.xtec.cat\/iet\/wp-content\/uploads\/usu3484\/2025\/06\/emojis4-300x290.png 300w\" sizes=\"auto, (max-width: 486px) 100vw, 486px\" \/><\/a><\/figure>\n<\/div>\n\n\n\n<p class=\"has-text-align-center\"><strong>Mariona Lloveras<\/strong><\/p>\n\n\n\n<p class=\"has-text-align-center\">Secretaria<\/p>\n<\/div>\n\n\n\n<div class=\"wp-block-column is-layout-flow wp-block-column-is-layout-flow\">\n<div class=\"wp-block-group is-vertical is-content-justification-center is-layout-flex wp-container-core-group-is-layout-4 wp-block-group-is-layout-flex\">\n<figure class=\"wp-block-image size-full is-resized\"><a href=\"https:\/\/agora.xtec.cat\/iet\/wp-content\/uploads\/usu3484\/2025\/06\/emojis-5-1.png\"><img loading=\"lazy\" decoding=\"async\" width=\"528\" height=\"628\" src=\"https:\/\/agora.xtec.cat\/iet\/wp-content\/uploads\/usu3484\/2025\/06\/emojis-5-1.png\" alt=\"\" class=\"wp-image-803\" style=\"width:107px;height:auto\" srcset=\"https:\/\/agora.xtec.cat\/iet\/wp-content\/uploads\/usu3484\/2025\/06\/emojis-5-1.png 528w, https:\/\/agora.xtec.cat\/iet\/wp-content\/uploads\/usu3484\/2025\/06\/emojis-5-1-252x300.png 252w\" sizes=\"auto, (max-width: 528px) 100vw, 528px\" \/><\/a><\/figure>\n<\/div>\n\n\n\n<p class=\"has-text-align-center\"><strong>Bego\u00f1a S\u00e0nchez<\/strong><\/p>\n\n\n\n<p class=\"has-text-align-center\">Coordinadora Pedag\u00f2gic<\/p>\n<\/div>\n<\/div>\n\n\n\n<div class=\"wp-block-columns is-layout-flex wp-container-core-columns-is-layout-2 wp-block-columns-is-layout-flex\">\n<div class=\"wp-block-column is-layout-flow wp-block-column-is-layout-flow\"><\/div>\n\n\n\n<div class=\"wp-block-column is-layout-flow wp-block-column-is-layout-flow\"><\/div>\n\n\n\n<div class=\"wp-block-column is-layout-flow wp-block-column-is-layout-flow\"><\/div>\n<\/div>\n\n\n\n<p><\/p>\n","protected":false},"excerpt":{"rendered":"<p>L\u2019organigrama del centre recull l\u2019estructura interna de funcionament de l\u2019Institut Escola del Treball, i reflecteix la distribuci\u00f3 de responsabilitats i funcions entre els diferents \u00f2rgans de govern i coordinaci\u00f3. Aquesta organitzaci\u00f3 t\u00e9 com a objectiu garantir una gesti\u00f3 efica\u00e7, participativa i centrada en la qualitat educativa i el benestar de l\u2019alumnat. Lali Ramos Direcci\u00f3 Joel [&hellip;]<\/p>\n","protected":false},"author":1,"featured_media":0,"parent":19,"menu_order":50,"comment_status":"closed","ping_status":"closed","template":"","meta":{"site-sidebar-layout":"default","site-content-layout":"","ast-site-content-layout":"default","site-content-style":"default","site-sidebar-style":"default","ast-global-header-display":"","ast-banner-title-visibility":"","ast-main-header-display":"","ast-hfb-above-header-display":"","ast-hfb-below-header-display":"","ast-hfb-mobile-header-display":"","site-post-title":"","ast-breadcrumbs-content":"","ast-featured-img":"","footer-sml-layout":"","theme-transparent-header-meta":"","adv-header-id-meta":"","stick-header-meta":"","header-above-stick-meta":"","header-main-stick-meta":"","header-below-stick-meta":"","astra-migrate-meta-layouts":"set","ast-page-background-enabled":"default","ast-page-background-meta":{"desktop":{"background-color":"var(--ast-global-color-4)","background-image":"","background-repeat":"repeat","background-position":"center center","background-size":"auto","background-attachment":"scroll","background-type":"","background-media":"","overlay-type":"","overlay-color":"","overlay-opacity":"","overlay-gradient":""},"tablet":{"background-color":"","background-image":"","background-repeat":"repeat","background-position":"center center","background-size":"auto","background-attachment":"scroll","background-type":"","background-media":"","overlay-type":"","overlay-color":"","overlay-opacity":"","overlay-gradient":""},"mobile":{"background-color":"","background-image":"","background-repeat":"repeat","background-position":"center center","background-size":"auto","background-attachment":"scroll","background-type":"","background-media":"","overlay-type":"","overlay-color":"","overlay-opacity":"","overlay-gradient":""}},"ast-content-background-meta":{"desktop":{"background-color":"var(--ast-global-color-5)","background-image":"","background-repeat":"repeat","background-position":"center center","background-size":"auto","background-attachment":"scroll","background-type":"","background-media":"","overlay-type":"","overlay-color":"","overlay-opacity":"","overlay-gradient":""},"tablet":{"background-color":"var(--ast-global-color-5)","background-image":"","background-repeat":"repeat","background-position":"center center","background-size":"auto","background-attachment":"scroll","background-type":"","background-media":"","overlay-type":"","overlay-color":"","overlay-opacity":"","overlay-gradient":""},"mobile":{"background-color":"var(--ast-global-color-5)","background-image":"","background-repeat":"repeat","background-position":"center center","background-size":"auto","background-attachment":"scroll","background-type":"","background-media":"","overlay-type":"","overlay-color":"","overlay-opacity":"","overlay-gradient":""}},"footnotes":""},"class_list":["post-46","page","type-page","status-publish","hentry"],"post_mailing_queue_ids":[],"_links":{"self":[{"href":"https:\/\/agora.xtec.cat\/iet\/wp-json\/wp\/v2\/pages\/46","targetHints":{"allow":["GET"]}}],"collection":[{"href":"https:\/\/agora.xtec.cat\/iet\/wp-json\/wp\/v2\/pages"}],"about":[{"href":"https:\/\/agora.xtec.cat\/iet\/wp-json\/wp\/v2\/types\/page"}],"author":[{"embeddable":true,"href":"https:\/\/agora.xtec.cat\/iet\/wp-json\/wp\/v2\/users\/1"}],"replies":[{"embeddable":true,"href":"https:\/\/agora.xtec.cat\/iet\/wp-json\/wp\/v2\/comments?post=46"}],"version-history":[{"count":6,"href":"https:\/\/agora.xtec.cat\/iet\/wp-json\/wp\/v2\/pages\/46\/revisions"}],"predecessor-version":[{"id":1439,"href":"https:\/\/agora.xtec.cat\/iet\/wp-json\/wp\/v2\/pages\/46\/revisions\/1439"}],"up":[{"embeddable":true,"href":"https:\/\/agora.xtec.cat\/iet\/wp-json\/wp\/v2\/pages\/19"}],"wp:attachment":[{"href":"https:\/\/agora.xtec.cat\/iet\/wp-json\/wp\/v2\/media?parent=46"}],"curies":[{"name":"wp","href":"https:\/\/api.w.org\/{rel}","templated":true}]}}